{"id":12,"date":"2019-02-25T18:28:01","date_gmt":"2019-02-25T21:28:01","guid":{"rendered":"https:\/\/exatas.ufpr.br\/teeg\/?page_id=12"},"modified":"2019-02-26T18:23:38","modified_gmt":"2019-02-26T21:23:38","slug":"contato","status":"publish","type":"page","link":"https:\/\/exatas.ufpr.br\/teeg\/contato\/","title":{"rendered":"Contato"},"content":{"rendered":"<p class=\"font_9\">Rua Cel. Francisco Her\u00e1clito dos Santos, 100 &#8211; Centro Polit\u00e9cnico<br \/>\n4\u00ba andar do Edif\u00edcio de Ci\u00eancias Exatas &#8211; PA, Jardim das Am\u00e9ricas<br \/>\nCaixa Postal 19081, CEP 81531-980<br \/>\nCuritiba &#8211; Paran\u00e1 &#8211; Brasil<\/p>\n<p>&#x1f4e7; teeg<a>@ufpr.br<\/a><\/p>\n<p>&#x1f4de; 55 (41) 3361-3461 \/\u00a0&#x1f4de; 55 (41) 3361-3090<\/p>\n<p>&#x1f4e0; 55 (41) 3361-3019<\/p>\n","protected":false},"excerpt":{"rendered":"<p>Rua Cel. Francisco Her\u00e1clito dos Santos, 100 &#8211; Centro Polit\u00e9cnico 4\u00ba andar do Edif\u00edcio de Ci\u00eancias Exatas &#8211; PA, Jardim das Am\u00e9ricas Caixa Postal 19081, CEP 81531-980 Curitiba &#8211; Paran\u00e1 &#8211; Brasil &#x1f4e7; teeg@ufpr.br &#x1f4de; 55 (41) 3361-3461 \/\u00a0&#x1f4de; 55&hellip; <\/p>\n","protected":false},"author":3991,"featured_media":0,"parent":0,"menu_order":0,"comment_status":"closed","ping_status":"closed","template":"","meta":{"footnotes":""},"class_list":["post-12","page","type-page","status-publish","hentry"],"_links":{"self":[{"href":"https:\/\/exatas.ufpr.br\/teeg\/wp-json\/wp\/v2\/pages\/12","targetHints":{"allow":["GET"]}}],"collection":[{"href":"https:\/\/exatas.ufpr.br\/teeg\/wp-json\/wp\/v2\/pages"}],"about":[{"href":"https:\/\/exatas.ufpr.br\/teeg\/wp-json\/wp\/v2\/types\/page"}],"author":[{"embeddable":true,"href":"https:\/\/exatas.ufpr.br\/teeg\/wp-json\/wp\/v2\/users\/3991"}],"replies":[{"embeddable":true,"href":"https:\/\/exatas.ufpr.br\/teeg\/wp-json\/wp\/v2\/comments?post=12"}],"version-history":[{"count":3,"href":"https:\/\/exatas.ufpr.br\/teeg\/wp-json\/wp\/v2\/pages\/12\/revisions"}],"predecessor-version":[{"id":115,"href":"https:\/\/exatas.ufpr.br\/teeg\/wp-json\/wp\/v2\/pages\/12\/revisions\/115"}],"wp:attachment":[{"href":"https:\/\/exatas.ufpr.br\/teeg\/wp-json\/wp\/v2\/media?parent=12"}],"curies":[{"name":"wp","href":"https:\/\/api.w.org\/{rel}","templated":true}]}}