{"id":9,"date":"2016-03-09T18:46:53","date_gmt":"2016-03-09T18:46:53","guid":{"rendered":"https:\/\/exatas.ufpr.br\/ppgecm\/?page_id=9"},"modified":"2025-08-01T16:39:34","modified_gmt":"2025-08-01T16:39:34","slug":"corpo-docente","status":"publish","type":"page","link":"https:\/\/exatas.ufpr.br\/ppgecm\/corpo-docente\/","title":{"rendered":"Corpo Docente"},"content":{"rendered":"\n<p class=\"has-black-color has-text-color has-link-color has-medium-font-size wp-elements-ab33e77d22f96f9f3112d44cfd030011\"><span style=\"color: #000000\">O corpo docente do Programa de P\u00f3s-Gradua\u00e7\u00e3o em Educa\u00e7\u00e3o em Ci\u00eancias e em Matem\u00e1tica consta atualmente com 36 docentes, todos com o t\u00edtulo m\u00ednimo de Doutor(a) e com forma\u00e7\u00e3o acad\u00eamica em F\u00edsica, Qu\u00edmica, Biologia, Matem\u00e1tica, Pedagogia e Educa\u00e7\u00e3o.<\/span><\/p>\n\n\n\n<div style=\"height:20px\" aria-hidden=\"true\" class=\"wp-block-spacer\"><\/div>\n\n\n\n<p class=\"has-text-align-center has-black-color has-text-color has-link-color has-medium-font-size wp-elements-2931b7e3ccd74be4ecfc6c8d2c3d1c11\"><strong>Clique no nome do docente para ter acesso \u00e0s linhas e projetos de pesquisa&nbsp;<\/strong><\/p>\n\n\n\n<h5 class=\"wp-block-heading\"><\/h5>\n\n\n\n<figure class=\"wp-block-table aligncenter\"><table class=\"has-fixed-layout\"><tbody><tr><td class=\"has-text-align-center\" data-align=\"center\"><strong>Docente<\/strong><\/td><td class=\"has-text-align-center\" data-align=\"center\"><strong>E-mail<\/strong><\/td><td class=\"has-text-align-center\" data-align=\"center\"><strong>Curr\u00edculo Lattes<\/strong><\/td><\/tr><tr><td class=\"has-text-align-center\" data-align=\"center\"><a href=\"https:\/\/exatas.ufpr.br\/ppgecm\/?page_id=1859&amp;preview=true\" target=\"_blank\" rel=\"noreferrer noopener\">ANDERSON ROGES TEIXEIRA G\u00d3ES<\/a><\/td><td class=\"has-text-align-center\" data-align=\"center\">artgoes@ufpr.br<\/td><td class=\"has-text-align-center\" data-align=\"center\"><a href=\"http:\/\/lattes.cnpq.br\/2987582237634936\" target=\"_blank\" rel=\"noreferrer noopener\">http:\/\/lattes.cnpq.br\/2987582237634936<\/a><\/td><\/tr><tr><td class=\"has-text-align-center\" data-align=\"center\"><a href=\"https:\/\/exatas.ufpr.br\/ppgecm\/andre-lima-rodrigues\/\">ANDR\u00c9 LIMA RODRIGUES<\/a><\/td><td class=\"has-text-align-center\" data-align=\"center\">andre.lima@ifsc.edu.br<\/td><td class=\"has-text-align-center\" data-align=\"center\"><a href=\"http:\/\/lattes.cnpq.br\/6803364309455277\" target=\"_blank\" rel=\"noreferrer noopener\">http:\/\/lattes.cnpq.br\/6803364309455277<\/a><\/td><\/tr><tr><td class=\"has-text-align-center\" data-align=\"center\"><a href=\"https:\/\/exatas.ufpr.br\/ppgecm\/camila-silveira-da-silva\/\" target=\"_blank\" rel=\"noreferrer noopener\">CAMILA SILVEIRA DA SILVA<\/a><\/td><td class=\"has-text-align-center\" data-align=\"center\">silveiradasilva.camila@gmail.com<\/td><td class=\"has-text-align-center\" data-align=\"center\"><a href=\"http:\/\/lattes.cnpq.br\/2545977009055473\" target=\"_blank\" rel=\"noreferrer noopener\">http:\/\/lattes.cnpq.br\/2545977009055473<\/a><\/td><\/tr><tr><td class=\"has-text-align-center\" data-align=\"center\"><a href=\"https:\/\/exatas.ufpr.br\/ppgecm\/carla-cristina-pompeu-2\/\">CARLA CRISTINA POMPEU<\/a><\/td><td class=\"has-text-align-center\" data-align=\"center\">ccpompeu@gmail.com<\/td><td class=\"has-text-align-center\" data-align=\"center\"><a href=\"http:\/\/lattes.cnpq.br\/7074055869443806\">http:\/\/lattes.cnpq.br\/7074055869443806<\/a><\/td><\/tr><tr><td class=\"has-text-align-center\" data-align=\"center\"><a href=\"https:\/\/exatas.ufpr.br\/ppgecm\/carla-krupczak-3\/\">CARLA KRUPCZAK<\/a><\/td><td class=\"has-text-align-center\" data-align=\"center\">krupczak@ufpr.br<\/td><td class=\"has-text-align-center\" data-align=\"center\"><a href=\"http:\/\/lattes.cnpq.br\/9301662169410756\">http:\/\/lattes.cnpq.br\/9301662169410756<\/a><\/td><\/tr><tr><td class=\"has-text-align-center\" data-align=\"center\"><a href=\"https:\/\/exatas.ufpr.br\/ppgecm\/danilene-gullich-donin-berticelli\/\">DANILENE GULLICH DONIN BERTICELLI<\/a><\/td><td class=\"has-text-align-center\" data-align=\"center\">danilene@ufpr.br<\/td><td class=\"has-text-align-center\" data-align=\"center\"><a href=\"http:\/\/lattes.cnpq.br\/4202253939821084\">http:\/\/lattes.cnpq.br\/4202253939821084<\/a><\/td><\/tr><tr><td class=\"has-text-align-center\" data-align=\"center\"><a href=\"https:\/\/exatas.ufpr.br\/ppgecm\/elenilton-vieira-godoy\/\" target=\"_blank\" rel=\"noreferrer noopener\">ELENILTON VIEIRA GODOY<\/a><\/td><td class=\"has-text-align-center\" data-align=\"center\">elenilton@ufpr.br<\/td><td class=\"has-text-align-center\" data-align=\"center\"><a href=\"http:\/\/LATTES.CNPQ.BR\/8519404619037270\" target=\"_blank\" rel=\"noreferrer noopener\">http:\/\/lattes.cnpq.br\/8519404619037270<\/a><\/td><\/tr><tr><td class=\"has-text-align-center\" data-align=\"center\"><a href=\"https:\/\/exatas.ufpr.br\/ppgecm\/elisangela-de-campos\/\" target=\"_blank\" rel=\"noreferrer noopener\">ELIS\u00c2NGELA DE CAMPOS<\/a><\/td><td class=\"has-text-align-center\" data-align=\"center\">eliscamposmat@gmail.com<\/td><td class=\"has-text-align-center\" data-align=\"center\"><a href=\"http:\/\/lattes.cnpq.br\/1473084844677726\" target=\"_blank\" rel=\"noreferrer noopener\">http:\/\/lattes.cnpq.br\/1473084844677726<\/a><\/td><\/tr><tr><td class=\"has-text-align-center\" data-align=\"center\"><a href=\"https:\/\/exatas.ufpr.br\/ppgecm\/eloisa-rosotti-navarro\/\" target=\"_blank\" rel=\"noreferrer noopener\">ELOISA ROSOTTI NAVARRO<\/a><\/td><td class=\"has-text-align-center\" data-align=\"center\">eloisa-rn@hotmail.com<\/td><td class=\"has-text-align-center\" data-align=\"center\"><a href=\"https:\/\/LATTES.CNPQ.BR\/8916355296831066\">https:\/\/lattes.cnpq.br\/8916355296831066<\/a><\/td><\/tr><tr><td class=\"has-text-align-center\" data-align=\"center\"><a href=\"https:\/\/exatas.ufpr.br\/ppgecm\/emerson-joucoski\/\" target=\"_blank\" rel=\"noreferrer noopener\">EMERSON JOUCOSKI<\/a><\/td><td class=\"has-text-align-center\" data-align=\"center\">joucoski@ufpr.br<\/td><td class=\"has-text-align-center\" data-align=\"center\"><a href=\"http:\/\/LATTES.CNPQ.BR\/3137238168546861\">http:\/\/lattes.cnpq.br\/3137238168546861<\/a><\/td><\/tr><tr><td class=\"has-text-align-center\" data-align=\"center\"><a href=\"https:\/\/exatas.ufpr.br\/ppgecm\/emerson-rolkouski\/\" target=\"_blank\" rel=\"noreferrer noopener\">EMERSON ROLKOUSKI<\/a><\/td><td class=\"has-text-align-center\" data-align=\"center\">rolkouski@uol.com.br<\/td><td class=\"has-text-align-center\" data-align=\"center\"><a href=\"http:\/\/lattes.cnpq.br\/7329669702482470\" target=\"_blank\" rel=\"noreferrer noopener\">http:\/\/lattes.cnpq.br\/7329669702482470<\/a><\/td><\/tr><tr><td class=\"has-text-align-center\" data-align=\"center\"><a href=\"https:\/\/exatas.ufpr.br\/ppgecm\/everton-bedin\/\" target=\"_blank\" rel=\"noreferrer noopener\">EVERTON BEDIN<\/a><\/td><td class=\"has-text-align-center\" data-align=\"center\">everton.bedin@ufpr.br<\/td><td class=\"has-text-align-center\" data-align=\"center\"><a href=\"http:\/\/lattes.cnpq.br\/9498564582615440\" target=\"_blank\" rel=\"noreferrer noopener\">http:\/\/lattes.cnpq.br\/9498564582615440<\/a><\/td><\/tr><tr><td class=\"has-text-align-center\" data-align=\"center\"><a href=\"https:\/\/exatas.ufpr.br\/ppgecm\/flavia-santanna-rios\/\">FL\u00c1VIA SANT`ANNA RIOS<\/a><\/td><td class=\"has-text-align-center\" data-align=\"center\">flaviasrios@gmail.com<\/td><td class=\"has-text-align-center\" data-align=\"center\"><a href=\"http:\/\/lattes.cnpq.br\/3890731323026717\" target=\"_blank\" rel=\"noreferrer noopener\">http:\/\/lattes.cnpq.br\/3890731323026717<\/a><\/td><\/tr><tr><td class=\"has-text-align-center\" data-align=\"center\"><a href=\"https:\/\/exatas.ufpr.br\/ppgecm\/gabriel-dos-santos-e-silva\/\" target=\"_blank\" rel=\"noreferrer noopener\">GABRIEL DOS SANTOS E SILVA<\/a><\/td><td class=\"has-text-align-center\" data-align=\"center\">gabrielss@ufpr.br<\/td><td class=\"has-text-align-center\" data-align=\"center\"><a href=\"http:\/\/LATTES.CNPQ.BR\/7785680160226309\" target=\"_blank\" rel=\"noreferrer noopener\">http:\/\/lattes.cnpq.br\/7785680160226309<\/a><\/td><\/tr><tr><td class=\"has-text-align-center\" data-align=\"center\"><a href=\"https:\/\/exatas.ufpr.br\/ppgecm\/heliza-colaco-goes\/\" target=\"_blank\" rel=\"noreferrer noopener\">HELIZA COLA\u00c7O GO\u00c9S<\/a><\/td><td class=\"has-text-align-center\" data-align=\"center\">heliza.goes@ifpr.edu.br<\/td><td class=\"has-text-align-center\" data-align=\"center\"><a href=\"http:\/\/lattes.cnpq.br\/2927801376024513\" target=\"_blank\" rel=\"noreferrer noopener\">http:\/\/lattes.cnpq.br\/2927801376024513<\/a><\/td><\/tr><tr><td class=\"has-text-align-center\" data-align=\"center\"><a href=\"https:\/\/exatas.ufpr.br\/ppgecm\/joanez-aparecida-aires\/\" target=\"_blank\" rel=\"noreferrer noopener\">JOANEZ APARECIDA AIRES<\/a><\/td><td class=\"has-text-align-center\" data-align=\"center\">joanez.ufpr@gmail.com<\/td><td class=\"has-text-align-center\" data-align=\"center\"><a href=\"http:\/\/LATTES.CNPQ.BR\/2765027179294331\" target=\"_blank\" rel=\"noreferrer noopener\">http:\/\/lattes.cnpq.br\/2765027179294331<\/a><\/td><\/tr><tr><td class=\"has-text-align-center\" data-align=\"center\"><a href=\"https:\/\/exatas.ufpr.br\/ppgecm\/2016\/08\/15\/jose-carlos-cifuentes\/\" target=\"_blank\" rel=\"noreferrer noopener\">JOS\u00c9 CARLOS CIFUENTES<\/a><\/td><td class=\"has-text-align-center\" data-align=\"center\">jccifa@ufpr.br<\/td><td class=\"has-text-align-center\" data-align=\"center\"><a href=\"http:\/\/LATTES.CNPQ.BR\/7999776715665882\" target=\"_blank\" rel=\"noreferrer noopener\">http:\/\/lattes.cnpq.br\/7999776715665882<\/a><\/td><\/tr><tr><td class=\"has-text-align-center\" data-align=\"center\"><a href=\"https:\/\/exatas.ufpr.br\/ppgecm\/katia-maria-kasper\/\" target=\"_blank\" rel=\"noreferrer noopener\">K\u00c1TIA MARIA KASPER<\/a><\/td><td class=\"has-text-align-center\" data-align=\"center\">katiakasper@uol.com.br<\/td><td class=\"has-text-align-center\" data-align=\"center\"><a href=\"http:\/\/LATTES.CNPQ.BR\/5269068974290380\" target=\"_blank\" rel=\"noreferrer noopener\">http:\/\/lattes.cnpq.br\/5269068974290380<\/a><\/td><\/tr><tr><td class=\"has-text-align-center\" data-align=\"center\"><a href=\"https:\/\/exatas.ufpr.br\/ppgecm\/leonir-lorenzetti\/\" target=\"_blank\" rel=\"noreferrer noopener\">LEONIR LORENZETTI<\/a><\/td><td class=\"has-text-align-center\" data-align=\"center\">leonir@ufpr.br<\/td><td class=\"has-text-align-center\" data-align=\"center\"><a href=\"http:\/\/LATTES.CNPQ.BR\/3543012935264915\" target=\"_blank\" rel=\"noreferrer noopener\">http:\/\/lattes.cnpq.br\/3543012935264915<\/a><\/td><\/tr><tr><td class=\"has-text-align-center\" data-align=\"center\"><a href=\"https:\/\/exatas.ufpr.br\/ppgecm\/mara-fernanda-parisoto\/\">MARA FERNANDA PARISOTO<\/a><\/td><td class=\"has-text-align-center\" data-align=\"center\">mara.parisoto@ufpr.br<\/td><td class=\"has-text-align-center\" data-align=\"center\"><a href=\"http:\/\/lattes.cnpq.br\/0244205065497051\" target=\"_blank\" rel=\"noreferrer noopener\">http:\/\/lattes.cnpq.br\/0244205065497051<\/a><\/td><\/tr><tr><td class=\"has-text-align-center\" data-align=\"center\"><a href=\"https:\/\/exatas.ufpr.br\/ppgecm\/marcelo-souza-motta\/\" target=\"_blank\" rel=\"noreferrer noopener\">MARCELO SOUZA MOTTA<\/a><\/td><td class=\"has-text-align-center\" data-align=\"center\">msmotta27@gmail.com<\/td><td class=\"has-text-align-center\" data-align=\"center\"><a href=\"http:\/\/LATTES.CNPQ.BR\/7243162229308335\" target=\"_blank\" rel=\"noreferrer noopener\">http:\/\/lattes.cnpq.br\/7243162229308335<\/a><\/td><\/tr><tr><td class=\"has-text-align-center\" data-align=\"center\"><a href=\"https:\/\/exatas.ufpr.br\/ppgecm\/marcelo-valerio\/\" target=\"_blank\" rel=\"noreferrer noopener\">MARCELO VAL\u00c9RIO<\/a><\/td><td class=\"has-text-align-center\" data-align=\"center\">marcelovalerio@ufpr.br<\/td><td class=\"has-text-align-center\" data-align=\"center\"><a href=\"http:\/\/LATTES.CNPQ.BR\/9105695743722158\" target=\"_blank\" rel=\"noreferrer noopener\">http:\/\/lattes.cnpq.br\/9105695743722158<\/a><\/td><\/tr><tr><td class=\"has-text-align-center\" data-align=\"center\"><a href=\"https:\/\/exatas.ufpr.br\/ppgecm\/maria-das-gracas-cleophas\" target=\"_blank\" rel=\"noreferrer noopener\">MARIA DAS GRA\u00c7AS CLEOPHAS<\/a><\/td><td class=\"has-text-align-center\" data-align=\"center\">MGCP76@GMAIL.COM<\/td><td class=\"has-text-align-center\" data-align=\"center\"><a href=\"http:\/\/LATTES.CNPQ.BR\/3907615898011202\" target=\"_blank\" rel=\"noreferrer noopener\">http:\/\/lattes.cnpq.br\/3907615898011202<\/a><\/td><\/tr><tr><td class=\"has-text-align-center\" data-align=\"center\"><a href=\"https:\/\/exatas.ufpr.br\/ppgecm\/2016\/08\/15\/neila-tonin-agranionih\/\" target=\"_blank\" rel=\"noreferrer noopener\">NEILA TONIN AGRANIONIH<\/a><\/td><td class=\"has-text-align-center\" data-align=\"center\">ntagranionih@gmail.com<\/td><td class=\"has-text-align-center\" data-align=\"center\"><a href=\"http:\/\/LATTES.CNPQ.BR\/1218078469502896\" target=\"_blank\" rel=\"noreferrer noopener\">http:\/\/lattes.cnpq.br\/1218078469502896<\/a><\/td><\/tr><tr><td class=\"has-text-align-center\" data-align=\"center\"><a href=\"https:\/\/exatas.ufpr.br\/ppgecm\/patricia-barbosa-pereira\/\" target=\"_blank\" rel=\"noreferrer noopener\">PATR\u00cdCIA BARBOSA PEREIRA<\/a><\/td><td class=\"has-text-align-center\" data-align=\"center\">patricia2708@gmail.com<\/td><td class=\"has-text-align-center\" data-align=\"center\"><a href=\"http:\/\/LATTES.CNPQ.BR\/5789808853481046\" target=\"_blank\" rel=\"noreferrer noopener\">http:\/\/lattes.cnpq.br\/5789808853481046<\/a><\/td><\/tr><tr><td class=\"has-text-align-center\" data-align=\"center\"><a href=\"https:\/\/exatas.ufpr.br\/ppgecm\/priscila-kabbaz-a-da-costa\/\" target=\"_blank\" rel=\"noreferrer noopener\">PRISCILA KABBAZ ALVES DA COSTA<\/a><\/td><td class=\"has-text-align-center\" data-align=\"center\">priscilakabbaz@gmail.com<\/td><td class=\"has-text-align-center\" data-align=\"center\"><a href=\"http:\/\/LATTES.CNPQ.BR\/1755510459942498\">http:\/\/lattes.cnpq.br\/1755510459942498<\/a><\/td><\/tr><tr><td class=\"has-text-align-center\" data-align=\"center\"><a href=\"https:\/\/exatas.ufpr.br\/ppgecm\/roberta-chiesa-bartelmebs\/\" target=\"_blank\" rel=\"noreferrer noopener\">ROBERTA CHIESA BARTELMEBS<\/a><\/td><td class=\"has-text-align-center\" data-align=\"center\">roberta.bartelmebs@ufpr.br<\/td><td class=\"has-text-align-center\" data-align=\"center\"><a href=\"http:\/\/LATTES.CNPQ.BR\/9317595909137662\">http:\/\/lattes.cnpq.br\/9317595909137662<\/a><\/td><\/tr><tr><td class=\"has-text-align-center\" data-align=\"center\"><a href=\"https:\/\/exatas.ufpr.br\/ppgecm\/roberto-dalmo-v-lima-de-oliveira\/\" target=\"_blank\" rel=\"noreferrer noopener\">ROBERTO DALMO VARALLO LIMA DE OLIVEIRA<\/a><\/td><td class=\"has-text-align-center\" data-align=\"center\">robertodalmo@ufpr.br<\/td><td class=\"has-text-align-center\" data-align=\"center\"><a href=\"http:\/\/LATTES.CNPQ.BR\/4443676750886349\">http:\/\/lattes.cnpq.br\/4443676750886349<\/a><\/td><\/tr><tr><td class=\"has-text-align-center\" data-align=\"center\"><a href=\"https:\/\/exatas.ufpr.br\/ppgecm\/roberto-goncalves-barbosa\/\" target=\"_blank\" rel=\"noreferrer noopener\">ROBERTO GON\u00c7ALVES BARBOSA<\/a><\/td><td class=\"has-text-align-center\" data-align=\"center\">robertobarbosa@ufpr.br<\/td><td class=\"has-text-align-center\" data-align=\"center\"><a href=\"http:\/\/LATTES.CNPQ.BR\/7582382018927653\" target=\"_blank\" rel=\"noreferrer noopener\">http:\/\/lattes.cnpq.br\/7582382018927653<\/a><\/td><\/tr><tr><td class=\"has-text-align-center\" data-align=\"center\"><a href=\"https:\/\/exatas.ufpr.br\/ppgecm\/robson-simplicio-de-sousa\/\" target=\"_blank\" rel=\"noreferrer noopener\">ROBSON SIMPL\u00cdCIO DE SOUSA<\/a><\/td><td class=\"has-text-align-center\" data-align=\"center\">robson.simplicio@ufpr.br<\/td><td class=\"has-text-align-center\" data-align=\"center\"><a href=\"http:\/\/LATTES.CNPQ.BR\/9733655826302766\" target=\"_blank\" rel=\"noreferrer noopener\">http:\/\/lattes.cnpq.br\/9733655826302766<\/a><\/td><\/tr><tr><td class=\"has-text-align-center\" data-align=\"center\"><a href=\"https:\/\/exatas.ufpr.br\/ppgecm\/rodrigo-arantes-reis\/\" target=\"_blank\" rel=\"noreferrer noopener\">RODRIGO ARANTES REIS<\/a><\/td><td class=\"has-text-align-center\" data-align=\"center\">reisra@gmail.com<\/td><td class=\"has-text-align-center\" data-align=\"center\"><a href=\"http:\/\/LATTES.CNPQ.BR\/5670282331874057\" target=\"_blank\" rel=\"noreferrer noopener\">http:\/\/lattes.cnpq.br\/5670282331874057<\/a><\/td><\/tr><tr><td class=\"has-text-align-center\" data-align=\"center\"><a href=\"https:\/\/exatas.ufpr.br\/ppgecm\/ruth-margareth-hofmann\/\" target=\"_blank\" rel=\"noreferrer noopener\">RUTH MARGARETH HOFMANN<\/a><\/td><td class=\"has-text-align-center\" data-align=\"center\">ruthhofmann@ufpr.br<\/td><td class=\"has-text-align-center\" data-align=\"center\"><a href=\"http:\/\/LATTES.CNPQ.BR\/0799840174364020\" target=\"_blank\" rel=\"noreferrer noopener\">http:\/\/lattes.cnpq.br\/0799840174364020<\/a><\/td><\/tr><tr><td class=\"has-text-align-center\" data-align=\"center\"><a href=\"https:\/\/exatas.ufpr.br\/ppgecm\/2016\/08\/15\/sergio-camargo\/\" target=\"_blank\" rel=\"noreferrer noopener\">S\u00c9RGIO CAMARGO<\/a><\/td><td class=\"has-text-align-center\" data-align=\"center\">s.camargo@ufpr.br<\/td><td class=\"has-text-align-center\" data-align=\"center\"><a href=\"http:\/\/lattes.cnpq.br\/6719368282265238\">http:\/\/lattes.cnpq.br\/6719368282265238<\/a><\/td><\/tr><tr><td class=\"has-text-align-center\" data-align=\"center\"><a href=\"https:\/\/exatas.ufpr.br\/ppgecm\/tania-teresinha-bruns-zimer-2\/\" target=\"_blank\" rel=\"noreferrer noopener\">TANIA TERESINHA BRUNS ZIMER<\/a><\/td><td class=\"has-text-align-center\" data-align=\"center\">taniatbz@gmail.com<\/td><td class=\"has-text-align-center\" data-align=\"center\"><a href=\"http:\/\/lattes.cnpq.br\/4977133890075023\" target=\"_blank\" rel=\"noreferrer noopener\">http:\/\/lattes.cnpq.br\/4977133890075023<\/a><\/td><\/tr><tr><td class=\"has-text-align-center\" data-align=\"center\"><a href=\"https:\/\/exatas.ufpr.br\/ppgecm\/2016\/08\/15\/thais-rafaela-hilger\/\" target=\"_blank\" rel=\"noreferrer noopener\">THA\u00cdS RAFAELA HILGER<\/a><\/td><td class=\"has-text-align-center\" data-align=\"center\">thais.hilger@gmail.com<\/td><td class=\"has-text-align-center\" data-align=\"center\"><a href=\"http:\/\/lattes.cnpq.br\/1556912577301460\" target=\"_blank\" rel=\"noreferrer noopener\">http:\/\/lattes.cnpq.br\/1556912577301460<\/a><\/td><\/tr><tr><td class=\"has-text-align-center\" data-align=\"center\"><a href=\"https:\/\/exatas.ufpr.br\/ppgecm\/tiago-venturi\/\" target=\"_blank\" rel=\"noreferrer noopener\">TIAGO VENTURI<\/a><\/td><td class=\"has-text-align-center\" data-align=\"center\">tiago.venturi@ufpr.br<\/td><td class=\"has-text-align-center\" data-align=\"center\"><a href=\"http:\/\/LATTES.CNPQ.BR\/8085615025613066\">http:\/\/lattes.cnpq.br\/8085615025613066<\/a><\/td><\/tr><\/tbody><\/table><\/figure>\n\n\n\n<p>&nbsp;<\/p>\n","protected":false},"excerpt":{"rendered":"<p>O corpo docente do Programa de P\u00f3s-Gradua\u00e7\u00e3o em Educa\u00e7\u00e3o em Ci\u00eancias e em Matem\u00e1tica consta atualmente com 36 docentes, todos com o t\u00edtulo m\u00ednimo de Doutor(a) e com forma\u00e7\u00e3o acad\u00eamica em F\u00edsica, Qu\u00edmica, Biologia, Matem\u00e1tica, Pedagogia e Educa\u00e7\u00e3o. Clique no&hellip; <\/p>\n","protected":false},"author":1,"featured_media":0,"parent":0,"menu_order":0,"comment_status":"closed","ping_status":"closed","template":"","meta":{"footnotes":""},"class_list":["post-9","page","type-page","status-publish","hentry"],"_links":{"self":[{"href":"https:\/\/exatas.ufpr.br\/ppgecm\/wp-json\/wp\/v2\/pages\/9","targetHints":{"allow":["GET"]}}],"collection":[{"href":"https:\/\/exatas.ufpr.br\/ppgecm\/wp-json\/wp\/v2\/pages"}],"about":[{"href":"https:\/\/exatas.ufpr.br\/ppgecm\/wp-json\/wp\/v2\/types\/page"}],"author":[{"embeddable":true,"href":"https:\/\/exatas.ufpr.br\/ppgecm\/wp-json\/wp\/v2\/users\/1"}],"replies":[{"embeddable":true,"href":"https:\/\/exatas.ufpr.br\/ppgecm\/wp-json\/wp\/v2\/comments?post=9"}],"version-history":[{"count":103,"href":"https:\/\/exatas.ufpr.br\/ppgecm\/wp-json\/wp\/v2\/pages\/9\/revisions"}],"predecessor-version":[{"id":4392,"href":"https:\/\/exatas.ufpr.br\/ppgecm\/wp-json\/wp\/v2\/pages\/9\/revisions\/4392"}],"wp:attachment":[{"href":"https:\/\/exatas.ufpr.br\/ppgecm\/wp-json\/wp\/v2\/media?parent=9"}],"curies":[{"name":"wp","href":"https:\/\/api.w.org\/{rel}","templated":true}]}}