{"id":748,"date":"2017-09-01T20:19:54","date_gmt":"2017-09-01T20:19:54","guid":{"rendered":"https:\/\/exatas.ufpr.br\/ppgecm\/?page_id=748"},"modified":"2024-09-06T00:06:14","modified_gmt":"2024-09-06T00:06:14","slug":"marcelo-souza-motta","status":"publish","type":"page","link":"https:\/\/exatas.ufpr.br\/ppgecm\/marcelo-souza-motta\/","title":{"rendered":"MARCELO SOUZA MOTTA"},"content":{"rendered":"<div class=\"wp-block-image\">\n<figure class=\"alignleft\"><img loading=\"lazy\" decoding=\"async\" width=\"139\" height=\"155\" src=\"https:\/\/exatas.ufpr.br\/ppgecm\/wp-content\/uploads\/sites\/27\/2017\/09\/marcelo.png\" alt=\"\" class=\"wp-image-747\" \/><\/figure><\/div>\n\n\n<p class=\"has-black-color has-text-color has-link-color has-medium-font-size wp-elements-2b6d70c3584be768a2f44b90c0e62427\" style=\"font-style:normal;font-weight:400\">Curr\u00edculo Lattes: <a href=\"http:\/\/lattes.cnpq.br\/7243162229308335\"><mark style=\"background-color:#ffffff;color:#3ea4bb\" class=\"has-inline-color\">http:\/\/lattes.cnpq.br\/7243162229308335<\/mark><\/a><br \/>Contato: <a href=\"mailto:msmotta27@gmail.com\"><mark style=\"background-color:#ffffff;color:#3ea4bb\" class=\"has-inline-color\">msmotta27@gmail.com<\/mark><\/a><\/p>\n\n\n\n<hr class=\"wp-block-separator has-alpha-channel-opacity\" \/>\n\n\n\n<p class=\"has-black-color has-text-color has-link-color has-medium-font-size wp-elements-50755b8f78c204a558555e1c577c3173\" style=\"font-style:normal;font-weight:400\">Professor Adjunto da Universidade Tecnol\u00f3gica Federal do Paran\u00e1 UTFPR. Assessor did\u00e1tico-tecnol\u00f3gico da Coordena\u00e7\u00e3o de Tecnologia na Educa\u00e7\u00e3o (COTED\/CT). Coordenador do N\u00facleo de Inova\u00e7\u00e3o e Tecnologias para a Aprendizagem e Desempenho Profissional. Docente do Departamento de Matem\u00e1tica (DAMAT\/CT). Professor permanente Programa de P\u00f3s-Gradua\u00e7\u00e3o em Forma\u00e7\u00e3o Cient\u00edfica, Educacional e Tecnol\u00f3gica (FCET). Doutor em Ensino de Ci\u00eancias e Matem\u00e1tica. Mestre em Ensino de Ci\u00eancias e Matem\u00e1tica. Especialista em Inform\u00e1tica na Educa\u00e7\u00e3o, Supervis\u00e3o Escolar e Ensino de Matem\u00e1tica. Atua principalmente nas \u00e1reas de Ensino e suas tecnologias; forma\u00e7\u00e3o de professores; educa\u00e7\u00e3o matem\u00e1tica; educa\u00e7\u00e3o a dist\u00e2ncia, ambientes de aprendizagem, inova\u00e7\u00e3o e educa\u00e7\u00e3o.<\/p>\n\n\n\n<hr class=\"wp-block-separator has-alpha-channel-opacity\" \/>\n\n\n\n<p class=\"has-black-color has-text-color has-link-color wp-elements-f22da74e97815740a78d0b16dc0784c1\" style=\"font-size:25px\"><strong>Linhas de pesquisa<\/strong><\/p>\n\n\n\n<p class=\"has-black-color has-text-color has-link-color has-medium-font-size wp-elements-466ccf264c7b02a17c12c38e89207b59\" style=\"font-style:normal;font-weight:300\"><strong>2<\/strong>. Ensino e Aprendizagem de Ci\u00eancias e Matem\u00e1tica<\/p>\n\n\n\n<hr class=\"wp-block-separator has-alpha-channel-opacity\" \/>\n\n\n\n<p class=\"has-black-color has-text-color has-link-color wp-elements-c96c07d331437713421fe83040d19293\" style=\"font-size:25px\"><strong>Interesses de pesquisa<\/strong><\/p>\n\n\n\n<p class=\"has-black-color has-text-color has-link-color has-medium-font-size wp-elements-02be52f58bd8473dbf263d5149249a9c\" style=\"font-style:normal;font-weight:300\">&#8211; Tecnologias Digitais no Ensino de Ci\u00eancias e Matem\u00e1tica <br \/>&#8211; Objetos de aprendizagem; pensamento computacional <br \/>&#8211; Programa\u00e7\u00e3o visual (intuitiva) <br \/>&#8211; Aplicativos educacionais m\u00f3veis <br \/>&#8211; Jogos digitais <br \/>&#8211; Forma\u00e7\u00e3o de professores para o uso de tecnologias digitais no ensino de Ci\u00eancias e Matem\u00e1tica &nbsp; <br \/>&#8211; Metodologias ativas no ensino-aprendizagem de Ci\u00eancias e Matem\u00e1tica <br \/>&#8211; MOOCs <br \/>&#8211; Educa\u00e7\u00e3o Aberta e a Dist\u00e2ncia <br \/>&#8211; Recursos Educacionais Abertos; Ambientes Virtuais de Aprendizagem.<\/p>\n\n\n\n<hr class=\"wp-block-separator has-alpha-channel-opacity\" \/>\n\n\n\n<p class=\"has-black-color has-text-color has-link-color wp-elements-f9b797611deffb7efb8f82a4c5ef47f2\" style=\"font-size:25px\"><strong>Projetos de pesquisa<\/strong><\/p>\n\n\n\n<p class=\"has-black-color has-text-color has-link-color has-medium-font-size wp-elements-4a27aeabd035f39a6559335b5d30fdd4\" style=\"text-transform:uppercase\"><strong>1.&nbsp;Inova\u00e7\u00e3o e Tecnologias na Educa\u00e7\u00e3o &#8211; INTEDUC<\/strong><\/p>\n\n\n\n<p class=\"has-black-color has-text-color has-link-color has-medium-font-size wp-elements-be1a9e6d4cc9e8f3b5ea54470f51cc15\" style=\"font-style:normal;font-weight:300\">Descri\u00e7\u00e3o: O projeto tem como objetivo fomentar a integra\u00e7\u00e3o de tecnologias e inova\u00e7\u00f5es digitais nas din\u00e2micas das a\u00e7\u00f5es pedag\u00f3gicas, possibilitando a implementa\u00e7\u00e3o, investiga\u00e7\u00e3o e experimenta\u00e7\u00e3o de novas possibilidades de constru\u00e7\u00e3o de um ambiente em que o aluno seja agente ativo de sua pr\u00f3pria aprendizagem. Espera-se que os participantes apropriem-se de saberes tecnol\u00f3gicos, que permitam a experimenta\u00e7\u00e3o de novas pr\u00e1ticas pedag\u00f3gicas e tecnol\u00f3gicas, possibilitando a imers\u00e3o em problem\u00e1ticas que s\u00e3o inerentes aos desafios educacionais, potencializando experi\u00eancias, ou seja, tornando-os mediadores de espa\u00e7os tecnol\u00f3gicos de discuss\u00e3o, pesquisa e inova\u00e7\u00e3o.<\/p>\n\n\n\n<div style=\"height:50px\" aria-hidden=\"true\" class=\"wp-block-spacer\"><\/div>\n\n\n\n<p class=\"has-black-color has-text-color has-link-color has-medium-font-size wp-elements-54b5183a5ecdbe9fa1513297427c23f4\" style=\"text-transform:uppercase\"><strong><br \/>2.&nbsp;Alfabetiza\u00e7\u00e3o matem\u00e1tica, cient\u00edfica e tecnol\u00f3gica na e para a forma-a\u00e7\u00e3o do professor<\/strong><\/p>\n\n\n\n<p class=\"has-black-color has-text-color has-link-color has-medium-font-size wp-elements-4bcf885903f8c011aa7b16d3fba623be\" style=\"font-style:normal;font-weight:300\">Descri\u00e7\u00e3o: Esta pesquisa se insere na modalidade qualitativa, de abordagem fenomenol\u00f3gica. Tem por tema a forma\u00e7\u00e3o de professores e coloca em destaque o fen\u00f4meno alfabetiza\u00e7\u00e3o-Matem\u00e1tica-cient\u00edfica-tecnol\u00f3gica, assumindo a alfabetiza\u00e7\u00e3o como uma a\u00e7\u00e3o permanente no ensino das ci\u00eancias e da matem\u00e1tica, por ser deflagrada no in\u00edcio da escolariza\u00e7\u00e3o, mantendo-se presente nos trajetos formativos posteriores, com nuan\u00e7as diferenciadas em cada etapa escolar. Assim, alfabetizar \u00e9 uma a\u00e7\u00e3o expl\u00edcita, quando se fala dos docentes dos anos iniciais, e impl\u00edcita, quando o que est\u00e1 em pauta \u00e9 o fazer e o refletir do docente dos anos finais do ensino fundamental, do ensino m\u00e9dio e do superior. O percurso investigativo ser\u00e1 orientado pela interroga\u00e7\u00e3o o que \u00e9 isto, a alfabetiza\u00e7\u00e3o matem\u00e1tica, cient\u00edfica e tecnol\u00f3gica na e para a forma\u00e7\u00e3o docente com o objetivo de construir conhecimento no campo da forma\u00e7\u00e3o de docentes que ter\u00e3o a incumb\u00eancia de ensinar matem\u00e1tica e ci\u00eancias, no horizonte de uma educa\u00e7\u00e3o tecnol\u00f3gica-human\u00edstica.<\/p>\n\n\n\n<div style=\"height:50px\" aria-hidden=\"true\" class=\"wp-block-spacer\"><\/div>\n\n\n\n<p class=\"has-black-color has-text-color has-link-color has-medium-font-size wp-elements-cd11f5968003d6d9fd72e055e57fb86b\" style=\"text-transform:uppercase\"><strong><br \/>3.&nbsp;Ler-interpretar-comunicar: a alfabetiza\u00e7\u00e3o matem\u00e1tica e a forma-a\u00e7\u00e3o do professor<\/strong><\/p>\n\n\n\n<p class=\"has-black-color has-text-color has-link-color has-medium-font-size wp-elements-2db99bf6a181d0e0f59f1478ce986602\" style=\"font-style:normal;font-weight:300\">Descri\u00e7\u00e3o: Essa pesquisa qualitativa visa colocar em destaque a alfabetiza\u00e7\u00e3o Matem\u00e1tica na forma\u00e7\u00e3o do professor e, consequentemente, seus reflexos na forma\u00e7\u00e3o do aluno. Buscar-se-\u00e1 esclarecer a interroga\u00e7\u00e3o: o que \u00e9 isto, a alfabetiza\u00e7\u00e3o matem\u00e1tica na forma\u00e7\u00e3o docente. O objetivo \u00e9 tecer uma rede de informa\u00e7\u00f5es que nos permita desvelar modos de compreender a alfabetiza\u00e7\u00e3o Matem\u00e1tica no n\u00facleo da a\u00e7\u00e3o formativa e, com isso, construir conhecimento contextualizado sobre a alfabetiza\u00e7\u00e3o matem\u00e1tica, tendo por foco a forma\u00e7\u00e3o de professores que ter\u00e3o a incumb\u00eancia de ensinar matem\u00e1tica.<\/p>\n","protected":false},"excerpt":{"rendered":"<p>Curr\u00edculo Lattes: http:\/\/lattes.cnpq.br\/7243162229308335Contato: msmotta27@gmail.com Professor Adjunto da Universidade Tecnol\u00f3gica Federal do Paran\u00e1 UTFPR. Assessor did\u00e1tico-tecnol\u00f3gico da Coordena\u00e7\u00e3o de Tecnologia na Educa\u00e7\u00e3o (COTED\/CT). Coordenador do N\u00facleo de Inova\u00e7\u00e3o e Tecnologias para a Aprendizagem e Desempenho Profissional. Docente do Departamento de Matem\u00e1tica&hellip; <\/p>\n","protected":false},"author":13,"featured_media":0,"parent":0,"menu_order":0,"comment_status":"closed","ping_status":"closed","template":"","meta":{"footnotes":""},"class_list":["post-748","page","type-page","status-publish","hentry"],"_links":{"self":[{"href":"https:\/\/exatas.ufpr.br\/ppgecm\/wp-json\/wp\/v2\/pages\/748","targetHints":{"allow":["GET"]}}],"collection":[{"href":"https:\/\/exatas.ufpr.br\/ppgecm\/wp-json\/wp\/v2\/pages"}],"about":[{"href":"https:\/\/exatas.ufpr.br\/ppgecm\/wp-json\/wp\/v2\/types\/page"}],"author":[{"embeddable":true,"href":"https:\/\/exatas.ufpr.br\/ppgecm\/wp-json\/wp\/v2\/users\/13"}],"replies":[{"embeddable":true,"href":"https:\/\/exatas.ufpr.br\/ppgecm\/wp-json\/wp\/v2\/comments?post=748"}],"version-history":[{"count":9,"href":"https:\/\/exatas.ufpr.br\/ppgecm\/wp-json\/wp\/v2\/pages\/748\/revisions"}],"predecessor-version":[{"id":3607,"href":"https:\/\/exatas.ufpr.br\/ppgecm\/wp-json\/wp\/v2\/pages\/748\/revisions\/3607"}],"wp:attachment":[{"href":"https:\/\/exatas.ufpr.br\/ppgecm\/wp-json\/wp\/v2\/media?parent=748"}],"curies":[{"name":"wp","href":"https:\/\/api.w.org\/{rel}","templated":true}]}}