{"id":630,"date":"2017-02-06T21:00:23","date_gmt":"2017-02-06T21:00:23","guid":{"rendered":"https:\/\/exatas.ufpr.br\/ppgecm\/?page_id=630"},"modified":"2026-03-16T15:40:55","modified_gmt":"2026-03-16T15:40:55","slug":"disciplinas","status":"publish","type":"page","link":"https:\/\/exatas.ufpr.br\/ppgecm\/disciplinas\/","title":{"rendered":"Disciplinas Ofertadas"},"content":{"rendered":"\n<p class=\"has-text-align-center has-black-color has-text-color has-link-color wp-elements-d3bf1a6e25b508c8fc11a37ab4479fe1\" style=\"font-size:30px\">&nbsp;<strong>Disciplinas ofertadas PPGECM \u2013 1\u00ba semestre \/ 2026<\/strong><\/p>\n\n\n\n<p class=\"has-text-align-center has-black-color has-text-color has-link-color has-medium-font-size wp-elements-dc6780528f6cacdb62980c2fe7235c4c\">MATR\u00cdCULA DE ALUNOS REGULARES:&nbsp;<strong><em>SIGA 09 a 15\/02\/2026<\/em><\/strong><\/p>\n\n\n\n<p class=\"has-text-align-center\"><strong><em>MATR\u00cdCULA PARA&nbsp;ALUNOS EXTERNOS&nbsp;(OUTRO PPG) de&nbsp;18 a 22\/02\/2026<\/em><\/strong><\/p>\n\n\n\n<p class=\"has-text-align-center\">Os interessados devem enviar e-mail para&nbsp;<a href=\"mailto:ppgecm@ufpr.br\">ppgecm@ufpr.br<\/a> solicitando a matr\u00edcula, anexando c\u00f3pia de RG, CPF e Declara\u00e7\u00e3o de Matr\u00edcula.<\/p>\n\n\n\n<p class=\"has-text-align-center\"><a href=\"https:\/\/exatas.ufpr.br\/ppgecm\/wp-content\/uploads\/sites\/27\/2026\/02\/Edital_001.2026_ProcedimentosparaInscricao_DisciplinasIsoladas_01-2026.pdf\">Edital 001\/2026 Procedimentos para Inscri\u00e7\u00e3o em Disciplinas Isoladas 1\/2026<\/a><\/p>\n\n\n\n<p class=\"has-text-align-center\"><a href=\"https:\/\/exatas.ufpr.br\/ppgecm\/wp-content\/uploads\/sites\/27\/2026\/02\/Edital_005.2026_Selecionados_Disciplinas_Isoladas_01-2026.pdf\">Edital 005\/2026 RESULTADO DISCIPLINA ISOLADA \u2013 1\u00ba SEMESTRE \/ 2026<\/a><\/p>\n\n\n\n<ul class=\"wp-block-list\">\n<li class=\"has-medium-font-size\">Divulga\u00e7\u00e3o de Edital para vagas em Disciplinas Isoladas &#8211; at\u00e9 18\/02\/2026<\/li>\n\n\n\n<li class=\"has-medium-font-size\">Per\u00edodo de&nbsp;inscri\u00e7\u00e3o para&nbsp;alunos de&nbsp;disciplina isolada conforme orienta\u00e7\u00f5es em edital:&nbsp;18 a 22\/02\/2026<\/li>\n\n\n\n<li class=\"has-medium-font-size\">Resultado dos selecionados &#8211; At\u00e9 25\/02\/2026<\/li>\n\n\n\n<li class=\"has-medium-font-size\">Matr\u00edcula para&nbsp;Disciplina Isolada: At\u00e9 o 1\u00aa dia de Aula da disciplina<\/li>\n<\/ul>\n\n\n\n<figure class=\"wp-block-table\"><table><tbody><tr><td class=\"has-text-align-center\" data-align=\"center\"><\/td><td>HOR\u00c1RIO<\/td><td class=\"has-text-align-center\" data-align=\"center\">DISCIPLINA<\/td><td class=\"has-text-align-center\" data-align=\"center\">LOCAL<\/td><td class=\"has-text-align-center\" data-align=\"center\">CH \/ CR\u00c9DITOS<\/td><td class=\"has-text-align-center\" data-align=\"center\">PROFESSOR<\/td><td>VAGAS ISOLADAS<\/td><\/tr><tr><td class=\"has-text-align-center\" data-align=\"center\" rowspan=\"4\">2\u00aa<\/td><td><\/td><td class=\"has-text-align-center\" data-align=\"center\"><\/td><td class=\"has-text-align-center\" data-align=\"center\">&nbsp;<\/td><td class=\"has-text-align-center\" data-align=\"center\">&nbsp;<\/td><td class=\"has-text-align-center\" data-align=\"center\"><\/td><td><\/td><\/tr><tr><td class=\"has-text-align-center\" data-align=\"center\">13H30 17H30 HIBRIDA<\/td><td><a href=\"https:\/\/exatas.ufpr.br\/ppgecm\/wp-content\/uploads\/sites\/27\/2026\/01\/EDCM-7038_RSIECM.pdf\">EDCM-7038 T\u00d3PICOS EM EDUCA\u00c7\u00c3O EM CI\u00caNCIAS E MATEM\u00c1TICA II \u2013 <em>ASSUNTO: REPRESENTA\u00c7\u00d5ES SOCIAIS E IMPLICA\u00c7\u00d5ES PARA A EDUCA\u00c7\u00c3O EM CI\u00caNCIAS E EM MATEM\u00c1TICA<\/em><\/a><\/td><td class=\"has-text-align-center\" data-align=\"center\">Sala PC-18 &#8211; Bloco PC &#8211; Centro Polit\u00e9cnico<\/td><td class=\"has-text-align-center\" data-align=\"center\">60 \/ 4<\/td><td class=\"has-text-align-center\" data-align=\"center\">THA\u00cdS RAFAELA HILGER<\/td><td class=\"has-text-align-center\" data-align=\"center\">5<\/td><\/tr><tr><td class=\"has-text-align-center\" data-align=\"center\">13H30 17H30<\/td><td><a href=\"https:\/\/exatas.ufpr.br\/ppgecm\/wp-content\/uploads\/sites\/27\/2026\/02\/EDCM-7003_Divulgacao-Cientifica.pdf\">EDCM7003 \u2013 DIVULGA\u00c7\u00c3O CIENT\u00cdFICA EM ESPA\u00c7OS N\u00c3O-FORMAIS<\/a><\/td><td class=\"has-text-align-center\" data-align=\"center\">Sala PC-07 &#8211; Bloco PC &#8211; Centro Polit\u00e9cnico<\/td><td class=\"has-text-align-center\" data-align=\"center\">60 \/ 4<\/td><td class=\"has-text-align-center\" data-align=\"center\">EMERSON JOUCOSKI e RODRIGO REIS<\/td><td class=\"has-text-align-center\" data-align=\"center\">5<\/td><\/tr><tr><td class=\"has-text-align-center\" data-align=\"center\">14H00 18H00<\/td><td><a href=\"https:\/\/exatas.ufpr.br\/ppgecm\/wp-content\/uploads\/sites\/27\/2026\/02\/EDCM-7038_Ciencia-e-Arte.pdf\">EDCM-7038 T\u00d3PICOS EM EDUCA\u00c7\u00c3O EM CI\u00caNCIAS E EM MATEM\u00c1TICA II \u2013 <em>ASSUNTO: CI\u00caNCIA, ARTE E PENSAMENTO CONTEMPOR\u00c2NEO<\/em><\/a><\/td><td class=\"has-text-align-center\" data-align=\"center\">Sala de Aula do PPGECM &#8211; 4\u00ba Andar &#8211; Ed. Adm. &#8211; Centro Polit\u00e9cnico<\/td><td class=\"has-text-align-center\" data-align=\"center\">60 \/ 4<\/td><td class=\"has-text-align-center\" data-align=\"center\">ROBERTO DALMO VARALLO LIMA DE OLIVEIRA<\/td><td class=\"has-text-align-center\" data-align=\"center\">2<\/td><\/tr><tr><td class=\"has-text-align-center\" data-align=\"center\" rowspan=\"4\">3\u00aa<\/td><td>&nbsp;<\/td><td class=\"has-text-align-center\" data-align=\"center\">&nbsp;<\/td><td class=\"has-text-align-center\" data-align=\"center\">&nbsp;<\/td><td class=\"has-text-align-center\" data-align=\"center\">&nbsp;<\/td><td class=\"has-text-align-center\" data-align=\"center\">&nbsp;<\/td><td>&nbsp;<\/td><\/tr><tr><td class=\"has-text-align-center\" data-align=\"center\">08H00 12H00<\/td><td><a href=\"https:\/\/exatas.ufpr.br\/ppgecm\/wp-content\/uploads\/sites\/27\/2026\/01\/EDCM-7044_Pesquisa.pdf\">EDCM: 7044 &#8211; PESQUISA EDUCA\u00c7\u00c3O MATEM\u00c1TICA E ESCOLA<\/a><\/td><td class=\"has-text-align-center\" data-align=\"center\">Anfi-A &#8211; Bloco PC &#8211; Centro Polit\u00e9cnico<\/td><td class=\"has-text-align-center\" data-align=\"center\">60\/4<\/td><td class=\"has-text-align-center\" data-align=\"center\">EMERSON ROLKOUSKI e ELIS\u00c2NGELA DE CAMPOS<\/td><td class=\"has-text-align-center\" data-align=\"center\">5<\/td><\/tr><tr><td class=\"has-text-align-center\" data-align=\"center\">13H30 17H30<\/td><td><a href=\"https:\/\/exatas.ufpr.br\/ppgecm\/wp-content\/uploads\/sites\/27\/2026\/01\/EDCM-7039_CTS_ACT_2026.pdf\">EDCM 7039 &#8211; CTS E ACT NA EDUCA\u00c7\u00c3O EM CI\u00caNCIAS E MATEM\u00c1TICA<\/a><\/td><td class=\"has-text-align-center\" data-align=\"center\">Centro de Pesquisa em Educa\u00e7\u00e3o Cient\u00edfica &#8211; Pr\u00e9dio Condom\u00ednio de Laborat\u00f3rios Centro Polit\u00e9cnico<\/td><td class=\"has-text-align-center\" data-align=\"center\">60 \/ 4<\/td><td class=\"has-text-align-center\" data-align=\"center\">LEONIR LORENZETTI<\/td><td class=\"has-text-align-center\" data-align=\"center\">5<\/td><\/tr><tr><td class=\"has-text-align-center\" data-align=\"center\">18H00 22H00<\/td><td><a href=\"https:\/\/exatas.ufpr.br\/ppgecm\/wp-content\/uploads\/sites\/27\/2026\/01\/EDCM-7032_Seminarios-I.pdf\">EDCM7032 &#8211; SEMIN\u00c1RIOS DE PESQUISA I<\/a><\/td><td class=\"has-text-align-center\" data-align=\"center\">Sala PA-07 &#8211; Bloco PA &#8211; Centro Polit\u00e9cnico<\/td><td class=\"has-text-align-center\" data-align=\"center\">60 \/ 4<\/td><td class=\"has-text-align-center\" data-align=\"center\">CARLA KRUPCZAK<\/td><td class=\"has-text-align-center\" data-align=\"center\">3<\/td><\/tr><tr><td class=\"has-text-align-center\" data-align=\"center\" rowspan=\"6\">4\u00aa<\/td><td><\/td><td class=\"has-text-align-center\" data-align=\"center\"><\/td><td class=\"has-text-align-center\" data-align=\"center\">&nbsp;<\/td><td class=\"has-text-align-center\" data-align=\"center\">&nbsp;<\/td><td class=\"has-text-align-center\" data-align=\"center\"><\/td><td><\/td><\/tr><tr><td class=\"has-text-align-center\" data-align=\"center\">08H30 12H30<\/td><td><a href=\"https:\/\/exatas.ufpr.br\/ppgecm\/wp-content\/uploads\/sites\/27\/2026\/01\/EDCM-7038_LeituraIngles.pdf\">EDCM-7038 T\u00d3PICOS EM EDUCA\u00c7\u00c3O EM CI\u00caNCIAS E EM MATEM\u00c1TICA II <em>\u2013 ASSUNTO: ESTRAT\u00c9GIAS DE LEITURA E INTERPRETA\u00c7\u00c3O DE TEXTOS EM INGL\u00caS<\/em><\/a><\/td><td class=\"has-text-align-center\" data-align=\"center\">Sala PC-18 &#8211; Bloco PC &#8211; Centro Polit\u00e9cnico<\/td><td class=\"has-text-align-center\" data-align=\"center\">60 \/ 4<\/td><td class=\"has-text-align-center\" data-align=\"center\">RUTH MARGARETH HOFMANN<\/td><td class=\"has-text-align-center\" data-align=\"center\">3<\/td><\/tr><tr><td class=\"has-text-align-center\" data-align=\"center\">08H30 12H30<\/td><td><a href=\"https:\/\/exatas.ufpr.br\/ppgecm\/wp-content\/uploads\/sites\/27\/2026\/01\/EDCM-7038_Paulo-Freire.pdf\">EDCM7038 &#8211; T\u00d3PICOS EM EDUCA\u00c7\u00c3O EM CI\u00caNCIAS E EM MATEM\u00c1TICA II \u2013 <em>ASSUNTO: PAULO FREIRE NA EDUCA\u00c7\u00c3O CIENTIFICA E NA EDUCA\u00c7\u00c3O MATEM\u00c1TICA<\/em><\/a><\/td><td class=\"has-text-align-center\" data-align=\"center\">Anfi-A &#8211; Bloco PC &#8211; Centro Polit\u00e9cnico<\/td><td class=\"has-text-align-center\" data-align=\"center\">60 \/ 4<\/td><td class=\"has-text-align-center\" data-align=\"center\">ROBERTO GON\u00c7ALVES BARBOSA<\/td><td class=\"has-text-align-center\" data-align=\"center\">10<\/td><\/tr><tr><td class=\"has-text-align-center\" data-align=\"center\">14H00 17H00<\/td><td><a href=\"https:\/\/exatas.ufpr.br\/ppgecm\/wp-content\/uploads\/sites\/27\/2026\/01\/EDCM-7051_Fundamentos.pdf\">EDCM 7051 &#8211; T\u00d3PICOS EM EDUCA\u00c7\u00c3O EM CI\u00caNCIAS E EM MATEM\u00c1TICA III &#8211; <em>ASSUNTO:FUNDAMENTOS PARA PR\u00c1TICAS PEDAG\u00d3GICAS EM PERSPECTIVA COMPLEXA<\/em><\/a><\/td><td class=\"has-text-align-center\" data-align=\"center\">Sala PC-05 &#8211; Bloco PC &#8211; Centro Polit\u00e9cnico<\/td><td class=\"has-text-align-center\" data-align=\"center\">45 \/ 3<\/td><td class=\"has-text-align-center\" data-align=\"center\">HELIZA COLA\u00c7O G\u00d3ES E ANDERSON ROGES TEIXEIRA G\u00d3ES<\/td><td class=\"has-text-align-center\" data-align=\"center\">10<\/td><\/tr><tr><td class=\"has-text-align-center\" data-align=\"center\">14H00 16H00 HIBRIDA<\/td><td><a href=\"https:\/\/exatas.ufpr.br\/ppgecm\/wp-content\/uploads\/sites\/27\/2026\/01\/EDCM-7037_Formacao-Docente.pdf\">EDCM7037 &#8211; T\u00d3PICOS EM EDUCA\u00c7\u00c3O EM CI\u00caNCIAS E MATEM\u00c1TICA I &#8211; <em>ASSUNTO: FORMA\u00c7\u00c3O DOCENTE E ENSINO-APRENDIZAGEM<\/em><\/a><\/td><td class=\"has-text-align-center\" data-align=\"center\">UFPR Virtual<\/td><td class=\"has-text-align-center\" data-align=\"center\">30 \/ 2<\/td><td class=\"has-text-align-center\" data-align=\"center\">DANILENE GULLICH DONIN BERTICELLI E MARA FERNANDA PARISOTO<\/td><td class=\"has-text-align-center\" data-align=\"center\">10<\/td><\/tr><tr><td class=\"has-text-align-center\" data-align=\"center\">19H00 23H00 HIBRIDA<\/td><td><a href=\"https:\/\/exatas.ufpr.br\/ppgecm\/wp-content\/uploads\/sites\/27\/2026\/01\/EDCM-7034_Teorias_da_Aprendizagem.pdf\">EDCM 7034 &#8211; TEORIAS DA APRENDIZAGEM<\/a><br \/>       <mark class=\"has-inline-color has-vivid-red-color\"> <strong><em>OBRIGAT\u00d3RIA<\/em><\/strong><\/mark><\/td><td class=\"has-text-align-center\" data-align=\"center\">TEAMS<\/td><td class=\"has-text-align-center\" data-align=\"center\">60 \/ 4<\/td><td class=\"has-text-align-center\" data-align=\"center\">ROBERTA CHIESA BARTELMEBS<\/td><td class=\"has-text-align-center\" data-align=\"center\">0<\/td><\/tr><tr><td class=\"has-text-align-center\" data-align=\"center\" rowspan=\"5\">5\u00aa<\/td><td><\/td><td class=\"has-text-align-center\" data-align=\"center\"><\/td><td class=\"has-text-align-center\" data-align=\"center\">&nbsp;<\/td><td class=\"has-text-align-center\" data-align=\"center\">&nbsp;<\/td><td class=\"has-text-align-center\" data-align=\"center\"><\/td><td><\/td><\/tr><tr><td class=\"has-text-align-center\" data-align=\"center\">08H00 12H00<\/td><td><a href=\"https:\/\/exatas.ufpr.br\/ppgecm\/wp-content\/uploads\/sites\/27\/2026\/01\/EDCM-7038_Desinvisibilizar-curriculos.pdf\">EDCM-7038 T\u00d3PICOS EM EDUCA\u00c7\u00c3O EM CI\u00caNCIAS E EM MATEM\u00c1TICA II \u2013 <em>ASSUNTO: DESINVISIBILIZAR CURRICULOS PRATICADOS PENSADOS E A AUTORIA DOCENTE NA EDUCA\u00c7\u00c3O EM CI\u00caNCIAS E MATEM\u00c1TICA<\/em><\/a><\/td><td class=\"has-text-align-center\" data-align=\"center\">Sala PC-19 &#8211; Bloco PC &#8211; Centro Polit\u00e9cnico<\/td><td class=\"has-text-align-center\" data-align=\"center\">60 \/ 4<\/td><td class=\"has-text-align-center\" data-align=\"center\">CARLA CRISTINA POMPEU<\/td><td class=\"has-text-align-center\" data-align=\"center\">5<\/td><\/tr><tr><td class=\"has-text-align-center\" data-align=\"center\">13H30 17H30<\/td><td><a href=\"https:\/\/exatas.ufpr.br\/ppgecm\/wp-content\/uploads\/sites\/27\/2026\/01\/EDCM-7038_Ensino-por-Investigacao.pdf\">EDCM7038 &#8211; T\u00d3PICOS EM EDUCA\u00c7\u00c3O EM CI\u00caNCIAS E EM MATEM\u00c1TICA II &#8211; <em>ENSINO POR INVESTIGA\u00c7\u00c3O<\/em><\/a><\/td><td class=\"has-text-align-center\" data-align=\"center\">Departamento de Biologia Celular &#8211; Sala 208 \u2013 3\u00ba Piso<br \/>Setor de Ci\u00eancias Biol\u00f3gicas<\/td><td class=\"has-text-align-center\" data-align=\"center\">60 \/ 4<\/td><td class=\"has-text-align-center\" data-align=\"center\">FLAVIA SANT&#8217;ANNA RIOS<\/td><td class=\"has-text-align-center\" data-align=\"center\">0<\/td><\/tr><tr><td class=\"has-text-align-center\" data-align=\"center\">14H00 18H00<br \/>H\u00cdBRIDA<\/td><td><a href=\"https:\/\/exatas.ufpr.br\/ppgecm\/wp-content\/uploads\/sites\/27\/2026\/02\/EDCM7041_Plano-de-trabalho_2026.1-1.pdf\">EDCM 7041 &#8211; FORMA\u00c7\u00c3O DE PROFESSORES EM EDUCA\u00c7\u00c3O EM CI\u00caNCIAS E&nbsp;EM&nbsp;MATEM\u00c1TICA<\/a><\/td><td class=\"has-text-align-center\" data-align=\"center\"><em>Aulas Presenciais<\/em>:<br \/>Anfi-B &#8211; Bloco PC &#8211; Centro Polit\u00e9cnico<br \/><em>Aulas remotas<\/em>: ser\u00e1 enviado link antes das aulas<\/td><td class=\"has-text-align-center\" data-align=\"center\">60 \/ 4<\/td><td class=\"has-text-align-center\" data-align=\"center\">ANDR\u00c9 LIMA RODRIGUES e GABRIEL DOS SANTOS E SILVA<\/td><td class=\"has-text-align-center\" data-align=\"center\">5<\/td><\/tr><tr><td class=\"has-text-align-center\" data-align=\"center\">14H00 18H00<\/td><td><a href=\"https:\/\/exatas.ufpr.br\/ppgecm\/wp-content\/uploads\/sites\/27\/2026\/01\/EDCM-7042_Fundamentos-Epistemologicos.pdf\">EDCM7042 &#8211; FUNDAMENTOS EPISTEMOL\u00d3GICOS PARA EDUCA\u00c7\u00c3O EM CI\u00caNCIAS E EM MATEM\u00c1TICA<\/a><\/td><td class=\"has-text-align-center\" data-align=\"center\">Sala de Aula do PPGECM &#8211; 4\u00ba Andar &#8211; Ed. Adm. &#8211; Centro Polit\u00e9cnico<\/td><td class=\"has-text-align-center\" data-align=\"center\">60 \/ 4<\/td><td class=\"has-text-align-center\" data-align=\"center\">JOANEZ APARECIDA AIRES<\/td><td class=\"has-text-align-center\" data-align=\"center\">5<\/td><\/tr><tr><td class=\"has-text-align-center\" data-align=\"center\" rowspan=\"2\">6\u00aa<\/td><td><\/td><td class=\"has-text-align-center\" data-align=\"center\"><\/td><td class=\"has-text-align-center\" data-align=\"center\">&nbsp;<\/td><td class=\"has-text-align-center\" data-align=\"center\">&nbsp;<\/td><td class=\"has-text-align-center\" data-align=\"center\"><\/td><td><\/td><\/tr><tr><td class=\"has-text-align-center\" data-align=\"center\">14H00 16H00<\/td><td><a href=\"https:\/\/exatas.ufpr.br\/ppgecm\/wp-content\/uploads\/sites\/27\/2026\/03\/EDCM-7038_Ensino-de-Astronomia.pdf\">EDCM7038: T\u00d3PICOS EM EDUCA\u00c7\u00c3O EM CI\u00caNCIAS E MATEM\u00c1TICA II \u2013 <em>ASSUNTO: ENSINO DE ASTRONOMIA<\/em><\/a><\/td><td class=\"has-text-align-center\" data-align=\"center\">UFPR Virtual<\/td><td class=\"has-text-align-center\" data-align=\"center\">30 \/ 2<\/td><td class=\"has-text-align-center\" data-align=\"center\">ROBERTA CHIESA BARTELMEBS<\/td><td class=\"has-text-align-center\" data-align=\"center\">0<\/td><\/tr><\/tbody><\/table><\/figure>\n\n\n\n<div class=\"wp-block-group is-nowrap is-layout-flex wp-container-core-group-is-layout-ad2f72ca wp-block-group-is-layout-flex\">\n<div class=\"wp-block-group is-vertical is-layout-flex wp-container-core-group-is-layout-8cf370e7 wp-block-group-is-layout-flex\">\n<p><\/p>\n\n\n\n<p class=\"has-vivid-cyan-blue-color has-text-color has-link-color has-medium-font-size wp-elements-8b044a30ea04e49a1bdcfecd8bb7f602\"><a href=\"https:\/\/exatas.ufpr.br\/ppgecm\/disciplinas-1o-semestre-2025\/\">Disciplinas 2025<\/a><\/p>\n\n\n\n<p class=\"has-text-color has-link-color has-medium-font-size wp-elements-5205c355fa3764ecd0e81118a81a95e1\" style=\"color:#3ea4bb\"><a href=\"https:\/\/exatas.ufpr.br\/ppgecm\/disciplinas-primeiro-semestre-2024\/\">Disciplinas 2024<\/a><\/p>\n\n\n\n<p class=\"has-text-color has-link-color has-medium-font-size wp-elements-572eca2bbe4327d367025407a03270fb\" style=\"color:#3ea4bb\"><a href=\"https:\/\/exatas.ufpr.br\/ppgecm\/disciplinas-2023\/\">Disciplinas 2023<\/a><\/p>\n\n\n\n<p class=\"has-text-color has-link-color has-medium-font-size wp-elements-8032db36fb1dbb82a5c357ac5ca10bc8\" style=\"color:#3ea4bb\"><a href=\"https:\/\/exatas.ufpr.br\/ppgecm\/disciplinas-2022\/\">Disciplinas 2022<\/a><\/p>\n\n\n\n<p class=\"has-text-color has-link-color has-medium-font-size wp-elements-6b81228a74bfd09f1bb0e1651e57859f\" style=\"color:#3ea4bb\"><a href=\"https:\/\/exatas.ufpr.br\/ppgecm\/disciplinas-2021\/\">Disciplinas 2021<\/a><\/p>\n\n\n\n<p class=\"has-text-color has-link-color has-medium-font-size wp-elements-8b473a6dafb0971d1eeaf18915a32719\" style=\"color:#3ea4bb\"><a href=\"https:\/\/exatas.ufpr.br\/ppgecm\/disciplinas-2020\/\">Disciplinas 2020<\/a><\/p>\n<\/div>\n<\/div>\n\n\n\n<div class=\"wp-block-group is-nowrap is-layout-flex wp-container-core-group-is-layout-ad2f72ca wp-block-group-is-layout-flex\"><\/div>\n\n\n\n<div class=\"wp-block-group\"><div class=\"wp-block-group__inner-container is-layout-constrained wp-block-group-is-layout-constrained\"><\/div><\/div>\n\n\n\n<div class=\"wp-block-group\"><div class=\"wp-block-group__inner-container is-layout-constrained wp-block-group-is-layout-constrained\"><\/div><\/div>\n\n\n\n<div class=\"wp-block-group has-medium-font-size\"><div class=\"wp-block-group__inner-container is-layout-constrained wp-block-group-is-layout-constrained\"><\/div><\/div>\n\n\n\n<h3 class=\"wp-block-heading\">&nbsp;<\/h3>\n","protected":false},"excerpt":{"rendered":"<p>&nbsp;Disciplinas ofertadas PPGECM \u2013 1\u00ba semestre \/ 2026 MATR\u00cdCULA DE ALUNOS REGULARES:&nbsp;SIGA 09 a 15\/02\/2026 MATR\u00cdCULA PARA&nbsp;ALUNOS EXTERNOS&nbsp;(OUTRO PPG) de&nbsp;18 a 22\/02\/2026 Os interessados devem enviar e-mail para&nbsp;ppgecm@ufpr.br solicitando a matr\u00edcula, anexando c\u00f3pia de RG, CPF e Declara\u00e7\u00e3o de Matr\u00edcula.&hellip; <\/p>\n","protected":false},"author":13,"featured_media":0,"parent":0,"menu_order":0,"comment_status":"closed","ping_status":"closed","template":"","meta":{"footnotes":""},"class_list":["post-630","page","type-page","status-publish","hentry"],"_links":{"self":[{"href":"https:\/\/exatas.ufpr.br\/ppgecm\/wp-json\/wp\/v2\/pages\/630","targetHints":{"allow":["GET"]}}],"collection":[{"href":"https:\/\/exatas.ufpr.br\/ppgecm\/wp-json\/wp\/v2\/pages"}],"about":[{"href":"https:\/\/exatas.ufpr.br\/ppgecm\/wp-json\/wp\/v2\/types\/page"}],"author":[{"embeddable":true,"href":"https:\/\/exatas.ufpr.br\/ppgecm\/wp-json\/wp\/v2\/users\/13"}],"replies":[{"embeddable":true,"href":"https:\/\/exatas.ufpr.br\/ppgecm\/wp-json\/wp\/v2\/comments?post=630"}],"version-history":[{"count":196,"href":"https:\/\/exatas.ufpr.br\/ppgecm\/wp-json\/wp\/v2\/pages\/630\/revisions"}],"predecessor-version":[{"id":5067,"href":"https:\/\/exatas.ufpr.br\/ppgecm\/wp-json\/wp\/v2\/pages\/630\/revisions\/5067"}],"wp:attachment":[{"href":"https:\/\/exatas.ufpr.br\/ppgecm\/wp-json\/wp\/v2\/media?parent=630"}],"curies":[{"name":"wp","href":"https:\/\/api.w.org\/{rel}","templated":true}]}}