{"id":568,"date":"2016-12-02T22:38:56","date_gmt":"2016-12-02T22:38:56","guid":{"rendered":"https:\/\/exatas.ufpr.br\/ppgecm\/?page_id=568"},"modified":"2025-03-15T23:43:02","modified_gmt":"2025-03-15T23:43:02","slug":"formularios","status":"publish","type":"page","link":"https:\/\/exatas.ufpr.br\/ppgecm\/formularios\/","title":{"rendered":"Formul\u00e1rios"},"content":{"rendered":"\n<p class=\"has-black-color has-text-color has-link-color has-medium-font-size wp-elements-301aac19e48f36ac6c24630ec43cbc61\">Pela impossibilidade de inserir arquivos no formato *.doc em sites da Universidade Federal do Paran\u00e1, os documentos abaixo est\u00e3o hospedados no OneDrive. Ap\u00f3s clicar no arquivo, deve-se clicar em Baixar no canto superior direito da tela.<\/p>\n\n\n\n<p class=\"has-text-color has-link-color has-medium-font-size wp-elements-79ce7dca21130e55d3f54ec12b710af6\" style=\"color:#3ea4bb;font-style:normal;font-weight:300\"><a href=\"https:\/\/ufprbr0-my.sharepoint.com\/:w:\/g\/personal\/ppgecm_ufpr_br\/EXFj8e1hO0xGk4Cuk3pHd3wBBUYK0vv1IVAEoLjBSYjJ7A?e=zHJSr5\">Modelo de Plano de Trabalho Disciplinas Ofertadas<\/a><\/p>\n\n\n\n<p class=\"has-text-color has-link-color has-medium-font-size wp-elements-c8f7324d8ec16d12df882a29450151cb\" style=\"color:#3ea4bb;font-style:normal;font-weight:300\"><a href=\"https:\/\/ufprbr0-my.sharepoint.com\/:w:\/g\/personal\/ppgecm_ufpr_br\/EY8htQ_mYSNIjo8vHTjwX_EBjcY0wH8_IxfoD3O0VO9h2w?e=JCCO43\">Modelo de Plano de Trabalho \/ Relat\u00f3rio para a Disciplina Pr\u00e1tica de Doc\u00eancia I &#8211; Mestrado<\/a><\/p>\n\n\n\n<p class=\"has-text-color has-link-color has-medium-font-size wp-elements-62f855225e3f6381cb0abaea40e67ac9\" style=\"color:#3ea4bb;font-style:normal;font-weight:300\"><a href=\"https:\/\/ufprbr0-my.sharepoint.com\/:w:\/g\/personal\/ppgecm_ufpr_br\/EZCa2bSPJIpCr1X1BLRaU-0BtsTTAnr12o84oMaI-kl6vA?e=XvH2Dl\">Modelo de Plano de Trabalho \/ Relat\u00f3rio para a Disciplina Pr\u00e1tica de Doc\u00eancia II &#8211; Doutorado<\/a><\/p>\n\n\n\n<p class=\"has-text-color has-link-color has-medium-font-size wp-elements-52376e0087327f49882b9b98bbc24795\" style=\"color:#3ea4bb;font-style:normal;font-weight:300\"><a href=\"https:\/\/ufprbr0-my.sharepoint.com\/:w:\/g\/personal\/ppgecm_ufpr_br\/ESEqTQW93aFEgOMBbhC58Q4BDfn1aMg4WgT20e_zSc6RwA?e=CbujMM\">Requerimento de Convalida\u00e7\u00e3o de Cr\u00e9ditos de Disciplinas Realizadas no PPGECM<\/a><\/p>\n\n\n\n<p class=\"has-text-color has-link-color has-medium-font-size wp-elements-d26911976883c4f234198c822582eb6f\" style=\"color:#3ea4bb;font-style:normal;font-weight:300\"><a href=\"https:\/\/ufprbr0-my.sharepoint.com\/:w:\/g\/personal\/ppgecm_ufpr_br\/EdW6YPTYBzBPpPNJ3KLVbNQB5SvTWy3M1H44k5Pl6o4Gog?e=YMVfy8\">Requerimento de Convalida\u00e7\u00e3o de Disciplinas Realizadas em outros Programas<\/a><\/p>\n\n\n\n<p class=\"has-text-color has-link-color has-medium-font-size wp-elements-b04a0d19b6ba92e1be589831b6f05aea\" style=\"color:#3ea4bb;font-style:normal;font-weight:300\"><a href=\"https:\/\/ufprbr0-my.sharepoint.com\/:w:\/g\/personal\/ppgecm_ufpr_br\/Ec8kBEk26AFMiA_ok6gkFlsB9yLtUjhBLkMOgpISI4DD9A?e=pxVmYw\">Requerimento de Aproveitamento de Cr\u00e9ditos do Curso de Mestrado<\/a><\/p>\n\n\n\n<p class=\"has-text-color has-link-color has-medium-font-size wp-elements-592b761e4ce04d6ec366988243156edc\" style=\"color:#3ea4bb;font-style:normal;font-weight:300\"><a href=\"https:\/\/ufprbr0-my.sharepoint.com\/:w:\/g\/personal\/ppgecm_ufpr_br\/EQwPJmU6rAFGl2H11Wwq_8IBq_tl7DqyBFWoFa5xXEVbsQ?e=72r66D\">Formul\u00e1rio para Valida\u00e7\u00e3o dos Cr\u00e9ditos em Atividades Complementares<\/a><\/p>\n\n\n\n<p class=\"has-medium-font-size\"><a href=\"https:\/\/ufprbr0-my.sharepoint.com\/:w:\/g\/personal\/ppgecm_ufpr_br\/EcwRq4wbSvRGoFEyLTURfFsBH7f2n4ZlsJFVJ6s8hzmcjQ?e=tqttRz\">Anexo I &#8211; relat\u00f3rio anual bolsista<\/a><\/p>\n\n\n\n<p class=\"has-text-color has-link-color has-medium-font-size wp-elements-5eb6fba99495e2132e4f5445d5bea71f\" style=\"color:#3ea4bb;font-style:normal;font-weight:300\"><a href=\"https:\/\/ufprbr0-my.sharepoint.com\/:w:\/g\/personal\/ppgecm_ufpr_br\/Ef1GWHBFHXtPvWFZqC4b5BQBWch2hzQhlU1J5LzD4KaewQ?e=n5IIcl\">Template Relat\u00f3rio Final PhD<\/a><\/p>\n","protected":false},"excerpt":{"rendered":"<p>Pela impossibilidade de inserir arquivos no formato *.doc em sites da Universidade Federal do Paran\u00e1, os documentos abaixo est\u00e3o hospedados no OneDrive. Ap\u00f3s clicar no arquivo, deve-se clicar em Baixar no canto superior direito da tela. Modelo de Plano de&hellip; <\/p>\n","protected":false},"author":13,"featured_media":0,"parent":0,"menu_order":0,"comment_status":"closed","ping_status":"closed","template":"","meta":{"footnotes":""},"class_list":["post-568","page","type-page","status-publish","hentry"],"_links":{"self":[{"href":"https:\/\/exatas.ufpr.br\/ppgecm\/wp-json\/wp\/v2\/pages\/568","targetHints":{"allow":["GET"]}}],"collection":[{"href":"https:\/\/exatas.ufpr.br\/ppgecm\/wp-json\/wp\/v2\/pages"}],"about":[{"href":"https:\/\/exatas.ufpr.br\/ppgecm\/wp-json\/wp\/v2\/types\/page"}],"author":[{"embeddable":true,"href":"https:\/\/exatas.ufpr.br\/ppgecm\/wp-json\/wp\/v2\/users\/13"}],"replies":[{"embeddable":true,"href":"https:\/\/exatas.ufpr.br\/ppgecm\/wp-json\/wp\/v2\/comments?post=568"}],"version-history":[{"count":56,"href":"https:\/\/exatas.ufpr.br\/ppgecm\/wp-json\/wp\/v2\/pages\/568\/revisions"}],"predecessor-version":[{"id":4004,"href":"https:\/\/exatas.ufpr.br\/ppgecm\/wp-json\/wp\/v2\/pages\/568\/revisions\/4004"}],"wp:attachment":[{"href":"https:\/\/exatas.ufpr.br\/ppgecm\/wp-json\/wp\/v2\/media?parent=568"}],"curies":[{"name":"wp","href":"https:\/\/api.w.org\/{rel}","templated":true}]}}