{"id":5032,"date":"2026-03-09T13:27:32","date_gmt":"2026-03-09T13:27:32","guid":{"rendered":"https:\/\/exatas.ufpr.br\/ppgecm\/?page_id=5032"},"modified":"2026-03-09T13:30:09","modified_gmt":"2026-03-09T13:30:09","slug":"bancas-de-validacao","status":"publish","type":"page","link":"https:\/\/exatas.ufpr.br\/ppgecm\/bancas-de-validacao\/","title":{"rendered":"BANCAS DE VALIDA\u00c7\u00c3O"},"content":{"rendered":"\n<p>Bancas de Valida\u00e7\u00e3o dos Termos de Autodeclara\u00e7\u00e3o<\/p>\n\n\n\n<p class=\"has-text-align-center\"><a href=\"https:\/\/exatas.ufpr.br\/ppgecm\/wp-content\/uploads\/sites\/27\/2026\/03\/RESOLUCAO-No-02-25-CEPE.pdf\">RESOLU\u00c7\u00c3O N\u00ba 02\/25-CEPE<\/a><\/p>\n\n\n\n<p>Informamos que foram definidos os <strong>cronogramas das pr\u00f3ximas duas edi\u00e7\u00f5es da Banca Unificada de valida\u00e7\u00e3o de autodeclara\u00e7\u00f5es para a\u00e7\u00f5es afirmativas na p\u00f3s-gradua\u00e7\u00e3o da UFPR<\/strong>, organizadas em conjunto pela PROAFE e pelo N\u00facleo de Concursos.&nbsp;<\/p>\n\n\n\n<p class=\"has-text-align-center\">&nbsp;<strong>2\u00aa edi\u00e7\u00e3o \u2013&nbsp;Banca Unificada&nbsp;2026.2<\/strong>&nbsp;<\/p>\n\n\n\n<ul class=\"wp-block-list\">\n<li><strong>Per\u00edodo de inscri\u00e7\u00f5es:<\/strong>&nbsp;01\/07 a 30\/07\/2026&nbsp;<\/li>\n\n\n\n<li><strong>Realiza\u00e7\u00e3o das bancas:<\/strong>&nbsp;10\/08 a 13\/08\/2026&nbsp;<\/li>\n\n\n\n<li><strong>Resultado preliminar:<\/strong>&nbsp;14\/08\/2026&nbsp;<\/li>\n\n\n\n<li><strong>Resultado definitivo:<\/strong>&nbsp;27\/08\/2026 &nbsp;<\/li>\n<\/ul>\n\n\n\n<p class=\"has-text-align-center\">&nbsp;<strong>3\u00aa edi\u00e7\u00e3o \u2013&nbsp;Banca Unificada&nbsp;2026.3<\/strong>&nbsp;<\/p>\n\n\n\n<ul class=\"wp-block-list\">\n<li><strong>Per\u00edodo de inscri\u00e7\u00f5es:<\/strong>&nbsp;14\/10 a 12\/11\/2026&nbsp;<\/li>\n\n\n\n<li><strong>Realiza\u00e7\u00e3o das bancas:<\/strong>&nbsp;01\/12 a 04\/12\/2026&nbsp;<\/li>\n\n\n\n<li><strong>Resultado preliminar:<\/strong>&nbsp;07\/12\/2026&nbsp;<\/li>\n\n\n\n<li><strong>Resultado definitivo:<\/strong>&nbsp;18\/12\/2026 &nbsp;<\/li>\n<\/ul>\n\n\n\n<p><\/p>\n\n\n\n<p class=\"has-text-align-center\"><\/p>\n\n\n\n<p><\/p>\n","protected":false},"excerpt":{"rendered":"<p>Bancas de Valida\u00e7\u00e3o dos Termos de Autodeclara\u00e7\u00e3o RESOLU\u00c7\u00c3O N\u00ba 02\/25-CEPE Informamos que foram definidos os cronogramas das pr\u00f3ximas duas edi\u00e7\u00f5es da Banca Unificada de valida\u00e7\u00e3o de autodeclara\u00e7\u00f5es para a\u00e7\u00f5es afirmativas na p\u00f3s-gradua\u00e7\u00e3o da UFPR, organizadas em conjunto pela PROAFE e&hellip; <\/p>\n","protected":false},"author":3978,"featured_media":0,"parent":0,"menu_order":0,"comment_status":"closed","ping_status":"closed","template":"","meta":{"footnotes":""},"class_list":["post-5032","page","type-page","status-publish","hentry"],"_links":{"self":[{"href":"https:\/\/exatas.ufpr.br\/ppgecm\/wp-json\/wp\/v2\/pages\/5032","targetHints":{"allow":["GET"]}}],"collection":[{"href":"https:\/\/exatas.ufpr.br\/ppgecm\/wp-json\/wp\/v2\/pages"}],"about":[{"href":"https:\/\/exatas.ufpr.br\/ppgecm\/wp-json\/wp\/v2\/types\/page"}],"author":[{"embeddable":true,"href":"https:\/\/exatas.ufpr.br\/ppgecm\/wp-json\/wp\/v2\/users\/3978"}],"replies":[{"embeddable":true,"href":"https:\/\/exatas.ufpr.br\/ppgecm\/wp-json\/wp\/v2\/comments?post=5032"}],"version-history":[{"count":3,"href":"https:\/\/exatas.ufpr.br\/ppgecm\/wp-json\/wp\/v2\/pages\/5032\/revisions"}],"predecessor-version":[{"id":5042,"href":"https:\/\/exatas.ufpr.br\/ppgecm\/wp-json\/wp\/v2\/pages\/5032\/revisions\/5042"}],"wp:attachment":[{"href":"https:\/\/exatas.ufpr.br\/ppgecm\/wp-json\/wp\/v2\/media?parent=5032"}],"curies":[{"name":"wp","href":"https:\/\/api.w.org\/{rel}","templated":true}]}}