{"id":4960,"date":"2026-02-23T22:45:58","date_gmt":"2026-02-23T22:45:58","guid":{"rendered":"https:\/\/exatas.ufpr.br\/ppgecm\/?page_id=4960"},"modified":"2026-02-23T22:52:51","modified_gmt":"2026-02-23T22:52:51","slug":"editais-2025","status":"publish","type":"page","link":"https:\/\/exatas.ufpr.br\/ppgecm\/editais-2025\/","title":{"rendered":"Editais 2025"},"content":{"rendered":"\n<p class=\"has-text-align-left has-vivid-cyan-blue-color has-text-color has-link-color wp-elements-a5a3249e7e4950515147254385875700\" style=\"text-decoration:none;text-transform:uppercase\"><a href=\"https:\/\/exatas.ufpr.br\/ppgecm\/wp-content\/uploads\/sites\/27\/2026\/01\/Perguntas.pdf\" target=\"_blank\" rel=\"noreferrer noopener\">Anexo 031\/2025 &#8211; Perguntas Frequentes<\/a><\/p>\n\n\n\n<p class=\"has-text-align-left has-vivid-cyan-blue-color has-text-color has-link-color wp-elements-25fe4870d7df01032a10154bee23dbef\" style=\"text-decoration:none;text-transform:uppercase\"><u><a href=\"https:\/\/exatas.ufpr.br\/ppgecm\/wp-content\/uploads\/sites\/27\/2025\/12\/Edital_Selecao_Bolsistas-1.pdf\">EDITAL 031\/2025 \u2013 SELE\u00c7\u00c3O DE BOLSISTAS PPGECM<\/a><\/u><\/p>\n\n\n\n<p class=\"has-text-align-left has-vivid-cyan-blue-color has-text-color has-link-color wp-elements-04c535c839ffdd92b0014a08b06845ba\" style=\"text-decoration:none;text-transform:uppercase\"><u><a href=\"https:\/\/exatas.ufpr.br\/ppgecm\/wp-content\/uploads\/sites\/27\/2025\/12\/Edital_030.2025_PDSE-Segunda_Chamada.pdf\">EDITAL 030\/2025 \u2013 PDSE 2025 &#8211; RESULTADO 2\u00aa CHAMADA<\/a><\/u><\/p>\n\n\n\n<p class=\"has-text-align-left has-vivid-cyan-blue-color has-text-color has-link-color wp-elements-1d9465bd92463f6eb216ff34780cea45\" style=\"text-decoration:none;text-transform:uppercase\"><u><a href=\"https:\/\/exatas.ufpr.br\/ppgecm\/wp-content\/uploads\/sites\/27\/2025\/12\/Edital_029.2025_Lista-de-votantes.pdf\">EDITAL 029\/2025 \u2013 <u>LISTA DE VOTANTES<\/u><\/a><\/u><\/p>\n\n\n\n<p class=\"has-text-align-left has-vivid-cyan-blue-color has-text-color has-link-color wp-elements-7bfc7cd6dd23777dc5cfd31fd2c67a10\" style=\"text-decoration:none;text-transform:uppercase\"><u><a href=\"https:\/\/exatas.ufpr.br\/ppgecm\/wp-content\/uploads\/sites\/27\/2025\/12\/Edital_028.2025_Homologacao-de-Chapa.pdf\">EDITAL 028\/2025 \u2013 <u>HOMOLOGA\u00c7\u00c3O DE CHAPA<\/u><\/a><\/u><\/p>\n\n\n\n<p class=\"has-text-align-left has-vivid-cyan-blue-color has-text-color has-link-color wp-elements-bcdca5bafafa8301a519b83d535ca720\" style=\"text-decoration:none;text-transform:uppercase\"><u><a href=\"https:\/\/exatas.ufpr.br\/ppgecm\/wp-content\/uploads\/sites\/27\/2025\/11\/Edital_027.2025_Convocacao_Consulta_Coordenacao.pdf\">EDITAL 027\/2025 \u2013 <u>CONVOCA\u00c7\u00c3O DE ELEI\u00c7\u00d5ES &#8211; COORDENA\u00c7\u00c3O 2026\/2027<\/u><\/a><\/u><\/p>\n\n\n\n<p class=\"has-text-align-left has-vivid-cyan-blue-color has-text-color has-link-color wp-elements-1f9d0da8bab03ef87738be3926b889f7\" style=\"text-decoration:none;text-transform:uppercase\"><u><\/u><u><a href=\"https:\/\/exatas.ufpr.br\/ppgecm\/wp-content\/uploads\/sites\/27\/2025\/11\/Edital_026.2025_Resultado_Definitivo_Mestrado.pdf\">EDITAL 026\/2025 \u2013 RESULTADO DEFINITIVO &#8211; MESTRADO<\/a><\/u><\/p>\n\n\n\n<p class=\"has-text-align-left has-vivid-cyan-blue-color has-text-color has-link-color wp-elements-f17b2b6ed572d57493bcf559f4ff17ea\" style=\"text-decoration:none;text-transform:uppercase\"><u><a href=\"https:\/\/exatas.ufpr.br\/ppgecm\/wp-content\/uploads\/sites\/27\/2025\/11\/Edital_025.2025_Resultado_Definitivo_Doutorado.pdf\">EDITAL 025\/2025 \u2013 RESULTADO DEFINITIVO &#8211; DOUTORADO<\/a><\/u><\/p>\n\n\n\n<p class=\"has-text-align-left has-vivid-cyan-blue-color has-text-color has-link-color wp-elements-b56d58765e7e7710f562397c4a89666a\" style=\"text-decoration:none;text-transform:uppercase\"><u><a href=\"https:\/\/exatas.ufpr.br\/ppgecm\/wp-content\/uploads\/sites\/27\/2025\/11\/Edital_024.2025_Habilitados_2a_Doutorado-1.pdf\">EDITAL 024\/2025 \u2013 HABILITADOS NA 2\u00aa ETAPA &#8211; ENTREVISTA E ARGUI\u00c7\u00c3O<\/a><\/u><\/p>\n\n\n\n<p class=\"has-text-align-left has-vivid-cyan-blue-color has-text-color has-link-color wp-elements-c593350ca0371207779db15c0d9f765b\" style=\"text-decoration:none;text-transform:uppercase\"><u><a href=\"https:\/\/exatas.ufpr.br\/ppgecm\/wp-content\/uploads\/sites\/27\/2025\/11\/Edital_023.2025_-PDSE-2025_2a-chamada.pdf\">EDITAL 023\/2025 \u2013 PDSE 2025 &#8211; 2\u00aa CHAMADA<\/a><\/u><\/p>\n\n\n\n<p class=\"has-text-align-left has-vivid-cyan-blue-color has-text-color has-link-color wp-elements-d29fb6c41907cf081e8456cad89f7c71\" style=\"text-decoration:none;text-transform:uppercase\"><u><a href=\"https:\/\/exatas.ufpr.br\/ppgecm\/wp-content\/uploads\/sites\/27\/2025\/10\/Edital_022.2025_2aEtapa_Entrevista-e-Arquicao.pdf\">EDITAL 022\/2025 \u2013 2\u00aa ETAPA &#8211; ENTREVISTA E ARGUI\u00c7\u00c3O<\/a><\/u><\/p>\n\n\n\n<p class=\"has-text-align-left has-vivid-cyan-blue-color has-text-color has-link-color wp-elements-abf1f5e0cada71dc49d4e40146f0a764\" style=\"text-decoration:none;text-transform:uppercase\"><a href=\"https:\/\/exatas.ufpr.br\/ppgecm\/wp-content\/uploads\/sites\/27\/2025\/10\/Edital_021.2025_Doutorado_1aFase.pdf\">EDITAL 021\/2025 \u2013 APROVADOS 1\u00aa ETAPA &#8211; DOUTORADO<\/a><\/p>\n\n\n\n<p class=\"has-text-align-left has-vivid-cyan-blue-color has-text-color has-link-color wp-elements-4edfae2d92e1eadec7eb7c7cb6045d65\" style=\"text-decoration:none;text-transform:uppercase\"><a href=\"https:\/\/exatas.ufpr.br\/ppgecm\/wp-content\/uploads\/sites\/27\/2025\/10\/Edital_020.2025_Mestrado_1aFase.pdf\">EDITAL 020\/2025 \u2013 APROVADOS 1\u00aa ETAPA &#8211; MESTRADO<\/a><\/p>\n\n\n\n<p class=\"has-text-align-left has-vivid-cyan-blue-color has-text-color has-link-color wp-elements-2eadca963446383b06f076f316a09af1\" style=\"text-decoration:none;text-transform:uppercase\"><a href=\"https:\/\/exatas.ufpr.br\/ppgecm\/wp-content\/uploads\/sites\/27\/2025\/10\/Edital_019.2025_Aprovados_1afase.pdf\">EDITAL 019\/2025 \u2013 APROVADOS 1\u00aa ETAPA<\/a><\/p>\n\n\n\n<p class=\"has-text-align-left has-vivid-cyan-blue-color has-text-color has-link-color wp-elements-21a68abd22dfbf4265ff98e208d7ce3d\" style=\"text-decoration:none;text-transform:uppercase\"><a href=\"https:\/\/exatas.ufpr.br\/ppgecm\/wp-content\/uploads\/sites\/27\/2025\/09\/Edital_018.2025-Validacao_Autodelcaracao_Doutorado.pdf\">EDITAL 018\/2025 \u2013 RESULTADOS DA BANCA DE VALIDA\u00c7\u00c3O DOS TERMOS DE AUTODECLARA\u00c7\u00c3O &#8211; DOUTORADO<\/a><\/p>\n\n\n\n<p class=\"has-text-align-left has-vivid-cyan-blue-color has-text-color has-link-color wp-elements-0e4201d3002ffbf721e83bf7c61a349a\" style=\"text-decoration:none;text-transform:uppercase\"><a href=\"https:\/\/exatas.ufpr.br\/ppgecm\/wp-content\/uploads\/sites\/27\/2025\/09\/Edital_017.2025-Validacao_Autodelcaracao_Mestrado.pdf\">EDITAL 017\/2025 \u2013 RESULTADOS DA BANCA DE VALIDA\u00c7\u00c3O DOS TERMOS DE AUTODECLARA\u00c7\u00c3O &#8211; MESTRADO<\/a><\/p>\n\n\n\n<p class=\"has-text-align-left has-vivid-cyan-blue-color has-text-color has-link-color wp-elements-34d8ddf4594b16e4200f25e05263a20e\" style=\"text-decoration:none;text-transform:uppercase\"><a href=\"https:\/\/exatas.ufpr.br\/ppgecm\/wp-content\/uploads\/sites\/27\/2025\/09\/Edital_016.2025_RESULTADO_BOLSA_PSDE.pdf\">EDITAL 016\/2025 \u2013 RESULTADO DA SELE\u00c7\u00c3O DE&nbsp; BOLSISTAS &#8211; PDSE \/ 2025-2026<\/a><\/p>\n\n\n\n<p class=\"has-text-align-left has-vivid-cyan-blue-color has-text-color has-link-color wp-elements-2f620de2afc43643937398d183648c69\" style=\"text-decoration:none;text-transform:uppercase\"><a href=\"https:\/\/exatas.ufpr.br\/ppgecm\/wp-content\/uploads\/sites\/27\/2025\/09\/Edital_015.2025-Homologacao_Inscricoes_Mestrado_Pos-Recurso.pdf\">EDITAL 015\/2025 \u2013 HOMOLOGA\u00c7\u00c3O DAS INSCRI\u00c7\u00d5ES &#8211; P\u00d3S RECURSOS \u2013 MESTRADO<\/a><\/p>\n\n\n\n<p class=\"has-text-align-left has-vivid-cyan-blue-color has-text-color has-link-color wp-elements-86c99d307321cae6716c3122611e1281\" style=\"text-decoration:none;text-transform:uppercase\"><a href=\"https:\/\/exatas.ufpr.br\/ppgecm\/wp-content\/uploads\/sites\/27\/2025\/09\/Edital_014.2025-Homologacao_Inscricoes_Doutorado_Pos-Recurso.pdf\">EDITAL 014\/2025 \u2013 HOMOLOGA\u00c7\u00c3O DAS INSCRI\u00c7\u00d5ES \u2013 P\u00d3S RECURSOS &#8211; DOUTORADO<\/a><\/p>\n\n\n\n<p class=\"has-text-align-left has-vivid-cyan-blue-color has-text-color has-link-color wp-elements-23b25098f0f2dc1e160fdddcf9ebfd35\" style=\"text-decoration:none;text-transform:uppercase\"><a href=\"https:\/\/exatas.ufpr.br\/ppgecm\/wp-content\/uploads\/sites\/27\/2025\/09\/Edital_013.2025-Homologacao_Inscricoes_Mestrado.pdf\">EDITAL 013\/2025 \u2013 HOMOLOGA\u00c7\u00c3O DAS INSCRI\u00c7\u00d5ES \u2013 MESTRADO<\/a><\/p>\n\n\n\n<p class=\"has-text-align-left has-vivid-cyan-blue-color has-text-color has-link-color wp-elements-06d19746b2dede3ebd41ab8d02997eae\" style=\"text-decoration:none;text-transform:uppercase\"><a href=\"https:\/\/exatas.ufpr.br\/ppgecm\/wp-content\/uploads\/sites\/27\/2025\/09\/Edital_012.2025-Homologacao_Inscricoes_Doutorado.pdf\">EDITAL 012\/2025 \u2013 HOMOLOGA\u00c7\u00c3O DAS INSCRI\u00c7\u00d5ES \u2013 DOUTORADO<\/a><\/p>\n\n\n\n<p class=\"has-text-align-left has-vivid-cyan-blue-color has-text-color has-link-color wp-elements-645e7863215ad3c79f4eba3fabc888e7\" style=\"text-decoration:none;text-transform:uppercase\"><a href=\"https:\/\/exatas.ufpr.br\/ppgecm\/wp-content\/uploads\/sites\/27\/2025\/08\/Edital_011.2025_PDSE.pdf\">EDITAL 011\/2025 BOLSISTAS PDSE<\/a><\/p>\n\n\n\n<p class=\"has-vivid-cyan-blue-color has-text-color has-link-color wp-elements-cead2fa306f5aede20cf76241f21b96b\" style=\"text-decoration:none;text-transform:uppercase\"><a href=\"https:\/\/exatas.ufpr.br\/ppgecm\/wp-content\/uploads\/sites\/27\/2025\/07\/Edital_010.2025-Resultado_Isoladas_2Sem.pdf\">EDITAL 010\/2025 RESULTADO DISCIPLINAS ISOLADAS<\/a><\/p>\n\n\n\n<p class=\"has-vivid-cyan-blue-color has-text-color has-link-color wp-elements-556f28e176d872bfc0901134bf86d097\" style=\"text-decoration:none;text-transform:uppercase\"><a href=\"https:\/\/exatas.ufpr.br\/ppgecm\/wp-content\/uploads\/sites\/27\/2025\/07\/Edital_009.2025-Processo-Seletivo-2026.pdf\">EDITAL 009\/2025 \u2013 PROCESSO SELETIVO 2025\/2026 &#8211; MESTRADO E DOUTORADO<\/a><\/p>\n\n\n\n<p class=\"has-vivid-cyan-blue-color has-text-color has-link-color wp-elements-2d8bbf8bfdce314b42fcfc91a95ae066\" style=\"text-decoration:none;text-transform:uppercase\"><a href=\"https:\/\/exatas.ufpr.br\/ppgecm\/wp-content\/uploads\/sites\/27\/2025\/07\/Edital_008.2025-Oferta_Isoladas.pdf\">EDITAL 008\/2025 INSCRI\u00c7\u00c3O EM DISCIPLINAS ISOLADAS<\/a><\/p>\n\n\n\n<p class=\"has-vivid-cyan-blue-color has-text-color has-link-color wp-elements-52ccb25f9fc2af930e6fa271c2c8c8d1\" style=\"text-decoration:none;text-transform:uppercase\"><a href=\"https:\/\/exatas.ufpr.br\/ppgecm\/wp-content\/uploads\/sites\/27\/2025\/06\/Edital_007_PPGECM_ResultadoFinal_Credenciamento.pdf\">EDITAL 007\/2025 \u2013 RESULTADO FINAL &#8211; CREDENCIAMENTO DOCENTE<\/a><\/p>\n\n\n\n<p class=\"has-vivid-cyan-blue-color has-text-color has-link-color wp-elements-988f1622b3603fde5596a8258ec79403\" style=\"text-decoration:none;text-transform:uppercase\"><u><a href=\"https:\/\/exatas.ufpr.br\/ppgecm\/wp-content\/uploads\/sites\/27\/2025\/06\/Edital_006_PPGECM_Resultado_Credenciamento.pdf\"><mark style=\"background-color:#ffffff\" class=\"has-inline-color has-vivid-cyan-blue-color\">EDITAL 006\/2025 \u2013 RESULTADO &#8211; CREDENCIAMENTO DOCENTE<\/mark><\/a><\/u><\/p>\n\n\n\n<p class=\"has-vivid-cyan-blue-color has-text-color has-link-color wp-elements-59954634fcfd3dc5ba7af79e1d6032e4\" style=\"text-decoration:none;text-transform:uppercase\"><u><a href=\"https:\/\/exatas.ufpr.br\/ppgecm\/wp-content\/uploads\/sites\/27\/2025\/04\/Edital_005_PPGECM_Credenciamento.pdf\"><mark style=\"background-color:#ffffff\" class=\"has-inline-color has-vivid-cyan-blue-color\">EDITAL 005\/2025 \u2013 CREDENCIAMENTO DOCENTE<\/mark><\/a><\/u><\/p>\n\n\n\n<p class=\"has-text-align-left has-black-color has-text-color has-link-color wp-elements-8f751dcbbd36f02be1d3f8d1b43be2f2\" style=\"text-decoration:none;text-transform:uppercase\"><u><a href=\"https:\/\/exatas.ufpr.br\/ppgecm\/wp-content\/uploads\/sites\/27\/2025\/03\/Edital_004.2025-Resultado_Isoladas.pdf\"><mark style=\"background-color:#ffffff\" class=\"has-inline-color has-vivid-cyan-blue-color\">EDITAL 004\/2025 \u2013 RESULTADO &#8211; DISCIPLINAS ISOLADAS<\/mark><\/a><\/u><\/p>\n\n\n\n<p class=\"has-text-align-left has-black-color has-text-color has-link-color wp-elements-fa20ae7cd73f500a0b5568f9324095c3\" style=\"text-decoration:none;text-transform:uppercase\"><a href=\"https:\/\/exatas.ufpr.br\/ppgecm\/wp-content\/uploads\/sites\/27\/2025\/02\/Edital_003_PPGECM_ResultadoFinal_BOLSASCAPES_2025.pdf\"><mark style=\"background-color:#ffffff\" class=\"has-inline-color has-vivid-cyan-blue-color\">EDITAL 003\/2025 &#8211; RESULTADO DA SELE\u00c7\u00c3O DE BOLSISTAS<\/mark><\/a><\/p>\n\n\n\n<p class=\"has-text-align-left has-black-color has-text-color has-link-color wp-elements-90c1a974860c5636b9103f13654b69de\" style=\"text-decoration:none;text-transform:uppercase\"><a href=\"https:\/\/exatas.ufpr.br\/ppgecm\/wp-content\/uploads\/sites\/27\/2025\/02\/Edital_002.2025-Oferta_Isoladas.pdf\">EDITAL 002\/2025 \u2013 INSCRI\u00c7\u00c3O EM DISCIPLINAS ISOLADAS<\/a><\/p>\n\n\n\n<p class=\"has-text-align-left has-black-color has-text-color has-link-color wp-elements-f9f887fbfc9ca2f22d289a494da270e2\" style=\"text-decoration:none;text-transform:uppercase\"><a href=\"https:\/\/exatas.ufpr.br\/ppgecm\/wp-content\/uploads\/sites\/27\/2025\/02\/Edital_001_PPGECM_Resultado_BOLSASCAPES_2025.pdf\">EDITAL 001\/2025 &#8211; RESULTADO DA SELE\u00c7\u00c3O DE BOLSISTAS<\/a><\/p>\n","protected":false},"excerpt":{"rendered":"<p>Anexo 031\/2025 &#8211; Perguntas Frequentes EDITAL 031\/2025 \u2013 SELE\u00c7\u00c3O DE BOLSISTAS PPGECM EDITAL 030\/2025 \u2013 PDSE 2025 &#8211; RESULTADO 2\u00aa CHAMADA EDITAL 029\/2025 \u2013 LISTA DE VOTANTES EDITAL 028\/2025 \u2013 HOMOLOGA\u00c7\u00c3O DE CHAPA EDITAL 027\/2025 \u2013 CONVOCA\u00c7\u00c3O DE ELEI\u00c7\u00d5ES &#8211;&hellip; <\/p>\n","protected":false},"author":3978,"featured_media":0,"parent":0,"menu_order":0,"comment_status":"closed","ping_status":"closed","template":"","meta":{"footnotes":""},"class_list":["post-4960","page","type-page","status-publish","hentry"],"_links":{"self":[{"href":"https:\/\/exatas.ufpr.br\/ppgecm\/wp-json\/wp\/v2\/pages\/4960","targetHints":{"allow":["GET"]}}],"collection":[{"href":"https:\/\/exatas.ufpr.br\/ppgecm\/wp-json\/wp\/v2\/pages"}],"about":[{"href":"https:\/\/exatas.ufpr.br\/ppgecm\/wp-json\/wp\/v2\/types\/page"}],"author":[{"embeddable":true,"href":"https:\/\/exatas.ufpr.br\/ppgecm\/wp-json\/wp\/v2\/users\/3978"}],"replies":[{"embeddable":true,"href":"https:\/\/exatas.ufpr.br\/ppgecm\/wp-json\/wp\/v2\/comments?post=4960"}],"version-history":[{"count":1,"href":"https:\/\/exatas.ufpr.br\/ppgecm\/wp-json\/wp\/v2\/pages\/4960\/revisions"}],"predecessor-version":[{"id":4965,"href":"https:\/\/exatas.ufpr.br\/ppgecm\/wp-json\/wp\/v2\/pages\/4960\/revisions\/4965"}],"wp:attachment":[{"href":"https:\/\/exatas.ufpr.br\/ppgecm\/wp-json\/wp\/v2\/media?parent=4960"}],"curies":[{"name":"wp","href":"https:\/\/api.w.org\/{rel}","templated":true}]}}