{"id":4277,"date":"2025-08-01T16:18:02","date_gmt":"2025-08-01T16:18:02","guid":{"rendered":"https:\/\/exatas.ufpr.br\/ppgecm\/?page_id=4277"},"modified":"2025-08-01T16:23:12","modified_gmt":"2025-08-01T16:23:12","slug":"flavia-santanna-rios","status":"publish","type":"page","link":"https:\/\/exatas.ufpr.br\/ppgecm\/flavia-santanna-rios\/","title":{"rendered":"FLAVIA SANT&#8217;ANNA RIOS"},"content":{"rendered":"\n<figure class=\"wp-block-image size-full\"><a href=\"https:\/\/exatas.ufpr.br\/ppgecm\/wp-content\/uploads\/sites\/27\/2025\/08\/Flavia-Rios.jpeg\"><img loading=\"lazy\" decoding=\"async\" width=\"277\" height=\"283\" src=\"https:\/\/exatas.ufpr.br\/ppgecm\/wp-content\/uploads\/sites\/27\/2025\/08\/Flavia-Rios.jpeg\" alt=\"\" class=\"wp-image-4359\" \/><\/a><\/figure>\n\n\n\n<p class=\"has-black-color has-text-color has-link-color has-medium-font-size wp-elements-0e8912ee08bd6b94b3eb94d0041e489d\">Curr\u00edculo Lattes:\u00a0<a href=\"http:\/\/lattes.cnpq.br\/3890731323026717\">http:\/\/lattes.cnpq.br\/3890731323026717<\/a><\/p>\n\n\n\n<p class=\"has-black-color has-text-color has-link-color has-medium-font-size wp-elements-6f92027fd7b5a2c6578a707a1b525c32\">Contato:\u00a0flaviasrios@gmail.com<\/p>\n\n\n\n<hr class=\"wp-block-separator has-alpha-channel-opacity\" \/>\n\n\n\n<p class=\"has-text-align-left has-black-color has-text-color has-link-color has-medium-font-size wp-elements-7ade37c9ec3738531774434f2e14c98b\" style=\"font-style:normal;font-weight:400\">Possui gradua\u00e7\u00e3o em Ci\u00eancias Biol\u00f3gicas (Licenciatura) pela Universidade Federal do Paran\u00e1, mestrado em Biologia Celular e Molecular pela mesma institui\u00e7\u00e3o e doutorado em Ci\u00eancias, na \u00e1rea de Ecologia e Recursos Naturais, pela Universidade Federal de S\u00e3o Carlos. \u00c9 professora titular da Universidade Federal do Paran\u00e1 e participou de projetos do Programa Ant\u00e1rtico Brasileiro e do INCT da Criosfera (INCT-APA). Atua nas \u00e1reas de Ensino de Ci\u00eancias e Biologia, com \u00eanfase em Morfologia (Histologia, Embriologia, Biologia Celular e Biologia do Desenvolvimento). Coordena projetos de pesquisa, extens\u00e3o e divulga\u00e7\u00e3o cient\u00edfica voltados ao desenvolvimento de materiais did\u00e1ticos e recursos interativos para o ensino de Ci\u00eancias e Biologia, com foco na forma\u00e7\u00e3o inicial e continuada de professores. Mant\u00e9m parceria com a Secretaria Municipal de Educa\u00e7\u00e3o de Curitiba em a\u00e7\u00f5es de forma\u00e7\u00e3o nas \u00e1reas de Ci\u00eancias, Ci\u00eancia e Tecnologias e Educa\u00e7\u00e3o Ambiental.\u00a0<\/p>\n\n\n\n<hr class=\"wp-block-separator has-alpha-channel-opacity\" \/>\n\n\n\n<p class=\"has-black-color has-text-color has-link-color wp-elements-06c8dae62e943c48006a8bec47ea5d6e\" style=\"font-size:25px\"><strong>Linhas de Pesquisa<\/strong><\/p>\n\n\n\n<p class=\"has-black-color has-text-color has-link-color has-medium-font-size wp-elements-a27496b3199b9d13b9b499f121659ff2\" style=\"font-style:normal;font-weight:300\"><strong>3<\/strong> &#8211; Transversalidade na Educa\u00e7\u00e3o em Ci\u00eancias e em Matem\u00e1tica<\/p>\n\n\n\n<hr class=\"wp-block-separator has-alpha-channel-opacity\" \/>\n\n\n\n<p class=\"has-black-color has-text-color has-link-color wp-elements-c96c07d331437713421fe83040d19293\" style=\"font-size:25px\"><strong>Interesses de pesquisa<\/strong><\/p>\n\n\n\n<p class=\"has-black-color has-text-color has-link-color has-medium-font-size wp-elements-14388981d353a7a672e5a27a145a0d53\" style=\"font-style:normal;font-weight:300\">&#8211; Recursos educacionais e atividades pr\u00e1ticas no Ensino de Ci\u00eancias \/ Biologia; <\/p>\n\n\n\n<p class=\"has-black-color has-text-color has-link-color has-medium-font-size wp-elements-e1b89f709583bfa39f98a1d5546045f7\" style=\"font-style:normal;font-weight:300\">&#8211; Jogos did\u00e1ticos e outros recursos l\u00fadicos e interativos; <\/p>\n\n\n\n<p class=\"has-black-color has-text-color has-link-color has-medium-font-size wp-elements-22da082883d2d028ca48cd901374173e\" style=\"font-style:normal;font-weight:300\">&#8211; Ensino por investiga\u00e7\u00e3o e aprendizagem baseada em problemas.<\/p>\n\n\n\n<hr class=\"wp-block-separator has-alpha-channel-opacity\" \/>\n\n\n\n<p class=\"has-black-color has-text-color has-link-color wp-elements-a4b80753a6d34cacc1d1b06e2e9b6c8e\" style=\"font-size:25px\"><strong>Projetos de Extens\u00e3o<\/strong><\/p>\n\n\n\n<ul class=\"wp-block-list\">\n<li>Programa de Extens\u00e3o Ci\u00eancia Interativa<\/li>\n\n\n\n<li>Projeto de Extens\u00e3o Microscopia na Pr\u00e1tica<\/li>\n\n\n\n<li>Projeto de Extens\u00e3o Educa\u00e7\u00e3o Ambiental na Pr\u00e1tica<\/li>\n<\/ul>\n\n\n\n<p class=\"has-black-color has-text-color has-link-color has-medium-font-size wp-elements-43bbd51703225915037e954fe99f43a9\" style=\"text-transform:uppercase\"><\/p>\n","protected":false},"excerpt":{"rendered":"<p>Curr\u00edculo Lattes:\u00a0http:\/\/lattes.cnpq.br\/3890731323026717 Contato:\u00a0flaviasrios@gmail.com Possui gradua\u00e7\u00e3o em Ci\u00eancias Biol\u00f3gicas (Licenciatura) pela Universidade Federal do Paran\u00e1, mestrado em Biologia Celular e Molecular pela mesma institui\u00e7\u00e3o e doutorado em Ci\u00eancias, na \u00e1rea de Ecologia e Recursos Naturais, pela Universidade Federal de S\u00e3o Carlos.&hellip; <\/p>\n","protected":false},"author":3978,"featured_media":0,"parent":0,"menu_order":0,"comment_status":"closed","ping_status":"closed","template":"","meta":{"footnotes":""},"class_list":["post-4277","page","type-page","status-publish","hentry"],"_links":{"self":[{"href":"https:\/\/exatas.ufpr.br\/ppgecm\/wp-json\/wp\/v2\/pages\/4277","targetHints":{"allow":["GET"]}}],"collection":[{"href":"https:\/\/exatas.ufpr.br\/ppgecm\/wp-json\/wp\/v2\/pages"}],"about":[{"href":"https:\/\/exatas.ufpr.br\/ppgecm\/wp-json\/wp\/v2\/types\/page"}],"author":[{"embeddable":true,"href":"https:\/\/exatas.ufpr.br\/ppgecm\/wp-json\/wp\/v2\/users\/3978"}],"replies":[{"embeddable":true,"href":"https:\/\/exatas.ufpr.br\/ppgecm\/wp-json\/wp\/v2\/comments?post=4277"}],"version-history":[{"count":4,"href":"https:\/\/exatas.ufpr.br\/ppgecm\/wp-json\/wp\/v2\/pages\/4277\/revisions"}],"predecessor-version":[{"id":4374,"href":"https:\/\/exatas.ufpr.br\/ppgecm\/wp-json\/wp\/v2\/pages\/4277\/revisions\/4374"}],"wp:attachment":[{"href":"https:\/\/exatas.ufpr.br\/ppgecm\/wp-json\/wp\/v2\/media?parent=4277"}],"curies":[{"name":"wp","href":"https:\/\/api.w.org\/{rel}","templated":true}]}}