{"id":4264,"date":"2025-08-01T14:29:11","date_gmt":"2025-08-01T14:29:11","guid":{"rendered":"https:\/\/exatas.ufpr.br\/ppgecm\/?page_id=4264"},"modified":"2025-08-13T18:22:52","modified_gmt":"2025-08-13T18:22:52","slug":"carla-cristina-pompeu-2","status":"publish","type":"page","link":"https:\/\/exatas.ufpr.br\/ppgecm\/carla-cristina-pompeu-2\/","title":{"rendered":"CARLA CRISTINA POMPEU"},"content":{"rendered":"\n<figure class=\"wp-block-image size-full\"><a href=\"https:\/\/exatas.ufpr.br\/ppgecm\/wp-content\/uploads\/sites\/27\/2025\/08\/Carla-Pompeu.jpg\"><img loading=\"lazy\" decoding=\"async\" width=\"288\" height=\"288\" src=\"https:\/\/exatas.ufpr.br\/ppgecm\/wp-content\/uploads\/sites\/27\/2025\/08\/Carla-Pompeu.jpg\" alt=\"\" class=\"wp-image-4422\" srcset=\"https:\/\/exatas.ufpr.br\/ppgecm\/wp-content\/uploads\/sites\/27\/2025\/08\/Carla-Pompeu.jpg 288w, https:\/\/exatas.ufpr.br\/ppgecm\/wp-content\/uploads\/sites\/27\/2025\/08\/Carla-Pompeu-150x150.jpg 150w, https:\/\/exatas.ufpr.br\/ppgecm\/wp-content\/uploads\/sites\/27\/2025\/08\/Carla-Pompeu-230x230.jpg 230w, https:\/\/exatas.ufpr.br\/ppgecm\/wp-content\/uploads\/sites\/27\/2025\/08\/Carla-Pompeu-80x80.jpg 80w\" sizes=\"auto, (max-width: 288px) 100vw, 288px\" \/><\/a><\/figure>\n\n\n\n<p class=\"has-black-color has-text-color has-link-color has-medium-font-size wp-elements-2a3d2a3af0c3df09f045665833cc8de6\">Curr\u00edculo Lattes:&nbsp;<a href=\"http:\/\/lattes.cnpq.br\/7074055869443806\">http:\/\/lattes.cnpq.br\/7074055869443806<\/a><\/p>\n\n\n\n<p class=\"has-black-color has-text-color has-link-color has-medium-font-size wp-elements-b303ad397debd81e5616f893c3bf7c2d\">Contato:&nbsp;carla.pompeu@ufpr.br<\/p>\n\n\n\n<hr class=\"wp-block-separator has-alpha-channel-opacity\" \/>\n\n\n\n<p class=\"has-text-align-left has-black-color has-text-color has-link-color has-medium-font-size wp-elements-7bed0d4ca811054e3ac511b687b886da\" style=\"font-style:normal;font-weight:400\">Doutora e Mestre em Educa\u00e7\u00e3o pela Universidade de S\u00e3o Paulo, na \u00e1rea de Ensino de Ci\u00eancias e Matem\u00e1tica. Licenciada e Bacharel em Matem\u00e1tica pelo ICMCUSP (Universidade de S\u00e3o Paulo). Integrante do Grupo de Estudos e Pesquisa em Educa\u00e7\u00e3o Matem\u00e1tica e Educa\u00e7\u00e3o (GEPEMEUSP) e coordenadora do N\u00facleo de Investiga\u00e7\u00e3o e Estudos em Educa\u00e7\u00e3o e Educa\u00e7\u00e3o Matem\u00e1tica (NIEEM\/UFTM). Tem como principais interesses de investiga\u00e7\u00e3o a Educa\u00e7\u00e3o Matem\u00e1tica com Pessoas Jovens, Adultas e Idosas, fa Forma\u00e7\u00e3o de Professores que ensinam Matem\u00e1tica, pol\u00edticas educacionais para a EJA e curr\u00edculos de Matem\u00e1tica. Atualmente \u00e9 professora adjunta da Universidade Federal do Tri\u00e2ngulo Mineiro (UFTM). Desenvolveu investiga\u00e7\u00e3o (p\u00f3s-doutorado) no Instituto Polit\u00e9cnico do Porto (IPP) em parceria com a Universidade de S\u00e3o Paulo (USP).<\/p>\n\n\n\n<p><\/p>\n\n\n\n<hr class=\"wp-block-separator has-alpha-channel-opacity\" \/>\n\n\n\n<p class=\"has-black-color has-text-color has-link-color wp-elements-06c8dae62e943c48006a8bec47ea5d6e\" style=\"font-size:25px\"><strong>Linhas de Pesquisa<\/strong><\/p>\n\n\n\n<p class=\"has-black-color has-text-color has-link-color has-medium-font-size wp-elements-9ccb3196305a77828c9df7b80d07b8d1\" style=\"font-style:normal;font-weight:300\"><strong>1<\/strong> \u2013 Forma\u00e7\u00e3o e Desenvolvimento Docente em Ci\u00eancias e Matem\u00e1tica<\/p>\n\n\n\n<hr class=\"wp-block-separator has-alpha-channel-opacity\" \/>\n\n\n\n<p class=\"has-black-color has-text-color has-link-color wp-elements-c96c07d331437713421fe83040d19293\" style=\"font-size:25px\"><strong>Interesses de pesquisa<\/strong><\/p>\n\n\n\n<p class=\"has-black-color has-text-color has-link-color has-medium-font-size wp-elements-3382eb8c49cbfbba4841b6b96dcb5c50\" style=\"font-style:normal;font-weight:300\">-Educa\u00e7\u00e3o matem\u00e1tica com pessoas jovens, adultas e idosas; <\/p>\n\n\n\n<p class=\"has-black-color has-text-color has-link-color has-medium-font-size wp-elements-d7ec303aacd2649ebbaff56d49577b9e\" style=\"font-style:normal;font-weight:300\">&#8211; Forma\u00e7\u00e3o de professores que ensinam matem\u00e1tica; <\/p>\n\n\n\n<p class=\"has-black-color has-text-color has-link-color has-medium-font-size wp-elements-8ddeb3b7a1dba0b1807db3ba6295cf55\" style=\"font-style:normal;font-weight:300\">&#8211; Pol\u00edticas curriculares para o ensino de matem\u00e1tica.<\/p>\n\n\n\n<hr class=\"wp-block-separator has-alpha-channel-opacity\" \/>\n\n\n\n<p class=\"has-black-color has-text-color has-link-color wp-elements-f9b797611deffb7efb8f82a4c5ef47f2\" style=\"font-size:25px\"><strong>Projetos de pesquisa<\/strong><\/p>\n\n\n\n<ol class=\"wp-block-list\">\n<li class=\"has-medium-font-size\">Meninas da educa\u00e7\u00e3o b\u00e1sica, graduandas e professoras nas \u00e1reas de ci\u00eancias exatas apropriando-se de estrat\u00e9gias de pesquisa de opini\u00e3o e constituindo-se como produtoras de conhecimento sobre as rela\u00e7\u00f5es entre g\u00eanero, ra\u00e7a e matem\u00e1tica. <\/li>\n\n\n\n<li class=\"has-medium-font-size\">A matem\u00e1tica na Educa\u00e7\u00e3o de Jovens, Adultos&nbsp;e&nbsp;Idosos<\/li>\n<\/ol>\n\n\n\n<p><\/p>\n","protected":false},"excerpt":{"rendered":"<p>Curr\u00edculo Lattes:&nbsp;http:\/\/lattes.cnpq.br\/7074055869443806 Contato:&nbsp;carla.pompeu@ufpr.br Doutora e Mestre em Educa\u00e7\u00e3o pela Universidade de S\u00e3o Paulo, na \u00e1rea de Ensino de Ci\u00eancias e Matem\u00e1tica. Licenciada e Bacharel em Matem\u00e1tica pelo ICMCUSP (Universidade de S\u00e3o Paulo). Integrante do Grupo de Estudos e Pesquisa em&hellip; <\/p>\n","protected":false},"author":3978,"featured_media":0,"parent":0,"menu_order":0,"comment_status":"closed","ping_status":"closed","template":"","meta":{"footnotes":""},"class_list":["post-4264","page","type-page","status-publish","hentry"],"_links":{"self":[{"href":"https:\/\/exatas.ufpr.br\/ppgecm\/wp-json\/wp\/v2\/pages\/4264","targetHints":{"allow":["GET"]}}],"collection":[{"href":"https:\/\/exatas.ufpr.br\/ppgecm\/wp-json\/wp\/v2\/pages"}],"about":[{"href":"https:\/\/exatas.ufpr.br\/ppgecm\/wp-json\/wp\/v2\/types\/page"}],"author":[{"embeddable":true,"href":"https:\/\/exatas.ufpr.br\/ppgecm\/wp-json\/wp\/v2\/users\/3978"}],"replies":[{"embeddable":true,"href":"https:\/\/exatas.ufpr.br\/ppgecm\/wp-json\/wp\/v2\/comments?post=4264"}],"version-history":[{"count":5,"href":"https:\/\/exatas.ufpr.br\/ppgecm\/wp-json\/wp\/v2\/pages\/4264\/revisions"}],"predecessor-version":[{"id":4428,"href":"https:\/\/exatas.ufpr.br\/ppgecm\/wp-json\/wp\/v2\/pages\/4264\/revisions\/4428"}],"wp:attachment":[{"href":"https:\/\/exatas.ufpr.br\/ppgecm\/wp-json\/wp\/v2\/media?parent=4264"}],"curies":[{"name":"wp","href":"https:\/\/api.w.org\/{rel}","templated":true}]}}