{"id":412,"date":"2016-08-22T20:28:51","date_gmt":"2016-08-22T20:28:51","guid":{"rendered":"https:\/\/exatas.ufpr.br\/ppgecm\/?page_id=412"},"modified":"2023-01-26T14:48:28","modified_gmt":"2023-01-26T14:48:28","slug":"ciclo-de-seminarios","status":"publish","type":"page","link":"https:\/\/exatas.ufpr.br\/ppgecm\/ciclo-de-seminarios\/","title":{"rendered":"Ciclo de Semin\u00e1rios"},"content":{"rendered":"<h3>No ano de 2016, o PPGECM criou o Ciclo de Semin\u00e1rios, que possui como objetivo ampliar o di\u00e1logo entre discentes e docentes do PPGECM-UFPR com a comunidade acad\u00eamica em geral e pesquisadores renomados da \u00e1rea de Educa\u00e7\u00e3o em Ci\u00eancias e Educa\u00e7\u00e3o Matem\u00e1tica.<\/h3>\n<p class=\"x_MsoNormal\">\n<p class=\"x_MsoNormal\">Em <b>2023<\/b> os semin\u00e1rios on line ser\u00e3o sempre no link:<\/p>\n<h2 class=\"x_MsoNormal\" style=\"text-align: center\"><span style=\"color: #3366ff\">https:\/\/conferenciaweb.rnp.br\/webconf\/seminarios-ppgecm-ufpr<\/span><\/h2>\n<p class=\"x_MsoNormal\">Hor\u00e1rio sempre <strong>\u00e0s 14h00<\/strong><\/p>\n<table class=\"x_MsoNormalTable\" style=\"height: 309px\" border=\"0\" width=\"1250\" cellspacing=\"0\" cellpadding=\"0\">\n<tbody>\n<tr>\n<td rowspan=\"2\">\n<p class=\"x_MsoNormal\" style=\"text-align: center\">\u00a0\u00a0\u00a0 Abril<\/p>\n<\/td>\n<td valign=\"bottom\">\n<p class=\"x_MsoNormal\" align=\"right\">14<\/p>\n<\/td>\n<td valign=\"bottom\">\n<p class=\"x_MsoNormal\">Natalia Pirani Ghilardi-Lopes<\/p>\n<\/td>\n<td valign=\"bottom\">\n<p class=\"x_MsoNormal\">Ci\u00eancia cidad\u00e3 e educa\u00e7\u00e3o cient\u00edfica nas escolas<\/p>\n<\/td>\n<td valign=\"bottom\">\n<p class=\"x_MsoNormal\">Ci\u00eancias<\/p>\n<\/td>\n<td valign=\"bottom\">\n<p class=\"x_MsoNormal\">Externo<\/p>\n<\/td>\n<\/tr>\n<tr>\n<td valign=\"bottom\">\n<p class=\"x_MsoNormal\" align=\"right\">28<\/p>\n<\/td>\n<td valign=\"bottom\">\n<p class=\"x_MsoNormal\">Flavio Tajima Barbosa<\/p>\n<\/td>\n<td valign=\"bottom\">\n<p class=\"x_MsoNormal\">Existe uma Natureza da Qu\u00edmica?<\/p>\n<\/td>\n<td valign=\"bottom\">\n<p class=\"x_MsoNormal\">Ci\u00eancias<\/p>\n<\/td>\n<td valign=\"bottom\">\n<p class=\"x_MsoNormal\">Aluno Doutorado<\/p>\n<\/td>\n<\/tr>\n<tr>\n<td rowspan=\"2\">\n<p class=\"x_MsoNormal\" style=\"text-align: center\">Maio<\/p>\n<\/td>\n<td valign=\"bottom\">\n<p class=\"x_MsoNormal\" align=\"right\">12<\/p>\n<\/td>\n<td valign=\"bottom\">\n<p class=\"x_MsoNormal\">Emerson de Oliveira Santos<\/p>\n<\/td>\n<td valign=\"bottom\">\n<p class=\"x_MsoNormal\">F\u00edsica, m\u00fasica e matem\u00e1tica: alguns pontos de converg\u00eancia.<\/p>\n<\/td>\n<td valign=\"bottom\">\n<p class=\"x_MsoNormal\">Ci\u00eancias<\/p>\n<\/td>\n<td valign=\"bottom\">\n<p class=\"x_MsoNormal\">Aluno Doutorado<\/p>\n<\/td>\n<\/tr>\n<tr>\n<td valign=\"bottom\">\n<p class=\"x_MsoNormal\" align=\"right\">26<\/p>\n<\/td>\n<td valign=\"bottom\">\n<p class=\"x_MsoNormal\">Michelle Klaiber<\/p>\n<\/td>\n<td valign=\"bottom\">\n<p class=\"x_MsoNormal\">Pensamento Matem\u00e1tico<\/p>\n<\/td>\n<td valign=\"bottom\">\n<p class=\"x_MsoNormal\">Matem\u00e1tica<\/p>\n<\/td>\n<td valign=\"bottom\">\n<p class=\"x_MsoNormal\">Externo<\/p>\n<\/td>\n<\/tr>\n<\/tbody>\n<\/table>\n<p class=\"x_MsoNormal\">\n<p class=\"x_MsoNormal\">\n","protected":false},"excerpt":{"rendered":"<p>No ano de 2016, o PPGECM criou o Ciclo de Semin\u00e1rios, que possui como objetivo ampliar o di\u00e1logo entre discentes e docentes do PPGECM-UFPR com a comunidade acad\u00eamica em geral e pesquisadores renomados da \u00e1rea de Educa\u00e7\u00e3o em Ci\u00eancias e&hellip; <\/p>\n","protected":false},"author":13,"featured_media":0,"parent":0,"menu_order":0,"comment_status":"closed","ping_status":"closed","template":"","meta":{"footnotes":""},"class_list":["post-412","page","type-page","status-publish","hentry"],"_links":{"self":[{"href":"https:\/\/exatas.ufpr.br\/ppgecm\/wp-json\/wp\/v2\/pages\/412","targetHints":{"allow":["GET"]}}],"collection":[{"href":"https:\/\/exatas.ufpr.br\/ppgecm\/wp-json\/wp\/v2\/pages"}],"about":[{"href":"https:\/\/exatas.ufpr.br\/ppgecm\/wp-json\/wp\/v2\/types\/page"}],"author":[{"embeddable":true,"href":"https:\/\/exatas.ufpr.br\/ppgecm\/wp-json\/wp\/v2\/users\/13"}],"replies":[{"embeddable":true,"href":"https:\/\/exatas.ufpr.br\/ppgecm\/wp-json\/wp\/v2\/comments?post=412"}],"version-history":[{"count":26,"href":"https:\/\/exatas.ufpr.br\/ppgecm\/wp-json\/wp\/v2\/pages\/412\/revisions"}],"predecessor-version":[{"id":2818,"href":"https:\/\/exatas.ufpr.br\/ppgecm\/wp-json\/wp\/v2\/pages\/412\/revisions\/2818"}],"wp:attachment":[{"href":"https:\/\/exatas.ufpr.br\/ppgecm\/wp-json\/wp\/v2\/media?parent=412"}],"curies":[{"name":"wp","href":"https:\/\/api.w.org\/{rel}","templated":true}]}}