{"id":4091,"date":"2025-06-30T12:17:36","date_gmt":"2025-06-30T12:17:36","guid":{"rendered":"https:\/\/exatas.ufpr.br\/ppgecm\/?page_id=4091"},"modified":"2026-01-28T12:27:48","modified_gmt":"2026-01-28T12:27:48","slug":"disciplinas-1o-semestre-2025","status":"publish","type":"page","link":"https:\/\/exatas.ufpr.br\/ppgecm\/disciplinas-1o-semestre-2025\/","title":{"rendered":"Disciplinas 2025"},"content":{"rendered":"\n<p class=\"has-text-align-center has-black-color has-text-color has-link-color wp-elements-09cef9c0818ad12564f3ce525c6423e0\" style=\"font-size:30px\">\u00a0<strong>Disciplinas ofertadas PPGECM \u2013 1\u00ba semestre \/ 2025<\/strong><\/p>\n\n\n\n<figure class=\"wp-block-table\"><table><tbody><tr><td class=\"has-text-align-center\" data-align=\"center\"><\/td><td class=\"has-text-align-center\" data-align=\"center\"><strong>HOR\u00c1RIO<\/strong><\/td><td class=\"has-text-align-center\" data-align=\"center\"><strong>DISCIPLINA<\/strong><\/td><td class=\"has-text-align-center\" data-align=\"center\"><strong>PROFESSOR<\/strong><\/td><td class=\"has-text-align-center\" data-align=\"center\"><strong>C.H \/<\/strong> <strong>cr\u00e9ditos<\/strong><\/td><td class=\"has-text-align-center\" data-align=\"center\"><strong>LOCAL<\/strong><\/td><\/tr><tr><td class=\"has-text-align-center\" data-align=\"center\" rowspan=\"3\">Segunda-feira<\/td><td class=\"has-text-align-center\" data-align=\"center\">8h &#8211; 12h<\/td><td class=\"has-text-align-center\" data-align=\"center\"><a href=\"https:\/\/exatas.ufpr.br\/ppgecm\/wp-content\/uploads\/sites\/27\/2025\/02\/EDCM-7039-CTS-e-ACT.pdf\">EDCM-7039 &#8211; CTS E ACT NA EDUCA\u00c7\u00c3O EM CI\u00caNCIAS E MATEM\u00c1TICA<\/a><\/td><td class=\"has-text-align-center\" data-align=\"center\">Leonir Lorenzetti<\/td><td class=\"has-text-align-center\" data-align=\"center\">60h \/ 4<\/td><td class=\"has-text-align-center\" data-align=\"center\">PA-06 CENTRO POLIT\u00c9CNICO<\/td><\/tr><tr><td class=\"has-text-align-center\" data-align=\"center\">14h &#8211; 18h<\/td><td class=\"has-text-align-center\" data-align=\"center\"><a href=\"https:\/\/exatas.ufpr.br\/ppgecm\/wp-content\/uploads\/sites\/27\/2025\/02\/EDCM-7003_Divulgacao-Cientifica.pdf\">EDCM-7003 &#8211; DIVULGA\u00c7\u00c3O CIENT\u00cdFICA E ESPA\u00c7OS N\u00c3O-FORMAIS<\/a><\/td><td class=\"has-text-align-center\" data-align=\"center\">Rodrigo Arantes Reis e Marcelo Val\u00e9rio<\/td><td class=\"has-text-align-center\" data-align=\"center\">60h \/ 4<\/td><td class=\"has-text-align-center\" data-align=\"center\">PQ-13 CENTRO POLIT\u00c9CNICO<\/td><\/tr><tr><td class=\"has-text-align-center\" data-align=\"center\">14h &#8211; 18h<\/td><td class=\"has-text-align-center\" data-align=\"center\"><a href=\"https:\/\/exatas.ufpr.br\/ppgecm\/wp-content\/uploads\/sites\/27\/2025\/07\/EDCM7038-Estudos-Culturais.pdf\">EDCM-7038 -T\u00d3PICOS EM EDUCA\u00c7\u00c3O EM CI\u00caNCIAS E EM MATEM\u00c1TICA II Assunto: <em>Estudos Culturais: Arte, Ci\u00eancia e Tecnologia<\/em><\/a><\/td><td class=\"has-text-align-center\" data-align=\"center\">Roberto Dalmo Varallo Lima de Oliveira<\/td><td class=\"has-text-align-center\" data-align=\"center\">60h \/ 4<\/td><td class=\"has-text-align-center\" data-align=\"center\">PPGECM CENTRO POLIT\u00c9CNICO<\/td><\/tr><tr><td class=\"has-text-align-center\" data-align=\"center\" rowspan=\"4\">Ter\u00e7a-feira<\/td><td class=\"has-text-align-center\" data-align=\"center\">8h30 &#8211; 12h30<\/td><td class=\"has-text-align-center\" data-align=\"center\"><a href=\"https:\/\/exatas.ufpr.br\/ppgecm\/wp-content\/uploads\/sites\/27\/2025\/02\/PLANO-DE-TRABALHO-EDCM7040-DCM-2025-1.pdf\">EDCM-7040 &#8211; DID\u00c1TICA DAS CI\u00caNCIAS E DA MATEM\u00c1TICA<\/a><\/td><td class=\"has-text-align-center\" data-align=\"center\">S\u00e9rgio Camargo e Tania T.Bruns Zimer<\/td><td class=\"has-text-align-center\" data-align=\"center\">60h \/ 4<\/td><td class=\"has-text-align-center\" data-align=\"center\">SALA 7 CAMPUS REBOU\u00c7AS&nbsp;<\/td><\/tr><tr><td class=\"has-text-align-center\" data-align=\"center\">8h30 &#8211; 12h30<\/td><td class=\"has-text-align-center\" data-align=\"center\"><a href=\"https:\/\/exatas.ufpr.br\/ppgecm\/wp-content\/uploads\/sites\/27\/2025\/02\/EDCM-7032-Seminarios-de-Pesquisa-I.pdf\">EDCM-7032 &#8211; SEMIN\u00c1RIO DE PESQUISA I<\/a><\/td><td class=\"has-text-align-center\" data-align=\"center\">Elisangela de Campos e Eloisa Navarro<\/td><td class=\"has-text-align-center\" data-align=\"center\">60h \/ 4<\/td><td class=\"has-text-align-center\" data-align=\"center\">PC-03 CENTRO POLIT\u00c9CNICO<\/td><\/tr><tr><td class=\"has-text-align-center\" data-align=\"center\">14h &#8211; 18h<\/td><td class=\"has-text-align-center\" data-align=\"center\"><a href=\"https:\/\/exatas.ufpr.br\/ppgecm\/wp-content\/uploads\/sites\/27\/2025\/02\/PLANO-EPISTEMOLOGIA-2025.pdf\">EDCM-7042 FUNDAMENTOS EPISTEMOL\u00d3GICOS PARA EDUCA\u00c7\u00c3O EM CI\u00caNCIAS E EM MATEM\u00c1TICA<\/a><\/td><td class=\"has-text-align-center\" data-align=\"center\">Joanez Aparecida Aires<\/td><td class=\"has-text-align-center\" data-align=\"center\">60h \/ 4<\/td><td class=\"has-text-align-center\" data-align=\"center\">&nbsp;PPGECM CENTRO POLIT\u00c9CNICO<\/td><\/tr><tr><td class=\"has-text-align-center\" data-align=\"center\">18h &#8211; 22h<\/td><td class=\"has-text-align-center\" data-align=\"center\"><a href=\"https:\/\/exatas.ufpr.br\/ppgecm\/wp-content\/uploads\/sites\/27\/2025\/02\/TOPICOS-EM-EDUCACAO-EM-CIENCIAS-E-EM-MATEMATICA-II_2025_1.pdf\">EDCM-7038 -T\u00d3PICOS EM EDUCA\u00c7\u00c3O EM CI\u00caNCIAS E EM MATEM\u00c1TICA II Assunto: <em>Hist\u00f3ria Oral: Percursos Te\u00f3ricos e Metodol\u00f3gicos na Educa\u00e7\u00e3o em Ci\u00eancias e em Matem\u00e1tica<\/em><\/a><\/td><td class=\"has-text-align-center\" data-align=\"center\">Emerson Rolkouski e Laura Leal Moreira<\/td><td class=\"has-text-align-center\" data-align=\"center\">60h \/ 4<\/td><td class=\"has-text-align-center\" data-align=\"center\">PA-06 CENTRO POLIT\u00c9CNICO<\/td><\/tr><tr><td class=\"has-text-align-center\" data-align=\"center\" rowspan=\"3\">Quarta-feira<\/td><td class=\"has-text-align-center\" data-align=\"center\">9h-13h<\/td><td class=\"has-text-align-center\" data-align=\"center\"><a href=\"https:\/\/exatas.ufpr.br\/ppgecm\/wp-content\/uploads\/sites\/27\/2025\/02\/EDCM-7019-Tendencias.pdf\">EDCM-7019 &#8211; TEND\u00caNCIAS DE PESQUISA EM EDUCA\u00c7\u00c3O MATEM\u00c1TICA<\/a><\/td><td class=\"has-text-align-center\" data-align=\"center\">Gabriel dos Santos e Silva<\/td><td class=\"has-text-align-center\" data-align=\"center\">60h \/ 4<\/td><td class=\"has-text-align-center\" data-align=\"center\">PA-06 CENTRO POLIT\u00c9CNICO<\/td><\/tr><tr><td class=\"has-text-align-center\" data-align=\"center\">8h30 &#8211; 12h30<\/td><td class=\"has-text-align-center\" data-align=\"center\"><a href=\"https:\/\/exatas.ufpr.br\/ppgecm\/wp-content\/uploads\/sites\/27\/2025\/02\/EDCM-7038-Redacao-Academica.pdf\">EDCM-7038 -T\u00d3PICOS EM EDUCA\u00c7\u00c3O EM CI\u00caNCIAS E EM MATEM\u00c1TICA II Assunto: <em>Reda\u00e7\u00e3o Acad\u00eamica<\/em><\/a><\/td><td class=\"has-text-align-center\" data-align=\"center\">Ruth M. Hofmann<\/td><td class=\"has-text-align-center\" data-align=\"center\">60h \/ 4<\/td><td class=\"has-text-align-center\" data-align=\"center\">PC-04 CENTRO POLIT\u00c9CNICO<\/td><\/tr><tr><td class=\"has-text-align-center\" data-align=\"center\">14h &#8211; 17h<\/td><td class=\"has-text-align-center\" data-align=\"center\"><a href=\"https:\/\/exatas.ufpr.br\/ppgecm\/wp-content\/uploads\/sites\/27\/2025\/02\/EDCM-7051_Fundamentos.pdf\">EDCM-7051 &#8211; T\u00d3PICOS ESPECIAIS III \u2013 Assunto: <em>Fundamentos para pr\u00e1ticas pedag\u00f3gicas em perspectiva complexa<\/em><\/a><\/td><td class=\"has-text-align-center\" data-align=\"center\">Heliza Cola\u00e7o G\u00f3es<\/td><td class=\"has-text-align-center\" data-align=\"center\">45h \/ 3<\/td><td class=\"has-text-align-center\" data-align=\"center\">PPGECM CENTRO POLIT\u00c9CNICO<\/td><\/tr><tr><td class=\"has-text-align-center\" data-align=\"center\" rowspan=\"2\">Quinta-feira<\/td><td class=\"has-text-align-center\" data-align=\"center\">14h &#8211; 18h<\/td><td class=\"has-text-align-center\" data-align=\"center\"><a href=\"https:\/\/exatas.ufpr.br\/ppgecm\/wp-content\/uploads\/sites\/27\/2025\/02\/EDCM-7038-Metodologias.pdf\">EDCM- 7038 -T\u00d3PICOS EM EDUCA\u00c7\u00c3O EM CI\u00caNCIAS E EM MATEM\u00c1TICA II Assunto:<em> Metodologias e Tecnologias na Educa\u00e7\u00e3o em Ci\u00eancias e em Matem\u00e1tica<\/em><\/a><\/td><td class=\"has-text-align-center\" data-align=\"center\">Everton Bedin<\/td><td class=\"has-text-align-center\" data-align=\"center\">60h \/ 4<\/td><td class=\"has-text-align-center\" data-align=\"center\">PPGECM CENTRO POLIT\u00c9CNICO<\/td><\/tr><tr><td class=\"has-text-align-center\" data-align=\"center\">19h &#8211; 23h<\/td><td class=\"has-text-align-center\" data-align=\"center\"><a href=\"https:\/\/exatas.ufpr.br\/ppgecm\/wp-content\/uploads\/sites\/27\/2025\/02\/Plano-de-Ensino_Teorias-da-Aprendizagem-PPGECEM.pdf\">EDCM-7034 &#8211; TEORIAS DA APRENDIZAGEM (somente doutorado)<\/a><\/td><td class=\"has-text-align-center\" data-align=\"center\">Tiago Venturi e Roberta Chiesa Bartelmebs<\/td><td class=\"has-text-align-center\" data-align=\"center\">60h \/ 4<\/td><td class=\"has-text-align-center\" data-align=\"center\">REMOTA<\/td><\/tr><\/tbody><\/table><\/figure>\n\n\n\n<p class=\"has-text-align-center has-black-color has-text-color has-link-color wp-elements-7ea1bb0321442cb3f822ff7cd08a6bd5\" style=\"font-size:30px\">\u00a0<strong>Disciplinas ofertadas PPGECM \u2013 2\u00ba semestre \/ 2025<\/strong><\/p>\n\n\n\n<figure class=\"wp-block-table is-style-regular\"><table class=\"has-fixed-layout\"><tbody><tr><td class=\"has-text-align-center\" data-align=\"center\">DIA<\/td><td class=\"has-text-align-center\" data-align=\"center\">HOR\u00c1RIO<\/td><td class=\"has-text-align-center\" data-align=\"center\">DISCIPLINA<\/td><td class=\"has-text-align-center\" data-align=\"center\">PROFESSOR<\/td><td class=\"has-text-align-center\" data-align=\"center\">C.H. \/ CR\u00c9DITOS<\/td><td class=\"has-text-align-center\" data-align=\"center\">LOCAL<\/td><\/tr><tr><td class=\"has-text-align-center\" data-align=\"center\" rowspan=\"3\">Ter\u00e7a-feira<\/td><td class=\"has-text-align-center\" data-align=\"center\">08:00-12:00<\/td><td class=\"has-text-align-center\" data-align=\"center\"><a href=\"https:\/\/exatas.ufpr.br\/ppgecm\/wp-content\/uploads\/sites\/27\/2025\/06\/EDCM7033-Seminarios-de-Pesquisa-II.pdf\">EDCM7033 &#8211; SEMIN\u00c1RIOS DE PESQUISA II<\/a><\/td><td class=\"has-text-align-center\" data-align=\"center\">CARLA KRUPCZAK<\/td><td class=\"has-text-align-center\" data-align=\"center\">60 \/ 4<\/td><td class=\"has-text-align-center\" data-align=\"center\">DQUI LABORAT\u00d3RIO MULTIPROP\u00d3SITOS CENTRO POLIT\u00c9CNICO<\/td><\/tr><tr><td class=\"has-text-align-center\" data-align=\"center\">14:00-18:00<\/td><td class=\"has-text-align-center\" data-align=\"center\"><a href=\"https:\/\/exatas.ufpr.br\/ppgecm\/wp-content\/uploads\/sites\/27\/2025\/07\/EDCM7038-Fundamentos-epistemologicos-e-esteticos.pdf\">EDCM7038 &#8211; T\u00d3PICOS EM EDUCA\u00c7\u00c3O EM CI\u00caNCIAS E EM MATEM\u00c1TICA II &#8211; ASSUNTO:&nbsp;<em>FUNDAMENTOS EPISTEMOL\u00d3GICOS E EST\u00c9TICOS DA INTERDISCIPLINARIDADE ENTRE MATEM\u00c1TICA E ARTE<\/em><\/a><\/td><td class=\"has-text-align-center\" data-align=\"center\">JOS\u00c9 CARLOS CIFUENTES<\/td><td class=\"has-text-align-center\" data-align=\"center\">60 \/ 4<\/td><td class=\"has-text-align-center\" data-align=\"center\">ANFI-B CENTRO POLIT\u00c9CNICO<\/td><\/tr><tr><td class=\"has-text-align-center\" data-align=\"center\">14:00-18:00<\/td><td class=\"has-text-align-center\" data-align=\"center\"><a href=\"https:\/\/exatas.ufpr.br\/ppgecm\/wp-content\/uploads\/sites\/27\/2025\/06\/EDCM-7046-Perspectivas-da-diferenca-e-a-Educacao.pdf\">EDCM7046 &#8211; PERSPECTIVAS DA DIFEREN\u00c7A E A EDUCA\u00c7\u00c3O<\/a><\/td><td class=\"has-text-align-center\" data-align=\"center\">K\u00c1TIA MARIA KASPER<\/td><td class=\"has-text-align-center\" data-align=\"center\">60 \/ 4<\/td><td class=\"has-text-align-center\" data-align=\"center\">SALA 217L2 CAMPUS REBOU\u00c7AS<\/td><\/tr><tr><td class=\"has-text-align-center\" data-align=\"center\" rowspan=\"2\">Quarta-feira<\/td><td class=\"has-text-align-center\" data-align=\"center\">08:00-12:00<\/td><td class=\"has-text-align-center\" data-align=\"center\"><a href=\"https:\/\/exatas.ufpr.br\/ppgecm\/wp-content\/uploads\/sites\/27\/2025\/06\/EDCM7038-Avaliacao-da-Aprendizagem-Escolar.pdf\">EDCM7038 &#8211; T\u00d3PICOS EM EDUCA\u00c7\u00c3O EM CI\u00caNCIAS E EM MATEM\u00c1TICA II \u2013 ASSUNTO:&nbsp;<em>AVALIA\u00c7\u00c3O DA APRENDIZAGEM ESCOLAR<\/em><\/a><\/td><td class=\"has-text-align-center\" data-align=\"center\">GABRIEL DOS SANTOS E SILVA<\/td><td class=\"has-text-align-center\" data-align=\"center\">60 \/ 4<\/td><td class=\"has-text-align-center\" data-align=\"center\">PC-18 CENTRO POLIT\u00c9CNICO<\/td><\/tr><tr><td class=\"has-text-align-center\" data-align=\"center\">14:00-17:00<\/td><td class=\"has-text-align-center\" data-align=\"center\"><a href=\"https:\/\/exatas.ufpr.br\/ppgecm\/wp-content\/uploads\/sites\/27\/2025\/06\/EDCM7051-Desenho-Universal-para-Aprendizagem-na-Pratica-Docente.pdf\">EDCM7051 &#8211; T\u00d3PICOS EM EDUCA\u00c7\u00c3O EM CI\u00caNCIAS E EM MATEM\u00c1TICA III \u2013 ASSUNTO:&nbsp;<em>DESENHO UNIVERSAL PARA APRENDIZAGEM (DUA) NA PR\u00c1TICA DOCENTE<\/em><\/a><\/td><td class=\"has-text-align-center\" data-align=\"center\">ANDERSON ROGES TEIXEIRA G\u00d3ES HELIZA COLA\u00c7O G\u00d3ES E PRISCILA KABBAZ ALVES DA COSTA<\/td><td class=\"has-text-align-center\" data-align=\"center\">45 \/ 3<\/td><td class=\"has-text-align-center\" data-align=\"center\">PPGECM CENTRO POLIT\u00c9CNICO<\/td><\/tr><tr><td class=\"has-text-align-center\" data-align=\"center\" rowspan=\"4\">Quinta-feira<\/td><td class=\"has-text-align-center\" data-align=\"center\">09:30-13:30<\/td><td class=\"has-text-align-center\" data-align=\"center\"><a href=\"https:\/\/exatas.ufpr.br\/ppgecm\/wp-content\/uploads\/sites\/27\/2025\/06\/EDCM7038-Algumas-teorias-de-aprendizagem.pdf\">EDCM7038 &#8211; T\u00d3PICOS EM EDUCA\u00c7\u00c3O EM CI\u00caNCIAS E EM MATEM\u00c1TICA II ASSUNTO:&nbsp;<em>ALGUMAS TEORIAS COGNITIVAS DE APRENDIZAGEM E IMPLICA\u00c7\u00d5ES PARA O ENSINO DE CI\u00caNCIAS E MATEM\u00c1TICA<\/em><\/a><\/td><td class=\"has-text-align-center\" data-align=\"center\">NEILA TONIN AGRANIONIH E THA\u00cdS RAFAELA HILGER<\/td><td class=\"has-text-align-center\" data-align=\"center\">60 \/ 4<\/td><td class=\"has-text-align-center\" data-align=\"center\">SALA 7 CAMPUS REBOU\u00c7AS<\/td><\/tr><tr><td class=\"has-text-align-center\" data-align=\"center\">14:00-16:00<\/td><td class=\"has-text-align-center\" data-align=\"center\"><a href=\"https:\/\/exatas.ufpr.br\/ppgecm\/wp-content\/uploads\/sites\/27\/2025\/06\/EDCM7037-Ensino-de-Ciencias-e-Matematica.pdf\">EDCM7037 &#8211; T\u00d3PICOS EM EDUCA\u00c7\u00c3O EM CI\u00caNCIAS E MATEM\u00c1TICA I \u2013 ASSUNTO: <em>ENSINO DE CI\u00caNCIAS E MATEM\u00c1TICA<\/em><\/a><\/td><td class=\"has-text-align-center\" data-align=\"center\">DANILENE GULLICH DONIN BERTICELLI E MARA FERNANDA PARISOTO<\/td><td class=\"has-text-align-center\" data-align=\"center\">30 \/ 2<\/td><td class=\"has-text-align-center\" data-align=\"center\">H\u00cdBRIDA<\/td><\/tr><tr><td class=\"has-text-align-center\" data-align=\"center\">14:00-18:00<\/td><td class=\"has-text-align-center\" data-align=\"center\"><a href=\"https:\/\/exatas.ufpr.br\/ppgecm\/wp-content\/uploads\/sites\/27\/2025\/06\/EDCM7038-ANALISE-TEXTUAL-DISCURSIVA.pdf\">EDCM7038 &#8211; T\u00d3PICOS EM EDUCA\u00c7\u00c3O EM CI\u00caNCIAS E EM MATEM\u00c1TICA II \u2013 ASSUNTO:&nbsp;<em>AN\u00c1LISE TEXTUAL DISCURSIVA: FUNDAMENTOS TE\u00d3RICOS E PR\u00c1TICOS<\/em><\/a><\/td><td class=\"has-text-align-center\" data-align=\"center\">ROBSON SIMPLICIO DE SOUSA<\/td><td class=\"has-text-align-center\" data-align=\"center\">60 \/ 4<\/td><td class=\"has-text-align-center\" data-align=\"center\">H\u00cdBRIDA<\/td><\/tr><tr><td class=\"has-text-align-center\" data-align=\"center\">14:00-18:00<\/td><td class=\"has-text-align-center\" data-align=\"center\"><a href=\"https:\/\/exatas.ufpr.br\/ppgecm\/wp-content\/uploads\/sites\/27\/2025\/06\/EDCM7038-Estudos-Curriculares.pdf\">EDCM7038 &#8211; T\u00d3PICOS EM EDUCA\u00c7\u00c3O EM CI\u00caNCIAS E EM MATEM\u00c1TICA II \u2013 ASSUNTO:&nbsp;<em>ESTUDOS CURRICULARES<\/em><\/a><\/td><td class=\"has-text-align-center\" data-align=\"center\">ELENILTON VIEIRA GODOY<\/td><td class=\"has-text-align-center\" data-align=\"center\">60 \/ 4<\/td><td class=\"has-text-align-center\" data-align=\"center\">ANFI-B CENTRO POLIT\u00c9CNICO<\/td><\/tr><tr><td class=\"has-text-align-center\" data-align=\"center\">Sexta-feira<\/td><td class=\"has-text-align-center\" data-align=\"center\">14:00-18:00<\/td><td class=\"has-text-align-center\" data-align=\"center\"><a href=\"https:\/\/exatas.ufpr.br\/ppgecm\/wp-content\/uploads\/sites\/27\/2025\/06\/EDCM7038-Metodologias-e-Tecnologias.pdf\">EDCM- 7038 -T\u00d3PICOS EM EDUCA\u00c7\u00c3O EM CI\u00caNCIAS E EM MATEM\u00c1TICA II ASSUNTO:<em>&nbsp;METODOLOGIAS E TECNOLOGIAS NA EDUCA\u00c7\u00c3O EM CI\u00caNCIAS E EM MATEM\u00c1TICA<\/em><\/a><\/td><td class=\"has-text-align-center\" data-align=\"center\">EVERTON BEDIN<\/td><td class=\"has-text-align-center\" data-align=\"center\">60 \/ 4<\/td><td class=\"has-text-align-center\" data-align=\"center\">PPGECM CENTRO POLIT\u00c9CNICO<\/td><\/tr><\/tbody><\/table><\/figure>\n","protected":false},"excerpt":{"rendered":"<p>\u00a0Disciplinas ofertadas PPGECM \u2013 1\u00ba semestre \/ 2025 HOR\u00c1RIO DISCIPLINA PROFESSOR C.H \/ cr\u00e9ditos LOCAL Segunda-feira 8h &#8211; 12h EDCM-7039 &#8211; CTS E ACT NA EDUCA\u00c7\u00c3O EM CI\u00caNCIAS E MATEM\u00c1TICA Leonir Lorenzetti 60h \/ 4 PA-06 CENTRO POLIT\u00c9CNICO 14h &#8211;&hellip; <\/p>\n","protected":false},"author":3978,"featured_media":0,"parent":0,"menu_order":0,"comment_status":"closed","ping_status":"closed","template":"","meta":{"footnotes":""},"class_list":["post-4091","page","type-page","status-publish","hentry"],"_links":{"self":[{"href":"https:\/\/exatas.ufpr.br\/ppgecm\/wp-json\/wp\/v2\/pages\/4091","targetHints":{"allow":["GET"]}}],"collection":[{"href":"https:\/\/exatas.ufpr.br\/ppgecm\/wp-json\/wp\/v2\/pages"}],"about":[{"href":"https:\/\/exatas.ufpr.br\/ppgecm\/wp-json\/wp\/v2\/types\/page"}],"author":[{"embeddable":true,"href":"https:\/\/exatas.ufpr.br\/ppgecm\/wp-json\/wp\/v2\/users\/3978"}],"replies":[{"embeddable":true,"href":"https:\/\/exatas.ufpr.br\/ppgecm\/wp-json\/wp\/v2\/comments?post=4091"}],"version-history":[{"count":4,"href":"https:\/\/exatas.ufpr.br\/ppgecm\/wp-json\/wp\/v2\/pages\/4091\/revisions"}],"predecessor-version":[{"id":4780,"href":"https:\/\/exatas.ufpr.br\/ppgecm\/wp-json\/wp\/v2\/pages\/4091\/revisions\/4780"}],"wp:attachment":[{"href":"https:\/\/exatas.ufpr.br\/ppgecm\/wp-json\/wp\/v2\/media?parent=4091"}],"curies":[{"name":"wp","href":"https:\/\/api.w.org\/{rel}","templated":true}]}}