{"id":3957,"date":"2025-02-21T13:01:16","date_gmt":"2025-02-21T13:01:16","guid":{"rendered":"https:\/\/exatas.ufpr.br\/ppgecm\/?page_id=3957"},"modified":"2025-02-21T13:13:25","modified_gmt":"2025-02-21T13:13:25","slug":"editais-2024","status":"publish","type":"page","link":"https:\/\/exatas.ufpr.br\/ppgecm\/editais-2024\/","title":{"rendered":"Editais 2024"},"content":{"rendered":"<a href=\"https:\/\/exatas.ufpr.br\/ppgecm\/wp-content\/uploads\/sites\/27\/2024\/12\/Edital_024-2024_Bolsas-2025.pdf\">EDITAL 024\/2024 \u2013 SELE\u00c7\u00c3O DE BOLSISTAS PPGECM<\/a>\n\n<a href=\"https:\/\/exatas.ufpr.br\/ppgecm\/wp-content\/uploads\/sites\/27\/2024\/11\/Edital_023.2024_RESULTADO_BOLSA_PSDE.pdf\">EDITAL 023\/2024 \u2013 RESULTADO \u2013 SELE\u00c7\u00c3O DE BOLSISTAS PDSE<\/a>\n\n<a href=\"https:\/\/exatas.ufpr.br\/ppgecm\/wp-content\/uploads\/sites\/27\/2025\/02\/Edital_022_Resultado_Bolsas_ARAUCARIA_assinado.pdf\">EDITAL 022\/2024 \u2013 RESULTADO &#8211; SELE\u00c7\u00c3O DE BOLSISTAS PARA A CHAMADA P\u00daBLICA FA 14\/2024 &#8211; PROGRAMA DE BOLSAS DE MESTRADO E DOUTORADO<\/a>\n<p class=\"MsoNoSpacing\"><span style=\"color: #0000ff\"><a style=\"color: #0000ff\" href=\"https:\/\/exatas.ufpr.br\/ppgecm\/wp-content\/uploads\/sites\/27\/2024\/10\/Edital_021_Retificacao_ARAUCARIA.pdf\">EDITAL 021\/2024 \u2013 RETIFICA\u00c7\u00c3O DO EDITAL 017\/2024 &#8211; SELE\u00c7\u00c3O DE BOLSISTAS PARA A CHAMADA\nP\u00daBLICA FA 14\/2024 &#8211; PROGRAMA DE BOLSAS DE MESTRADO E DOUTORADO<\/a><\/span><\/p>\n<span style=\"color: #0000ff\"><!-- \/wp:post-content --><!-- wp:paragraph {\"align\":\"left\"} --><\/span>\n<p class=\"MsoNoSpacing\"><span style=\"color: #0000ff\"><a style=\"color: #0000ff\" href=\"https:\/\/exatas.ufpr.br\/ppgecm\/wp-content\/uploads\/sites\/27\/2024\/10\/Edital_020-2024-PDSE.pdf\">EDITAL 020\/2024 &#8211; SELE\u00c7\u00c3O INTERNA PARA ESTUDANTE &#8211; PARTICIPANTE DO PROGRAMA PDSE<\/a><\/span><\/p>\n<span style=\"color: #0000ff\"><!-- \/wp:paragraph --><!-- wp:paragraph {\"align\":\"left\"} --><\/span>\n<p class=\"MsoNoSpacing\"><span style=\"color: #0000ff\"><a style=\"color: #0000ff\" href=\"https:\/\/exatas.ufpr.br\/ppgecm\/wp-content\/uploads\/sites\/27\/2024\/10\/Edital_019-2024-ResultadoDefinitivo_Mestrado.pdf\">EDITAL 019\/2024 \u2013 RESULTADO DEFINITIVO &#8211; CURSO DE MESTRADO<\/a><\/span><\/p>\n<span style=\"color: #0000ff\"><!-- \/wp:paragraph --><!-- wp:group {\"layout\":{\"type\":\"constrained\"}} --><\/span>\n<p class=\"MsoNoSpacing\"><span style=\"color: #0000ff\"><a style=\"color: #0000ff\" href=\"https:\/\/exatas.ufpr.br\/ppgecm\/wp-content\/uploads\/sites\/27\/2024\/10\/Edital_018-2024-ResultadoDefinitivo_Doutorado.pdf\"><!-- wp:paragraph {\"align\":\"left\"} -->EDITAL 018\/2024 \u2013 RESULTADO DEFINITIVO &#8211; CURSO DE DOUTORADO<\/a><\/span><\/p>\n<p class=\"MsoNoSpacing\"><span style=\"color: #0000ff\"><a style=\"color: #0000ff\" href=\"https:\/\/exatas.ufpr.br\/ppgecm\/wp-content\/uploads\/sites\/27\/2024\/10\/Edital_017-2024-ARAUCARIA.pdf\"><!-- \/wp:paragraph --><!-- wp:paragraph -->EDITAL 017\/2024 \u2013 SELE\u00c7\u00c3O DE BOLSISTAS PARA A CHAMADA P\u00daBLICA FA 14\/2024 &#8211; PROGRAMA DE\nBOLSAS DE MESTRADO E DOUTORADO<\/a><\/span><\/p>\n<p class=\"MsoNoSpacing\"><span style=\"color: #0000ff\"><a style=\"color: #0000ff\" href=\"https:\/\/exatas.ufpr.br\/ppgecm\/wp-content\/uploads\/sites\/27\/2024\/10\/Edital_016-2024-Habilitados_2a.etapa_Mestrado.pdf\"><!-- \/wp:paragraph --><!-- wp:paragraph -->EDITAL 016\/2024 \u2013 HABILITADOS NA 2\u00aa ETAPA &#8211; MESTRADO<\/a><\/span><\/p>\n<p class=\"MsoNoSpacing\"><span style=\"color: #0000ff\"><a style=\"color: #0000ff\" href=\"https:\/\/exatas.ufpr.br\/ppgecm\/wp-content\/uploads\/sites\/27\/2024\/10\/Edital_015-2024-Habilitados_2a.etapa_Doutorado.pdf\"><!-- \/wp:paragraph --><!-- wp:paragraph -->EDITAL 015\/2024 \u2013 HABILITADOS NA 2\u00aa ETAPA &#8211; DOUTORADO<\/a><\/span><\/p>\n<p class=\"MsoNoSpacing\"><span style=\"color: #0000ff\"><a style=\"color: #0000ff\" href=\"https:\/\/exatas.ufpr.br\/ppgecm\/wp-content\/uploads\/sites\/27\/2024\/09\/Edital_014-2024-2aEtapa_Mestrado.pdf\"><!-- \/wp:paragraph --><!-- wp:paragraph {\"style\":{\"elements\":{\"link\":{\"color\":{\"text\":\"#3ea4bb\"}}},\"color\":{\"text\":\"#3ea4bb\"}},\"fontSize\":\"medium\"} -->EDITAL 014\/2024 \u2013 2\u00aa ETAPA \u2013 ENTREVISTA E ARGUI\u00c7\u00c3O SOBRE \u00a0\u00a0\u00a0O PROJETO\nDE PESQUISA \u2013 MESTRADO<\/a><\/span><\/p>\n<p class=\"MsoNoSpacing\"><span style=\"color: #0000ff\"><a style=\"color: #0000ff\" href=\"https:\/\/exatas.ufpr.br\/ppgecm\/wp-content\/uploads\/sites\/27\/2024\/09\/Edital_013-2024-2aEtapa_Doutorado-1.pdf\"><!-- \/wp:paragraph --><!-- wp:paragraph {\"style\":{\"elements\":{\"link\":{\"color\":{\"text\":\"#3ea4bb\"}}},\"color\":{\"text\":\"#3ea4bb\"}},\"fontSize\":\"medium\"} -->EDITAL 013\/2024 \u2013 2\u00aa ETAPA \u2013 ENTREVISTA E ARGUI\u00c7\u00c3O SOBRE O PROJETO DE PESQUISA \u2013\nDOUTORADO<\/a><\/span><\/p>\n<p class=\"MsoNoSpacing\"><span style=\"color: #0000ff\"><a style=\"color: #0000ff\" href=\"https:\/\/exatas.ufpr.br\/ppgecm\/wp-content\/uploads\/sites\/27\/2024\/09\/Edital_012-2024-RelacaoDefinitiva_Aprovados_1aEtapa_Mestrado.pdf\"><!-- \/wp:paragraph --><!-- wp:paragraph {\"style\":{\"elements\":{\"link\":{\"color\":{\"text\":\"#3ea4bb\"}}},\"color\":{\"text\":\"#3ea4bb\"}},\"fontSize\":\"medium\"} -->EDITAL 012\/2024 \u2013 RELA\u00c7\u00c3O DEFINITIVA &#8211; APROVADOS 1\u00aa ETAPA \u2013 AN\u00c1LISE E AVALIA\u00c7\u00c3O DO\nPROJETO DE PESQUISA \u2013 MESTRADO<\/a>\n<a style=\"color: #0000ff\" href=\"https:\/\/exatas.ufpr.br\/ppgecm\/wp-content\/uploads\/sites\/27\/2024\/09\/Edital_011-2024-RelacaoDefinitiva_Aprovados_1aEtapa_Doutorado.pdf\">EDITAL 011\/2024 \u2013 RELA\u00c7\u00c3O DEFINITIVA &#8211; APROVADOS 1\u00aa ETAPA \u2013 AN\u00c1LISE E AVALIA\u00c7\u00c3O DO\nPROJETO DE PESQUISA \u2013 DOUTORADO<\/a>\n<a style=\"color: #0000ff\" href=\"https:\/\/exatas.ufpr.br\/ppgecm\/wp-content\/uploads\/sites\/27\/2024\/09\/Edital_010-2024-Aprovados_1aEtapa_Mestrado.pdf\">EDITAL 010\/2024 \u2013 APROVADOS 1\u00aa ETAPA \u2013 AN\u00c1LISE E AVALIA\u00c7\u00c3O DO PROJETO DE PESQUISA \u2013 MESTRADO<\/a>\n<a style=\"color: #0000ff\" href=\"https:\/\/exatas.ufpr.br\/ppgecm\/wp-content\/uploads\/sites\/27\/2024\/09\/Edital_009-2024-Aprovados_1aEtapa_Doutorado.pdf\">EDITAL 009\/2024 \u2013 APROVADOS 1\u00aa ETAPA \u2013 AN\u00c1LISE E AVALIA\u00c7\u00c3O DO PROJETO DE PESQUISA \u2013 DOUTORADO<\/a>\n<a style=\"color: #0000ff\" href=\"https:\/\/exatas.ufpr.br\/ppgecm\/wp-content\/uploads\/sites\/27\/2024\/08\/Edital_008.2024-Homologacao_Inscricoes_Definitiva_Mestrado.pdf\" target=\"_blank\" rel=\"noopener\">EDITAL 008\/2024 \u2013 HOMOLOGA\u00c7\u00c3O DAS INSCRI\u00c7\u00d5ES \u2013 DEFINITIVA \u2013 MESTRADO<\/a>\n<a style=\"color: #0000ff\" href=\"https:\/\/exatas.ufpr.br\/ppgecm\/wp-content\/uploads\/sites\/27\/2024\/08\/Edital_007.2024-Homologacao_Inscricoes_Definitiva_Doutorado.pdf\" target=\"_blank\" rel=\"noopener\">EDITAL 007\/2024 \u2013 HOMOLOGA\u00c7\u00c3O DAS INSCRI\u00c7\u00d5ES \u2013 DEFINITIVA \u2013 DOUTORADO<\/a>\n<a style=\"color: #0000ff\" href=\"https:\/\/exatas.ufpr.br\/ppgecm\/wp-content\/uploads\/sites\/27\/2024\/08\/Edital_006.2024-Homologacao_Inscricoes_Mestrado.pdf\" target=\"_blank\" rel=\"noopener\">EDITAL 006\/2024 \u2013 HOMOLOGA\u00c7\u00c3O DAS INSCRI\u00c7\u00d5ES \u2013 MESTRADO<\/a>\n<a style=\"color: #0000ff\" href=\"https:\/\/exatas.ufpr.br\/ppgecm\/wp-content\/uploads\/sites\/27\/2024\/08\/Edital_005.2024-Homologacao_Inscricoes_Doutorado.pdf\" target=\"_blank\" rel=\"noopener\">EDITAL 005\/2024 \u2013 HOMOLOGA\u00c7\u00c3O DAS INSCRI\u00c7\u00d5ES \u2013 DOUTORADO<\/a>\n<a style=\"color: #0000ff\" href=\"https:\/\/exatas.ufpr.br\/ppgecm\/wp-content\/uploads\/sites\/27\/2024\/09\/Edital_004.2024_PPGECM_Resultado_Disciplina_Isoladas_2.pdf\">EDITAL 004\/2024 \u2013 RESULTADO DISCIPLINAS ISOLADAS &#8211; SEGUNDO SEMESTRE<\/a>\n<a style=\"color: #0000ff\" href=\"https:\/\/exatas.ufpr.br\/ppgecm\/wp-content\/uploads\/sites\/27\/2024\/06\/Edital_003-2024_Selecao_2025_Mestrado_PPGECM.pdf\" data-type=\"link\" data-id=\"https:\/\/exatas.ufpr.br\/ppgecm\/wp-content\/uploads\/sites\/27\/2024\/06\/Edital_003-2024_Selecao_2025_Mestrado_PPGECM.pdf\">EDITAL 003\/2024 &#8211; PROCESSO SELETIVO 2025 &#8211; MESTRADO<\/a>\n<a style=\"color: #0000ff\" href=\"https:\/\/exatas.ufpr.br\/ppgecm\/wp-content\/uploads\/sites\/27\/2024\/06\/Edital_002-2024_Selecao_2025_Doutorado_PPGECM.pdf\" data-type=\"link\" data-id=\"https:\/\/exatas.ufpr.br\/ppgecm\/wp-content\/uploads\/sites\/27\/2024\/06\/Edital_002-2024_Selecao_2025_Doutorado_PPGECM.pdf\">EDITAL 002\/2024 &#8211; PROCESSO SELETIVO 2025 &#8211; DOUTORADO<\/a>\n<a style=\"color: #0000ff\" href=\"https:\/\/exatas.ufpr.br\/ppgecm\/wp-content\/uploads\/sites\/27\/2024\/02\/Edital_001.2024_PPGECM_Resultado_BOLSASCAPES_2024.pdf\" data-type=\"link\" data-id=\"https:\/\/exatas.ufpr.br\/ppgecm\/wp-content\/uploads\/sites\/27\/2024\/02\/Edital_001.2024_PPGECM_Resultado_BOLSASCAPES_2024.pdf\">EDITAL 001\/2024 &#8211; RESULTADO SELE\u00c7\u00c3O DE BOLSISTAS CAPES\/DS<\/a><\/span><\/p><!-- \/wp:paragraph -->","protected":false},"excerpt":{"rendered":"<p>EDITAL 024\/2024 \u2013 SELE\u00c7\u00c3O DE BOLSISTAS PPGECM EDITAL 023\/2024 \u2013 RESULTADO \u2013 SELE\u00c7\u00c3O DE BOLSISTAS PDSE EDITAL 022\/2024 \u2013 RESULTADO &#8211; SELE\u00c7\u00c3O DE BOLSISTAS PARA A CHAMADA P\u00daBLICA FA 14\/2024 &#8211; PROGRAMA DE BOLSAS DE MESTRADO E DOUTORADO EDITAL 021\/2024&hellip; <\/p>\n","protected":false},"author":3978,"featured_media":0,"parent":0,"menu_order":0,"comment_status":"closed","ping_status":"closed","template":"","meta":{"footnotes":""},"class_list":["post-3957","page","type-page","status-publish","hentry"],"_links":{"self":[{"href":"https:\/\/exatas.ufpr.br\/ppgecm\/wp-json\/wp\/v2\/pages\/3957","targetHints":{"allow":["GET"]}}],"collection":[{"href":"https:\/\/exatas.ufpr.br\/ppgecm\/wp-json\/wp\/v2\/pages"}],"about":[{"href":"https:\/\/exatas.ufpr.br\/ppgecm\/wp-json\/wp\/v2\/types\/page"}],"author":[{"embeddable":true,"href":"https:\/\/exatas.ufpr.br\/ppgecm\/wp-json\/wp\/v2\/users\/3978"}],"replies":[{"embeddable":true,"href":"https:\/\/exatas.ufpr.br\/ppgecm\/wp-json\/wp\/v2\/comments?post=3957"}],"version-history":[{"count":3,"href":"https:\/\/exatas.ufpr.br\/ppgecm\/wp-json\/wp\/v2\/pages\/3957\/revisions"}],"predecessor-version":[{"id":3968,"href":"https:\/\/exatas.ufpr.br\/ppgecm\/wp-json\/wp\/v2\/pages\/3957\/revisions\/3968"}],"wp:attachment":[{"href":"https:\/\/exatas.ufpr.br\/ppgecm\/wp-json\/wp\/v2\/media?parent=3957"}],"curies":[{"name":"wp","href":"https:\/\/api.w.org\/{rel}","templated":true}]}}