{"id":3921,"date":"2025-02-06T18:04:59","date_gmt":"2025-02-06T18:04:59","guid":{"rendered":"https:\/\/exatas.ufpr.br\/ppgecm\/?page_id=3921"},"modified":"2025-02-06T18:05:00","modified_gmt":"2025-02-06T18:05:00","slug":"objetivos-2","status":"publish","type":"page","link":"https:\/\/exatas.ufpr.br\/ppgecm\/objetivos-2\/","title":{"rendered":"Objetivos"},"content":{"rendered":"\n<p style=\"font-size:25px\"><strong>Objetivos relacionados con las caracter\u00edsticas de la producci\u00f3n cient\u00edfica generada en el \u00e1mbito del Programa<\/strong><\/p>\n\n\n\n<p class=\"has-black-color has-text-color has-link-color has-medium-font-size wp-elements-fd75eef11578f63b661ee1ec57190303\">El PPGECM\/UFPR busca promover el desarrollo de producci\u00f3n cient\u00edfica comprometida en:<br \/>       \u2022 Crear caminos que estimulen la democratizaci\u00f3n y la divulgaci\u00f3n del conocimiento cient\u00edfico en diferentes estratos sociales, evidenciando las relaciones entre Ciencia, Tecnolog\u00eda, Sociedad, Medio Ambiente y Calidad de vida, as\u00ed como las relaciones entre los conocimientos cient\u00edficos de la Historia y la Filosof\u00eda de la Ciencia y las Matem\u00e1ticas.<br \/>       \u2022 Evidenciar el papel de la ciencia en el mundo contempor\u00e1neo, convirtiendo la Educaci\u00f3n en Ciencias y la Educaci\u00f3n Matem\u00e1tica en espacios de formaci\u00f3n cultural y de formaci\u00f3n para la ciudadan\u00eda, contribuyendo as\u00ed a los debates m\u00e1s amplios relacionados con la democratizaci\u00f3n de la sociedad y la mejora de las condiciones de existencia de los individuos.<\/p>\n\n\n\n<p><\/p>\n\n\n\n<p class=\"has-black-color has-text-color has-link-color wp-elements-385342e4ed943d8f94eba2f7e25a4dab\" style=\"font-size:25px\"><strong>Objetivos relacionados con el perfil general del investigador que se pretende formar<\/strong><\/p>\n\n\n\n<p class=\"has-black-color has-text-color has-link-color has-medium-font-size wp-elements-d58bbada256677f7568c6006492ce29e\">El PPGECM\/UFPR busca formar investigadores capaces de:<br \/>       \u2022 Producir conocimientos desde la perspectiva de una producci\u00f3n cient\u00edfica y tecnol\u00f3gica comprometida con la calidad de vida, con la inclusi\u00f3n social y con la construcci\u00f3n de una escuela democr\u00e1tica.<br \/>       \u2022 Construir y desarrollar proyectos colectivos para la difusi\u00f3n y cr\u00edtica de la cultura cient\u00edfica y tecnol\u00f3gica.<br \/>       \u2022 Construir y desarrollar proyectos que generen relaciones productivas y contextualizadas entre Ciencia, Tecnolog\u00eda, Sociedad, Medio Ambiente y Desarrollo Humano, apoyados en procesos de investigaci\u00f3n cient\u00edfica y en una base te\u00f3rica s\u00f3lida.<br \/>       \u2022 Producir conocimientos que contribuyan al desempe\u00f1o de la acci\u00f3n docente basada en conocimientos filos\u00f3ficos, hist\u00f3ricos, pedag\u00f3gicos y sociol\u00f3gicos.<br \/>       \u2022 Proporcionar a los estudiantes la capacidad de seguir una carrera acad\u00e9mica y de ser &#8220;formadores de formadores&#8221;, yendo m\u00e1s all\u00e1 de su propia profesionalizaci\u00f3n.<br \/><\/p>\n\n\n\n<p style=\"font-size:25px\"><strong>Objetivos relacionados con el perfil espec\u00edfico del investigador que se pretende formar en el Doctorado<\/strong><\/p>\n\n\n\n<p class=\"has-black-color has-text-color has-link-color has-medium-font-size wp-elements-2905ec652ea452f943d00269b89b76a0\">El curso de Doctorado del PPGECM\/UFPR tendr\u00e1 como objetivos:<br \/>       \u2022 Formar investigadores en las \u00e1reas de Educaci\u00f3n en Ciencias y Educaci\u00f3n Matem\u00e1tica que posean una base te\u00f3rica suficiente y autonom\u00eda para liderar proyectos de investigaci\u00f3n y promover acciones socio-educacionales orientadas al desarrollo cient\u00edfico y tecnol\u00f3gico comprometido con la mejora de la calidad de vida de las personas y del medio ambiente.<br \/>       \u2022 Desarrollar proyectos colectivos que permitan estructurar contenidos, experiencias y curr\u00edculos para la Educaci\u00f3n en Ciencias y Matem\u00e1ticas, generando condiciones que estimulen la difusi\u00f3n de la cultura cient\u00edfica y tecnol\u00f3gica a trav\u00e9s de una educaci\u00f3n cient\u00edfica innovadora y sintonizada con las mayores necesidades de la sociedad.<\/p>\n","protected":false},"excerpt":{"rendered":"<p>Objetivos relacionados con las caracter\u00edsticas de la producci\u00f3n cient\u00edfica generada en el \u00e1mbito del Programa El PPGECM\/UFPR busca promover el desarrollo de producci\u00f3n cient\u00edfica comprometida en: \u2022 Crear caminos que estimulen la democratizaci\u00f3n y la divulgaci\u00f3n del conocimiento cient\u00edfico en&hellip; <\/p>\n","protected":false},"author":4008,"featured_media":0,"parent":0,"menu_order":0,"comment_status":"closed","ping_status":"closed","template":"","meta":{"footnotes":""},"class_list":["post-3921","page","type-page","status-publish","hentry"],"_links":{"self":[{"href":"https:\/\/exatas.ufpr.br\/ppgecm\/wp-json\/wp\/v2\/pages\/3921","targetHints":{"allow":["GET"]}}],"collection":[{"href":"https:\/\/exatas.ufpr.br\/ppgecm\/wp-json\/wp\/v2\/pages"}],"about":[{"href":"https:\/\/exatas.ufpr.br\/ppgecm\/wp-json\/wp\/v2\/types\/page"}],"author":[{"embeddable":true,"href":"https:\/\/exatas.ufpr.br\/ppgecm\/wp-json\/wp\/v2\/users\/4008"}],"replies":[{"embeddable":true,"href":"https:\/\/exatas.ufpr.br\/ppgecm\/wp-json\/wp\/v2\/comments?post=3921"}],"version-history":[{"count":1,"href":"https:\/\/exatas.ufpr.br\/ppgecm\/wp-json\/wp\/v2\/pages\/3921\/revisions"}],"predecessor-version":[{"id":3923,"href":"https:\/\/exatas.ufpr.br\/ppgecm\/wp-json\/wp\/v2\/pages\/3921\/revisions\/3923"}],"wp:attachment":[{"href":"https:\/\/exatas.ufpr.br\/ppgecm\/wp-json\/wp\/v2\/media?parent=3921"}],"curies":[{"name":"wp","href":"https:\/\/api.w.org\/{rel}","templated":true}]}}