{"id":3775,"date":"2024-10-23T17:10:16","date_gmt":"2024-10-23T17:10:16","guid":{"rendered":"https:\/\/exatas.ufpr.br\/ppgecm\/?page_id=3775"},"modified":"2024-10-23T17:10:16","modified_gmt":"2024-10-23T17:10:16","slug":"lineas-de-investigacion","status":"publish","type":"page","link":"https:\/\/exatas.ufpr.br\/ppgecm\/lineas-de-investigacion\/","title":{"rendered":"L\u00edneas de Investigaci\u00f3n"},"content":{"rendered":"\n<hr class=\"wp-block-separator has-alpha-channel-opacity\" \/>\n\n\n\n<figure class=\"wp-block-table\" style=\"font-size:16px;text-transform:uppercase\"><table class=\"has-black-color has-text-color has-link-color has-fixed-layout\"><thead><tr><th class=\"has-text-align-center\" data-align=\"center\"><strong>L\u00edneas de Investigaci\u00f3n<\/strong><\/th><th class=\"has-text-align-center\" data-align=\"center\"><strong>profesores<\/strong><\/th><\/tr><\/thead><tbody><tr><td class=\"has-text-align-center\" data-align=\"center\" rowspan=\"8\"><br \/><strong>L\u00ednea 1 \u2013 Formaci\u00f3n y Desarrollo Profesional Docente en Ciencias y Matem\u00e1ticas<br \/><\/strong><br \/>Esta l\u00ednea tiene como objetivo ampliar la comprensi\u00f3n de los procesos, desaf\u00edos y metodolog\u00edas asociados con la formaci\u00f3n y el desarrollo profesional docente en la Educaci\u00f3n en Ciencias y Matem\u00e1ticas, en sus diferentes etapas y contextos. Se pone \u00e9nfasis en analizar los curr\u00edculos y pr\u00e1cticas de los cursos de formaci\u00f3n inicial y propuestas de formaci\u00f3n continua en los diferentes niveles de ense\u00f1anza en Ciencias y Matem\u00e1ticas. La l\u00ednea investiga las posibilidades de integrar teor\u00eda y pr\u00e1ctica, promoviendo y evaluando conocimientos pertinentes a la ense\u00f1anza, explorando la relevancia de la decolonialidad y la diversidad en los curr\u00edculos. Los resultados alcanzados buscan apoyar la propuesta de reajustes pedag\u00f3gicos e innovaciones.<br \/> <mark style=\"background-color:#ffffff\" class=\"has-inline-color has-white-color\">P<\/mark><\/td><td class=\"has-text-align-center\" data-align=\"center\"><a href=\"https:\/\/exatas.ufpr.br\/ppgecm\/elenilton-vieira-godoy\/\" target=\"_blank\" rel=\"noreferrer noopener\"><mark style=\"background-color:#ffffff;color:#3ea4bb\" class=\"has-inline-color\">ELENILTON VIEIRA GODOY<\/mark><\/a><\/td><\/tr><tr><td class=\"has-text-align-center\" data-align=\"center\"><a href=\"http:\/\/exatas.ufpr.br\/ppgecm\/elisangela-de-campos\/\" target=\"_blank\" rel=\"noreferrer noopener\"><mark style=\"background-color:#ffffff;color:#3ea4bb\" class=\"has-inline-color\">ELIS\u00e2NGELA DOS CAMPOS<\/mark><\/a><\/td><\/tr><tr><td class=\"has-text-align-center\" data-align=\"center\"> <a href=\"https:\/\/exatas.ufpr.br\/ppgecm\/eloisa-rosotti-navarro\/\"><mark style=\"background-color:#ffffff;color:#3ea4bb\" class=\"has-inline-color\">ELOISA ROSOTTI NAVARRO<\/mark> <\/a><\/td><\/tr><tr><td class=\"has-text-align-center\" data-align=\"center\"> <a href=\"https:\/\/exatas.ufpr.br\/ppgecm\/emerson-rolkouski\/\" target=\"_blank\" rel=\"noreferrer noopener\"><mark style=\"background-color:#ffffff;color:#3ea4bb\" class=\"has-inline-color\">EMERSON ROLKOUSKI<\/mark><\/a> <\/td><\/tr><tr><td class=\"has-text-align-center\" data-align=\"center\"><a href=\"https:\/\/exatas.ufpr.br\/ppgecm\/gabriel-dos-santos-e-silva\/\"> <mark style=\"background-color:#ffffff;color:#3ea4bb\" class=\"has-inline-color\">GABRIEL DOS SANTOS E SILVA<\/mark> <\/a><\/td><\/tr><tr><td class=\"has-text-align-center\" data-align=\"center\"> <a href=\"https:\/\/exatas.ufpr.br\/ppgecm\/priscila-kabbaz-a-da-costa\/\" target=\"_blank\" rel=\"noreferrer noopener\"><mark style=\"background-color:#ffffff;color:#3ea4bb\" class=\"has-inline-color\">PRISCILA KABBAZ ALVES DA COSTA<\/mark><\/a> <\/td><\/tr><tr><td class=\"has-text-align-center\" data-align=\"center\"> <a href=\"https:\/\/exatas.ufpr.br\/ppgecm\/2016\/08\/15\/sergio-camargo\/\" target=\"_blank\" rel=\"noreferrer noopener\"><mark style=\"background-color:#ffffff;color:#3ea4bb\" class=\"has-inline-color\">SERGIO CAMARGO<\/mark><\/a> <\/td><\/tr><tr><td class=\"has-text-align-center\" data-align=\"center\"> <a href=\"https:\/\/exatas.ufpr.br\/ppgecm\/tania-teresinha-bruns-zimer-2\/\" target=\"_blank\" rel=\"noreferrer noopener\"><mark style=\"background-color:#ffffff;color:#3ea4bb\" class=\"has-inline-color\">TANIA TERESINHA BRUNS ZIMER<\/mark><\/a> <\/td><\/tr><tr><td class=\"has-text-align-center\" data-align=\"center\" rowspan=\"9\"><br \/><strong>L\u00ednea 2: Ense\u00f1anza y Aprendizaje en Ciencias y Matem\u00e1ticas<br \/><\/strong> <br \/>Esta l\u00ednea de investigaci\u00f3n se centra en el desarrollo e implementaci\u00f3n de estrategias de ense\u00f1anza y aprendizaje en Ciencias y Matem\u00e1ticas. Se hace hincapi\u00e9 en la integraci\u00f3n de teor\u00edas contempor\u00e1neas del aprendizaje, resultando en pr\u00e1cticas y directrices para la creaci\u00f3n de materiales did\u00e1cticos. La l\u00ednea aborda la alfabetizaci\u00f3n matem\u00e1tica y cient\u00edfica, as\u00ed como la formaci\u00f3n cr\u00edtica y activa de los sujetos, con el objetivo de mejorar continuamente el proceso educativo.<br \/> <mark style=\"background-color:#ffffff\" class=\"has-inline-color has-white-color\">P<\/mark> <\/td><td class=\"has-text-align-center\" data-align=\"center\"> <a href=\"https:\/\/exatas.ufpr.br\/ppgecm\/anderson-roges-teixeira-goes\/\" target=\"_blank\" rel=\"noreferrer noopener\"><mark style=\"background-color:#ffffff;color:#3ea4bb\" class=\"has-inline-color\">ANDERSON ROGES TEIXEIRA G\u00d3ES<\/mark><\/a> <\/td><\/tr><tr><td class=\"has-text-align-center\" data-align=\"center\"><a href=\"https:\/\/exatas.ufpr.br\/ppgecm\/heliza-colaco-goes\/\"> <mark style=\"background-color:#ffffff;color:#3ea4bb\" class=\"has-inline-color\">HELIZA COLA\u00c7O G\u00d3ES<\/mark> <\/a><\/td><\/tr><tr><td class=\"has-text-align-center\" data-align=\"center\"><a href=\"http:\/\/exatas.ufpr.br\/ppgecm\/leonir-lorenzetti\/\" target=\"_blank\" rel=\"noreferrer noopener\"><mark style=\"background-color:#ffffff;color:#3ea4bb\" class=\"has-inline-color\">LEONIR LORENZETTI<\/mark><\/a><\/td><\/tr><tr><td class=\"has-text-align-center\" data-align=\"center\"> <a href=\"http:\/\/exatas.ufpr.br\/ppgecm\/marcelo-souza-motta\/\" target=\"_blank\" rel=\"noreferrer noopener\"><mark style=\"background-color:#ffffff;color:#3ea4bb\" class=\"has-inline-color\">MARCELO SOUZA MOTTA<\/mark><\/a> <\/td><\/tr><tr><td class=\"has-text-align-center\" data-align=\"center\"> <a href=\"http:\/\/exatas.ufpr.br\/ppgecm\/2016\/08\/15\/neila-tonin-agranionih\/\" target=\"_blank\" rel=\"noreferrer noopener\"><mark style=\"background-color:#ffffff;color:#3ea4bb\" class=\"has-inline-color\">NEILA TONIN AGRANIONIH<\/mark><\/a> <\/td><\/tr><tr><td class=\"has-text-align-center\" data-align=\"center\"> <a href=\"https:\/\/exatas.ufpr.br\/ppgecm\/roberta-chiesa-bartelmebs\/\"><mark style=\"background-color:#ffffff;color:#3ea4bb\" class=\"has-inline-color\">ROBERTA CHIESA BARTELMEBS<\/mark> <\/a><\/td><\/tr><tr><td class=\"has-text-align-center\" data-align=\"center\"> <a href=\"http:\/\/exatas.ufpr.br\/ppgecm\/ruth-margareth-hofmann\/\" target=\"_blank\" rel=\"noreferrer noopener\"><mark style=\"background-color:#ffffff;color:#3ea4bb\" class=\"has-inline-color\">RUTH MARGARETH HOFMANN<\/mark><\/a> <\/td><\/tr><tr><td class=\"has-text-align-center\" data-align=\"center\"> <a href=\"http:\/\/exatas.ufpr.br\/ppgecm\/2016\/08\/15\/thais-rafaela-hilger\/\" data-type=\"link\" data-id=\"exatas.ufpr.br\/ppgecm\/2016\/08\/15\/thais-rafaela-hilger\/\" target=\"_blank\" rel=\"noreferrer noopener\"><mark style=\"background-color:#ffffff;color:#3ea4bb\" class=\"has-inline-color\">THA\u00cdS RAFAELA HILGER<\/mark><\/a> <\/td><\/tr><tr><td class=\"has-text-align-center\" data-align=\"center\"> <a href=\"http:\/\/exatas.ufpr.br\/ppgecm\/tiago-venturi\/\" target=\"_blank\" rel=\"noreferrer noopener\"><mark style=\"background-color:#ffffff;color:#3ea4bb\" class=\"has-inline-color\">TIAGO VENTURI<\/mark><\/a> <\/td><\/tr><tr><td class=\"has-text-align-center\" data-align=\"center\" rowspan=\"13\"><br \/><br \/><strong>L\u00ednea 3: Transversalidad en la Educaci\u00f3n en Ciencias y Matem\u00e1ticas<br \/><\/strong> <br \/>Esta l\u00ednea de investigaci\u00f3n busca explorar las interacciones complejas y multifac\u00e9ticas entre la Educaci\u00f3n en Ciencias y Matem\u00e1ticas y diversas manifestaciones culturales y sistemas de conocimiento, poniendo \u00e9nfasis en los estudios de naturaleza-culturas, historias, epistemolog\u00edas, filosof\u00edas, sociolog\u00edas, procesos comunicativos y tecnolog\u00edas. El objetivo es enriquecer las pr\u00e1cticas formativas y educativas en diversos ambientes, integrando m\u00faltiples perspectivas para una educaci\u00f3n hol\u00edstica, interdisciplinaria e intercultural.<br \/> <\/td><td class=\"has-text-align-center\" data-align=\"center\"> <a href=\"http:\/\/exatas.ufpr.br\/ppgecm\/camila-silveira-da-silva\/\" target=\"_blank\" rel=\"noreferrer noopener\"><mark style=\"background-color:#ffffff;color:#3ea4bb\" class=\"has-inline-color\">CAMILA SILVEIRA DA SILVA<\/mark><\/a> <\/td><\/tr><tr><td class=\"has-text-align-center\" data-align=\"center\"> <a href=\"https:\/\/exatas.ufpr.br\/ppgecm\/emerson-joucoski\/\" target=\"_blank\" rel=\"noreferrer noopener\"><mark style=\"background-color:#ffffff;color:#3ea4bb\" class=\"has-inline-color\">EMERSON JOUCOSKI<\/mark><\/a> <\/td><\/tr><tr><td class=\"has-text-align-center\" data-align=\"center\"> <a href=\"http:\/\/exatas.ufpr.br\/ppgecm\/everton-bedin\/\" target=\"_blank\" rel=\"noreferrer noopener\"><mark style=\"background-color:#ffffff;color:#3ea4bb\" class=\"has-inline-color\">EVERTON BEDIN<\/mark><\/a> <\/td><\/tr><tr><td class=\"has-text-align-center\" data-align=\"center\"> <a href=\"http:\/\/exatas.ufpr.br\/ppgecm\/joanez-aparecida-aires\/\" target=\"_blank\" rel=\"noreferrer noopener\"><mark style=\"background-color:#ffffff;color:#3ea4bb\" class=\"has-inline-color\">JOANEZ APARECIDA AIRES<\/mark><\/a> <\/td><\/tr><tr><td class=\"has-text-align-center\" data-align=\"center\"> <a href=\"http:\/\/exatas.ufpr.br\/ppgecm\/2016\/08\/15\/jose-carlos-cifuentes\/\"><mark style=\"background-color:#ffffff;color:#3ea4bb\" class=\"has-inline-color\">JOS\u00c9 CARLOS CIFUENTES<\/mark><\/a> <\/td><\/tr><tr><td class=\"has-text-align-center\" data-align=\"center\"> <a href=\"http:\/\/exatas.ufpr.br\/ppgecm\/katia-maria-kasper\/\" target=\"_blank\" rel=\"noreferrer noopener\"><mark style=\"background-color:#ffffff;color:#3ea4bb\" class=\"has-inline-color\">K\u00c1TIA MARIA KASPER<\/mark><\/a> <\/td><\/tr><tr><td class=\"has-text-align-center\" data-align=\"center\"> <a href=\"http:\/\/exatas.ufpr.br\/ppgecm\/marcelo-valerio\/\" target=\"_blank\" rel=\"noreferrer noopener\"><mark style=\"background-color:#ffffff;color:#3ea4bb\" class=\"has-inline-color\">MARCELO VALERIO<\/mark><\/a> <\/td><\/tr><tr><td class=\"has-text-align-center\" data-align=\"center\"> <a href=\"http:\/\/exatas.ufpr.br\/ppgecm\/maria-das-gracas-cleophas\" target=\"_blank\" rel=\"noreferrer noopener\"><mark style=\"background-color:#ffffff;color:#3ea4bb\" class=\"has-inline-color\">MARIA DAS GRA\u00c7AS CLEOPHAS PORTO<\/mark><\/a> <\/td><\/tr><tr><td class=\"has-text-align-center\" data-align=\"center\"> <a href=\"http:\/\/exatas.ufpr.br\/ppgecm\/patricia-barbosa-pereira\/\" target=\"_blank\" rel=\"noreferrer noopener\"><mark style=\"background-color:#ffffff;color:#3ea4bb\" class=\"has-inline-color\">PATR\u00cdCIA BARBOSA PEREIRA<\/mark><\/a> <\/td><\/tr><tr><td class=\"has-text-align-center\" data-align=\"center\"> <a href=\"http:\/\/exatas.ufpr.br\/ppgecm\/roberto-dalmo-v-lima-de-oliveira\/\" target=\"_blank\" rel=\"noreferrer noopener\"><mark style=\"background-color:#ffffff;color:#3ea4bb\" class=\"has-inline-color\">ROBERTO DALMO VARALLO LIMA DE OLIVEIRA<\/mark><\/a> <\/td><\/tr><tr><td class=\"has-text-align-center\" data-align=\"center\"> <a href=\"http:\/\/exatas.ufpr.br\/ppgecm\/roberto-goncalves-barbosa\/\" target=\"_blank\" rel=\"noreferrer noopener\"><mark style=\"background-color:#ffffff;color:#3ea4bb\" class=\"has-inline-color\">ROBERTO GON\u00c7ALVES BARBOSA<\/mark><\/a> <\/td><\/tr><tr><td class=\"has-text-align-center\" data-align=\"center\"><a href=\"https:\/\/exatas.ufpr.br\/ppgecm\/robson-simplicio-de-sousa\/\"> <mark style=\"background-color:#ffffff;color:#3ea4bb\" class=\"has-inline-color\">ROBSON SIMPLICIO DE SOUSA<\/mark> <\/a><\/td><\/tr><tr><td class=\"has-text-align-center\" data-align=\"center\"> <a href=\"http:\/\/exatas.ufpr.br\/ppgecm\/rodrigo-arantes-reis\/\" target=\"_blank\" rel=\"noreferrer noopener\"><mark style=\"background-color:#ffffff;color:#3ea4bb\" class=\"has-inline-color\">RODRIGO ARANTES REIS<\/mark><\/a> <\/td><\/tr><\/tbody><\/table><\/figure>\n\n\n\n<figure class=\"wp-block-table\" style=\"font-size:16px;text-transform:uppercase\"><table class=\"has-black-color has-text-color has-link-color has-fixed-layout\"><tbody><tr><td class=\"has-text-align-center\" data-align=\"center\"><strong>MACROPROYECTOS<\/strong><\/td><\/tr><tr><td class=\"has-text-align-center\" data-align=\"center\"><br \/><strong>Macroproyecto 1 \u2013 Formaci\u00f3n de Profesores: Una Exploraci\u00f3n Multidimensional de Pol\u00edticas, Metodolog\u00edas y Pr\u00e1cticas en Educaci\u00f3n en Ciencias y Matem\u00e1ticas<br \/><\/strong><br \/>El enfoque metodol\u00f3gico adoptado en este macroproyecto incluye prioritariamente investigaciones cualitativas que utilizan el An\u00e1lisis Textual Discursivo, el An\u00e1lisis del Discurso, el An\u00e1lisis de Contenido, la Historia Oral, entre otros. Adem\u00e1s, para complementar la comprensi\u00f3n de los fen\u00f3menos estudiados, se pueden incorporar enfoques cuantitativos que permitan el an\u00e1lisis estad\u00edstico de los datos. Estos y otros enfoques de naturaleza interpretativa permiten explorar diversos instrumentos de recolecci\u00f3n de datos en corpus de investigaci\u00f3n, como entrevistas, cuestionarios y documentos, sean textuales o no, a partir de los cuales es posible analizar y teorizar sobre contextos formativos y pr\u00e1cticas did\u00e1cticas.<\/td><\/tr><tr><td class=\"has-text-align-center\" data-align=\"center\"><br \/><strong>Macroproyecto 2 \u2013 Promoviendo Dominios en Ciencias y Matem\u00e1ticas: Un Viaje a Trav\u00e9s de las Teor\u00edas de Aprendizaje, Materiales Did\u00e1cticos y Pr\u00e1cticas Contextualizadas e Interdisciplinarias<br \/><\/strong>\u00a0<br \/>La metodolog\u00eda adoptada en este macroproyecto, para mejorar la ense\u00f1anza de las Ciencias y Matem\u00e1ticas, incluye una revisi\u00f3n detallada de la literatura sobre teor\u00edas del aprendizaje y pr\u00e1cticas educativas. A partir de esta revisi\u00f3n y los resultados de las investigaciones, se establecen directrices para la elaboraci\u00f3n de materiales educativos alineados con los enfoques te\u00f3ricos elegidos. El aprendizaje puede realizarse a trav\u00e9s de talleres y cursos para la implementaci\u00f3n y an\u00e1lisis de estas metodolog\u00edas y materiales en el aula. Una fase piloto en contextos educativos seleccionados permitir\u00e1 evaluar de manera pr\u00e1ctica estos enfoques, con la recolecci\u00f3n de datos y an\u00e1lisis del rendimiento estudiantil y el retorno de los profesores, asegurando la mejora y adaptaci\u00f3n de las innovaciones pedag\u00f3gicas implementadas.<\/td><\/tr><tr><td class=\"has-text-align-center\" data-align=\"center\"><br \/><strong>Macroproyecto 3: Intersecciones y Di\u00e1logos entre la Educaci\u00f3n en Ciencias y Matem\u00e1ticas con Diferentes Naturalezas-Culturas<br \/><\/strong><br \/>El macroproyecto, dentro de esta l\u00ednea de investigaci\u00f3n, aborda estudios en diversos campos del conocimiento, considerando, por lo tanto, la realizaci\u00f3n de revisiones de literatura interdisciplinarias como esenciales para la construcci\u00f3n de una base te\u00f3rica s\u00f3lida. A partir de ello, se llevan a cabo investigaciones cualitativas, cuantitativas y mixtas, explorando diversos instrumentos, estrategias y metodolog\u00edas para la composici\u00f3n, procesamiento y an\u00e1lisis de datos, con el fin de describir, teorizar, ampliar comprensiones y proponer el desarrollo de interacciones rec\u00edprocas e influencias entre las personas, el conocimiento, los entornos y las manifestaciones culturales estudiadas.<\/td><\/tr><\/tbody><\/table><\/figure>\n","protected":false},"excerpt":{"rendered":"<p>L\u00edneas de Investigaci\u00f3n profesores L\u00ednea 1 \u2013 Formaci\u00f3n y Desarrollo Profesional Docente en Ciencias y Matem\u00e1ticasEsta l\u00ednea tiene como objetivo ampliar la comprensi\u00f3n de los procesos, desaf\u00edos y metodolog\u00edas asociados con la formaci\u00f3n y el desarrollo profesional docente en la&hellip; <\/p>\n","protected":false},"author":4009,"featured_media":0,"parent":0,"menu_order":0,"comment_status":"closed","ping_status":"closed","template":"","meta":{"footnotes":""},"class_list":["post-3775","page","type-page","status-publish","hentry"],"_links":{"self":[{"href":"https:\/\/exatas.ufpr.br\/ppgecm\/wp-json\/wp\/v2\/pages\/3775","targetHints":{"allow":["GET"]}}],"collection":[{"href":"https:\/\/exatas.ufpr.br\/ppgecm\/wp-json\/wp\/v2\/pages"}],"about":[{"href":"https:\/\/exatas.ufpr.br\/ppgecm\/wp-json\/wp\/v2\/types\/page"}],"author":[{"embeddable":true,"href":"https:\/\/exatas.ufpr.br\/ppgecm\/wp-json\/wp\/v2\/users\/4009"}],"replies":[{"embeddable":true,"href":"https:\/\/exatas.ufpr.br\/ppgecm\/wp-json\/wp\/v2\/comments?post=3775"}],"version-history":[{"count":1,"href":"https:\/\/exatas.ufpr.br\/ppgecm\/wp-json\/wp\/v2\/pages\/3775\/revisions"}],"predecessor-version":[{"id":3777,"href":"https:\/\/exatas.ufpr.br\/ppgecm\/wp-json\/wp\/v2\/pages\/3775\/revisions\/3777"}],"wp:attachment":[{"href":"https:\/\/exatas.ufpr.br\/ppgecm\/wp-json\/wp\/v2\/media?parent=3775"}],"curies":[{"name":"wp","href":"https:\/\/api.w.org\/{rel}","templated":true}]}}