{"id":3764,"date":"2024-10-23T16:48:58","date_gmt":"2024-10-23T16:48:58","guid":{"rendered":"https:\/\/exatas.ufpr.br\/ppgecm\/?page_id=3764"},"modified":"2025-02-06T17:55:37","modified_gmt":"2025-02-06T17:55:37","slug":"presentacion","status":"publish","type":"page","link":"https:\/\/exatas.ufpr.br\/ppgecm\/presentacion\/","title":{"rendered":"Presentaci\u00f3n"},"content":{"rendered":"\n<p class=\"has-black-color has-text-color has-link-color has-medium-font-size wp-elements-87f36274ba320b0f98805e66bf43f4d4\" style=\"font-style:normal;font-weight:400;letter-spacing:1px\">El Programa de Posgrado en Educaci\u00f3n en Ciencias y Matem\u00e1ticas (PPGECM) est\u00e1 recomendado por CAPES y fue creado en la UFPR por el Consejo Universitario en diciembre de 2009, ofreciendo, a partir de 2010, el Curso de Maestr\u00eda Acad\u00e9mica. Desde el inicio del curso de Maestr\u00eda hasta mayo de 2019, el PPGECM fue responsable de la formaci\u00f3n de m\u00e1s de 156 maestros, quienes est\u00e1n actuando en diferentes estados brasile\u00f1os y tambi\u00e9n en el extranjero. A partir de marzo de 2019, con la aprobaci\u00f3n del Consejo T\u00e9cnico Cient\u00edfico (CTC) de CAPES, se inici\u00f3 la instalaci\u00f3n del curso de Doctorado Acad\u00e9mico en el PPGECM, con la apertura de la primera clase prevista para el segundo semestre de 2019.<br \/><br \/>El Programa de Posgrado en Educaci\u00f3n en Ciencias y Matem\u00e1ticas se est\u00e1 consolidando a nivel nacional e internacional, contando, en 2021, con 30 docentes, varios de ellos con posdoctorado en el \u00e1rea de Educaci\u00f3n en Ciencias y Educaci\u00f3n Matem\u00e1tica. Todos los docentes est\u00e1n vinculados a una l\u00ednea de investigaci\u00f3n y participan en diferentes grupos de investigaci\u00f3n de la UFPR y UTFPR, siendo responsables de proyectos y asociaciones con importantes grupos de investigaci\u00f3n nacionales e internacionales.<br \/><br \/>As\u00ed, de manera planificada y organizada, el PPGECM se est\u00e1 convirtiendo en un importante centro de referencia en la investigaci\u00f3n en Educaci\u00f3n en Ciencias y Educaci\u00f3n Matem\u00e1tica y en la formaci\u00f3n de maestros, doctores y posdoctores en estas \u00e1reas.<br \/><br \/>El PPGECM tiene objetivos relacionados con las particularidades de la producci\u00f3n cient\u00edfica generada en el \u00e1mbito del Programa, con el perfil general del investigador que se pretende formar y con el perfil espec\u00edfico del investigador que se pretende desarrollar.<\/p>\n\n\n\n<p class=\"has-black-color has-text-color has-link-color wp-elements-095d3a30a6fff2814831b1b047e266f3\" style=\"font-size:30px;font-style:normal;font-weight:500\"><strong>Misi\u00f3n <\/strong><\/p>\n\n\n\n<p class=\"has-black-color has-text-color has-link-color has-medium-font-size wp-elements-c8ae4ee272d352612ed0e27ba2d5dc90\">El Programa de Posgrado en Educaci\u00f3n en Ciencias y Matem\u00e1ticas (PPGECM) de la UFPR tiene como misi\u00f3n formar profesores e investigadores cualificados, promoviendo el avance del conocimiento en la interfaz entre la ense\u00f1anza, el aprendizaje y la formaci\u00f3n docente en Ciencias y Matem\u00e1ticas. El programa busca consolidarse como referencia en la investigaci\u00f3n y en la pr\u00e1ctica educativa, capacitando profesionales para actuar en diferentes niveles educativos y contextos, desde la Educaci\u00f3n B\u00e1sica hasta la Educaci\u00f3n Superior. A trav\u00e9s de proyectos de investigaci\u00f3n y extensi\u00f3n, el PPGECM fortalece la educaci\u00f3n cient\u00edfica y matem\u00e1tica, promoviendo impactos a nivel local, regional, nacional e internacional. Con un enfoque interdisciplinario y socialmente comprometido, fomenta investigaciones que articulan Ciencia, Tecnolog\u00eda, Sociedad y Medio Ambiente, valorando la diversidad cultural y epistemol\u00f3gica. El programa promueve estudios sobre curr\u00edculos, metodolog\u00edas y pr\u00e1cticas formativas, explorando estrategias innovadoras, tecnolog\u00edas educativas y alfabetizaci\u00f3n cient\u00edfica y matem\u00e1tica. Adem\u00e1s, promueve reflexiones sobre los aspectos hist\u00f3ricos, filos\u00f3ficos, sociol\u00f3gicos y culturales de la educaci\u00f3n en Ciencias y Matem\u00e1ticas, contribuyendo a la construcci\u00f3n de una formaci\u00f3n docente cr\u00edtica y conectada con las necesidades educativas y sociales contempor\u00e1neas. Con una estructura acad\u00e9mica s\u00f3lida y alianzas estrat\u00e9gicas, el PPGECM fomenta la innovaci\u00f3n metodol\u00f3gica, la internacionalizaci\u00f3n y el desarrollo de pol\u00edticas p\u00fablicas educativas. De esta manera, prepara a los profesores e investigadores para liderar transformaciones en la ense\u00f1anza de Ciencias y Matem\u00e1ticas, contribuyendo a una educaci\u00f3n m\u00e1s inclusiva, reflexiva y socialmente comprometida.<\/p>\n\n\n\n<p class=\"has-black-color has-text-color has-link-color wp-elements-7b49798ac29f63425408d7d8785efa14\" style=\"font-size:30px;font-style:normal;font-weight:500\">Perfil del Egresado<\/p>\n\n\n\n<p class=\"has-black-color has-text-color has-link-color has-medium-font-size wp-elements-3109758f00fd615815d30ed754c3a5a6\" style=\"font-style:normal;font-weight:400;letter-spacing:1px\">Se espera que el egresado del PPGECM sea un investigador en el campo de la Educaci\u00f3n en Ciencias y Matem\u00e1ticas, con actuaci\u00f3n en la carrera acad\u00e9mica. Adem\u00e1s, el PPGECM espera contribuir a la formaci\u00f3n de profesionales capaces de asumir responsabilidades en gesti\u00f3n, planificaci\u00f3n y evaluaci\u00f3n de pol\u00edticas p\u00fablicas en el campo de la educaci\u00f3n, as\u00ed como ampliar las posibilidades de actuaci\u00f3n para los docentes de Educaci\u00f3n B\u00e1sica, favoreciendo una comprensi\u00f3n m\u00e1s din\u00e1mica de la complejidad de su actividad profesional y promoviendo investigaciones que est\u00e9n articuladas con su actuaci\u00f3n docente.<\/p>\n\n\n\n<div style=\"height:75px\" aria-hidden=\"true\" class=\"wp-block-spacer\"><\/div>\n\n\n\n<p class=\"has-black-color has-text-color has-link-color wp-elements-6789427c519b892e69fcdd43f4552138\" style=\"font-size:30px;font-style:normal;font-weight:500\">Coordinaci\u00f3n PPGECM<\/p>\n\n\n\n<p class=\"has-black-color has-text-color has-link-color has-medium-font-size wp-elements-991baf32c69bf1eee748776eb12b9a8b\" style=\"font-style:normal;font-weight:400;letter-spacing:1px\"><a href=\"http:\/\/exatas.ufpr.br\/ppgecm\/everton-bedin\/\">Everton Bedin<\/a> y <a href=\"http:\/\/exatas.ufpr.br\/ppgecm\/gabriel-dos-santos-e-silva\/\">Gabriel dos Santos e Silva<\/a><\/p>\n\n\n\n<div class=\"wp-block-columns are-vertically-aligned-top is-layout-flex wp-container-core-columns-is-layout-9d6595d7 wp-block-columns-is-layout-flex\">\n<div class=\"wp-block-column is-layout-flow wp-block-column-is-layout-flow\">\n<figure class=\"wp-block-image size-full is-resized\"><a href=\"https:\/\/exatas.ufpr.br\/ppgecm\/wp-content\/uploads\/sites\/27\/2024\/08\/periodicos-logo.jpeg\"><img loading=\"lazy\" decoding=\"async\" width=\"1024\" height=\"533\" src=\"https:\/\/exatas.ufpr.br\/ppgecm\/wp-content\/uploads\/sites\/27\/2024\/08\/periodicos-logo.jpeg\" alt=\"\" class=\"wp-image-3319\" style=\"width:250px;height:auto\" srcset=\"https:\/\/exatas.ufpr.br\/ppgecm\/wp-content\/uploads\/sites\/27\/2024\/08\/periodicos-logo.jpeg 1024w, https:\/\/exatas.ufpr.br\/ppgecm\/wp-content\/uploads\/sites\/27\/2024\/08\/periodicos-logo-300x156.jpeg 300w, https:\/\/exatas.ufpr.br\/ppgecm\/wp-content\/uploads\/sites\/27\/2024\/08\/periodicos-logo-768x400.jpeg 768w\" sizes=\"auto, (max-width: 1024px) 100vw, 1024px\" \/><\/a><\/figure>\n<\/div>\n\n\n\n<div class=\"wp-block-column is-layout-flow wp-block-column-is-layout-flow\">\n<figure class=\"wp-block-image size-full\"><a href=\"https:\/\/exatas.ufpr.br\/ppgecm\/wp-content\/uploads\/sites\/27\/2024\/08\/lattes-logo-e1723679543228.png\"><img loading=\"lazy\" decoding=\"async\" width=\"448\" height=\"204\" src=\"https:\/\/exatas.ufpr.br\/ppgecm\/wp-content\/uploads\/sites\/27\/2024\/08\/lattes-logo-e1723679543228.png\" alt=\"\" class=\"wp-image-3318\" srcset=\"https:\/\/exatas.ufpr.br\/ppgecm\/wp-content\/uploads\/sites\/27\/2024\/08\/lattes-logo-e1723679543228.png 448w, https:\/\/exatas.ufpr.br\/ppgecm\/wp-content\/uploads\/sites\/27\/2024\/08\/lattes-logo-e1723679543228-300x137.png 300w\" sizes=\"auto, (max-width: 448px) 100vw, 448px\" \/><\/a><\/figure>\n<\/div>\n\n\n\n<div class=\"wp-block-column is-layout-flow wp-block-column-is-layout-flow\">\n<figure class=\"wp-block-image size-full is-resized\"><a href=\"https:\/\/exatas.ufpr.br\/ppgecm\/wp-content\/uploads\/sites\/27\/2016\/08\/diret\u00f3rios-de-grupo.png\"><img loading=\"lazy\" decoding=\"async\" width=\"207\" height=\"77\" src=\"https:\/\/exatas.ufpr.br\/ppgecm\/wp-content\/uploads\/sites\/27\/2016\/08\/diret\u00f3rios-de-grupo.png\" alt=\"\" class=\"wp-image-1302\" style=\"width:344px;height:auto\" \/><\/a><\/figure>\n<\/div>\n<\/div>\n\n\n\n<div class=\"wp-block-group\"><div class=\"wp-block-group__inner-container is-layout-constrained wp-block-group-is-layout-constrained\">\n<div class=\"wp-block-group is-nowrap is-layout-flex wp-container-core-group-is-layout-ad2f72ca wp-block-group-is-layout-flex\">\n<div class=\"wp-block-group\"><div class=\"wp-block-group__inner-container is-layout-constrained wp-block-group-is-layout-constrained\">\n<div class=\"wp-block-columns is-layout-flex wp-container-core-columns-is-layout-9d6595d7 wp-block-columns-is-layout-flex\">\n<div class=\"wp-block-column is-layout-flow wp-block-column-is-layout-flow\">\n<figure class=\"wp-block-image size-full is-resized\"><a href=\"https:\/\/exatas.ufpr.br\/ppgecm\/wp-content\/uploads\/sites\/27\/2024\/08\/fundacao-araucaria-logo-3.png\"><img loading=\"lazy\" decoding=\"async\" width=\"668\" height=\"450\" src=\"https:\/\/exatas.ufpr.br\/ppgecm\/wp-content\/uploads\/sites\/27\/2024\/08\/fundacao-araucaria-logo-3.png\" alt=\"\" class=\"wp-image-3323\" style=\"width:243px;height:auto\" srcset=\"https:\/\/exatas.ufpr.br\/ppgecm\/wp-content\/uploads\/sites\/27\/2024\/08\/fundacao-araucaria-logo-3.png 668w, https:\/\/exatas.ufpr.br\/ppgecm\/wp-content\/uploads\/sites\/27\/2024\/08\/fundacao-araucaria-logo-3-300x202.png 300w\" sizes=\"auto, (max-width: 668px) 100vw, 668px\" \/><\/a><\/figure>\n<\/div>\n\n\n\n<div class=\"wp-block-column is-layout-flow wp-block-column-is-layout-flow\">\n<figure class=\"wp-block-image size-large is-resized\"><a href=\"https:\/\/exatas.ufpr.br\/ppgecm\/wp-content\/uploads\/sites\/27\/2019\/06\/capes-e1559701591564.png\"><img loading=\"lazy\" decoding=\"async\" width=\"1024\" height=\"939\" src=\"https:\/\/exatas.ufpr.br\/ppgecm\/wp-content\/uploads\/sites\/27\/2019\/06\/capes-1024x939.png\" alt=\"\" class=\"wp-image-1263\" style=\"width:157px;height:auto\" \/><\/a><\/figure>\n<\/div>\n\n\n\n<div class=\"wp-block-column is-layout-flow wp-block-column-is-layout-flow\">\n<figure class=\"wp-block-image size-large is-resized\"><a href=\"https:\/\/exatas.ufpr.br\/ppgecm\/wp-content\/uploads\/sites\/27\/2019\/06\/cnpq2.jpg\"><img loading=\"lazy\" decoding=\"async\" width=\"1024\" height=\"438\" src=\"https:\/\/exatas.ufpr.br\/ppgecm\/wp-content\/uploads\/sites\/27\/2019\/06\/cnpq2-1024x438.jpg\" alt=\"\" class=\"wp-image-1264\" style=\"width:332px;height:auto\" srcset=\"https:\/\/exatas.ufpr.br\/ppgecm\/wp-content\/uploads\/sites\/27\/2019\/06\/cnpq2-1024x438.jpg 1024w, https:\/\/exatas.ufpr.br\/ppgecm\/wp-content\/uploads\/sites\/27\/2019\/06\/cnpq2-300x128.jpg 300w, https:\/\/exatas.ufpr.br\/ppgecm\/wp-content\/uploads\/sites\/27\/2019\/06\/cnpq2-768x328.jpg 768w, https:\/\/exatas.ufpr.br\/ppgecm\/wp-content\/uploads\/sites\/27\/2019\/06\/cnpq2.jpg 1654w\" sizes=\"auto, (max-width: 1024px) 100vw, 1024px\" \/><\/a><\/figure>\n<\/div>\n<\/div>\n<\/div><\/div>\n\n\n\n<div class=\"wp-block-columns is-layout-flex wp-container-core-columns-is-layout-9d6595d7 wp-block-columns-is-layout-flex\">\n<div class=\"wp-block-column is-layout-flow wp-block-column-is-layout-flow\" style=\"flex-basis:100%\"><\/div>\n<\/div>\n<\/div>\n<\/div><\/div>\n","protected":false},"excerpt":{"rendered":"<p>El Programa de Posgrado en Educaci\u00f3n en Ciencias y Matem\u00e1ticas (PPGECM) est\u00e1 recomendado por CAPES y fue creado en la UFPR por el Consejo Universitario en diciembre de 2009, ofreciendo, a partir de 2010, el Curso de Maestr\u00eda Acad\u00e9mica. Desde&hellip; <\/p>\n","protected":false},"author":4009,"featured_media":0,"parent":0,"menu_order":0,"comment_status":"closed","ping_status":"closed","template":"","meta":{"footnotes":""},"class_list":["post-3764","page","type-page","status-publish","hentry"],"_links":{"self":[{"href":"https:\/\/exatas.ufpr.br\/ppgecm\/wp-json\/wp\/v2\/pages\/3764","targetHints":{"allow":["GET"]}}],"collection":[{"href":"https:\/\/exatas.ufpr.br\/ppgecm\/wp-json\/wp\/v2\/pages"}],"about":[{"href":"https:\/\/exatas.ufpr.br\/ppgecm\/wp-json\/wp\/v2\/types\/page"}],"author":[{"embeddable":true,"href":"https:\/\/exatas.ufpr.br\/ppgecm\/wp-json\/wp\/v2\/users\/4009"}],"replies":[{"embeddable":true,"href":"https:\/\/exatas.ufpr.br\/ppgecm\/wp-json\/wp\/v2\/comments?post=3764"}],"version-history":[{"count":2,"href":"https:\/\/exatas.ufpr.br\/ppgecm\/wp-json\/wp\/v2\/pages\/3764\/revisions"}],"predecessor-version":[{"id":3920,"href":"https:\/\/exatas.ufpr.br\/ppgecm\/wp-json\/wp\/v2\/pages\/3764\/revisions\/3920"}],"wp:attachment":[{"href":"https:\/\/exatas.ufpr.br\/ppgecm\/wp-json\/wp\/v2\/media?parent=3764"}],"curies":[{"name":"wp","href":"https:\/\/api.w.org\/{rel}","templated":true}]}}