{"id":3654,"date":"2024-09-19T13:47:02","date_gmt":"2024-09-19T13:47:02","guid":{"rendered":"https:\/\/exatas.ufpr.br\/ppgecm\/?page_id=3654"},"modified":"2024-09-19T13:47:02","modified_gmt":"2024-09-19T13:47:02","slug":"processo-seletivo-2023-2024","status":"publish","type":"page","link":"https:\/\/exatas.ufpr.br\/ppgecm\/processo-seletivo-2023-2024\/","title":{"rendered":"PROCESSO SELETIVO 2023\/2024"},"content":{"rendered":"\n<p class=\"has-black-color has-text-color has-link-color wp-elements-6877d9ffae488312f29420782659e35c\" style=\"font-size:25px;font-style:normal;font-weight:600\">Sele\u00e7\u00e3o \u2013 Doutorado 2024<\/p>\n\n\n\n<p class=\"has-text-color has-link-color has-medium-font-size wp-elements-84f8a3a88bfe417e89575ab0181be594\" style=\"color:#3ea4bb;font-style:normal;font-weight:300\"><a href=\"http:\/\/exatas.ufpr.br\/ppgecm\/wp-content\/uploads\/sites\/27\/2023\/12\/Edital_023-2023-Resultado_Definitivo_Doutorado.pdf\">Edital 023\/2023 &#8211; Rela\u00e7\u00e3o Definitiva Doutorado<\/a><br \/><a href=\"http:\/\/exatas.ufpr.br\/ppgecm\/wp-content\/uploads\/sites\/27\/2023\/12\/Edital_020-2023-Aprovados_2aEtapa_Doutorado.pdf\">Edital 020\/2023 &#8211; Aprovados 2\u00aaEtapa Doutorado<\/a><br \/><a href=\"http:\/\/exatas.ufpr.br\/ppgecm\/wp-content\/uploads\/sites\/27\/2023\/12\/Edital_017.2023-2aEtapa_Doutorado.pdf\">Edital 017\/2023 &#8211; 2a.Etapa Doutorado<\/a><br \/><a href=\"http:\/\/exatas.ufpr.br\/ppgecm\/wp-content\/uploads\/sites\/27\/2023\/09\/Edital_015.2023-Aprovados_1aEtapa_Doutorado.pdf\">Edital 015\/2023 &#8211; Aprovados 1a.Etapa Doutorado<\/a><br \/><a href=\"http:\/\/exatas.ufpr.br\/ppgecm\/wp-content\/uploads\/sites\/27\/2023\/08\/Edital_013.2023-Homologa\u00e7\u00e3o_Inscri\u00e7\u00f5es_Definitivo_Doutorado.pdf\">Edital 013\/2023 &#8211; Homologa\u00e7\u00e3o Inscri\u00e7\u00f5es Definitivo Doutorado<\/a><br \/><a href=\"http:\/\/exatas.ufpr.br\/ppgecm\/wp-content\/uploads\/sites\/27\/2023\/08\/Edital_011.2023-Homologa\u00e7\u00e3o_Inscri\u00e7\u00f5es_Doutorado.pdf\">Edital 011\/2023 &#8211; Homologa\u00e7\u00e3o Inscri\u00e7\u00f5es Doutorado<\/a><br \/><a href=\"http:\/\/exatas.ufpr.br\/ppgecm\/wp-content\/uploads\/sites\/27\/2023\/06\/Edital_009.2023_ProcessoSeletivo_2024_Doutorado.pdf\">Edital 009\/2023 &#8211; Processo Seletivo 2024 Doutorado<\/a><\/p>\n\n\n\n<hr class=\"wp-block-separator has-alpha-channel-opacity\" \/>\n\n\n\n<hr class=\"wp-block-separator has-alpha-channel-opacity\" \/>\n\n\n\n<p class=\"has-black-color has-text-color has-link-color wp-elements-baa3c5ce47bdf9b3c1f844c1d033e394\" style=\"font-size:25px;font-style:normal;font-weight:600\">Sele\u00e7\u00e3o \u2013 Mestrado 2024<\/p>\n\n\n\n<p class=\"has-text-color has-link-color has-medium-font-size wp-elements-b1b20e6f97b222f71ab3788b9f0fb4ca\" style=\"color:#3ea4bb;font-style:normal;font-weight:300\"><a href=\"http:\/\/exatas.ufpr.br\/ppgecm\/wp-content\/uploads\/sites\/27\/2023\/12\/Edital_022-2023-Resultado_Definitivo_Mestrado.pdf\">Edital 022\/2023 &#8211; Resultado Definitivo Mestrado<\/a><br \/><a href=\"http:\/\/exatas.ufpr.br\/ppgecm\/wp-content\/uploads\/sites\/27\/2023\/12\/Edital_019-2023-Aprovados_2aEtapa_Mestrado.pdf\">Edital 019\/2023 &#8211; Aprovados 2\u00aaEtapa Mestrado<\/a><br \/><a href=\"http:\/\/exatas.ufpr.br\/ppgecm\/wp-content\/uploads\/sites\/27\/2023\/12\/Edital_018_2023-2aEtapa_Mestrado.pdf\">Edital 018\/2023 &#8211; 2a.Etapa Mestrado<\/a><br \/><a href=\"http:\/\/exatas.ufpr.br\/ppgecm\/wp-content\/uploads\/sites\/27\/2023\/09\/Edital_016.2023-Aprovados_1aEtapa_Mestrado.pdf\">Edital 016\/2023 &#8211; Aprovados 1a.Etapa Mestrado<\/a><br \/><a href=\"http:\/\/exatas.ufpr.br\/ppgecm\/wp-content\/uploads\/sites\/27\/2023\/08\/Edital_014.2023-Homologa\u00e7\u00e3o_Inscri\u00e7\u00f5es_Definitivo_Mestrado.pdf\">Edital 014\/2023 &#8211; Homologa\u00e7\u00e3o Inscri\u00e7\u00f5es Definitivo Mestrado<\/a><br \/><a href=\"http:\/\/exatas.ufpr.br\/ppgecm\/wp-content\/uploads\/sites\/27\/2023\/08\/Edital_012.2023-Homologa\u00e7\u00e3o_Inscri\u00e7\u00f5es_Mestrado.pdf\">Edital 012\/2023 &#8211; Homologa\u00e7\u00e3o Inscri\u00e7\u00f5es Mestrado<\/a><br \/><a href=\"http:\/\/exatas.ufpr.br\/ppgecm\/wp-content\/uploads\/sites\/27\/2023\/06\/Edital_010.2023_ProcessoSeletivo_2024_Mestrado.pdf\">Edital 010\/2023 &#8211; Processo Seletivo 2024 Mestrado<\/a><\/p>\n","protected":false},"excerpt":{"rendered":"<p>Sele\u00e7\u00e3o \u2013 Doutorado 2024 Edital 023\/2023 &#8211; Rela\u00e7\u00e3o Definitiva DoutoradoEdital 020\/2023 &#8211; Aprovados 2\u00aaEtapa DoutoradoEdital 017\/2023 &#8211; 2a.Etapa DoutoradoEdital 015\/2023 &#8211; Aprovados 1a.Etapa DoutoradoEdital 013\/2023 &#8211; Homologa\u00e7\u00e3o Inscri\u00e7\u00f5es Definitivo DoutoradoEdital 011\/2023 &#8211; Homologa\u00e7\u00e3o Inscri\u00e7\u00f5es DoutoradoEdital 009\/2023 &#8211; Processo Seletivo 2024&hellip; <\/p>\n","protected":false},"author":3978,"featured_media":0,"parent":0,"menu_order":0,"comment_status":"closed","ping_status":"closed","template":"","meta":{"footnotes":""},"class_list":["post-3654","page","type-page","status-publish","hentry"],"_links":{"self":[{"href":"https:\/\/exatas.ufpr.br\/ppgecm\/wp-json\/wp\/v2\/pages\/3654","targetHints":{"allow":["GET"]}}],"collection":[{"href":"https:\/\/exatas.ufpr.br\/ppgecm\/wp-json\/wp\/v2\/pages"}],"about":[{"href":"https:\/\/exatas.ufpr.br\/ppgecm\/wp-json\/wp\/v2\/types\/page"}],"author":[{"embeddable":true,"href":"https:\/\/exatas.ufpr.br\/ppgecm\/wp-json\/wp\/v2\/users\/3978"}],"replies":[{"embeddable":true,"href":"https:\/\/exatas.ufpr.br\/ppgecm\/wp-json\/wp\/v2\/comments?post=3654"}],"version-history":[{"count":1,"href":"https:\/\/exatas.ufpr.br\/ppgecm\/wp-json\/wp\/v2\/pages\/3654\/revisions"}],"predecessor-version":[{"id":3656,"href":"https:\/\/exatas.ufpr.br\/ppgecm\/wp-json\/wp\/v2\/pages\/3654\/revisions\/3656"}],"wp:attachment":[{"href":"https:\/\/exatas.ufpr.br\/ppgecm\/wp-json\/wp\/v2\/media?parent=3654"}],"curies":[{"name":"wp","href":"https:\/\/api.w.org\/{rel}","templated":true}]}}