{"id":3493,"date":"2024-08-29T18:30:56","date_gmt":"2024-08-29T18:30:56","guid":{"rendered":"https:\/\/exatas.ufpr.br\/ppgecm\/?page_id=3493"},"modified":"2024-09-05T23:26:24","modified_gmt":"2024-09-05T23:26:24","slug":"robson-simplicio-de-sousa","status":"publish","type":"page","link":"https:\/\/exatas.ufpr.br\/ppgecm\/robson-simplicio-de-sousa\/","title":{"rendered":"ROBSON SIMPLICIO DE SOUSA"},"content":{"rendered":"<div class=\"wp-block-image\">\n<figure class=\"alignleft size-full is-resized\"><a href=\"https:\/\/exatas.ufpr.br\/ppgecm\/wp-content\/uploads\/sites\/27\/2024\/08\/image-3.png\"><img loading=\"lazy\" decoding=\"async\" width=\"269\" height=\"286\" src=\"https:\/\/exatas.ufpr.br\/ppgecm\/wp-content\/uploads\/sites\/27\/2024\/08\/image-3.png\" alt=\"\" class=\"wp-image-3494\" style=\"width:268px;height:auto\" \/><\/a><\/figure><\/div>\n\n\n<p class=\"has-black-color has-text-color has-link-color has-medium-font-size wp-elements-7236ada448c63f7f8da05bb4b56a3404\" style=\"font-style:normal;font-weight:300\">Curr\u00edculo Lattes: <a href=\"http:\/\/lattes.cnpq.br\/9733655826302766\"><mark style=\"background-color:#ffffff;color:#3ea4bb\" class=\"has-inline-color\">http:\/\/lattes.cnpq.br\/9733655826302766<\/mark><\/a><br \/>Contato: <a href=\"mailto:robson.simplicio@ufpr.br\" target=\"_blank\" rel=\"noreferrer noopener\"><mark style=\"background-color:#ffffff;color:#3ea4bb\" class=\"has-inline-color\">robson.simplicio@ufpr.br<\/mark><\/a><\/p>\n\n\n\n<hr class=\"wp-block-separator has-alpha-channel-opacity\" \/>\n\n\n\n<p class=\"has-black-color has-text-color has-link-color has-medium-font-size wp-elements-c04a22812ee2555b474e6ff670ca672f\" style=\"font-style:normal;font-weight:300\">Doutorado pelo Programa de P\u00f3s-Gradua\u00e7\u00e3o em Educa\u00e7\u00e3o em Ci\u00eancias: Qu\u00edmica da Vida e Sa\u00fade (PPGECQVS) pela Universidade Federal do Rio Grande &#8211; FURG e mestre em Qu\u00edmica (2013) pelo Programa de P\u00f3s-Gradua\u00e7\u00e3o em Qu\u00edmica Tecnol\u00f3gica e Ambiental (PPGQTA) pela mesma universidade. Tem forma\u00e7\u00e3o em Licenciatura em Qu\u00edmica pela Universidade Federal de Pelotas (UFPEL) em 2011. \u00c9 professor da \u00e1rea de Educa\u00e7\u00e3o Qu\u00edmica na Universidade Federal do Paran\u00e1 (UFPR) atuando em cursos de gradua\u00e7\u00e3o, no Programa de P\u00f3s-Gradua\u00e7\u00e3o em Educa\u00e7\u00e3o em Ci\u00eancias e Matem\u00e1tica (PPGECM), em Curitiba, e no Programa de P\u00f3s-Gradua\u00e7\u00e3o em Educa\u00e7\u00e3o em Ci\u00eancias, Educa\u00e7\u00e3o Matem\u00e1tica e Tecnologias Educativas (PPGECEMTE), em Palotina. \u00c9 l\u00edder do Grupo de Pesquisa Jano: Filosofia e Hist\u00f3ria na Educa\u00e7\u00e3o em Ci\u00eancias na UFPR e integra o Grupo de Pesquisa Comunidades Aprendentes em Educa\u00e7\u00e3o Ambiental, Ci\u00eancias e Matem\u00e1tica (CEAMECIM) na FURG. \u00c9 membro e segundo secret\u00e1rio da Sociedade de Estudos Pesquisa Qualitativos (SEPQ) e membro da Sociedade Brasileira de Ensino de Qu\u00edmica (SBEnQ). Tem interesse pela \u00e1rea de Educa\u00e7\u00e3o em Ci\u00eancias, especialmente Educa\u00e7\u00e3o Qu\u00edmica com foco em forma\u00e7\u00e3o de professores de Qu\u00edmica com aporte hermen\u00eautico e fenomenol\u00f3gico e no estudo de metodologias de an\u00e1lise qualitativa, especialmente, An\u00e1lise Textual Discursiva.<\/p>\n\n\n\n<hr class=\"wp-block-separator has-alpha-channel-opacity\" \/>\n\n\n\n<p class=\"has-black-color has-text-color has-link-color wp-elements-f22da74e97815740a78d0b16dc0784c1\" style=\"font-size:25px\"><strong>Linhas de pesquisa<\/strong><\/p>\n\n\n\n<p class=\"has-black-color has-text-color has-link-color has-medium-font-size wp-elements-a27496b3199b9d13b9b499f121659ff2\" style=\"font-style:normal;font-weight:300\"><strong>3<\/strong> &#8211; Transversalidade na Educa\u00e7\u00e3o em Ci\u00eancias e em Matem\u00e1tica<\/p>\n\n\n\n<hr class=\"wp-block-separator has-alpha-channel-opacity\" \/>\n\n\n\n<p class=\"has-black-color has-text-color has-link-color wp-elements-c96c07d331437713421fe83040d19293\" style=\"font-size:25px\"><strong>Interesses de pesquisa<\/strong><\/p>\n\n\n\n<p class=\"has-black-color has-text-color has-link-color has-medium-font-size wp-elements-6d35dab4f83051ab18750ff604979ea5\" style=\"font-style:normal;font-weight:300\">&#8211; Filosofia da Educa\u00e7\u00e3o em Ci\u00eancias;\u00a0<br \/>&#8211; Educa\u00e7\u00e3o Qu\u00edmica;\u00a0<br \/>&#8211; Abordagem fenomenol\u00f3gica e hermen\u00eautica na Educa\u00e7\u00e3o em Ci\u00eancias;\u00a0<br \/>&#8211; Filosofia, Hist\u00f3ria, Linguagem, \u00c9tica e Est\u00e9tica na Educa\u00e7\u00e3o em Ci\u00eancias.<\/p>\n\n\n\n<hr class=\"wp-block-separator has-alpha-channel-opacity\" \/>\n\n\n\n<p class=\"has-black-color has-text-color has-link-color wp-elements-f9b797611deffb7efb8f82a4c5ef47f2\" style=\"font-size:25px\"><strong>Projetos de pesquisa<\/strong><\/p>\n\n\n\n<p class=\"has-black-color has-text-color has-link-color has-medium-font-size wp-elements-d2a2e790b3688900998a0189ef2fcafe\" style=\"text-transform:uppercase\"><strong>1. EDUCA\u00c7\u00c3O EM CI\u00caNCIAS NAS PERSPECTIVAS FENOMENOL\u00d3GICAS E HERMEN\u00caUTICAS<\/strong><\/p>\n\n\n\n<p class=\"has-black-color has-text-color has-link-color has-medium-font-size wp-elements-0cc3e145218bb842b008298b30a7dc49\" style=\"font-style:normal;font-weight:300\">Descri\u00e7\u00e3o: O objetivo deste projeto \u00e9 investigar a influ\u00eancia da Educa\u00e7\u00e3o Fenomenol\u00f3gica e Hermen\u00eautica da tradi\u00e7\u00e3o alem\u00e3 na Educa\u00e7\u00e3o em Ci\u00eancias, vislumbrando repercuss\u00f5es \u00e0 Educa\u00e7\u00e3o em Ci\u00eancias brasileira. Na Alemanha de Edmund Husserl (que inaugura a Fenomenologia), Martin Heidegger (Fenomenologia existencial) e outros, a Fenomenologia e a Hermen\u00eautica, como orienta\u00e7\u00f5es filos\u00f3ficas, atentam-se \u00e0 percep\u00e7\u00e3o das nossas experi\u00eancias com o mundo-vida e a interpret\u00e1-las adequadamente dentro de horizontes experienciais. Essas tradi\u00e7\u00f5es possuem efeitos educacionais e, portanto, falamos em Educa\u00e7\u00e3o fenomenol\u00f3gica e hermen\u00eautica que possui larga tradi\u00e7\u00e3o exemplificada por Aloys Fischer, G\u00fcnther Buck, Werner Loch, Heinrich Rombach, Eugen Fink, Egon Sch\u00fctz, entre outros. No Brasil, em l\u00edngua portuguesa e mesmo em inglesa, a Educa\u00e7\u00e3o em Ci\u00eancias (EC) tem se vinculado a teorias de ensino-aprendizagem em Piaget e Vygotsky e existe uma lacuna de literatura especializada que trate da base educacional fenomenol\u00f3gica e hermen\u00eautica. Poucos educadores em Ci\u00eancias produziram ou t\u00eam produzido nesta abordagem como Fritz H. Julius, Ernst-Michael Kranich, Peter Buck, Jens Soentgen, Volker Scharf, Markus Rehm, Dietmar Hottecke e Edvin Ostergaard, necessitando amplia\u00e7\u00e3o nesta perspectiva para o contexto brasileiro. \u00c9 sobre esta tradi\u00e7\u00e3o de Educa\u00e7\u00e3o em Ci\u00eancias que se investigar\u00e1, levantando alternativas ao ensino de Ci\u00eancias. Al\u00e9m disso, realizar-se-\u00e1 pesquisa explorat\u00f3ria de cunho qualitativo para identificar e articular teorias e pr\u00e1ticas que anunciem elementos para elaborarmos uma Educa\u00e7\u00e3o em Ci\u00eancias Fenomenol\u00f3gica e Hermen\u00eautica, com reflexos diretos \u00e0s Teorias da Educa\u00e7\u00e3o.<\/p>\n\n\n\n<div style=\"height:50px\" aria-hidden=\"true\" class=\"wp-block-spacer\"><\/div>\n\n\n\n<p class=\"has-black-color has-text-color has-link-color has-medium-font-size wp-elements-a6ba2369f948b9086ae00e84c064f18b\" style=\"text-transform:uppercase\"><strong>2. FUNDAMENTOS DA HERMEN\u00caUTICA FILOS\u00d3FICA NA EDUCA\u00c7\u00c3O EM CI\u00caNCIAS: POSSIBILIDADES FORMATIVAS PARA O EDUCADOR EM QU\u00cdMICA<\/strong><\/p>\n\n\n\n<p class=\"has-black-color has-text-color has-link-color has-medium-font-size wp-elements-87de28777b2d3ab80b53b52ed3338502\" style=\"font-style:normal;font-weight:300\">Descri\u00e7\u00e3o: Buscam-se, por meio da Hermen\u00eautica Filos\u00f3fica atribu\u00edda ao fil\u00f3sofo Hans-Georg Gadamer, outras possibilidades interpretativas \u00e0 tradi\u00e7\u00e3o da Educa\u00e7\u00e3o em Ci\u00eancias. Visualizam-se aproxima\u00e7\u00f5es da hermen\u00eautica, especialmente a filos\u00f3fica, \u00e0 Educa\u00e7\u00e3o em Ci\u00eancias e \u00e0 Educa\u00e7\u00e3o Qu\u00edmica, o que possibilita delinear elementos hermen\u00eauticos que podem contribuir \u00e0 forma\u00e7\u00e3o de educadores: a linguagem ontol\u00f3gica, a tradi\u00e7\u00e3o hist\u00f3rica e a tradu\u00e7\u00e3o-interpreta\u00e7\u00e3o desta tradi\u00e7\u00e3o e a est\u00e9tica como modo de ser no mundo. Sob a influ\u00eancia de Gadamer, buscamos compreender seu conceito de tradi\u00e7\u00e3o de linguagem, a partir do modo como algo \u00e9 transmitido a partir de usos e costumes da tradi\u00e7\u00e3o escrita. A partir desse conceito, buscamos elaborar repercuss\u00f5es \u00e0 Filosofia da Educa\u00e7\u00e3o e apresentamos a compreens\u00e3o do professor de Ci\u00eancias e Qu\u00edmica como tradutor-int\u00e9rprete da tradi\u00e7\u00e3o da linguagem da Qu\u00edmica e suas estruturas como concretas e como ontol\u00f3gicas. Entre os desdobramentos, destacamos a reivindica\u00e7\u00e3o do di\u00e1logo, da tradi\u00e7\u00e3o hist\u00f3rica e da escrita na Educa\u00e7\u00e3o em Ci\u00eancias e Educa\u00e7\u00e3o Qu\u00edmica, como outros modos interpretativos da linguagem cient\u00edfica.<\/p>\n","protected":false},"excerpt":{"rendered":"<p>Curr\u00edculo Lattes: http:\/\/lattes.cnpq.br\/9733655826302766Contato: robson.simplicio@ufpr.br Doutorado pelo Programa de P\u00f3s-Gradua\u00e7\u00e3o em Educa\u00e7\u00e3o em Ci\u00eancias: Qu\u00edmica da Vida e Sa\u00fade (PPGECQVS) pela Universidade Federal do Rio Grande &#8211; FURG e mestre em Qu\u00edmica (2013) pelo Programa de P\u00f3s-Gradua\u00e7\u00e3o em Qu\u00edmica Tecnol\u00f3gica e&hellip; <\/p>\n","protected":false},"author":3978,"featured_media":0,"parent":0,"menu_order":0,"comment_status":"closed","ping_status":"closed","template":"","meta":{"footnotes":""},"class_list":["post-3493","page","type-page","status-publish","hentry"],"_links":{"self":[{"href":"https:\/\/exatas.ufpr.br\/ppgecm\/wp-json\/wp\/v2\/pages\/3493","targetHints":{"allow":["GET"]}}],"collection":[{"href":"https:\/\/exatas.ufpr.br\/ppgecm\/wp-json\/wp\/v2\/pages"}],"about":[{"href":"https:\/\/exatas.ufpr.br\/ppgecm\/wp-json\/wp\/v2\/types\/page"}],"author":[{"embeddable":true,"href":"https:\/\/exatas.ufpr.br\/ppgecm\/wp-json\/wp\/v2\/users\/3978"}],"replies":[{"embeddable":true,"href":"https:\/\/exatas.ufpr.br\/ppgecm\/wp-json\/wp\/v2\/comments?post=3493"}],"version-history":[{"count":2,"href":"https:\/\/exatas.ufpr.br\/ppgecm\/wp-json\/wp\/v2\/pages\/3493\/revisions"}],"predecessor-version":[{"id":3589,"href":"https:\/\/exatas.ufpr.br\/ppgecm\/wp-json\/wp\/v2\/pages\/3493\/revisions\/3589"}],"wp:attachment":[{"href":"https:\/\/exatas.ufpr.br\/ppgecm\/wp-json\/wp\/v2\/media?parent=3493"}],"curies":[{"name":"wp","href":"https:\/\/api.w.org\/{rel}","templated":true}]}}