{"id":3472,"date":"2024-08-29T17:24:36","date_gmt":"2024-08-29T17:24:36","guid":{"rendered":"https:\/\/exatas.ufpr.br\/ppgecm\/?page_id=3472"},"modified":"2024-09-02T23:39:08","modified_gmt":"2024-09-02T23:39:08","slug":"gabriel-dos-santos-e-silva","status":"publish","type":"page","link":"https:\/\/exatas.ufpr.br\/ppgecm\/gabriel-dos-santos-e-silva\/","title":{"rendered":"GABRIEL DOS SANTOS E SILVA"},"content":{"rendered":"<div class=\"wp-block-image\">\n<figure class=\"alignleft size-full is-resized\"><a href=\"https:\/\/exatas.ufpr.br\/ppgecm\/wp-content\/uploads\/sites\/27\/2024\/08\/Gabriel.jpg\"><img loading=\"lazy\" decoding=\"async\" width=\"640\" height=\"640\" src=\"https:\/\/exatas.ufpr.br\/ppgecm\/wp-content\/uploads\/sites\/27\/2024\/08\/Gabriel.jpg\" alt=\"\" class=\"wp-image-3477\" style=\"width:319px;height:auto\" srcset=\"https:\/\/exatas.ufpr.br\/ppgecm\/wp-content\/uploads\/sites\/27\/2024\/08\/Gabriel.jpg 640w, https:\/\/exatas.ufpr.br\/ppgecm\/wp-content\/uploads\/sites\/27\/2024\/08\/Gabriel-300x300.jpg 300w, https:\/\/exatas.ufpr.br\/ppgecm\/wp-content\/uploads\/sites\/27\/2024\/08\/Gabriel-150x150.jpg 150w, https:\/\/exatas.ufpr.br\/ppgecm\/wp-content\/uploads\/sites\/27\/2024\/08\/Gabriel-230x230.jpg 230w, https:\/\/exatas.ufpr.br\/ppgecm\/wp-content\/uploads\/sites\/27\/2024\/08\/Gabriel-80x80.jpg 80w\" sizes=\"auto, (max-width: 640px) 100vw, 640px\" \/><\/a><\/figure><\/div>\n\n\n<hr class=\"wp-block-separator has-alpha-channel-opacity\" \/>\n\n\n\n<p class=\"has-black-color has-text-color has-link-color has-medium-font-size wp-elements-3d8ccae4f2af0e5098db37c52a8006bc\" style=\"font-style:normal;font-weight:400\">Curr\u00edculo Lattes: <a href=\"http:\/\/lattes.cnpq.br\/7785680160226309\" target=\"_blank\" rel=\"noreferrer noopener\"><mark style=\"background-color:#ffffff;color:#3ea4bb\" class=\"has-inline-color\">http:\/\/lattes.cnpq.br\/7785680160226309<\/mark><\/a><br \/>Contato: <a href=\"mailto:gabriel.santos22@gmail.com\" target=\"_blank\" rel=\"noreferrer noopener\"><mark style=\"background-color:#ffffff;color:#3ea4bb\" class=\"has-inline-color\">gabriel.santos22@gmail.com<\/mark><\/a><\/p>\n\n\n\n<hr class=\"wp-block-separator has-alpha-channel-opacity\" \/>\n\n\n\n<p class=\"has-black-color has-text-color has-link-color has-medium-font-size wp-elements-c8f24baab0a6aa12b7f18d428211f507\" style=\"font-style:normal;font-weight:400\">Doutor em Ensino de Ci\u00eancias e Educa\u00e7\u00e3o Matem\u00e1tica pela Universidade Estadual de Londrina (UEL). Mestre em Ensino de Ci\u00eancias e Educa\u00e7\u00e3o Matem\u00e1tica pela Universidade Estadual de Londrina (UEL). Licenciado em Matem\u00e1tica pela Universidade Estadual de Londrina (UEL). Docente do Departamento de Matem\u00e1tica da Universidade Federal do Paran\u00e1 (UFPR) e do Programa de P\u00f3s Gradua\u00e7\u00e3o em Educa\u00e7\u00e3o em Ci\u00eancias e em Matem\u00e1tica (PPGECM). Vice-coordenador do GEPEMA &#8211; Grupo de Estudo e Pesquisa em Educa\u00e7\u00e3o Matem\u00e1tica e Avalia\u00e7\u00e3o. Foco de interesse em Educa\u00e7\u00e3o Matem\u00e1tica e Avalia\u00e7\u00e3o da Aprendizagem Escolar.<\/p>\n\n\n\n<hr class=\"wp-block-separator has-alpha-channel-opacity\" \/>\n\n\n\n<p class=\"has-black-color has-text-color has-link-color wp-elements-f22da74e97815740a78d0b16dc0784c1\" style=\"font-size:25px\"><strong>Linhas de pesquisa<\/strong><\/p>\n\n\n\n<p class=\"has-black-color has-text-color has-link-color has-medium-font-size wp-elements-6f0c0cc133c7d5349ae2d4405087f26e\" style=\"font-style:normal;font-weight:300\"><strong>1<\/strong> &#8211; Forma\u00e7\u00e3o de Professores que ensinam Ci\u00eancias e Matem\u00e1tica<\/p>\n\n\n\n<hr class=\"wp-block-separator has-alpha-channel-opacity\" \/>\n\n\n\n<p class=\"has-black-color has-text-color has-link-color wp-elements-c96c07d331437713421fe83040d19293\" style=\"font-size:25px\"><strong>Interesses de pesquisa<\/strong><\/p>\n\n\n\n<p class=\"has-black-color has-text-color has-link-color has-medium-font-size wp-elements-a280723cddd4528682a7cea8ea3249ab\" style=\"font-style:normal;font-weight:300\">&#8211; Avalia\u00e7\u00e3o da Aprendizagem Escolar.<br \/>&#8211; Instrumentos de Avalia\u00e7\u00e3o.<br \/>&#8211; Educa\u00e7\u00e3o Matem\u00e1tica Real\u00edstica.<br \/>&#8211; Fracasso Escolar.<\/p>\n\n\n\n<hr class=\"wp-block-separator has-alpha-channel-opacity\" \/>\n\n\n\n<p class=\"has-black-color has-text-color has-link-color wp-elements-f9b797611deffb7efb8f82a4c5ef47f2\" style=\"font-size:25px\"><strong>Projetos de pesquisa<\/strong><\/p>\n\n\n\n<p class=\"has-black-color has-text-color has-link-color has-medium-font-size wp-elements-cb76160d7db0560f38f68ae40ecf02ef\"><strong>1. O USO DE INSTRUMENTOS DE AVALI\u00c7\u00c3O NA FORMA\u00c7\u00c3O DE PROFESSORES DE MATEM\u00c1TICA<\/strong><\/p>\n\n\n\n<p class=\"has-black-color has-text-color has-link-color has-medium-font-size wp-elements-d8f27d13cb136a04c84532df956b9961\" style=\"font-style:normal;font-weight:300\">Nesta pesquisa, entende-se a Avalia\u00e7\u00e3o da Aprendizagem Escolar como pr\u00e1tica de investiga\u00e7\u00e3o e como oportunidade de aprendizagem, superando vis\u00f5es dicot\u00f4micas, excludentes e classificat\u00f3rias. Tal vis\u00e3o \u00e9 adotada por membros do Grupo de Estudo e Pesquisa em Educa\u00e7\u00e3o Matem\u00e1tica e Avalia\u00e7\u00e3o, que t\u00eam buscado analisar aspectos referentes a essa perspectiva de avalia\u00e7\u00e3o em aulas de matem\u00e1tica na Educa\u00e7\u00e3o B\u00e1sica e no Ensino Superior. Esta pesquisa, qualitativa, de cunho interpretativo, se prop\u00f5e a analisar aspectos relativos \u00e0 avalia\u00e7\u00e3o formativa (did\u00e1tica) nas produ\u00e7\u00f5es escritas de professores e futuros professores de Matem\u00e1tica em diferentes instrumentos de avalia\u00e7\u00e3o. Espera-se que a pesquisa mostre quais instrumentos fomentam o registro de aspectos da avalia\u00e7\u00e3o formativa (did\u00e1tica) e, consequentemente, quais as potencialidades de cada um deles, dando seguimento, assim, \u00e0s pesquisas e trabalhos efetuados por membros do GEPEMA.<\/p>\n","protected":false},"excerpt":{"rendered":"<p>Curr\u00edculo Lattes: http:\/\/lattes.cnpq.br\/7785680160226309Contato: gabriel.santos22@gmail.com Doutor em Ensino de Ci\u00eancias e Educa\u00e7\u00e3o Matem\u00e1tica pela Universidade Estadual de Londrina (UEL). Mestre em Ensino de Ci\u00eancias e Educa\u00e7\u00e3o Matem\u00e1tica pela Universidade Estadual de Londrina (UEL). Licenciado em Matem\u00e1tica pela Universidade Estadual de Londrina&hellip; <\/p>\n","protected":false},"author":3978,"featured_media":3477,"parent":0,"menu_order":0,"comment_status":"closed","ping_status":"closed","template":"","meta":{"footnotes":""},"class_list":["post-3472","page","type-page","status-publish","has-post-thumbnail","hentry"],"_links":{"self":[{"href":"https:\/\/exatas.ufpr.br\/ppgecm\/wp-json\/wp\/v2\/pages\/3472","targetHints":{"allow":["GET"]}}],"collection":[{"href":"https:\/\/exatas.ufpr.br\/ppgecm\/wp-json\/wp\/v2\/pages"}],"about":[{"href":"https:\/\/exatas.ufpr.br\/ppgecm\/wp-json\/wp\/v2\/types\/page"}],"author":[{"embeddable":true,"href":"https:\/\/exatas.ufpr.br\/ppgecm\/wp-json\/wp\/v2\/users\/3978"}],"replies":[{"embeddable":true,"href":"https:\/\/exatas.ufpr.br\/ppgecm\/wp-json\/wp\/v2\/comments?post=3472"}],"version-history":[{"count":3,"href":"https:\/\/exatas.ufpr.br\/ppgecm\/wp-json\/wp\/v2\/pages\/3472\/revisions"}],"predecessor-version":[{"id":3530,"href":"https:\/\/exatas.ufpr.br\/ppgecm\/wp-json\/wp\/v2\/pages\/3472\/revisions\/3530"}],"wp:featuredmedia":[{"embeddable":true,"href":"https:\/\/exatas.ufpr.br\/ppgecm\/wp-json\/wp\/v2\/media\/3477"}],"wp:attachment":[{"href":"https:\/\/exatas.ufpr.br\/ppgecm\/wp-json\/wp\/v2\/media?parent=3472"}],"curies":[{"name":"wp","href":"https:\/\/api.w.org\/{rel}","templated":true}]}}