{"id":3408,"date":"2024-08-19T20:59:33","date_gmt":"2024-08-19T20:59:33","guid":{"rendered":"https:\/\/exatas.ufpr.br\/ppgecm\/?page_id=3408"},"modified":"2025-02-06T18:15:48","modified_gmt":"2025-02-06T18:15:48","slug":"objetivos","status":"publish","type":"page","link":"https:\/\/exatas.ufpr.br\/ppgecm\/objetivos\/","title":{"rendered":"Objetivos"},"content":{"rendered":"\n<p class=\"has-black-color has-text-color has-link-color wp-elements-64a22de7a25612b745da50a78ac226c3\" style=\"font-size:25px\"><strong>Objetivos relacionados \u00e0s caracter\u00edsticas da produ\u00e7\u00e3o cient\u00edfica gerada no \u00e2mbito do Programa<\/strong><\/p>\n\n\n\n<p class=\"has-black-color has-text-color has-link-color has-medium-font-size wp-elements-a46e1ca356eaae62c1946f8d12ab735a\">O PPGECM\/UFPR busca promover o desenvolvimento de produ\u00e7\u00e3o cient\u00edfica comprometida em:<\/p>\n\n\n\n<ul style=\"font-size:18px;font-style:normal;font-weight:300\" class=\"has-black-color has-text-color has-link-color wp-block-list wp-elements-c162004cf1d79e2c84f10d85ecd8b8e4\">\n<li>criar caminhos que estimulem a democratiza\u00e7\u00e3o e a divulga\u00e7\u00e3o do conhecimento cient\u00edfico em diferentes camadas sociais, evidenciando as rela\u00e7\u00f5es entre Ci\u00eancia, Tecnologia, Sociedade, Ambiente e Qualidade de vida e as rela\u00e7\u00f5es entre os conhecimentos cient\u00edficos da Hist\u00f3ria e da Filosofia da Ci\u00eancia e da Matem\u00e1tica;<\/li>\n\n\n\n<li>evidenciar o papel da ci\u00eancia no mundo contempor\u00e2neo, convertendo a Educa\u00e7\u00e3o em Ci\u00eancias e a Educa\u00e7\u00e3o Matem\u00e1tica em espa\u00e7os de forma\u00e7\u00e3o cultural e de forma\u00e7\u00e3o para a cidadania, de modo a contribuir para os debates mais amplos relativos \u00e0 democratiza\u00e7\u00e3o da sociedade e \u00e0 melhoria das condi\u00e7\u00f5es de exist\u00eancia dos indiv\u00edduos.<\/li>\n<\/ul>\n\n\n\n<div style=\"height:75px\" aria-hidden=\"true\" class=\"wp-block-spacer\"><\/div>\n\n\n\n<p class=\"has-black-color has-text-color has-link-color wp-elements-6fcaa82b70e5a4c24188c2a643d4d202\" style=\"font-size:25px\"><strong>Objetivos relacionados ao perfil geral do pesquisador que se pretende formar<\/strong><\/p>\n\n\n\n<p class=\"has-black-color has-text-color has-link-color has-medium-font-size wp-elements-5303e08a743ade1de9832e2153cd7aa3\">O PPGECM\/UFPR busca formar pesquisadores capazes de:<\/p>\n\n\n\n<ul style=\"font-size:18px;font-style:normal;font-weight:300\" class=\"has-black-color has-text-color has-link-color wp-block-list wp-elements-9df5daba259a22c25cc07c486cca0296\">\n<li>produzir conhecimentos na perspectiva de uma produ\u00e7\u00e3o cient\u00edfica e tecnol\u00f3gica comprometida com a qualidade de vida, com a inclus\u00e3o social e com a constru\u00e7\u00e3o de uma escola democr\u00e1tica;<\/li>\n\n\n\n<li>construir e desenvolver projetos coletivos para a dissemina\u00e7\u00e3o e cr\u00edtica da cultura cient\u00edfica e tecnol\u00f3gica;<\/li>\n\n\n\n<li>construir e desenvolver projetos que produzam rela\u00e7\u00f5es produtivas e contextualizadas entre Ci\u00eancia, Tecnologia, Sociedade, Ambiente e Desenvolvimento Humano amparados em processos de investiga\u00e7\u00e3o cient\u00edficos e fundamenta\u00e7\u00e3o te\u00f3rica s\u00f3lida;<\/li>\n\n\n\n<li>produzir conhecimentos que contribuam para o desempenho da a\u00e7\u00e3o docente fundamentada em conhecimentos filos\u00f3ficos, hist\u00f3ricos, pedag\u00f3gicos e sociol\u00f3gicos,<\/li>\n\n\n\n<li>proporcionar aos discentes tornarem-se aptos a seguir carreira acad\u00eamica, bem como capazes de serem \u201cformadores de formadores\u201d, indo, dessa maneira, al\u00e9m de sua pr\u00f3pria profissionaliza\u00e7\u00e3o.<\/li>\n<\/ul>\n\n\n\n<div style=\"height:75px\" aria-hidden=\"true\" class=\"wp-block-spacer\"><\/div>\n\n\n\n<p class=\"has-black-color has-text-color has-link-color wp-elements-dfef38329ca13502f6e00b8bb87272c0\" style=\"font-size:25px\"><strong>Objetivos relacionados ao perfil espec\u00edfico do pesquisador que se pretende formar no Doutorado<\/strong><\/p>\n\n\n\n<p class=\"has-black-color has-text-color has-link-color has-medium-font-size wp-elements-3361196e3189321f1d26e03982da913e\">O curso de Doutorado do PPGECM\/UFPR ter\u00e1 como objetivos:<\/p>\n\n\n\n<ul style=\"font-size:18px;font-style:normal;font-weight:300\" class=\"has-black-color has-text-color has-link-color wp-block-list wp-elements-bc1fe67cd0d90ec029fd4c44588d2c7f\">\n<li>formar pesquisadores nas \u00e1reas de Educa\u00e7\u00e3o em Ci\u00eancias e Educa\u00e7\u00e3o Matem\u00e1tica que possuam suficiente embasamento te\u00f3rico e autonomia para a lideran\u00e7a de projetos de pesquisa e promo\u00e7\u00e3o de a\u00e7\u00f5es s\u00f3cio-educacionais voltadas para o desenvolvimento cient\u00edfico e tecnol\u00f3gico comprometido com a melhoria da qualidade da vida das pessoas e do meio ambiente;<\/li>\n\n\n\n<li>desenvolver projetos coletivos que permitam estruturar conte\u00fados, experi\u00eancias e curr\u00edculos para a Educa\u00e7\u00e3o em Ci\u00eancias e em Matem\u00e1tica gerando condi\u00e7\u00f5es que estimulem a dissemina\u00e7\u00e3o da cultura cient\u00edfica e tecnol\u00f3gica atrav\u00e9s de uma educa\u00e7\u00e3o cient\u00edfica inovadora e sintonizada com as necessidades maiores da sociedade.<\/li>\n<\/ul>\n\n\n\n<div class=\"wp-block-group\"><div class=\"wp-block-group__inner-container is-layout-constrained wp-block-group-is-layout-constrained\"><div class=\"wp-block-image\">\n<figure class=\"alignleft size-full is-resized\"><a href=\"https:\/\/exatas.ufpr.br\/ppgecm\/?page_id=3693\" target=\"_blank\" rel=\"noreferrer noopener\"><img loading=\"lazy\" decoding=\"async\" width=\"290\" height=\"153\" src=\"https:\/\/exatas.ufpr.br\/ppgecm\/wp-content\/uploads\/sites\/27\/2024\/09\/euaflag.png\" alt=\"\" class=\"wp-image-3696\" style=\"width:79px;height:auto\" \/><\/a><\/figure><\/div>\n\n\n<p class=\"has-text-align-left has-black-color has-text-color has-link-color has-medium-font-size wp-elements-1e5078eb51e4550cf255c3ac330aae15\" style=\"font-style:normal;font-weight:400;letter-spacing:1px\"><a href=\"https:\/\/exatas.ufpr.br\/ppgecm\/objectives\/\" target=\"_blank\" rel=\"noreferrer noopener\">English version<\/a><\/p>\n\n\n\n<div style=\"height:13px\" aria-hidden=\"true\" class=\"wp-block-spacer\"><\/div>\n\n\n<div class=\"wp-block-image\">\n<figure class=\"alignleft size-full is-resized\"><a href=\"https:\/\/exatas.ufpr.br\/ppgecm\/presentacion\/\" target=\"_blank\" rel=\"noreferrer noopener\"><img loading=\"lazy\" decoding=\"async\" width=\"255\" height=\"170\" src=\"https:\/\/exatas.ufpr.br\/ppgecm\/wp-content\/uploads\/sites\/27\/2024\/10\/Flag_of_Spain.svg_.png\" alt=\"\" class=\"wp-image-3769\" style=\"width:79px;height:auto\" \/><\/a><\/figure><\/div>\n\n\n<p class=\"has-black-color has-text-color has-link-color has-medium-font-size wp-elements-bb3b9b84828c770c2be28de05b714617\" style=\"font-style:normal;font-weight:400;letter-spacing:1px\"><a href=\"https:\/\/exatas.ufpr.br\/ppgecm\/objetivos-2\" target=\"_blank\" rel=\"noreferrer noopener\">Versi\u00f3n en espa\u00f1ol<\/a><\/p>\n\n\n\n<p><\/p>\n<\/div><\/div>\n","protected":false},"excerpt":{"rendered":"<p>Objetivos relacionados \u00e0s caracter\u00edsticas da produ\u00e7\u00e3o cient\u00edfica gerada no \u00e2mbito do Programa O PPGECM\/UFPR busca promover o desenvolvimento de produ\u00e7\u00e3o cient\u00edfica comprometida em: Objetivos relacionados ao perfil geral do pesquisador que se pretende formar O PPGECM\/UFPR busca formar pesquisadores capazes&hellip; <\/p>\n","protected":false},"author":3978,"featured_media":0,"parent":0,"menu_order":0,"comment_status":"closed","ping_status":"closed","template":"","meta":{"footnotes":""},"class_list":["post-3408","page","type-page","status-publish","hentry"],"_links":{"self":[{"href":"https:\/\/exatas.ufpr.br\/ppgecm\/wp-json\/wp\/v2\/pages\/3408","targetHints":{"allow":["GET"]}}],"collection":[{"href":"https:\/\/exatas.ufpr.br\/ppgecm\/wp-json\/wp\/v2\/pages"}],"about":[{"href":"https:\/\/exatas.ufpr.br\/ppgecm\/wp-json\/wp\/v2\/types\/page"}],"author":[{"embeddable":true,"href":"https:\/\/exatas.ufpr.br\/ppgecm\/wp-json\/wp\/v2\/users\/3978"}],"replies":[{"embeddable":true,"href":"https:\/\/exatas.ufpr.br\/ppgecm\/wp-json\/wp\/v2\/comments?post=3408"}],"version-history":[{"count":16,"href":"https:\/\/exatas.ufpr.br\/ppgecm\/wp-json\/wp\/v2\/pages\/3408\/revisions"}],"predecessor-version":[{"id":3931,"href":"https:\/\/exatas.ufpr.br\/ppgecm\/wp-json\/wp\/v2\/pages\/3408\/revisions\/3931"}],"wp:attachment":[{"href":"https:\/\/exatas.ufpr.br\/ppgecm\/wp-json\/wp\/v2\/media?parent=3408"}],"curies":[{"name":"wp","href":"https:\/\/api.w.org\/{rel}","templated":true}]}}