{"id":327,"date":"2016-08-15T19:42:36","date_gmt":"2016-08-15T19:42:36","guid":{"rendered":"https:\/\/exatas.ufpr.br\/ppgecm\/?page_id=327"},"modified":"2024-09-05T23:07:58","modified_gmt":"2024-09-05T23:07:58","slug":"jose-carlos-cifuentes","status":"publish","type":"page","link":"https:\/\/exatas.ufpr.br\/ppgecm\/jose-carlos-cifuentes\/","title":{"rendered":"JOS\u00c9 CARLOS CIFUENTES"},"content":{"rendered":"<div class=\"wp-block-image\">\n<figure class=\"alignleft size-full is-resized\"><a href=\"https:\/\/exatas.ufpr.br\/ppgecm\/wp-content\/uploads\/sites\/27\/2024\/09\/Imagem-do-WhatsApp-de-2024-09-05-as-15.39.27_87165288.jpg\"><img loading=\"lazy\" decoding=\"async\" width=\"395\" height=\"512\" src=\"https:\/\/exatas.ufpr.br\/ppgecm\/wp-content\/uploads\/sites\/27\/2024\/09\/Imagem-do-WhatsApp-de-2024-09-05-as-15.39.27_87165288.jpg\" alt=\"\" class=\"wp-image-3574\" style=\"width:233px;height:auto\" srcset=\"https:\/\/exatas.ufpr.br\/ppgecm\/wp-content\/uploads\/sites\/27\/2024\/09\/Imagem-do-WhatsApp-de-2024-09-05-as-15.39.27_87165288.jpg 395w, https:\/\/exatas.ufpr.br\/ppgecm\/wp-content\/uploads\/sites\/27\/2024\/09\/Imagem-do-WhatsApp-de-2024-09-05-as-15.39.27_87165288-231x300.jpg 231w\" sizes=\"auto, (max-width: 395px) 100vw, 395px\" \/><\/a><\/figure><\/div>\n\n\n<p class=\"has-black-color has-text-color has-link-color has-medium-font-size wp-elements-cd39a2a138a58b1a33074c5f58089030\" style=\"font-style:normal;font-weight:300\">Curr\u00edculo Lattes: <a href=\"http:\/\/lattes.cnpq.br\/7999776715665882\"><mark style=\"background-color:#ffffff;color:#3ea4bb\" class=\"has-inline-color\">http:\/\/lattes.cnpq.br\/7999776715665882<\/mark><\/a><br \/>Contato: <a href=\"mailto:jccifa@gmail.com\"><mark style=\"background-color:#ffffff;color:#3ea4bb\" class=\"has-inline-color\">jccifa@gmail.com<\/mark><\/a><\/p>\n\n\n\n<hr class=\"wp-block-separator has-alpha-channel-opacity\" \/>\n\n\n\n<p class=\"has-black-color has-text-color has-link-color has-medium-font-size wp-elements-d66def5d2fc1c144691a6fa2707cec1b\" style=\"font-style:normal;font-weight:300\">Possui gradua\u00e7\u00e3o em Matem\u00e1tica pela Universidad Nacional de Ingenier\u00eda (Lima-Peru, 1982), mestrado em Matem\u00e1tica pela Universidade Estadual de Campinas (1988) e doutorado em Matem\u00e1tica pela Universidade Estadual de Campinas (1993). Atualmente \u00e9 professor adjunto no Departamento de Matem\u00e1tica da Universidade Federal do Paran\u00e1 e participa da P\u00f3s-gradua\u00e7\u00e3o em Educa\u00e7\u00e3o em Ci\u00eancias e em Matem\u00e1tica da mesma universidade. Tem experi\u00eancia nas \u00e1reas de Matem\u00e1tica e de Educa\u00e7\u00e3o Matem\u00e1tica, atuando principalmente nos seguintes temas: l\u00f3gica matem\u00e1tica e suas aplica\u00e7\u00f5es \u00e0 matem\u00e1tica, epistemologia e est\u00e9tica da matem\u00e1tica e da modelagem matem\u00e1tica, e m\u00e9todos de constru\u00e7\u00e3o do conhecimento matem\u00e1tico, especialmente o m\u00e9todo de analogia.<\/p>\n\n\n\n<hr class=\"wp-block-separator has-alpha-channel-opacity\" \/>\n\n\n\n<p class=\"has-black-color has-text-color has-link-color wp-elements-f22da74e97815740a78d0b16dc0784c1\" style=\"font-size:25px\"><strong>Linhas de pesquisa<\/strong><\/p>\n\n\n\n<p class=\"has-black-color has-text-color has-link-color has-medium-font-size wp-elements-a27496b3199b9d13b9b499f121659ff2\" style=\"font-style:normal;font-weight:300\"><strong>3<\/strong> &#8211; Transversalidade na Educa\u00e7\u00e3o em Ci\u00eancias e em Matem\u00e1tica<\/p>\n\n\n\n<hr class=\"wp-block-separator has-alpha-channel-opacity\" \/>\n\n\n\n<p class=\"has-black-color has-text-color has-link-color wp-elements-c96c07d331437713421fe83040d19293\" style=\"font-size:25px\"><strong>Interesses de pesquisa<\/strong><\/p>\n\n\n\n<p class=\"has-black-color has-text-color has-link-color has-medium-font-size wp-elements-a591bc9bb2e2c70e116a2a3839adc900\" style=\"font-style:normal;font-weight:300\">&#8211; A intui\u00e7\u00e3o e a imagina\u00e7\u00e3o matem\u00e1ticas na hist\u00f3ria e filosofia da matem\u00e1tica e suas implica\u00e7\u00f5es pedag\u00f3gicas.<br \/>&#8211; A visualiza\u00e7\u00e3o como recurso epistemol\u00f3gico e did\u00e1tico no ensino da matem\u00e1tica.<br \/>&#8211; Interdisciplinaridade entre matem\u00e1tica e arte ou entre matem\u00e1tica e f\u00edsica.<\/p>\n\n\n\n<hr class=\"wp-block-separator has-alpha-channel-opacity\" \/>\n\n\n\n<p class=\"has-black-color has-text-color has-link-color wp-elements-f9b797611deffb7efb8f82a4c5ef47f2\" style=\"font-size:25px\"><strong>Projetos de pesquisa<\/strong><\/p>\n\n\n\n<p class=\"has-black-color has-text-color has-link-color has-medium-font-size wp-elements-d1047218e084f5f37a0434e43ccb1761\" style=\"text-transform:uppercase\"><strong>1. Fundamentos Epistemol\u00f3gicos e Est\u00e9ticos da Matem\u00e1tica e suas Implica\u00e7\u00f5es Pedag\u00f3gicas<\/strong><\/p>\n\n\n\n<p class=\"has-black-color has-text-color has-link-color has-medium-font-size wp-elements-4685d51fbd79fb0c14fb26d9ea2fbf67\" style=\"font-style:normal;font-weight:300\">Descri\u00e7\u00e3o: Esta pesquisa est\u00e1 inserida na \u00e1rea de Educa\u00e7\u00e3o Matem\u00e1tica e pretende analisar a rela\u00e7\u00e3o entre matem\u00e1tica, epistemologia e est\u00e9tica para sua implementa\u00e7\u00e3o na did\u00e1tica da matem\u00e1tica. S\u00e3o temas de seu interesse a intui\u00e7\u00e3o e a l\u00f3gica na matem\u00e1tica e na modelagem matem\u00e1tica, o m\u00e9todo de constru\u00e7\u00e3o do conhecimento matem\u00e1tico por analogia, a historicidade e evolu\u00e7\u00e3o dos conceitos matem\u00e1ticos especialmente em rela\u00e7\u00e3o a suas caracter\u00edsticas culturais, a rela\u00e7\u00e3o interdisciplinar entre matem\u00e1tica, arte e ci\u00eancias da natureza, a visualiza\u00e7\u00e3o como paradigma de um novo conceito de rigor em matem\u00e1tica, e os conceitos l\u00f3gico-filos\u00f3ficos na forma\u00e7\u00e3o de professores de matem\u00e1tica.<\/p>\n\n\n\n<div style=\"height:50px\" aria-hidden=\"true\" class=\"wp-block-spacer\"><\/div>\n\n\n\n<p class=\"has-black-color has-text-color has-link-color has-medium-font-size wp-elements-82cb989b1483abfed5fdf15e100575b2\" style=\"text-transform:uppercase\"><strong>2. A Teoria dos Aritmos e os Fundamentos Alg\u00e9bricos e Topol\u00f3gicos da Aritm\u00e9tica e da Computa\u00e7\u00e3o<\/strong><\/p>\n\n\n\n<p class=\"has-black-color has-text-color has-link-color has-medium-font-size wp-elements-305d214ebeb07578c3382b5f973327a4\" style=\"font-style:normal;font-weight:300\">Descri\u00e7\u00e3o: A teoria dos aritmos surgiu de um projeto de inicia\u00e7\u00e3o cient\u00edfica desenvolvido com alunos do PET\/Matem\u00e1tica da Universidade Federal do Paran\u00e1 &#8211; UFPR em 2005, projeto que visava encontrar os alcances da analogia entre os fragmentos aditivo e multiplicativo do sistema de n\u00fameros naturais. Sua generaliza\u00e7\u00e3o abstrata deu origem, a partir de 2010, a uma colabora\u00e7\u00e3o internacional entre a Universidade Federal do Paran\u00e1 &#8211; UFPR, coordenada por mim, e a Universidade de Buenos Aires &#8211; UBA, coordenada pelo professor Alejandro Petrovich, para desenvolver a teoria e suas aplica\u00e7\u00f5es, especialmente ao campo dos fundamentos da aritm\u00e9tica e da computa\u00e7\u00e3o.<\/p>\n\n\n\n<div style=\"height:50px\" aria-hidden=\"true\" class=\"wp-block-spacer\"><\/div>\n\n\n\n<p class=\"has-black-color has-text-color has-link-color has-medium-font-size wp-elements-a7a1b812ba36421642c1e72ae532ef36\" style=\"text-transform:uppercase\"><strong>3. Estrutura Fuzzy dos An\u00e9is de Valoriza\u00e7\u00e3o Discreta e dos Dom\u00ednios de Dedekind<\/strong><\/p>\n\n\n\n<p class=\"has-black-color has-text-color has-link-color has-medium-font-size wp-elements-820fa052b53189f58f4b2c7ccc7d3a5a\" style=\"font-style:normal;font-weight:300\">Descri\u00e7\u00e3o: Esta pesquisa estuda a teoria fuzzy dos an\u00e9is onde s\u00e3o importantes os ideais fuzzy e suas especificidades como ideais primos, completamente primos, fracamente completamente primos, prim\u00e1rios, etc. Em especial, estuda-se a estrutura fuzzy dos an\u00e9is de valoriza\u00e7\u00e3o discreta onde a valoriza\u00e7\u00e3o \u00e9 um ideal fuzzy, assim como a dos dom\u00ednios de Dedekind cujos localizados s\u00e3o an\u00e9is de valoriza\u00e7\u00e3o discreta.<\/p>\n","protected":false},"excerpt":{"rendered":"<p>Curr\u00edculo Lattes: http:\/\/lattes.cnpq.br\/7999776715665882Contato: jccifa@gmail.com Possui gradua\u00e7\u00e3o em Matem\u00e1tica pela Universidad Nacional de Ingenier\u00eda (Lima-Peru, 1982), mestrado em Matem\u00e1tica pela Universidade Estadual de Campinas (1988) e doutorado em Matem\u00e1tica pela Universidade Estadual de Campinas (1993). Atualmente \u00e9 professor adjunto no Departamento&hellip; <\/p>\n","protected":false},"author":13,"featured_media":0,"parent":0,"menu_order":0,"comment_status":"closed","ping_status":"closed","template":"","meta":{"footnotes":""},"class_list":["post-327","page","type-page","status-publish","hentry"],"_links":{"self":[{"href":"https:\/\/exatas.ufpr.br\/ppgecm\/wp-json\/wp\/v2\/pages\/327","targetHints":{"allow":["GET"]}}],"collection":[{"href":"https:\/\/exatas.ufpr.br\/ppgecm\/wp-json\/wp\/v2\/pages"}],"about":[{"href":"https:\/\/exatas.ufpr.br\/ppgecm\/wp-json\/wp\/v2\/types\/page"}],"author":[{"embeddable":true,"href":"https:\/\/exatas.ufpr.br\/ppgecm\/wp-json\/wp\/v2\/users\/13"}],"replies":[{"embeddable":true,"href":"https:\/\/exatas.ufpr.br\/ppgecm\/wp-json\/wp\/v2\/comments?post=327"}],"version-history":[{"count":8,"href":"https:\/\/exatas.ufpr.br\/ppgecm\/wp-json\/wp\/v2\/pages\/327\/revisions"}],"predecessor-version":[{"id":3579,"href":"https:\/\/exatas.ufpr.br\/ppgecm\/wp-json\/wp\/v2\/pages\/327\/revisions\/3579"}],"wp:attachment":[{"href":"https:\/\/exatas.ufpr.br\/ppgecm\/wp-json\/wp\/v2\/media?parent=327"}],"curies":[{"name":"wp","href":"https:\/\/api.w.org\/{rel}","templated":true}]}}