{"id":3151,"date":"2024-06-24T23:32:19","date_gmt":"2024-06-24T23:32:19","guid":{"rendered":"https:\/\/exatas.ufpr.br\/ppgecm\/?page_id=3151"},"modified":"2024-08-27T00:03:12","modified_gmt":"2024-08-27T00:03:12","slug":"editais-2023","status":"publish","type":"page","link":"https:\/\/exatas.ufpr.br\/ppgecm\/editais-2023\/","title":{"rendered":"Editais 2023"},"content":{"rendered":"\n<p class=\"has-black-color has-text-color has-link-color wp-elements-9465b3a3b5ee75799131a7146be1a825\" style=\"font-size:25px;font-style:normal;font-weight:600\">Bolsas PDSE<\/p>\n\n\n\n<p class=\"has-text-color has-link-color has-medium-font-size wp-elements-d5bf9fb5fa862571f605f3895fd81cce\" style=\"color:#3ea4bb;font-style:normal;font-weight:300\"><a href=\"http:\/\/exatas.ufpr.br\/ppgecm\/wp-content\/uploads\/sites\/27\/2023\/12\/Edital_027.2023_RESULTADO_BOLSA_PSDE.pdf\">Edital 027\/2023 &#8211; Resultado Bolsa PSDE<\/a><br \/><a href=\"http:\/\/exatas.ufpr.br\/ppgecm\/wp-content\/uploads\/sites\/27\/2023\/12\/Edital_026.2023-PDSE.pdf\">Edital 026\/2023 &#8211; PDSE<\/a><\/p>\n\n\n\n<hr class=\"wp-block-separator has-alpha-channel-opacity\" \/>\n\n\n\n<hr class=\"wp-block-separator has-alpha-channel-opacity\" \/>\n\n\n\n<p class=\"has-black-color has-text-color has-link-color wp-elements-45452d6bc6fff22db2c6dd76be9369f1\" style=\"font-size:25px;font-style:normal;font-weight:600\">Elei\u00e7\u00f5es<\/p>\n\n\n\n<p class=\"has-text-color has-link-color has-medium-font-size wp-elements-a77fbb70b6358e470c8642e5e8bd6ed8\" style=\"color:#3ea4bb;font-style:normal;font-weight:300\"><a href=\"http:\/\/exatas.ufpr.br\/ppgecm\/wp-content\/uploads\/sites\/27\/2023\/12\/Edital_025-2023-Lista-de-Votantes.pdf\">Edital 025\/2023 &#8211; Lista de Votantes<\/a><br \/><a href=\"http:\/\/exatas.ufpr.br\/ppgecm\/wp-content\/uploads\/sites\/27\/2023\/12\/Edital_024.2023_Eleicoes_HomologacaodeChapa.pdf\">Edital 024\/2023 &#8211; Elei\u00e7\u00f5es Homologa\u00e7\u00e3o de Chapa<\/a><\/p>\n\n\n\n<hr class=\"wp-block-separator has-alpha-channel-opacity\" \/>\n\n\n\n<hr class=\"wp-block-separator has-alpha-channel-opacity\" \/>\n\n\n\n<p class=\"has-black-color has-text-color has-link-color wp-elements-6877d9ffae488312f29420782659e35c\" style=\"font-size:25px;font-style:normal;font-weight:600\">Sele\u00e7\u00e3o \u2013 Doutorado 2024<\/p>\n\n\n\n<p class=\"has-text-color has-link-color has-medium-font-size wp-elements-84f8a3a88bfe417e89575ab0181be594\" style=\"color:#3ea4bb;font-style:normal;font-weight:300\"><a href=\"http:\/\/exatas.ufpr.br\/ppgecm\/wp-content\/uploads\/sites\/27\/2023\/12\/Edital_023-2023-Resultado_Definitivo_Doutorado.pdf\">Edital 023\/2023 &#8211; Rela\u00e7\u00e3o Definitiva Doutorado<\/a><br \/><a href=\"http:\/\/exatas.ufpr.br\/ppgecm\/wp-content\/uploads\/sites\/27\/2023\/12\/Edital_020-2023-Aprovados_2aEtapa_Doutorado.pdf\">Edital 020\/2023 &#8211; Aprovados 2\u00aaEtapa Doutorado<\/a><br \/><a href=\"http:\/\/exatas.ufpr.br\/ppgecm\/wp-content\/uploads\/sites\/27\/2023\/12\/Edital_017.2023-2aEtapa_Doutorado.pdf\">Edital 017\/2023 &#8211; 2a.Etapa Doutorado<\/a><br \/><a href=\"http:\/\/exatas.ufpr.br\/ppgecm\/wp-content\/uploads\/sites\/27\/2023\/09\/Edital_015.2023-Aprovados_1aEtapa_Doutorado.pdf\">Edital 015\/2023 &#8211; Aprovados 1a.Etapa Doutorado<\/a><br \/><a href=\"http:\/\/exatas.ufpr.br\/ppgecm\/wp-content\/uploads\/sites\/27\/2023\/08\/Edital_013.2023-Homologa\u00e7\u00e3o_Inscri\u00e7\u00f5es_Definitivo_Doutorado.pdf\">Edital 013\/2023 &#8211; Homologa\u00e7\u00e3o Inscri\u00e7\u00f5es Definitivo Doutorado<\/a><br \/><a href=\"http:\/\/exatas.ufpr.br\/ppgecm\/wp-content\/uploads\/sites\/27\/2023\/08\/Edital_011.2023-Homologa\u00e7\u00e3o_Inscri\u00e7\u00f5es_Doutorado.pdf\">Edital 011\/2023 &#8211; Homologa\u00e7\u00e3o Inscri\u00e7\u00f5es Doutorado<\/a><br \/><a href=\"http:\/\/exatas.ufpr.br\/ppgecm\/wp-content\/uploads\/sites\/27\/2023\/06\/Edital_009.2023_ProcessoSeletivo_2024_Doutorado.pdf\">Edital 009\/2023 &#8211; Processo Seletivo 2024 Doutorado<\/a><\/p>\n\n\n\n<hr class=\"wp-block-separator has-alpha-channel-opacity\" \/>\n\n\n\n<hr class=\"wp-block-separator has-alpha-channel-opacity\" \/>\n\n\n\n<p class=\"has-black-color has-text-color has-link-color wp-elements-baa3c5ce47bdf9b3c1f844c1d033e394\" style=\"font-size:25px;font-style:normal;font-weight:600\">Sele\u00e7\u00e3o \u2013 Mestrado 2024<\/p>\n\n\n\n<p class=\"has-text-color has-link-color has-medium-font-size wp-elements-4683515fb74e1383cadb9125cd69e9ca\" style=\"color:#3ea4bb;font-style:normal;font-weight:300\"><a href=\"http:\/\/exatas.ufpr.br\/ppgecm\/wp-content\/uploads\/sites\/27\/2023\/12\/Edital_022-2023-Resultado_Definitivo_Mestrado.pdf\">Edital 022\/2023 &#8211; Resultado Definitivo Mestrado<\/a><br \/><a href=\"http:\/\/exatas.ufpr.br\/ppgecm\/wp-content\/uploads\/sites\/27\/2023\/12\/Edital_021.2023_ConvocacaoEleicaoCoordenacao.pdf\">Edital 021\/2023 &#8211; Convoca\u00e7\u00e3o Elei\u00e7\u00e3o Coordena\u00e7\u00e3o<\/a><br \/><a href=\"http:\/\/exatas.ufpr.br\/ppgecm\/wp-content\/uploads\/sites\/27\/2023\/12\/Edital_019-2023-Aprovados_2aEtapa_Mestrado.pdf\">Edital 019\/2023 &#8211; Aprovados 2\u00aaEtapa Mestrado<\/a><br \/><a href=\"http:\/\/exatas.ufpr.br\/ppgecm\/wp-content\/uploads\/sites\/27\/2023\/12\/Edital_018_2023-2aEtapa_Mestrado.pdf\">Edital 018\/2023 &#8211; 2a.Etapa Mestrado<\/a><br \/><a href=\"http:\/\/exatas.ufpr.br\/ppgecm\/wp-content\/uploads\/sites\/27\/2023\/09\/Edital_016.2023-Aprovados_1aEtapa_Mestrado.pdf\">Edital 016\/2023 &#8211; Aprovados 1a.Etapa Mestrado<\/a><br \/><a href=\"http:\/\/exatas.ufpr.br\/ppgecm\/wp-content\/uploads\/sites\/27\/2023\/08\/Edital_014.2023-Homologa\u00e7\u00e3o_Inscri\u00e7\u00f5es_Definitivo_Mestrado.pdf\">Edital 014\/2023 &#8211; Homologa\u00e7\u00e3o Inscri\u00e7\u00f5es Definitivo Mestrado<\/a><br \/><a href=\"http:\/\/exatas.ufpr.br\/ppgecm\/wp-content\/uploads\/sites\/27\/2023\/08\/Edital_012.2023-Homologa\u00e7\u00e3o_Inscri\u00e7\u00f5es_Mestrado.pdf\">Edital 012\/2023 &#8211; Homologa\u00e7\u00e3o Inscri\u00e7\u00f5es Mestrado<\/a><br \/><a href=\"http:\/\/exatas.ufpr.br\/ppgecm\/wp-content\/uploads\/sites\/27\/2023\/06\/Edital_010.2023_ProcessoSeletivo_2024_Mestrado.pdf\">Edital 010\/2023 &#8211; Processo Seletivo 2024 Mestrado<\/a><\/p>\n\n\n\n<hr class=\"wp-block-separator has-alpha-channel-opacity\" \/>\n\n\n\n<hr class=\"wp-block-separator has-alpha-channel-opacity\" \/>\n\n\n\n<p class=\"has-black-color has-text-color has-link-color wp-elements-f02061bef29c020ca3bb444c4173c166\" style=\"font-size:25px;font-style:normal;font-weight:600\">Credenciamento de Docentes <\/p>\n\n\n\n<p class=\"has-text-color has-link-color has-medium-font-size wp-elements-5da7826f8fb141b88cd89d54fd7d162f\" style=\"color:#3ea4bb;font-style:normal;font-weight:300\"><a href=\"http:\/\/exatas.ufpr.br\/ppgecm\/wp-content\/uploads\/sites\/27\/2023\/06\/Edital_008.2023_NovosDocentes_Credenciamento2023.pdf\">Edital 008\/2023 &#8211; Novos Docentes &#8211; CREDENCIAMENTO 2023 &#8211; PPGECM<\/a><br \/><a href=\"http:\/\/exatas.ufpr.br\/ppgecm\/wp-content\/uploads\/sites\/27\/2023\/05\/Edital_007.2023_CredenciamentoDocente.pdf\">Edital 007\/2023 &#8211; Credenciamento Docente &#8211; PPGECM\/CPA<\/a><\/p>\n\n\n\n<hr class=\"wp-block-separator has-alpha-channel-opacity\" \/>\n\n\n\n<hr class=\"wp-block-separator has-alpha-channel-opacity\" \/>\n\n\n\n<p class=\"has-black-color has-text-color has-link-color wp-elements-e7eaf6e6dcbd38302010a130d00a2f20\" style=\"font-size:25px;font-style:normal;font-weight:600\">Disciplinas Isoladas<\/p>\n\n\n\n<p class=\"has-text-color has-link-color has-medium-font-size wp-elements-383df20c7e052bda5ccefa97bb94ae2c\" style=\"color:#3ea4bb;font-style:normal;font-weight:300\"><a href=\"http:\/\/exatas.ufpr.br\/ppgecm\/wp-content\/uploads\/sites\/27\/2023\/02\/Edital_004-2023-Resultado_Isoladas.pdf\">Edital 004\/2023 &#8211; Resultado &#8211; Disciplinas Isoladas<br \/><\/a><a href=\"http:\/\/exatas.ufpr.br\/ppgecm\/wp-content\/uploads\/sites\/27\/2023\/02\/Edital_003.2023-Oferta_Isoladas.pdf\">Edital 003\/2023 &#8211; Oferta Disciplinas Isoladas<\/a><\/p>\n\n\n\n<hr class=\"wp-block-separator has-alpha-channel-opacity\" \/>\n\n\n\n<hr class=\"wp-block-separator has-alpha-channel-opacity\" \/>\n\n\n\n<p class=\"has-black-color has-text-color has-link-color wp-elements-5ef221b7fe590e64f16d1495cd819d8e\" style=\"font-size:25px;font-style:normal;font-weight:600\">Sele\u00e7\u00e3o de Bolsistas CAPES\/DS<\/p>\n\n\n\n<p class=\"has-text-color has-link-color has-medium-font-size wp-elements-1801ce82048b1466c396b92f8c8f9410\" style=\"color:#3ea4bb;font-style:normal;font-weight:300\"><a href=\"http:\/\/exatas.ufpr.br\/ppgecm\/wp-content\/uploads\/sites\/27\/2023\/12\/Edital_028.2023-Bolsas-2024.pdf\">Edital 028\/2023 \u2013 Sele\u00e7\u00e3o de Bolsistas CAPES\/DS<\/a><br \/><a href=\"http:\/\/exatas.ufpr.br\/ppgecm\/wp-content\/uploads\/sites\/27\/2023\/02\/Edital_006.2023-Resultado_Bolsistas_Mestrado.pdf\">Edital 006\/2023 &#8211; Resultado de Bolsistas CAPES\/DS &#8211; Mestrado<\/a><br \/><a href=\"http:\/\/exatas.ufpr.br\/ppgecm\/wp-content\/uploads\/sites\/27\/2023\/02\/Edital_005.2023-Resultado_Bolsistas_Doutorado.pdf\">Edital 005\/2023 &#8211; Resultado de Bolsistas CAPES &#8211; Doutorado<\/a><br \/><a href=\"http:\/\/exatas.ufpr.br\/ppgecm\/wp-content\/uploads\/sites\/27\/2023\/02\/Edital_002.2023-BOLSA_Mestrado.pdf\">Edital 002\/2023 &#8211; Sele\u00e7\u00e3o de Bolsistas CAPES\/DS &#8211; Mestrado<\/a><br \/><a href=\"http:\/\/exatas.ufpr.br\/ppgecm\/wp-content\/uploads\/sites\/27\/2023\/02\/Edital_001.2023-BOLSA_Doutorado.pdf\">Edital 001\/2023 &#8211; Sele\u00e7\u00e3o de Bolsistas CAPES\/DS &#8211; Doutorado<\/a><\/p>\n","protected":false},"excerpt":{"rendered":"<p>Bolsas PDSE Edital 027\/2023 &#8211; Resultado Bolsa PSDEEdital 026\/2023 &#8211; PDSE Elei\u00e7\u00f5es Edital 025\/2023 &#8211; Lista de VotantesEdital 024\/2023 &#8211; Elei\u00e7\u00f5es Homologa\u00e7\u00e3o de Chapa Sele\u00e7\u00e3o \u2013 Doutorado 2024 Edital 023\/2023 &#8211; Rela\u00e7\u00e3o Definitiva DoutoradoEdital 020\/2023 &#8211; Aprovados 2\u00aaEtapa DoutoradoEdital 017\/2023&hellip; <\/p>\n","protected":false},"author":3978,"featured_media":0,"parent":0,"menu_order":0,"comment_status":"closed","ping_status":"closed","template":"","meta":{"footnotes":""},"class_list":["post-3151","page","type-page","status-publish","hentry"],"_links":{"self":[{"href":"https:\/\/exatas.ufpr.br\/ppgecm\/wp-json\/wp\/v2\/pages\/3151","targetHints":{"allow":["GET"]}}],"collection":[{"href":"https:\/\/exatas.ufpr.br\/ppgecm\/wp-json\/wp\/v2\/pages"}],"about":[{"href":"https:\/\/exatas.ufpr.br\/ppgecm\/wp-json\/wp\/v2\/types\/page"}],"author":[{"embeddable":true,"href":"https:\/\/exatas.ufpr.br\/ppgecm\/wp-json\/wp\/v2\/users\/3978"}],"replies":[{"embeddable":true,"href":"https:\/\/exatas.ufpr.br\/ppgecm\/wp-json\/wp\/v2\/comments?post=3151"}],"version-history":[{"count":3,"href":"https:\/\/exatas.ufpr.br\/ppgecm\/wp-json\/wp\/v2\/pages\/3151\/revisions"}],"predecessor-version":[{"id":3458,"href":"https:\/\/exatas.ufpr.br\/ppgecm\/wp-json\/wp\/v2\/pages\/3151\/revisions\/3458"}],"wp:attachment":[{"href":"https:\/\/exatas.ufpr.br\/ppgecm\/wp-json\/wp\/v2\/media?parent=3151"}],"curies":[{"name":"wp","href":"https:\/\/api.w.org\/{rel}","templated":true}]}}