{"id":2980,"date":"2023-12-15T14:37:34","date_gmt":"2023-12-15T14:37:34","guid":{"rendered":"https:\/\/exatas.ufpr.br\/ppgecm\/?page_id=2980"},"modified":"2024-12-17T15:39:19","modified_gmt":"2024-12-17T15:39:19","slug":"disciplinas-primeiro-semestre-2024","status":"publish","type":"page","link":"https:\/\/exatas.ufpr.br\/ppgecm\/disciplinas-primeiro-semestre-2024\/","title":{"rendered":"Disciplinas 2024"},"content":{"rendered":"\n<p class=\"has-text-align-center\"><\/p><p class=\"has-text-align-center\"><\/p><p class=\"has-text-align-center\"><\/p><p class=\"has-text-align-center\"><\/p><p class=\"has-text-align-center\"><\/p><p class=\"has-text-align-center\"><\/p><p class=\"has-text-align-center\"><\/p><p class=\"has-text-align-center\"><\/p><p class=\"has-text-align-center\"><\/p><p class=\"has-text-align-center\"><\/p><p> <b style=\"font-size: revert;text-align: center;color: initial\"><u><span style=\"font-size:12.0pt;line-height:115%\">Disciplinas ofertadas PPGECM \u2013 1\u00ba semestre \/ 2024<\/span><\/u><\/b><\/p>\n\n\n\n<p><\/p><p><\/p><p><\/p><p><\/p><p class=\"has-text-align-center\"><span style=\"font-size:12.0pt;line-height:115%\"><\/span><\/p>\n\n\n\n<p><\/p><p><\/p><p><\/p><p><\/p><p class=\"has-text-align-center\"><span style=\"font-size:12.0pt;line-height:115%;color:#3366FF\">IN\u00cdCIO DAS AULAS: 04\/03\/2024<\/span><\/p>\n\n\n\n<figure class=\"wp-block-table\"><table><tbody><tr><td class=\"has-text-align-center\" data-align=\"center\" colspan=\"6\">DISCIPLINAS A SEREM OFERTADAS &#8211; 1\u00ba SEMESTRE 2024<\/td><\/tr><tr><td class=\"has-text-align-center\" data-align=\"center\">DISCIPLINA<\/td><td class=\"has-text-align-center\" data-align=\"center\">DOCENTES<\/td><td class=\"has-text-align-center\" data-align=\"center\">DIA\/HOR\u00c1RIO<\/td><td class=\"has-text-align-center\" data-align=\"center\">VAGAS ELETIVAS \/ISOLADAS<\/td><td class=\"has-text-align-center\" data-align=\"center\">CURSO<\/td><td class=\"has-text-align-center\" data-align=\"center\">LOCAL OBS.<\/td><\/tr><tr><td class=\"has-text-align-center\" data-align=\"center\">EDCM- 7044 PESQUISA EM EDUCA\u00c7\u00c3O EM CI\u00caNCIAS E EM MATEM\u00c1TICA E ESCOLA<\/td><td class=\"has-text-align-center\" data-align=\"center\">Emerson Rolkouski Elisangela de Campos e Eloisa Rossoti Navarro<\/td><td class=\"has-text-align-center\" data-align=\"center\">3\u00aa FEIRA 8H \u00c0S 12H<\/td><td class=\"has-text-align-center\" data-align=\"center\">15 eletivas At\u00e9 5 isoladas<\/td><td class=\"has-text-align-center\" data-align=\"center\">M \/ D<\/td><td class=\"has-text-align-center\" data-align=\"center\">Anfi B &#8211; Bloco PC &#8211; Centro Polit\u00e9cnico<\/td><\/tr><tr><td class=\"has-text-align-center\" data-align=\"center\">EDCM 7042 \u2013 FUNDAMENTOS EPISTEMOL\u00d3GICOS PARA EDUCA\u00c7\u00c3O EM CI\u00caNCIAS E EM MATEM\u00c1TICA<\/td><td class=\"has-text-align-center\" data-align=\"center\">Joanez Aparecida Aires<\/td><td class=\"has-text-align-center\" data-align=\"center\">3\u00aa FEIRA 14H \u00c0S 18H<\/td><td class=\"has-text-align-center\" data-align=\"center\">15 eletivas At\u00e9 5 isoladas<\/td><td class=\"has-text-align-center\" data-align=\"center\">M \/ D<\/td><td class=\"has-text-align-center\" data-align=\"center\">PPGECM<\/td><\/tr><tr><td class=\"has-text-align-center\" data-align=\"center\">EDCM &#8211; 7038 T\u00d3PICOS EM EDUCA\u00c7\u00c3O EM CI\u00caNCIAS E EM MATEM\u00c1TICA II \u2013 <em>Tecnologia Assistiva<\/em><\/td><td class=\"has-text-align-center\" data-align=\"center\">Anderson Roges Teixeira G\u00f3es e Priscila Kabbaz Alves da Costa<\/td><td class=\"has-text-align-center\" data-align=\"center\">3\u00aa FEIRA 18H30 \u00c0S 22H30<\/td><td class=\"has-text-align-center\" data-align=\"center\">15 eletivas At\u00e9 5 isoladas<\/td><td class=\"has-text-align-center\" data-align=\"center\">M \/ D<\/td><td class=\"has-text-align-center\" data-align=\"center\">PA-02 &#8211; Setor de Exatas &#8211; Centro Polit\u00e9cnico<\/td><\/tr><tr><td class=\"has-text-align-center\" data-align=\"center\">EDCM &#8211; 7038 T\u00d3PICOS EM EDUCA\u00c7\u00c3O EM CI\u00caNCIAS E EM MATEM\u00c1TICA II &#8211; REDA\u00c7\u00c3O ACAD\u00caMICA<\/td><td class=\"has-text-align-center\" data-align=\"center\">Maria das Gra\u00e7as Cleophas Porto e Ruth Margareth Hofmann<\/td><td class=\"has-text-align-center\" data-align=\"center\">4\u00aa FEIRA 9H30 \u00c0S 13H30<\/td><td class=\"has-text-align-center\" data-align=\"center\">15 eletivas At\u00e9 5 isoladas<\/td><td class=\"has-text-align-center\" data-align=\"center\">M \/ D<\/td><td class=\"has-text-align-center\" data-align=\"center\">Anfi A &#8211; Bloco PC &#8211; Centro Polit\u00e9cnico<\/td><\/tr><tr><td class=\"has-text-align-center\" data-align=\"center\">EDCM-7051 &#8211; T\u00d3PICOS EM EDUCA\u00c7\u00c3O EM CI\u00caNCIAS E EM MATEM\u00c1TICA III \u2013 <em>ASSUNTO: Fundamentos para pr\u00e1ticas pedag\u00f3gicas em perspectiva complexa<\/em><\/td><td class=\"has-text-align-center\" data-align=\"center\">Heliza Cola\u00e7o G\u00f3es<\/td><td class=\"has-text-align-center\" data-align=\"center\">4\u00aa FEIRA 14H \u00c0S 17H<\/td><td class=\"has-text-align-center\" data-align=\"center\">8 eletivas At\u00e9 7 isoladas<\/td><td class=\"has-text-align-center\" data-align=\"center\">M \/ D<\/td><td class=\"has-text-align-center\" data-align=\"center\">Sala de Reuni\u00f5es do Setor de Exatas &#8211; sala 400- BLOCO PA &#8211; Centro Polit\u00e9cnico.<br \/>Espelho com o PPGETPen: (EDTP-7024)<\/td><\/tr><tr><td class=\"has-text-align-center\" data-align=\"center\">EDCM 7003 &#8211; DIVULGA\u00c7\u00c3O CIENT\u00cdFICA EM ESPA\u00c7OS N\u00c3O-FORMAIS<\/td><td class=\"has-text-align-center\" data-align=\"center\">Marcelo Val\u00e9rio e Rodrigo Arantes Reis<\/td><td class=\"has-text-align-center\" data-align=\"center\">5\u00aa FEIRA 14H \u00c0S 18H<\/td><td class=\"has-text-align-center\" data-align=\"center\">15 eletivas At\u00e9 5 isoladas<\/td><td class=\"has-text-align-center\" data-align=\"center\">M \/ D<\/td><td class=\"has-text-align-center\" data-align=\"center\">EQ-04 &#8211; Pr\u00e9dio de Engenharia Qu\u00edmica &#8211; Centro Polit\u00e9cnico<\/td><\/tr><tr><td class=\"has-text-align-center\" data-align=\"center\">EDCM7034 &#8211; TEORIAS DA APRENDIZAGEM<\/td><td class=\"has-text-align-center\" data-align=\"center\">Roberta Chiesa Bartelmebs e Tiago Venturi<\/td><td class=\"has-text-align-center\" data-align=\"center\">5\u00aa FEIRA 8H \u00c0S 12H<\/td><td class=\"has-text-align-center\" data-align=\"center\">&#8211;<\/td><td class=\"has-text-align-center\" data-align=\"center\">D Obrigat\u00f3ria<\/td><td class=\"has-text-align-center\" data-align=\"center\">Modalidade Remota Somente para doutorandos<\/td><\/tr><tr><td class=\"has-text-align-center\" data-align=\"center\">EDCM &#8211; 7038 T\u00d3PICOS EM EDUCA\u00c7\u00c3O EM CI\u00caNCIAS E EM MATEM\u00c1TICA II &#8211; <em>Estudos Curriculares<\/em><\/td><td class=\"has-text-align-center\" data-align=\"center\">Elenilton Vieira Godoy<\/td><td class=\"has-text-align-center\" data-align=\"center\">5\u00aa FEIRA 14H \u00c0S 18H<\/td><td class=\"has-text-align-center\" data-align=\"center\">15 eletivas At\u00e9 5 isoladas<\/td><td class=\"has-text-align-center\" data-align=\"center\">M \/ D<\/td><td class=\"has-text-align-center\" data-align=\"center\">Sala 300- BLOCO PA &#8211; Setor de Exatas &#8211; Centro Polit\u00e9cnico.<\/td><\/tr><tr><td class=\"has-text-align-center\" data-align=\"center\">EDCM &#8211; 7038 T\u00d3PICOS EM EDUCA\u00c7\u00c3O EM CI\u00caNCIAS E EM MATEM\u00c1TICA II &#8211; <em>Estudos Culturais da Ci\u00eancia e Tecnologia<\/em><\/td><td class=\"has-text-align-center\" data-align=\"center\">Roberto Dalmo Varallo Lima de Oliveira<\/td><td class=\"has-text-align-center\" data-align=\"center\">6\u00aa FEIRA 14H \u00c0S 18H<\/td><td class=\"has-text-align-center\" data-align=\"center\">15 eletivas At\u00e9 5 isoladas<\/td><td class=\"has-text-align-center\" data-align=\"center\">M \/ D<\/td><td class=\"has-text-align-center\" data-align=\"center\">PA-06 &#8211; Setor de Exatas &#8211; Centro Polit\u00e9cnico<\/td><\/tr><\/tbody><\/table><\/figure>\n\n\n\n<p><strong>Disciplinas ofertadas PPGECM \u2013 2\u00ba semestre \/ 2024<\/strong><\/p>\n\n\n\n<p><\/p>\n\n\n\n<p><strong>IN\u00cdCIO DAS AULAS: 19\/08\/2024<\/strong><\/p>\n\n\n\n<figure class=\"wp-block-table\"><table><tbody><tr><td><strong>HOR\u00c1RIO<\/strong><\/td><td><strong>DISCIPLINA<\/strong><\/td><td><strong>DOCENTE(S)<\/strong><\/td><td><strong>CH \/ Cr\u00e9ditos<\/strong><\/td><td><strong>N\u00cdVEL<\/strong><\/td><td><strong>VAGAS<\/strong><\/td><td><strong>OBS<\/strong>.<\/td><\/tr><tr><td>Segunda-feira 13h30 \u00e0s 17h30<\/td><td><a href=\"https:\/\/exatas.ufpr.br\/ppgecm\/wp-content\/uploads\/sites\/27\/2024\/07\/EDCM7038-Topicos-II-A-Pesquisa-na-Educacao-em-Ciencias.pdf\">EDCM-7038 T\u00f3picos em Educa\u00e7\u00e3o em Ci\u00eancias e em Matem\u00e1tica II \u2013 Assunto:&nbsp;<em>A Pesquisa na Educa\u00e7\u00e3o em Ci\u00eancias<\/em><\/a><\/td><td>Leonir Lorenzetti Dieison Prestes da Silveira Ione Ines Pinsson Slongo Leice Milla Ribeiro de Novais Manuel Bandeira dos Santos Neto Marcia Regina Rodrigues da Silva Zago<\/td><td>60h \/ 4<\/td><td>Mestrado Doutorado<\/td><td>20 Regulares at\u00e9 5 isoladas<\/td><td>Sala de Reuni\u00f5es do Setor de Exatas<br \/>Centro Polit\u00e9cnico<\/td><\/tr><tr><td>Segunda-feira 18h00 \u00e0s 22h00<\/td><td><a href=\"https:\/\/exatas.ufpr.br\/ppgecm\/wp-content\/uploads\/sites\/27\/2024\/06\/PLANO-DE-TRABALHO-DISCIPLINA-Seminarios-de-pesquisa-II-2024-2.pdf\">EDCM-7033 Semin\u00e1rios de Pesquisa II<\/a><\/td><td>Roberto Gon\u00e7alves Barbosa<\/td><td>60h \/ 4<\/td><td>Doutorado<\/td><td>\u2013<\/td><td>Anfi-A<br \/>Centro Polit\u00e9cnico<\/td><\/tr><tr><td>Ter\u00e7a-feira 09h00 \u00e0s 13h00<\/td><td><a href=\"https:\/\/exatas.ufpr.br\/ppgecm\/wp-content\/uploads\/sites\/27\/2024\/06\/EDCM-7038-Topicos-II-Bachelar.pdf\">EDCM-7038 T\u00f3picos em Educa\u00e7\u00e3o em Ci\u00eancias e em Matem\u00e1tica II \u2013 Assunto:&nbsp;<em>Gaston Bachelar e o esp\u00edrito filos\u00f3fico na ci\u00eancia e na matem\u00e1tica<\/em><\/a><\/td><td>Jos\u00e9 Carlos Cifuentes<\/td><td>60h \/ 4<\/td><td>Mestrado Doutorado<\/td><td>\u2013<\/td><td>PA-06<br \/>Centro Polit\u00e9cnico<\/td><\/tr><tr><td>Quarta-feira 09h00 \u00e0s 13h00<\/td><td><a href=\"https:\/\/exatas.ufpr.br\/ppgecm\/wp-content\/uploads\/sites\/27\/2024\/06\/EDCM-7038-Topicos-II-Avaliacao-da-Aprendizagem-Escolar.pdf\">EDCM-7038 T\u00f3picos em Educa\u00e7\u00e3o em Ci\u00eancias e em Matem\u00e1tica II \u2013 Assunto:&nbsp;<em>Avalia\u00e7\u00e3o da Aprendizagem Escolar<\/em><\/a><\/td><td>Gabriel dos Santos e Silva<\/td><td>60h \/ 4<\/td><td>Mestrado Doutorado<\/td><td>20 Regulares at\u00e9 5 isoladas<\/td><td>PC-05<br \/>Centro Polit\u00e9cnico<\/td><\/tr><tr><td>Quinta-feira 09h30 \u00e0s 13h30<\/td><td><a href=\"https:\/\/exatas.ufpr.br\/ppgecm\/wp-content\/uploads\/sites\/27\/2024\/06\/EDCM-7038-Topicos-II-Algumas-teorias-de-aprendizagem.pdf\">EDCM-7038 T\u00f3picos em Educa\u00e7\u00e3o em Ci\u00eancias e em Matem\u00e1tica II \u2013 Assunto:&nbsp;<em>Algumas teorias cognitivas de aprendizagem e implica\u00e7\u00f5es para o ensino de Ci\u00eancias e Matem\u00e1tica<\/em><\/a><\/td><td>Neila Tonin Agranionih Tha\u00eds Rafaela Hilger<\/td><td>60h \/ 4<\/td><td>Mestrado Doutorado<\/td><td>15 Regulares at\u00e9 5 isoladas<\/td><td>Sala 7 Campus Rebou\u00e7as<\/td><\/tr><tr><td>Quinta-feira 14h00 as 17h30<\/td><td><a href=\"https:\/\/exatas.ufpr.br\/ppgecm\/wp-content\/uploads\/sites\/27\/2024\/06\/EDCM7051-DUA-na-Pratica-Docente.pdf\">EDCM-7051 T\u00f3picos em Educa\u00e7\u00e3o em Ci\u00eancias e em Matem\u00e1tica III \u2013 Assunto:&nbsp;<em>Desenho Universal para Aprendizagem (DUA) na pr\u00e1tica docente<\/em><\/a><\/td><td>Anderson Roges Teixeira G\u00f3es Priscila Kabbaz Alvez da Costa<\/td><td>45h \/ 3<\/td><td>Mestrado Doutorado<\/td><td>12 Regulares at\u00e9 7 isoladas<\/td><td>PC-11<br \/>Centro Polit\u00e9cnico<\/td><\/tr><tr><td>Sexta-feira 14h00 \u00e0s 18h00<\/td><td><a href=\"https:\/\/exatas.ufpr.br\/ppgecm\/wp-content\/uploads\/sites\/27\/2024\/06\/EDCM-7048_Tecnologias.pdf\">EDCM-7048 Tecnologias Digitais em Educa\u00e7\u00e3o em Ci\u00eancias e em Matem\u00e1tica<\/a><\/td><td>Marcelo Souza Motta<\/td><td>60h \/ 4<\/td><td>Mestrado Doutorado<\/td><td>15 Regulares at\u00e9 5 isoladas<\/td><td>Espelho: PPGFCET&nbsp;&nbsp; remota<\/td><\/tr><tr><td>Sexta-feira 19h00 \u00e0s 22h00<\/td><td><a href=\"https:\/\/exatas.ufpr.br\/ppgecm\/wp-content\/uploads\/sites\/27\/2024\/06\/EDCM7051-Didatica-da-Matematica.pdf\">EDCM-7051 T\u00f3picos em Educa\u00e7\u00e3o em Ci\u00eancias e em Matem\u00e1tica III \u2013 Assunto:&nbsp;<em>Did\u00e1ctica da la Matem\u00e1tica<\/em><\/a><\/td><td>Anderson Roges Teixeira G\u00f3es Ricardo Fabian Espinoza UNNE\/Argentina<\/td><td>45h \/ 3<\/td><td>Mestrado Doutorado<\/td><td>12 Regulares at\u00e9 7 isoladas<\/td><td>\u2013 Encontros presenciais: Sala 401 \u2013 Bloco PA \u2013 Setor de Ci\u00eancias Exatas \u2013 Centro Polit\u00e9cnico.<br \/>\u2013 Encontros s\u00edncronos:&nbsp;<em>meet.google.com\/mmv-jcax-cfw<\/em><br \/>\u2013 Ofertada em&nbsp;<strong>Espanhol<\/strong><\/td><\/tr><\/tbody><\/table><\/figure>\n","protected":false},"excerpt":{"rendered":"<p>Disciplinas ofertadas PPGECM \u2013 1\u00ba semestre \/ 2024 IN\u00cdCIO DAS AULAS: 04\/03\/2024 DISCIPLINAS A SEREM OFERTADAS &#8211; 1\u00ba SEMESTRE 2024 DISCIPLINA DOCENTES DIA\/HOR\u00c1RIO VAGAS ELETIVAS \/ISOLADAS CURSO LOCAL OBS. EDCM- 7044 PESQUISA EM EDUCA\u00c7\u00c3O EM CI\u00caNCIAS E EM MATEM\u00c1TICA E&hellip; <\/p>\n","protected":false},"author":3978,"featured_media":0,"parent":0,"menu_order":0,"comment_status":"closed","ping_status":"closed","template":"","meta":{"footnotes":""},"class_list":["post-2980","page","type-page","status-publish","hentry"],"_links":{"self":[{"href":"https:\/\/exatas.ufpr.br\/ppgecm\/wp-json\/wp\/v2\/pages\/2980","targetHints":{"allow":["GET"]}}],"collection":[{"href":"https:\/\/exatas.ufpr.br\/ppgecm\/wp-json\/wp\/v2\/pages"}],"about":[{"href":"https:\/\/exatas.ufpr.br\/ppgecm\/wp-json\/wp\/v2\/types\/page"}],"author":[{"embeddable":true,"href":"https:\/\/exatas.ufpr.br\/ppgecm\/wp-json\/wp\/v2\/users\/3978"}],"replies":[{"embeddable":true,"href":"https:\/\/exatas.ufpr.br\/ppgecm\/wp-json\/wp\/v2\/comments?post=2980"}],"version-history":[{"count":18,"href":"https:\/\/exatas.ufpr.br\/ppgecm\/wp-json\/wp\/v2\/pages\/2980\/revisions"}],"predecessor-version":[{"id":3879,"href":"https:\/\/exatas.ufpr.br\/ppgecm\/wp-json\/wp\/v2\/pages\/2980\/revisions\/3879"}],"wp:attachment":[{"href":"https:\/\/exatas.ufpr.br\/ppgecm\/wp-json\/wp\/v2\/media?parent=2980"}],"curies":[{"name":"wp","href":"https:\/\/api.w.org\/{rel}","templated":true}]}}