{"id":2975,"date":"2023-12-12T14:43:10","date_gmt":"2023-12-12T14:43:10","guid":{"rendered":"https:\/\/exatas.ufpr.br\/ppgecm\/?page_id=2975"},"modified":"2026-02-25T18:00:45","modified_gmt":"2026-02-25T18:00:45","slug":"calendario-2025","status":"publish","type":"page","link":"https:\/\/exatas.ufpr.br\/ppgecm\/calendario-2025\/","title":{"rendered":"Calend\u00e1rio 2026"},"content":{"rendered":"\n<p class=\"has-text-align-center has-large-font-size\"><a href=\"https:\/\/exatas.ufpr.br\/ppgecm\/wp-content\/uploads\/sites\/27\/2026\/02\/Manual_Discente_-2026.pdf\"><strong>Manual Discente &#8211; 2026<\/strong><\/a><\/p>\n\n\n\n<figure class=\"wp-block-table aligncenter is-style-regular\"><table class=\"has-fixed-layout\"><tbody><tr><td>                                 <strong>Eventos<\/strong><\/td><td class=\"has-text-align-center\" data-align=\"center\"><strong>Datas<\/strong><\/td><\/tr><tr><td>Ratifica\u00e7\u00e3o de Matr\u00edcula \u2013 Alunos Regulares \u2013 SIGA<\/td><td class=\"has-text-align-center\" data-align=\"center\"><strong>09 a 15\/02\/2026<\/strong><\/td><\/tr><tr><td>Registro em Disciplinas \u2013 Alunos Regulares \u2013 SIGA<\/td><td class=\"has-text-align-center\" data-align=\"center\"><strong>09 a 15\/02\/2026<\/strong><\/td><\/tr><tr><td>Ci\u00eancia de Disciplinas e Ratifica\u00e7\u00f5es \u2013 Docentes &#8211; SIGA<\/td><td class=\"has-text-align-center\" data-align=\"center\"><strong>09 a 15\/02\/2026<\/strong><\/td><\/tr><tr><td>Divulga\u00e7\u00e3o de Edital para vagas em Disciplinas Isoladas<\/td><td class=\"has-text-align-center\" data-align=\"center\"><strong>18\/02\/2026<\/strong><\/td><\/tr><tr><td>Inscri\u00e7\u00e3o \u2013 Disciplinas Isoladas e alunos de outros PPG<\/td><td class=\"has-text-align-center\" data-align=\"center\"><strong>18 a 22\/02\/2026<\/strong><\/td><\/tr><tr><td>Resultado \u2013 Disciplinas Isoladas<\/td><td class=\"has-text-align-center\" data-align=\"center\"><strong>At\u00e9 25\/02\/2026<\/strong><\/td><\/tr><tr><td>Matr\u00edculas \u2013 Disciplinas Isoladas<\/td><td class=\"has-text-align-center\" data-align=\"center\"><strong>At\u00e9 o 1\u00aa<\/strong><strong> dia de <\/strong><strong>Aula da disciplina<\/strong><\/td><\/tr><tr><td>In\u00edcio \u2013 1\u00ba Semestre Letivo<strong><\/strong><\/td><td class=\"has-text-align-center\" data-align=\"center\"><strong>02\/03\/2026<\/strong><\/td><\/tr><tr><td><strong>Aula Inaugural \u2013 <\/strong>19h00 <\/td><td class=\"has-text-align-center\" data-align=\"center\"><strong>03\/03\/2026<\/strong><\/td><\/tr><tr><td>In\u00edcio das aulas<\/td><td class=\"has-text-align-center\" data-align=\"center\"><strong>09\/03\/2026<\/strong><\/td><\/tr><tr><td>Final \u2013 1\u00ba Semestre Letivo<strong><\/strong><\/td><td class=\"has-text-align-center\" data-align=\"center\"><strong>30\/06\/2026<\/strong><strong><u><\/u><\/strong><\/td><\/tr><tr><td>Ratifica\u00e7\u00e3o de Matr\u00edcula \u2013 Alunos Regulares \u2013 SIGA<\/td><td class=\"has-text-align-center\" data-align=\"center\"><strong>01 a 10\/07\/2026<\/strong><\/td><\/tr><tr><td>Registro em Disciplinas \u2013 Alunos Regulares \u2013 SIGA<\/td><td class=\"has-text-align-center\" data-align=\"center\"><strong>01 a 10\/07\/2026<\/strong><\/td><\/tr><tr><td>Ci\u00eancia de Disciplinas e Ratifica\u00e7\u00f5es \u2013 Docentes &#8211; SIGA<\/td><td class=\"has-text-align-center\" data-align=\"center\"><strong>01 a 10\/07\/2026<\/strong><\/td><\/tr><tr><td>Divulga\u00e7\u00e3o de Edital para vagas em Disciplinas Isoladas<\/td><td class=\"has-text-align-center\" data-align=\"center\"><strong>10\/07\/2026<\/strong><\/td><\/tr><tr><td>Inscri\u00e7\u00e3o \u2013 Disciplinas Isoladas e alunos de outros PPG<\/td><td class=\"has-text-align-center\" data-align=\"center\"><strong>10 a 20\/07\/2026<\/strong><\/td><\/tr><tr><td>Resultado \u2013 Disciplinas Isoladas<\/td><td class=\"has-text-align-center\" data-align=\"center\"><strong>At\u00e9 27\/07\/2026<\/strong><\/td><\/tr><tr><td>Matr\u00edculas \u2013 Disciplinas Isoladas<\/td><td class=\"has-text-align-center\" data-align=\"center\"><strong>At\u00e9 o 1\u00aa<\/strong><strong> dia de <\/strong><strong>Aula da disciplina<\/strong><\/td><\/tr><tr><td>In\u00edcio \u2013 2\u00ba Semestre Letivo<strong><\/strong><\/td><td class=\"has-text-align-center\" data-align=\"center\"><strong>01\/08\/2026<\/strong><\/td><\/tr><tr><td>In\u00edcio das aulas<\/td><td class=\"has-text-align-center\" data-align=\"center\"><strong>06\/08\/2026<\/strong><\/td><\/tr><tr><td>T\u00e9rmino das Aulas<\/td><td class=\"has-text-align-center\" data-align=\"center\"><strong>30\/11\/2026<\/strong><\/td><\/tr><tr><td>X Workshop<\/td><td class=\"has-text-align-center\" data-align=\"center\"><strong>11\/2026<\/strong><\/td><\/tr><tr><td>Final \u2013 2\u00ba Semestre Letivo<strong><\/strong><\/td><td class=\"has-text-align-center\" data-align=\"center\"><strong>11\/12\/2026<\/strong><strong><u><\/u><\/strong><\/td><\/tr><\/tbody><\/table><\/figure>\n","protected":false},"excerpt":{"rendered":"<p>Manual Discente &#8211; 2026 Eventos Datas Ratifica\u00e7\u00e3o de Matr\u00edcula \u2013 Alunos Regulares \u2013 SIGA 09 a 15\/02\/2026 Registro em Disciplinas \u2013 Alunos Regulares \u2013 SIGA 09 a 15\/02\/2026 Ci\u00eancia de Disciplinas e Ratifica\u00e7\u00f5es \u2013 Docentes &#8211; SIGA 09 a 15\/02\/2026&hellip; <\/p>\n","protected":false},"author":3978,"featured_media":0,"parent":0,"menu_order":0,"comment_status":"closed","ping_status":"closed","template":"","meta":{"footnotes":""},"class_list":["post-2975","page","type-page","status-publish","hentry"],"_links":{"self":[{"href":"https:\/\/exatas.ufpr.br\/ppgecm\/wp-json\/wp\/v2\/pages\/2975","targetHints":{"allow":["GET"]}}],"collection":[{"href":"https:\/\/exatas.ufpr.br\/ppgecm\/wp-json\/wp\/v2\/pages"}],"about":[{"href":"https:\/\/exatas.ufpr.br\/ppgecm\/wp-json\/wp\/v2\/types\/page"}],"author":[{"embeddable":true,"href":"https:\/\/exatas.ufpr.br\/ppgecm\/wp-json\/wp\/v2\/users\/3978"}],"replies":[{"embeddable":true,"href":"https:\/\/exatas.ufpr.br\/ppgecm\/wp-json\/wp\/v2\/comments?post=2975"}],"version-history":[{"count":12,"href":"https:\/\/exatas.ufpr.br\/ppgecm\/wp-json\/wp\/v2\/pages\/2975\/revisions"}],"predecessor-version":[{"id":4997,"href":"https:\/\/exatas.ufpr.br\/ppgecm\/wp-json\/wp\/v2\/pages\/2975\/revisions\/4997"}],"wp:attachment":[{"href":"https:\/\/exatas.ufpr.br\/ppgecm\/wp-json\/wp\/v2\/media?parent=2975"}],"curies":[{"name":"wp","href":"https:\/\/api.w.org\/{rel}","templated":true}]}}