{"id":2822,"date":"2023-02-03T20:23:49","date_gmt":"2023-02-03T20:23:49","guid":{"rendered":"https:\/\/exatas.ufpr.br\/ppgecm\/?page_id=2822"},"modified":"2024-08-26T23:42:15","modified_gmt":"2024-08-26T23:42:15","slug":"editais-2022","status":"publish","type":"page","link":"https:\/\/exatas.ufpr.br\/ppgecm\/editais-2022\/","title":{"rendered":"Editais 2022"},"content":{"rendered":"\n<p class=\"has-black-color has-text-color has-link-color wp-elements-2bcf3347f38ce2b354f74c14edaefefa\" style=\"font-size:25px;font-style:normal;font-weight:600\">Sele\u00e7\u00e3o \u2013 Doutorado 2023<\/p>\n\n\n\n<p class=\"has-text-color has-link-color has-medium-font-size wp-elements-68924171f2930ba9476a994ba20cc408\" style=\"color:#3ea4bb;font-style:normal;font-weight:300\"><a href=\"https:\/\/exatas.ufpr.br\/ppgecm\/wp-content\/uploads\/sites\/27\/2022\/12\/Edital-035-2022-ResultadoFinal_P%C3%B3s-Doc.pdf\" target=\"_blank\" rel=\"noreferrer noopener\">Edital 035\/2022 \u2013 Resultado Final \u2013\u00a0P\u00d3S-DOC<\/a><\/p>\n\n\n\n<p class=\"has-text-color has-link-color has-medium-font-size wp-elements-19936c77f3b917970e73f727e748f3a4\" style=\"color:#3ea4bb;font-style:normal;font-weight:300\"><a href=\"http:\/\/exatas.ufpr.br\/ppgecm\/wp-content\/uploads\/sites\/27\/2022\/11\/Edital-033-2022-Resultado-2\u00aa-Fase-P\u00f3s-Doc.pdf\" target=\"_blank\" rel=\"noreferrer noopener\">Edital 033\/2022 \u2013 Resultado Preliminar da Etapa 2 \u2013\u00a0P\u00d3S-DOC<\/a><\/p>\n\n\n\n<p class=\"has-text-color has-link-color has-medium-font-size wp-elements-386ff3abbeef1ebcc6a15dc8055cd780\" style=\"color:#3ea4bb;font-style:normal;font-weight:300\"><a href=\"http:\/\/exatas.ufpr.br\/ppgecm\/wp-content\/uploads\/sites\/27\/2022\/11\/Edital-031-2022-Resultado-1\u00aa-Fase-P\u00f3s-Doc.pdf\" target=\"_blank\" rel=\"noreferrer noopener\">Edital 031\/2022 \u2013 Resultado Preliminar da Etapa 1 \u2013\u00a0P\u00d3S-DOC<\/a><\/p>\n\n\n\n<p class=\"has-text-color has-link-color has-medium-font-size wp-elements-46048f72d9f85851a25bfdee1a560d54\" style=\"color:#3ea4bb;font-style:normal;font-weight:300\">Edital 030\/2022 \u2013 Homologa\u00e7\u00e3o de Inscri\u00e7\u00f5es \u2013 P\u00d3S DOC<\/p>\n\n\n\n<p class=\"has-text-color has-link-color has-medium-font-size wp-elements-3b2e1ee286fbd6ecc513dd4fb38c7f40\" style=\"color:#3ea4bb;font-style:normal;font-weight:300\">Edital 028\/2022 \u2013 Resultado Definitivo Doutorado<\/p>\n\n\n\n<p class=\"has-text-color has-link-color has-medium-font-size wp-elements-d0644d26eeedb6adaf070e751bdb4e2b\" style=\"color:#3ea4bb;font-style:normal;font-weight:300\"><a href=\"http:\/\/exatas.ufpr.br\/ppgecm\/wp-content\/uploads\/sites\/27\/2023\/03\/Edital-026-2022-Sele\u00e7\u00e3o_P\u00f3s-Doc.pdf\" target=\"_blank\" rel=\"noreferrer noopener\">Edital_026\/2022_P\u00d3S-DOC_PPGECM<\/a><\/p>\n\n\n\n<p class=\"has-text-color has-link-color has-medium-font-size wp-elements-9e00f20df108285c02c081b2d91eb116\" style=\"color:#3ea4bb;font-style:normal;font-weight:300\">Edital 024\/2022_Aprovados_ 2\u00aa Etapa_Doutorado_PPGECM<\/p>\n\n\n\n<p class=\"has-text-color has-link-color has-medium-font-size wp-elements-268ba4c58f9287ff4889d02b7a290d9c\" style=\"color:#3ea4bb;font-style:normal;font-weight:300\"><a href=\"http:\/\/exatas.ufpr.br\/ppgecm\/wp-content\/uploads\/sites\/27\/2022\/09\/Edital-022-2022-2\u00aaEtapa_Doutorado.pdf\" target=\"_blank\" rel=\"noreferrer noopener\">Edital_022\/2022_2\u00aa Etapa_Doutorado_PPGECM<\/a><\/p>\n\n\n\n<p class=\"has-text-color has-link-color has-medium-font-size wp-elements-d1fcbd03beaeef03c1cf2f34dd6817ef\" style=\"color:#3ea4bb;font-style:normal;font-weight:300\"><a href=\"http:\/\/exatas.ufpr.br\/ppgecm\/wp-content\/uploads\/sites\/27\/2022\/09\/Edital-020-2022-Rela\u00e7\u00e3oDefinitiva_Aprovados_1\u00aaEtapa_Doutorado.pdf\" target=\"_blank\" rel=\"noreferrer noopener\">Edital_020\/2022_Rela\u00e7\u00e3o Definitiva_Aprovados 1\u00aa Etapa_Doutorado_PPGECM<\/a><\/p>\n\n\n\n<p class=\"has-text-color has-link-color has-medium-font-size wp-elements-18423b3d5455934a6f7fcb021e426525\" style=\"color:#3ea4bb;font-style:normal;font-weight:300\"><a href=\"http:\/\/exatas.ufpr.br\/ppgecm\/wp-content\/uploads\/sites\/27\/2022\/09\/Edital-018-2022-Aprovados_1\u00aaEtapa_Doutorado.pdf\" target=\"_blank\" rel=\"noreferrer noopener\">Edital_018\/2022_Aprovados 1\u00aa Etapa_Doutorado_PPGECM<\/a><\/p>\n\n\n\n<p class=\"has-text-color has-link-color has-medium-font-size wp-elements-2ba5de9545dd0a45185d4f3bbe34b686\" style=\"color:#3ea4bb;font-style:normal;font-weight:300\"><a href=\"http:\/\/exatas.ufpr.br\/ppgecm\/wp-content\/uploads\/sites\/27\/2022\/08\/Edital-016-2022-Homologa\u00e7\u00e3o_Inscri\u00e7\u00f5es_Doutorado.pdf\" target=\"_blank\" rel=\"noreferrer noopener\">Edital_016\/2022_Homologa\u00e7\u00e3o de Inscri\u00e7\u00f5es_Doutorado_PPGECM<\/a><\/p>\n\n\n\n<p class=\"has-text-color has-link-color has-medium-font-size wp-elements-3826a432031f4fcd2fd0c0e415d68301\" style=\"color:#3ea4bb;font-style:normal;font-weight:300\"><a href=\"http:\/\/exatas.ufpr.br\/ppgecm\/wp-content\/uploads\/sites\/27\/2022\/06\/Edital_013-2022_Selecao_Doutorado_PPGECM.pdf\" target=\"_blank\" rel=\"noreferrer noopener\">Edital 013\/2022 Sele\u00e7\u00e3o Doutorado PPGECM<\/a><\/p>\n\n\n\n<hr class=\"wp-block-separator has-alpha-channel-opacity\" \/>\n\n\n\n<hr class=\"wp-block-separator has-alpha-channel-opacity\" \/>\n\n\n\n<p class=\"has-black-color has-text-color has-link-color wp-elements-4e41ec13f241a5ec688907dffd5aec18\" style=\"font-size:25px;font-style:normal;font-weight:600\">Sele\u00e7\u00e3o &#8211; Mestrado 2023<\/p>\n\n\n\n<p class=\"has-text-color has-link-color has-medium-font-size wp-elements-fed432aa03078f3ddb7dfac49c70b801\" style=\"color:#3ea4bb;font-style:normal;font-weight:300\"><a href=\"http:\/\/exatas.ufpr.br\/ppgecm\/wp-content\/uploads\/sites\/27\/2022\/12\/Edital-038-2022-Resultado_Definitivo_MestradoII.pdf\" target=\"_blank\" rel=\"noreferrer noopener\">Edital 038\/2022\u00a0 \u2013 Resultado Definitivo \u2013 Mestrado \u2013 Ref:Edital_025\/2022<\/a><\/p>\n\n\n\n<p class=\"has-text-color has-link-color has-medium-font-size wp-elements-98327fa1d26c02d9059b10db407af1d3\" style=\"color:#3ea4bb;font-style:normal;font-weight:300\"><a href=\"http:\/\/exatas.ufpr.br\/ppgecm\/wp-content\/uploads\/sites\/27\/2022\/12\/Edital-037-2022-Resultado_Final_MestradoII.pdf\" target=\"_blank\" rel=\"noreferrer noopener\">Edital 037\/2022\u00a0 \u2013 Resultado Final \u2013 Mestrado \u2013 Ref:Edital_025\/2022<\/a><\/p>\n\n\n\n<p class=\"has-text-color has-link-color has-medium-font-size wp-elements-46fc3c15dea4e66537ad1408005a53e4\" style=\"color:#3ea4bb;font-style:normal;font-weight:300\"><a href=\"http:\/\/exatas.ufpr.br\/ppgecm\/wp-content\/uploads\/sites\/27\/2022\/12\/Edital-036-2022-Retifica\u00e7\u00e3o_EntrevistaeArgui\u00e7\u00e3o_Mestrado.pdf\" target=\"_blank\" rel=\"noreferrer noopener\">Edital 036\/2022\u00a0 \u2013 Retifica\u00e7\u00e3o \u2013 Datas e Links \u2013 Entrevista e Argui\u00e7\u00e3o \u2013 Mestrado \u2013 REF:Edital_025\/2022<\/a><\/p>\n\n\n\n<p class=\"has-text-color has-link-color has-medium-font-size wp-elements-91f7d62173b7454b2e95476adb736da0\" style=\"color:#3ea4bb;font-style:normal;font-weight:300\"><a href=\"http:\/\/exatas.ufpr.br\/ppgecm\/wp-content\/uploads\/sites\/27\/2022\/12\/Edital-034-2022-EntrevistaeArgui\u00e7\u00e3o_Mestrado.pdf\" target=\"_blank\" rel=\"noreferrer noopener\">Edital 034\/2022\u00a0 \u2013 Datas e Links \u2013 Entrevista e Argui\u00e7\u00e3o \u2013 Mestrado \u2013 REF:Edital_025\/2022<\/a><\/p>\n\n\n\n<p class=\"has-text-color has-link-color has-medium-font-size wp-elements-fc1c52d4d8d6dbf7b167130d83cad8b9\" style=\"color:#3ea4bb;font-style:normal;font-weight:300\"><a href=\"http:\/\/exatas.ufpr.br\/ppgecm\/wp-content\/uploads\/sites\/27\/2022\/11\/Edital-032-2022-Resultado_1\u00aaEtapa_Mestrado.pdf\" target=\"_blank\" rel=\"noreferrer noopener\">Edital 032\/2022 \u2013 Resultado da Primeira Etapa \u2013 Mestrado \u2013 REF:Edital_025\/2022<\/a><\/p>\n\n\n\n<p class=\"has-text-color has-link-color has-medium-font-size wp-elements-d879f783c1953f3f56572e60ba6f270a\" style=\"color:#3ea4bb;font-style:normal;font-weight:300\">Edital 029\/2022 \u2013 Homologa\u00e7\u00e3o de Inscri\u00e7\u00f5es \u2013 Mestrado \u2013 REF:Edital_025\/2022<\/p>\n\n\n\n<p class=\"has-text-color has-link-color has-medium-font-size wp-elements-c08edea253a505baf85bf70531fdc31f\" style=\"color:#3ea4bb;font-style:normal;font-weight:300\">Edital 027\/2022 \u2013 Resultado Definitivo Mestrado PPGECM<\/p>\n\n\n\n<p class=\"has-text-color has-link-color has-medium-font-size wp-elements-e281b593e6c33707f09b872184d2701f\" style=\"color:#3ea4bb;font-style:normal;font-weight:300\"><a href=\"http:\/\/exatas.ufpr.br\/ppgecm\/wp-content\/uploads\/sites\/27\/2022\/11\/Edital_025.2022-MESTRADO-ESPECIAL.pdf\" target=\"_blank\" rel=\"noreferrer noopener\">Edital_025\/2022_Mestrado Especial_PPGECM<\/a><\/p>\n\n\n\n<p class=\"has-text-color has-link-color has-medium-font-size wp-elements-ba100d71017c512d59b580163af5fe91\" style=\"color:#3ea4bb;font-style:normal;font-weight:300\">Template \u2013 Projeto \u2013&nbsp;Mestrado Especial \u2013 2022-2023<\/p>\n\n\n\n<p class=\"has-text-color has-link-color has-medium-font-size wp-elements-981a936af5e6e6fd23184fd361e45c23\" style=\"color:#3ea4bb;font-style:normal;font-weight:300\">Edital_023\/2022_Aprovados2\u00aa Etapa_Mestrado_PPGECM\u00a0<\/p>\n\n\n\n<p class=\"has-text-color has-link-color has-medium-font-size wp-elements-8753f065d4f57cb2f14940cd296d41c6\" style=\"color:#3ea4bb;font-style:normal;font-weight:300\"><a href=\"http:\/\/exatas.ufpr.br\/ppgecm\/wp-content\/uploads\/sites\/27\/2022\/09\/Edital-021-2022_2\u00aaEtapa_Mestrado.pdf\" target=\"_blank\" rel=\"noreferrer noopener\">Edital_021\/2022_2\u00aa Etapa_Mestrado_PPGECM<\/a><\/p>\n\n\n\n<p class=\"has-text-color has-link-color has-medium-font-size wp-elements-7539760593d5463f30099b094b4d545b\" style=\"color:#3ea4bb;font-style:normal;font-weight:300\"><a href=\"http:\/\/exatas.ufpr.br\/ppgecm\/wp-content\/uploads\/sites\/27\/2022\/09\/Edital-019-2022-Rela\u00e7\u00e3oDefinitiva_Aprovados_1\u00aaEtapa_Mestrado.pdf\" target=\"_blank\" rel=\"noreferrer noopener\">Edital_019\/2022_Rela\u00e7\u00e3o Definitiva_Aprovados 1\u00aa Etapa_Mestrado_PPGECM<\/a><\/p>\n\n\n\n<p class=\"has-text-color has-link-color has-medium-font-size wp-elements-654d8345579efef0a993fa0d74afccdd\" style=\"color:#3ea4bb;font-style:normal;font-weight:300\"><a href=\"http:\/\/exatas.ufpr.br\/ppgecm\/wp-content\/uploads\/sites\/27\/2022\/09\/Edital-017-2022-Aprovados_1\u00aaEtapa_Mestrado.pdf\" target=\"_blank\" rel=\"noreferrer noopener\">Edital_017\/2022_Aprovados 1\u00aa Etapa_Mestrado_PPGECM<\/a><\/p>\n\n\n\n<p class=\"has-text-color has-link-color has-medium-font-size wp-elements-d000be40ce6c27b3469b4742edad0184\" style=\"color:#3ea4bb;font-style:normal;font-weight:300\"><a href=\"http:\/\/exatas.ufpr.br\/ppgecm\/wp-content\/uploads\/sites\/27\/2022\/08\/Edital-015-2022-Homologa\u00e7\u00e3o_Inscri\u00e7\u00f5es_Mestrado.pdf\" target=\"_blank\" rel=\"noreferrer noopener\">Edital_015\/2022_Homologa\u00e7\u00e3o de Inscri\u00e7\u00f5es &#8211; Mestrado<\/a><\/p>\n\n\n\n<p class=\"has-text-color has-link-color has-medium-font-size wp-elements-9453e5bea29d14084611b21b5eda949b\" style=\"color:#3ea4bb;font-style:normal;font-weight:300\"><a href=\"http:\/\/exatas.ufpr.br\/ppgecm\/wp-content\/uploads\/sites\/27\/2022\/06\/Edital_012-2022_Selecao_Mestrado_PPGECM.pdf\" target=\"_blank\" rel=\"noreferrer noopener\">Edital 012\/2022 Sele\u00e7\u00e3o Mestrado<\/a><\/p>\n\n\n\n<p class=\"has-text-color has-link-color has-medium-font-size wp-elements-548df9686c99cf3076357790ee99cf0e\" style=\"color:#3ea4bb;font-style:normal;font-weight:300\"><a href=\"http:\/\/exatas.ufpr.br\/ppgecm\/wp-content\/uploads\/sites\/27\/2022\/02\/Edital_001.2022_Convoca\u00e7\u00e3o_ListadeEspera_Mestrado.pdf\" target=\"_blank\" rel=\"noreferrer noopener\">Edital 001\/2022 \u2013 Convoca\u00e7\u00e3o de Lista de Espera \u2013 Mestrado -ProcessoSeletivo_2022<\/a><\/p>\n\n\n\n<hr class=\"wp-block-separator has-alpha-channel-opacity\" \/>\n\n\n\n<hr class=\"wp-block-separator has-alpha-channel-opacity\" \/>\n\n\n\n<p class=\"has-black-color has-text-color has-link-color wp-elements-5ef221b7fe590e64f16d1495cd819d8e\" style=\"font-size:25px;font-style:normal;font-weight:600\">Sele\u00e7\u00e3o de Bolsistas CAPES\/DS<\/p>\n\n\n\n<p class=\"has-text-color has-link-color has-medium-font-size wp-elements-36204d37112faf56c04a7346be55f72d\" style=\"color:#3ea4bb;font-style:normal;font-weight:300\"><a href=\"http:\/\/exatas.ufpr.br\/ppgecm\/wp-content\/uploads\/sites\/27\/2022\/02\/Edital-004.2022-BOLSA-CAPES-DS_Doutorado.pdf\" target=\"_blank\" rel=\"noreferrer noopener\">Edital 004\/2022 \u2013 Sele\u00e7\u00e3o de Bolsistas CAPES\/DS \u2013 Doutorado<\/a><\/p>\n\n\n\n<p class=\"has-text-color has-link-color has-medium-font-size wp-elements-79ce71fcf5c885de55a1ce61143bcfb1\" style=\"color:#3ea4bb;font-style:normal;font-weight:300\"><a href=\"http:\/\/exatas.ufpr.br\/ppgecm\/wp-content\/uploads\/sites\/27\/2022\/02\/Edital-003.2022-BOLSA-CAPES-DS_Mestrado.pdf\" target=\"_blank\" rel=\"noreferrer noopener\">Edital 003\/2022 \u2013 Sele\u00e7\u00e3o de Bolsistas CAPES\/DS \u2013 Mestrado<\/a><\/p>\n\n\n\n<hr class=\"wp-block-separator has-alpha-channel-opacity\" \/>\n\n\n\n<hr class=\"wp-block-separator has-alpha-channel-opacity\" \/>\n\n\n\n<p class=\"has-black-color has-text-color has-link-color wp-elements-e7eaf6e6dcbd38302010a130d00a2f20\" style=\"font-size:25px;font-style:normal;font-weight:600\">Disciplinas Isoladas<\/p>\n\n\n\n<p class=\"has-text-color has-link-color has-medium-font-size wp-elements-a08fa43b5370f861c302220bbda7743f\" style=\"color:#3ea4bb;font-style:normal;font-weight:300\"><a href=\"http:\/\/exatas.ufpr.br\/ppgecm\/wp-content\/uploads\/sites\/27\/2022\/02\/Edital_002.2022_ProcedimentosparaInscri\u00e7\u00e3o_DisciplinasIsoladas_01-2022.pdf\" target=\"_blank\" rel=\"noreferrer noopener\">Edital 002\/2022 \u2013 Inscri\u00e7\u00e3o em Disciplina Isolada \u2013 1\u00ba Semestre \/ 2022<\/a><\/p>\n\n\n\n<p class=\"has-text-color has-link-color has-medium-font-size wp-elements-d64431ba2ce919de724828794797b1d3\" style=\"color:#3ea4bb;font-style:normal;font-weight:300\"><a href=\"http:\/\/exatas.ufpr.br\/ppgecm\/wp-content\/uploads\/sites\/27\/2022\/02\/Edital_005.2022_Resultado_DisciplinasIsoladas_01-2022.pdf\" target=\"_blank\" rel=\"noreferrer noopener\">Edital 005\/2021 \u2013 Resultado \u2013 Disciplinas Isoladas \u2013 1\u00ba Semestre \/ 2022<\/a><\/p>\n","protected":false},"excerpt":{"rendered":"<p>Sele\u00e7\u00e3o \u2013 Doutorado 2023 Edital 035\/2022 \u2013 Resultado Final \u2013\u00a0P\u00d3S-DOC Edital 033\/2022 \u2013 Resultado Preliminar da Etapa 2 \u2013\u00a0P\u00d3S-DOC Edital 031\/2022 \u2013 Resultado Preliminar da Etapa 1 \u2013\u00a0P\u00d3S-DOC Edital 030\/2022 \u2013 Homologa\u00e7\u00e3o de Inscri\u00e7\u00f5es \u2013 P\u00d3S DOC Edital 028\/2022 \u2013&hellip; <\/p>\n","protected":false},"author":3978,"featured_media":0,"parent":0,"menu_order":0,"comment_status":"closed","ping_status":"closed","template":"","meta":{"footnotes":""},"class_list":["post-2822","page","type-page","status-publish","hentry"],"_links":{"self":[{"href":"https:\/\/exatas.ufpr.br\/ppgecm\/wp-json\/wp\/v2\/pages\/2822","targetHints":{"allow":["GET"]}}],"collection":[{"href":"https:\/\/exatas.ufpr.br\/ppgecm\/wp-json\/wp\/v2\/pages"}],"about":[{"href":"https:\/\/exatas.ufpr.br\/ppgecm\/wp-json\/wp\/v2\/types\/page"}],"author":[{"embeddable":true,"href":"https:\/\/exatas.ufpr.br\/ppgecm\/wp-json\/wp\/v2\/users\/3978"}],"replies":[{"embeddable":true,"href":"https:\/\/exatas.ufpr.br\/ppgecm\/wp-json\/wp\/v2\/comments?post=2822"}],"version-history":[{"count":3,"href":"https:\/\/exatas.ufpr.br\/ppgecm\/wp-json\/wp\/v2\/pages\/2822\/revisions"}],"predecessor-version":[{"id":3455,"href":"https:\/\/exatas.ufpr.br\/ppgecm\/wp-json\/wp\/v2\/pages\/2822\/revisions\/3455"}],"wp:attachment":[{"href":"https:\/\/exatas.ufpr.br\/ppgecm\/wp-json\/wp\/v2\/media?parent=2822"}],"curies":[{"name":"wp","href":"https:\/\/api.w.org\/{rel}","templated":true}]}}