{"id":2769,"date":"2022-11-29T14:04:40","date_gmt":"2022-11-29T14:04:40","guid":{"rendered":"https:\/\/exatas.ufpr.br\/ppgecm\/?page_id=2769"},"modified":"2023-07-06T18:27:43","modified_gmt":"2023-07-06T18:27:43","slug":"calendario-2023","status":"publish","type":"page","link":"https:\/\/exatas.ufpr.br\/ppgecm\/calendario-2023\/","title":{"rendered":"Calend\u00e1rio 2023"},"content":{"rendered":"<table style=\"height: 2025px\" width=\"1106\">\n<tbody>\n<tr>\n<td width=\"386\">\n<p style=\"text-align: center\">Eventos<\/p>\n<\/td>\n<td width=\"188\">\n<p style=\"text-align: center\">Datas<\/p>\n<\/td>\n<\/tr>\n<tr>\n<td width=\"386\">Ratifica\u00e7\u00e3o de Matr\u00edcula \u2013 Alunos Regulares \u2013 SIGA<\/td>\n<td width=\"188\">\n<p style=\"text-align: center\">01 a 12\/02\/2023<\/p>\n<\/td>\n<\/tr>\n<tr>\n<td width=\"386\">Registro em Disciplinas \u2013 Alunos Regulares \u2013 SIGA<\/td>\n<td width=\"188\">\n<p style=\"text-align: center\">01 a 12\/02\/2023<\/p>\n<\/td>\n<\/tr>\n<tr>\n<td width=\"386\">Ci\u00eancia de Disciplinas e Ratifica\u00e7\u00f5es \u2013 Docentes \u2013 SIGA<\/td>\n<td width=\"188\">\n<p style=\"text-align: center\">13 a 17\/02\/2023<\/p>\n<\/td>\n<\/tr>\n<tr>\n<td width=\"386\">Matr\u00edcula de alunos de outros PPG<\/td>\n<td width=\"188\">\n<p style=\"text-align: center\">13 a 22\/02\/2023<\/p>\n<\/td>\n<\/tr>\n<tr>\n<td width=\"386\">Divulga\u00e7\u00e3o de Edital para vagas em Disciplinas Isoladas<\/td>\n<td width=\"188\">\n<p style=\"text-align: center\">13\/02\/2023<\/p>\n<\/td>\n<\/tr>\n<tr>\n<td width=\"386\">Inscri\u00e7\u00e3o \u2013 Disciplinas Isoladas<\/td>\n<td width=\"188\">\n<p style=\"text-align: center\">14 a 22\/02\/2023<\/p>\n<\/td>\n<\/tr>\n<tr>\n<td width=\"386\">Resultado \u2013 Disciplinas Isoladas<\/td>\n<td width=\"188\">\n<p style=\"text-align: center\">At\u00e9 27\/02\/2023<\/p>\n<\/td>\n<\/tr>\n<tr>\n<td width=\"386\">Matr\u00edculas \u2013 Disciplinas Isoladas<\/td>\n<td width=\"188\">\n<p style=\"text-align: center\">28\/02 a 03\/03\/2023<\/p>\n<\/td>\n<\/tr>\n<tr>\n<td width=\"386\"><strong>In\u00edcio do 1\u00ba Semestre Letivo <\/strong><\/td>\n<td width=\"188\">\n<p style=\"text-align: center\"><strong>01\/03\/2023<\/strong><\/p>\n<\/td>\n<\/tr>\n<tr>\n<td width=\"386\">Aula Inaugural \u2013 19h00<\/td>\n<td width=\"188\">\n<p style=\"text-align: center\">20\/03\/2023<\/p>\n<\/td>\n<\/tr>\n<tr>\n<td width=\"386\">In\u00edcio das aulas<\/td>\n<td width=\"188\">\n<p style=\"text-align: center\">20\/03\/2023<\/p>\n<\/td>\n<\/tr>\n<tr>\n<td width=\"386\">XII Workshop<\/td>\n<td width=\"188\">\n<p style=\"text-align: center\">22\/03\/2022 a 24\/03\/2023<\/p>\n<\/td>\n<\/tr>\n<tr>\n<td width=\"386\">Apresenta\u00e7\u00e3o de relat\u00f3rios da disciplina de Pr\u00e1tica de Doc\u00eancia <strong>1\u00aa. Reuni\u00e3o do Colegiado<\/strong><\/td>\n<td width=\"188\">\n<p style=\"text-align: center\">01 a 15\/03\/2023<\/p>\n<\/td>\n<\/tr>\n<tr>\n<td width=\"386\">Solicita\u00e7\u00e3o de Valida\u00e7\u00e3o de Cr\u00e9ditos em Atividades Complementares \u2013 Resolu\u00e7\u00e3o 01\/20<\/td>\n<td width=\"188\">\n<p style=\"text-align: center\">01 a 15\/03\/2023<\/p>\n<\/td>\n<\/tr>\n<tr>\n<td width=\"386\">Apresenta\u00e7\u00e3o de relat\u00f3rio das atividades de bolsista<\/td>\n<td width=\"188\">\n<p style=\"text-align: center\">01 a 10\/04\/2023<\/p>\n<\/td>\n<\/tr>\n<tr>\n<td width=\"386\"><strong>Final do 1\u00ba Semestre Letivo<\/strong><\/td>\n<td width=\"188\">\n<p style=\"text-align: center\"><strong>30\/06\/2023<\/strong><\/p>\n<\/td>\n<\/tr>\n<tr>\n<td width=\"386\">Ratifica\u00e7\u00e3o de Matr\u00edcula \u2013 Alunos Regulares \u2013 SIGA<\/td>\n<td width=\"188\">\n<p style=\"text-align: center\">10 a 20\/07\/2023<\/p>\n<\/td>\n<\/tr>\n<tr>\n<td width=\"386\">Registro em Disciplinas \u2013 Alunos Regulares \u2013 SIGA<\/td>\n<td width=\"188\">\n<p style=\"text-align: center\">10 a 20\/07\/2023<\/p>\n<\/td>\n<\/tr>\n<tr>\n<td width=\"386\">Ci\u00eancia de Disciplinas e Ratifica\u00e7\u00f5es \u2013 Docentes \u2013 SIGA<\/td>\n<td width=\"188\">\n<p style=\"text-align: center\">10 a 25\/07\/2023<\/p>\n<\/td>\n<\/tr>\n<tr>\n<td width=\"386\">Matr\u00edcula de alunos de outros PPG<\/td>\n<td width=\"188\">\n<p style=\"text-align: center\">20 a 25\/07\/2023<\/p>\n<\/td>\n<\/tr>\n<tr>\n<td width=\"386\">Divulga\u00e7\u00e3o de Edital para vagas em Disciplinas Isoladas<\/td>\n<td width=\"188\">\n<p style=\"text-align: center\">21\/07\/2023<\/p>\n<\/td>\n<\/tr>\n<tr>\n<td width=\"386\">Inscri\u00e7\u00e3o \u2013 Disciplinas Isoladas<\/td>\n<td width=\"188\">\n<p style=\"text-align: center\">22 a 28\/07\/2023<\/p>\n<\/td>\n<\/tr>\n<tr>\n<td width=\"386\">Resultado \u2013 Disciplinas Isoladas<\/td>\n<td width=\"188\">\n<p style=\"text-align: center\">At\u00e9 31\/07\/2023<\/p>\n<\/td>\n<\/tr>\n<tr>\n<td width=\"386\">Matr\u00edculas \u2013 Disciplinas Isoladas<\/td>\n<td width=\"188\">\n<p style=\"text-align: center\">01 a 04\/08\/2023<\/p>\n<\/td>\n<\/tr>\n<tr>\n<td width=\"386\"><strong>In\u00edcio do 2\u00ba Semestre Letivo<\/strong><\/td>\n<td width=\"188\">\n<p style=\"text-align: center\"><strong>01\/08\/2023<\/strong><\/p>\n<\/td>\n<\/tr>\n<tr>\n<td width=\"386\">Solicita\u00e7\u00e3o de Valida\u00e7\u00e3o de Cr\u00e9ditos em Atividades Complementares \u2013 Resolu\u00e7\u00e3o 01\/20<\/td>\n<td width=\"188\">\n<p style=\"text-align: center\">01 a 15\/08\/2023<\/p>\n<\/td>\n<\/tr>\n<tr>\n<td width=\"386\">Apresenta\u00e7\u00e3o de relat\u00f3rios da disciplina de Pr\u00e1tica de Doc\u00eancia*<\/td>\n<td width=\"188\">\n<p style=\"text-align: center\">01 a 15\/08\/2023<\/p>\n<\/td>\n<\/tr>\n<tr>\n<td width=\"386\">In\u00edcio das aulas<\/td>\n<td width=\"188\">\n<p style=\"text-align: center\">07\/08\/2023<\/p>\n<\/td>\n<\/tr>\n<tr>\n<td width=\"386\"><strong>Final do 2\u00ba Semestre Letivo<\/strong><\/td>\n<td width=\"188\">\n<p style=\"text-align: center\"><strong>30\/11\/2023<\/strong><\/p>\n<\/td>\n<\/tr>\n<\/tbody>\n<\/table>\n","protected":false},"excerpt":{"rendered":"<p>Eventos Datas Ratifica\u00e7\u00e3o de Matr\u00edcula \u2013 Alunos Regulares \u2013 SIGA 01 a 12\/02\/2023 Registro em Disciplinas \u2013 Alunos Regulares \u2013 SIGA 01 a 12\/02\/2023 Ci\u00eancia de Disciplinas e Ratifica\u00e7\u00f5es \u2013 Docentes \u2013 SIGA 13 a 17\/02\/2023 Matr\u00edcula de alunos de&hellip; <\/p>\n","protected":false},"author":3978,"featured_media":0,"parent":0,"menu_order":0,"comment_status":"closed","ping_status":"closed","template":"","meta":{"footnotes":""},"class_list":["post-2769","page","type-page","status-publish","hentry"],"_links":{"self":[{"href":"https:\/\/exatas.ufpr.br\/ppgecm\/wp-json\/wp\/v2\/pages\/2769","targetHints":{"allow":["GET"]}}],"collection":[{"href":"https:\/\/exatas.ufpr.br\/ppgecm\/wp-json\/wp\/v2\/pages"}],"about":[{"href":"https:\/\/exatas.ufpr.br\/ppgecm\/wp-json\/wp\/v2\/types\/page"}],"author":[{"embeddable":true,"href":"https:\/\/exatas.ufpr.br\/ppgecm\/wp-json\/wp\/v2\/users\/3978"}],"replies":[{"embeddable":true,"href":"https:\/\/exatas.ufpr.br\/ppgecm\/wp-json\/wp\/v2\/comments?post=2769"}],"version-history":[{"count":4,"href":"https:\/\/exatas.ufpr.br\/ppgecm\/wp-json\/wp\/v2\/pages\/2769\/revisions"}],"predecessor-version":[{"id":2922,"href":"https:\/\/exatas.ufpr.br\/ppgecm\/wp-json\/wp\/v2\/pages\/2769\/revisions\/2922"}],"wp:attachment":[{"href":"https:\/\/exatas.ufpr.br\/ppgecm\/wp-json\/wp\/v2\/media?parent=2769"}],"curies":[{"name":"wp","href":"https:\/\/api.w.org\/{rel}","templated":true}]}}