{"id":2643,"date":"2022-02-03T17:03:07","date_gmt":"2022-02-03T17:03:07","guid":{"rendered":"https:\/\/exatas.ufpr.br\/ppgecm\/?page_id=2643"},"modified":"2024-08-26T23:14:11","modified_gmt":"2024-08-26T23:14:11","slug":"editais-2021","status":"publish","type":"page","link":"https:\/\/exatas.ufpr.br\/ppgecm\/editais-2021\/","title":{"rendered":"Editais 2021"},"content":{"rendered":"\n<p class=\"has-black-color has-text-color has-link-color wp-elements-990a4e4def54d3781b1aee5a54e03b3b\" style=\"font-size:25px;font-style:normal;font-weight:600\"><span style=\"color: #000000\">Sele\u00e7\u00e3o &#8211; Doutorado 202<\/span>2<\/p>\n\n\n\n<p class=\"has-text-color has-link-color has-medium-font-size wp-elements-eb9aa92057ae02c1750449d7442a6d11\" style=\"color:#3ea4bb;font-style:normal;font-weight:300\"><a href=\"http:\/\/exatas.ufpr.br\/ppgecm\/wp-content\/uploads\/sites\/27\/2021\/11\/Edital_040.2021_ResultadoFinalDefinitivo_Mestrado_ProcessoSeletivo_2022.pdf\">Edital_040.2021_ResultadoFinalDefinitivo_Mestrado_ProcessoSeletivo_2022\u00a0<\/a><br \/><a href=\"http:\/\/exatas.ufpr.br\/ppgecm\/wp-content\/uploads\/sites\/27\/2021\/11\/Edital_038.2021_ResultadoFinal_Mestrado_ProcessoSeletivo_2022-1.pdf\">Edital 038\/2021 &#8211;\u00a0Resultado Final &#8211; Mestrado &#8211;\u00a0Processo Seletivo 2022<\/a><br \/><a href=\"http:\/\/exatas.ufpr.br\/ppgecm\/wp-content\/uploads\/sites\/27\/2021\/11\/Edital_037.2021_Retifica\u00e7\u00e3o_Cronograma_ProcessoSeletivo_2022-1.pdf\">Edital 037\/2021 &#8211; Retifica\u00e7\u00e3o Cronograma do Processo Seletivo 2022<\/a><br \/><a href=\"http:\/\/exatas.ufpr.br\/ppgecm\/wp-content\/uploads\/sites\/27\/2021\/10\/Edital-035-2021-EntrevistasMestrado.pdf\">Edital 035\/2021 &#8211; 2\u00aa Etapa \u2013 Entrevista e Argui\u00e7\u00e3o\u00a0&#8211; Mestrado &#8211;\u00a0Processo Seletivo PPGECM &#8211; 2021-2022<\/a><br \/><a href=\"http:\/\/exatas.ufpr.br\/ppgecm\/wp-content\/uploads\/sites\/27\/2021\/10\/Edital_032.2021_Aprovados1\u00aaEtapa_Mestrado.pdf\" data-type=\"link\" data-id=\"exatas.ufpr.br\/ppgecm\/wp-content\/uploads\/sites\/27\/2021\/10\/Edital_032.2021_Aprovados1\u00aaEtapa_Mestrado.pdf\">Edital 032\/2021 &#8211; Aprovados 1\u00aa Etapa\u00a0&#8211; Mestrado &#8211;\u00a0Processo Seletivo PPGECM &#8211; 2021-2022<\/a><br \/><a href=\"http:\/\/exatas.ufpr.br\/ppgecm\/wp-content\/uploads\/sites\/27\/2021\/09\/Edital-029-2021-Homologa\u00e7\u00e3oInscri\u00e7\u00f5es_Mestrado.pdf\">Edital 029\/2021 \u2013 Inscri\u00e7\u00f5es Deferidas ap\u00f3s per\u00edodo de recursos &#8211; Mestrado &#8211;\u00a0Processo Seletivo PPGECM &#8211; 2021-2022<\/a><br \/><a href=\"http:\/\/exatas.ufpr.br\/ppgecm\/wp-content\/uploads\/sites\/27\/2021\/09\/Edital-027-2021-Homologa\u00e7\u00e3oInscri\u00e7\u00f5es_Mestrado.pdf\" data-type=\"link\" data-id=\"exatas.ufpr.br\/ppgecm\/wp-content\/uploads\/sites\/27\/2021\/09\/Edital-027-2021-Homologa\u00e7\u00e3oInscri\u00e7\u00f5es_Mestrado.pdf\">Edital 027\/2021 \u2013\u00a0Homologa\u00e7\u00e3o de Inscri\u00e7\u00f5es &#8211; Mestrado &#8211;\u00a0Processo Seletivo PPGECM &#8211; 2021-2022<\/a><br \/><a href=\"http:\/\/exatas.ufpr.br\/ppgecm\/wp-content\/uploads\/sites\/27\/2021\/09\/Edital_025.2021_Cronograma_ProcessoSeletivo_2022.pdf\">Edital 025\/2021 \u2013 Cronograma Atualizado Processo Seletivo PPGECM &#8211; 2021-2022<\/a><br \/><a href=\"http:\/\/exatas.ufpr.br\/ppgecm\/wp-content\/uploads\/sites\/27\/2021\/07\/Edital-022-2021-Selecao_Mestrado_PPGECM-1.pdf\">Edital 022\/2021 \u2013 Mestrado &#8211; Processo Seletivo PPGECM &#8211; 2021-2022<\/a><\/p>\n\n\n\n<hr class=\"wp-block-separator has-alpha-channel-opacity\" \/>\n\n\n\n<hr class=\"wp-block-separator has-alpha-channel-opacity\" \/>\n\n\n\n<p class=\"has-black-color has-text-color has-link-color wp-elements-990a4e4def54d3781b1aee5a54e03b3b\" style=\"font-size:25px;font-style:normal;font-weight:600\"><span style=\"color: #000000\">Sele\u00e7\u00e3o &#8211; Doutorado 202<\/span>2<\/p>\n\n\n\n<p class=\"has-text-color has-link-color has-medium-font-size wp-elements-a938e395c63874f6c6dd46791471c567\" style=\"color:#3ea4bb;font-style:normal;font-weight:300\"><a href=\"http:\/\/exatas.ufpr.br\/ppgecm\/wp-content\/uploads\/sites\/27\/2021\/11\/Edital_041.2021_ResultadoFinalDefinitivo_Doutorado_ProcessoSeletivo_2022.pdf\">Edital_041.2021_ResultadoFinalDefinitivo_Doutorado_ProcessoSeletivo_2022<\/a><br \/><a href=\"http:\/\/exatas.ufpr.br\/ppgecm\/wp-content\/uploads\/sites\/27\/2021\/11\/Edital_039.2021_ResultadoFinal_Doutorado_ProcessoSeletivo_2022-1.pdf\">Edital 039\/2021 &#8211; Resultado Final &#8211; Doutorado -Processo Seletivo 2022<\/a><br \/><a href=\"http:\/\/exatas.ufpr.br\/ppgecm\/wp-content\/uploads\/sites\/27\/2021\/11\/Edital_037.2021_Retifica\u00e7\u00e3o_Cronograma_ProcessoSeletivo_2022-1.pdf\">Edital 037\/2021 &#8211; Retifica\u00e7\u00e3o Cronograma do Processo Seletivo 2022<\/a><br \/><a href=\"http:\/\/exatas.ufpr.br\/ppgecm\/wp-content\/uploads\/sites\/27\/2021\/10\/Edital-036-2021-EntrevistasDoutorado.pdf\">Edital 036\/2021 &#8211; 2\u00aa Etapa \u2013 Entrevista e Argui\u00e7\u00e3o &#8211; Doutorado &#8211;\u00a0Processo Seletivo PPGECM &#8211; 2021-2022<\/a><br \/><a href=\"http:\/\/exatas.ufpr.br\/ppgecm\/wp-content\/uploads\/sites\/27\/2021\/10\/Edital_033.2021_Aprovados1\u00aaEtapa_Doutorado.pdf\">Edital 033\/2021 &#8211; Aprovados 1\u00aa Etapa &#8211; Doutorado &#8211;\u00a0Processo Seletivo PPGECM &#8211; 2021-2022<\/a><br \/><a href=\"http:\/\/exatas.ufpr.br\/ppgecm\/wp-content\/uploads\/sites\/27\/2021\/09\/Edital-028-2021-Homologa\u00e7\u00e3oInscri\u00e7\u00f5es_Doutorado.pdf\">Edital 028\/2021 \u2013 Inscri\u00e7\u00f5es Deferidas ap\u00f3s per\u00edodo de recursos &#8211; Doutorado &#8211;\u00a0Processo Seletivo PPGECM &#8211; 2021-2022<\/a><br \/><a href=\"http:\/\/exatas.ufpr.br\/ppgecm\/wp-content\/uploads\/sites\/27\/2021\/09\/Edital-026-2021-Homologa\u00e7\u00e3oInscri\u00e7\u00f5es_Doutorado.pdf\" data-type=\"link\" data-id=\"exatas.ufpr.br\/ppgecm\/wp-content\/uploads\/sites\/27\/2021\/09\/Edital-026-2021-Homologa\u00e7\u00e3oInscri\u00e7\u00f5es_Doutorado.pdf\">Edital 026\/2021 \u2013\u00a0Homologa\u00e7\u00e3o de Inscri\u00e7\u00f5es &#8211; Doutorado &#8211;\u00a0Processo Seletivo PPGECM &#8211; 2021-2022\u00a0<\/a><br \/><a href=\"http:\/\/exatas.ufpr.br\/ppgecm\/wp-content\/uploads\/sites\/27\/2021\/09\/Edital_025.2021_Cronograma_ProcessoSeletivo_2022.pdf\">Edital 025\/2021 \u2013 Cronograma Atualizado Processo Seletivo PPGECM &#8211; 2021-2022<\/a><br \/><a href=\"http:\/\/exatas.ufpr.br\/ppgecm\/wp-content\/uploads\/sites\/27\/2021\/07\/Edital-023-2021-Selecao_Doutorado_PPGECM-1-1.pdf\">Edital 023\/2021 \u2013 Doutorado \u2013 Processo Seletivo PPGECM \u2013 2021-2022\u00a0<\/a><\/p>\n\n\n\n<hr class=\"wp-block-separator has-alpha-channel-opacity\" \/>\n\n\n\n<hr class=\"wp-block-separator has-alpha-channel-opacity\" \/>\n\n\n\n<p class=\"has-black-color has-text-color has-link-color wp-elements-2ba0a760d758ec49fc328dddb11c82ee\" style=\"font-size:25px;font-style:normal;font-weight:600\">Elei\u00e7\u00f5es Coordena\u00e7\u00e3o<\/p>\n\n\n\n<p class=\"has-text-color has-link-color has-medium-font-size wp-elements-2a6bfab169240db427cfa0f444820812\" style=\"color:#3ea4bb;font-style:normal;font-weight:300\"><a href=\"https:\/\/exatas.ufpr.br\/ppgecm\/wp-content\/uploads\/sites\/27\/2021\/10\/Edital-034-2021-Lista-de-Votantes.pdf\">Edital 034\/2021 \u2013\u00a0Elei\u00e7\u00f5es Coordena\u00e7\u00e3o\u00a0&#8211;\u00a0Lista de Votantes<\/a><br \/><a href=\"http:\/\/exatas.ufpr.br\/ppgecm\/wp-content\/uploads\/sites\/27\/2021\/10\/Edital_031.2021_Elei\u00e7\u00f5es_Homologa\u00e7\u00e3odeChapa.pdf\">Edital 031\/2021 \u2013\u00a0Elei\u00e7\u00f5es Coordena\u00e7\u00e3o\u00a0&#8211; Homologa\u00e7\u00e3o de Chapa<\/a><br \/><a href=\"http:\/\/exatas.ufpr.br\/ppgecm\/wp-content\/uploads\/sites\/27\/2021\/10\/Edital_030.2021_Convoca\u00e7\u00e3oConsultaCoordena\u00e7\u00e3o.pdf\">Edital 030\/2021 \u2013 Convoca\u00e7\u00e3o de Elei\u00e7\u00f5es<\/a><\/p>\n\n\n\n<hr class=\"wp-block-separator has-alpha-channel-opacity\" \/>\n\n\n\n<hr class=\"wp-block-separator has-alpha-channel-opacity\" \/>\n\n\n\n<p class=\"has-black-color has-text-color has-link-color wp-elements-e7eaf6e6dcbd38302010a130d00a2f20\" style=\"font-size:25px;font-style:normal;font-weight:600\">Disciplinas Isoladas<\/p>\n\n\n\n<p class=\"has-text-color has-link-color has-medium-font-size wp-elements-af17d0e3d7ccabccbb9fd33a3e18835b\" style=\"color:#3ea4bb;font-style:normal;font-weight:300\"><a href=\"http:\/\/exatas.ufpr.br\/ppgecm\/wp-content\/uploads\/sites\/27\/2021\/07\/EDITAL-021_Disciplinas-isoladas.pdf\">Edital 021\/2021 &#8211; Resultado Disciplinas Isoladas<br \/><\/a><a href=\"http:\/\/exatas.ufpr.br\/ppgecm\/wp-content\/uploads\/sites\/27\/2017\/02\/Edital_020.2021_Inscri\u00e7\u00e3o_DisciplinasIsoladas02-2021.pdf\">Edital 020\/2021 &#8211; Inscri\u00e7\u00e3o para Disciplinas Isoladas<\/a><\/p>\n\n\n\n<hr class=\"wp-block-separator has-alpha-channel-opacity\" \/>\n\n\n\n<hr class=\"wp-block-separator has-alpha-channel-opacity\" \/>\n\n\n\n<p class=\"has-black-color has-text-color has-link-color wp-elements-037a044e68f80c0948b1a7e422d0f6ac\" style=\"font-size:25px;font-style:normal;font-weight:600\">Elei\u00e7\u00f5es Discentes<\/p>\n\n\n\n<p class=\"has-text-color has-link-color has-medium-font-size wp-elements-c618f011896baa62c6353eb1b1c5d2de\" style=\"color:#3ea4bb;font-style:normal;font-weight:300\"><a href=\"http:\/\/exatas.ufpr.br\/ppgecm\/wp-content\/uploads\/sites\/27\/2021\/10\/Edital_018.2021_Elei\u00e7\u00f5esRepresenta\u00e7\u00e3oDiscente_Resultado.pdf\">Edital 018\/2021- Divulga\u00e7\u00e3o do Resultado &#8211; Representa\u00e7\u00e3o Discente<br \/><\/a><a href=\"http:\/\/exatas.ufpr.br\/ppgecm\/wp-content\/uploads\/sites\/27\/2021\/06\/Edital_017.2021_Elei\u00e7\u00f5esRepresenta\u00e7\u00e3oDiscente_Orienta\u00e7\u00f5esElei\u00e7\u00e3o.pdf\">Edital 017\/2021 &#8211; Elei\u00e7\u00f5es Representa\u00e7\u00e3o Discente &#8211; Orienta\u00e7\u00f5es para vota\u00e7\u00e3o e resultado<br \/><\/a><a href=\"http:\/\/exatas.ufpr.br\/ppgecm\/wp-content\/uploads\/sites\/27\/2021\/06\/Edital_016.2021_Elei\u00e7\u00f5esRepresenta\u00e7\u00e3oDiscente_Homologa\u00e7\u00e3odeChapa.pdf\">Edital 016\/2021 &#8211; Elei\u00e7\u00f5es &#8211; Homologa\u00e7\u00e3o de Chapa<br \/><\/a><a href=\"http:\/\/exatas.ufpr.br\/ppgecm\/wp-content\/uploads\/sites\/27\/2016\/08\/Edital_015.2021_Elei\u00e7\u00f5esRepresenta\u00e7\u00e3oDiscente.pdf\">Edital 015\/2021 &#8211; Elei\u00e7\u00f5es &#8211; Representa\u00e7\u00e3o Discente<\/a><\/p>\n\n\n\n<hr class=\"wp-block-separator has-alpha-channel-opacity\" \/>\n\n\n\n<hr class=\"wp-block-separator has-alpha-channel-opacity\" \/>\n\n\n\n<p class=\"has-black-color has-text-color has-link-color wp-elements-d0b90da3bf2985f7ecd54488042ab4a3\" style=\"font-size:25px;font-style:normal;font-weight:600\"><span style=\"color: #000000\">Sele\u00e7\u00e3o <\/span>Bolsistas CAPES\/DS<\/p>\n\n\n\n<p class=\"has-text-color has-link-color has-medium-font-size wp-elements-c9b8dfe38bfea8e480fdf18c7312f774\" style=\"color:#3ea4bb;font-style:normal;font-weight:300\"><a href=\"http:\/\/exatas.ufpr.br\/ppgecm\/wp-content\/uploads\/sites\/27\/2021\/10\/Edital_024.2021_Substitui\u00e7\u00e3o-de-Bolsista.pdf\">Edital 024\/2021 \u2013 PPGECM &#8211; Bolsas CAPES\/DS \u2013 Substitui\u00e7\u00e3o de Bolsista<\/a><br \/><a href=\"http:\/\/exatas.ufpr.br\/ppgecm\/wp-content\/uploads\/sites\/27\/2021\/10\/Edital_019.2021_Substitui\u00e7\u00e3o-de-Bolsista.pdf\">Edital 019\/2021 \u2013 PPGECM &#8211; Bolsas CAPES\/DS \u2013 Substitui\u00e7\u00e3o de Bolsista<\/a><br \/><a href=\"http:\/\/exatas.ufpr.br\/ppgecm\/wp-content\/uploads\/sites\/27\/2016\/08\/Edital_014.2021_Contemplados_BOLSASCAPES_DOUTORADO.pdf\">Edital 014\/2021 &#8211;\u00a0Bolsistas Contemplados &#8211; CAPES\/DS &#8211; DOUTORADO<br \/><\/a><a href=\"http:\/\/exatas.ufpr.br\/ppgecm\/wp-content\/uploads\/sites\/27\/2016\/08\/Edital_013.2021_Contemplados_BOLSASCAPES_MESTRADO.pdf\">Edital 013\/2021 &#8211;\u00a0Bolsistas Contemplados &#8211; CAPES\/DS &#8211; MESTRADO<br \/><\/a><a href=\"http:\/\/exatas.ufpr.br\/ppgecm\/wp-content\/uploads\/sites\/27\/2021\/03\/Edital_012.2021_Contemplados_BOLSASCAPES_MESTRADO.pdf\">Edital 012\/2021 &#8211;\u00a0Bolsistas Contemplados &#8211; CAPES\/DS &#8211; MESTRADO<br \/><\/a><a href=\"http:\/\/exatas.ufpr.br\/ppgecm\/wp-content\/uploads\/sites\/27\/2021\/03\/EDITAL-011-2021-Resultado-para-Disciplinas-Isoladas-01.2021.pdf\">Edital 011\/2021 &#8211; Resultado &#8211; Disciplinas Isoladas<br \/><\/a><a href=\"http:\/\/exatas.ufpr.br\/ppgecm\/wp-content\/uploads\/sites\/27\/2021\/03\/Edital_010.2021_Resultado_BOLSASCAPES_DOUTORADO.pdf\">Edital 010\/2021 &#8211; Resultado &#8211; Sele\u00e7\u00e3o de Bolsistas CAPES\/DS &#8211; DOUTORADO<br \/><\/a><a href=\"http:\/\/exatas.ufpr.br\/ppgecm\/wp-content\/uploads\/sites\/27\/2021\/03\/Edital_009.2021_Resultado_BOLSASCAPES_MESTRADO.pdf\">Edital 009\/2021 &#8211; Resultado &#8211; Sele\u00e7\u00e3o de Bolsistas CAPES\/DS &#8211; MESTRADO<br \/><\/a><a href=\"http:\/\/exatas.ufpr.br\/ppgecm\/wp-content\/uploads\/sites\/27\/2021\/03\/EDITAL-008-2021-Procedimentos-para-Inscri\u00e7\u00e3o-em-Disciplinas-Isoladas-01.2021.pdf\">Edital 008\/2021 &#8211; Inscri\u00e7\u00e3o para Disciplinas Isoladas e Alunos Externos<br \/><\/a><a href=\"http:\/\/exatas.ufpr.br\/ppgecm\/wp-content\/uploads\/sites\/27\/2021\/03\/Edital_007_Convoca\u00e7\u00e3o_ListadeEspera_Mestrado_2021.pdf\">Edital 007\/2021 &#8211;\u00a0Convoca\u00e7\u00e3o de\u00a0Lista de Espera &#8211; Curso de Mestrado\u00a0<br \/><\/a><a href=\"http:\/\/exatas.ufpr.br\/ppgecm\/wp-content\/uploads\/sites\/27\/2021\/03\/Edital_006_Convoca\u00e7\u00e3o_ListadeEspera_Mestrado_2021.pdf\">Edital 006\/2021 &#8211;\u00a0Convoca\u00e7\u00e3o de\u00a0Lista de Espera &#8211; Curso de Mestrado\u00a0<br \/><\/a><a href=\"http:\/\/exatas.ufpr.br\/ppgecm\/wp-content\/uploads\/sites\/27\/2021\/03\/Edital_005.2021-BOLSA_Doutorado.pdf\">Edital 005\/2021 &#8211;\u00a0Sele\u00e7\u00e3o de Bolsistas CAPES\/DS &#8211; DOUTORADO<br \/><\/a><a href=\"http:\/\/exatas.ufpr.br\/ppgecm\/wp-content\/uploads\/sites\/27\/2021\/02\/Edital_004.2021-BOLSA_Mestrado.pdf\">Edital 004\/2021 &#8211;\u00a0Sele\u00e7\u00e3o de Bolsistas CAPES\/DS &#8211; MESTRADO<br \/><\/a><a href=\"http:\/\/exatas.ufpr.br\/ppgecm\/wp-content\/uploads\/sites\/27\/2021\/02\/Edital_003.2021_PPGECM_RESULTADO_BOLSASanduiche_DoutoradoPSDE-2021.pdf\">Edital 003\/2021 &#8211; Resultado da Sele\u00e7\u00e3o de Bolsista-\u00a0PDSE\/CAPES 2021<br \/><\/a><a href=\"http:\/\/exatas.ufpr.br\/ppgecm\/wp-content\/uploads\/sites\/27\/2021\/02\/Edital_2021_PPGECM_HOMOLOGA\u00c7\u00c3O_BOLSASanduiche_DoutoradoPSDE-2021.pdf\">Edital 002\/2021 &#8211;\u00a0Homologa\u00e7\u00e3o de inscri\u00e7\u00f5es a BOLSISTAS PDSE\/CAPES 2021<br \/><\/a><a href=\"http:\/\/exatas.ufpr.br\/ppgecm\/wp-content\/uploads\/sites\/27\/2021\/03\/Edital_001_Convoca\u00e7\u00e3o_ListadeEspera_Mestrado_2021.pdf\">Edital 001\/2021 &#8211;\u00a0Convoca\u00e7\u00e3o de\u00a0Lista de Espera &#8211; Curso de Mestrado<\/a><\/p>\n","protected":false},"excerpt":{"rendered":"<p>Sele\u00e7\u00e3o &#8211; Doutorado 2022 Edital_040.2021_ResultadoFinalDefinitivo_Mestrado_ProcessoSeletivo_2022\u00a0Edital 038\/2021 &#8211;\u00a0Resultado Final &#8211; Mestrado &#8211;\u00a0Processo Seletivo 2022Edital 037\/2021 &#8211; Retifica\u00e7\u00e3o Cronograma do Processo Seletivo 2022Edital 035\/2021 &#8211; 2\u00aa Etapa \u2013 Entrevista e Argui\u00e7\u00e3o\u00a0&#8211; Mestrado &#8211;\u00a0Processo Seletivo PPGECM &#8211; 2021-2022Edital 032\/2021 &#8211; Aprovados 1\u00aa Etapa\u00a0&#8211;&hellip; <\/p>\n","protected":false},"author":3978,"featured_media":0,"parent":0,"menu_order":0,"comment_status":"closed","ping_status":"closed","template":"","meta":{"footnotes":""},"class_list":["post-2643","page","type-page","status-publish","hentry"],"_links":{"self":[{"href":"https:\/\/exatas.ufpr.br\/ppgecm\/wp-json\/wp\/v2\/pages\/2643","targetHints":{"allow":["GET"]}}],"collection":[{"href":"https:\/\/exatas.ufpr.br\/ppgecm\/wp-json\/wp\/v2\/pages"}],"about":[{"href":"https:\/\/exatas.ufpr.br\/ppgecm\/wp-json\/wp\/v2\/types\/page"}],"author":[{"embeddable":true,"href":"https:\/\/exatas.ufpr.br\/ppgecm\/wp-json\/wp\/v2\/users\/3978"}],"replies":[{"embeddable":true,"href":"https:\/\/exatas.ufpr.br\/ppgecm\/wp-json\/wp\/v2\/comments?post=2643"}],"version-history":[{"count":3,"href":"https:\/\/exatas.ufpr.br\/ppgecm\/wp-json\/wp\/v2\/pages\/2643\/revisions"}],"predecessor-version":[{"id":3453,"href":"https:\/\/exatas.ufpr.br\/ppgecm\/wp-json\/wp\/v2\/pages\/2643\/revisions\/3453"}],"wp:attachment":[{"href":"https:\/\/exatas.ufpr.br\/ppgecm\/wp-json\/wp\/v2\/media?parent=2643"}],"curies":[{"name":"wp","href":"https:\/\/api.w.org\/{rel}","templated":true}]}}