{"id":2601,"date":"2021-12-03T12:14:51","date_gmt":"2021-12-03T12:14:51","guid":{"rendered":"https:\/\/exatas.ufpr.br\/ppgecm\/?page_id=2601"},"modified":"2022-12-14T13:11:22","modified_gmt":"2022-12-14T13:11:22","slug":"disciplinas-2020","status":"publish","type":"page","link":"https:\/\/exatas.ufpr.br\/ppgecm\/disciplinas-2020\/","title":{"rendered":"Disciplinas 2020"},"content":{"rendered":"<p><strong>\u00a0Disciplinas ofertadas PPGECM \u2013 2020\/2<\/strong><\/p>\n<table style=\"height: 857px\" width=\"913\">\n<tbody>\n<tr>\n<td style=\"text-align: center\" width=\"245\"><strong>Disciplinas<\/strong><\/td>\n<td style=\"text-align: center\" width=\"76\"><strong>Cr\u00e9ditos<\/strong><\/td>\n<td style=\"text-align: center\" width=\"47\"><strong>Curso<\/strong><\/td>\n<td style=\"text-align: center\" width=\"161\"><strong>Docentes<\/strong><\/td>\n<td width=\"113\">\n<p style=\"text-align: center\"><strong>Dia\/<\/strong><\/p>\n<p style=\"text-align: center\"><strong>hor\u00e1rio<\/strong><\/p>\n<\/td>\n<td style=\"text-align: center\" width=\"132\"><strong>Local<\/strong><\/td>\n<td style=\"text-align: center\" width=\"123\"><strong>Obs.<\/strong><\/td>\n<\/tr>\n<tr>\n<td width=\"245\">\n<p style=\"text-align: left\"><strong>EDCM-7038\u00a0<\/strong>&#8211; T\u00f3picos em Educa\u00e7\u00e3o em Ci\u00eancias e em Matem\u00e1tica II &#8211; Educa\u00e7\u00e3o em Direitos Humanos na Pr\u00e1tica e Forma\u00e7\u00e3o de Professores(as) de Ci\u00eancias e em Matem\u00e1tica<\/p>\n<\/td>\n<td style=\"text-align: center\" width=\"76\">4<\/td>\n<td style=\"text-align: center\" width=\"47\">M\/D<\/td>\n<td style=\"text-align: center\" width=\"161\">Roberto Dalmo V. Lima de Oliveira<\/td>\n<td style=\"text-align: center\" width=\"113\">Segunda-feira<\/p>\n<p>14h \u00e0s18h<\/td>\n<td style=\"text-align: center\" width=\"132\">\n<p style=\"text-align: left\">Ser\u00e1 realizada de forma remota<\/p>\n<\/td>\n<td style=\"text-align: center\" width=\"123\">Oferecer\u00e1 at\u00e9<\/p>\n<p>5\u00a0vagas para isoladas<\/td>\n<\/tr>\n<tr>\n<td width=\"245\"><strong>EDCM-7033 &#8211;<\/strong>\u00a0Semin\u00e1rios de Pesquisa II<\/td>\n<td width=\"76\">\n<p style=\"text-align: center\">4<\/p>\n<\/td>\n<td width=\"47\">\n<p style=\"text-align: center\">D<\/p>\n<\/td>\n<td width=\"161\">Tania T.\u00a0Bruns\u00a0Zimer<\/p>\n<p>S\u00e9rgio Camargo<\/td>\n<td width=\"113\">\n<p style=\"text-align: center\">Ter\u00e7a-feira<\/p>\n<p style=\"text-align: center\">8h \u00e0s 12h<\/p>\n<\/td>\n<td width=\"132\">Ser\u00e1 realizada de forma remota<\/td>\n<td style=\"text-align: center\" width=\"123\">&#8211;<\/td>\n<\/tr>\n<tr>\n<td width=\"245\"><strong>EDCM-7037<\/strong>-T\u00f3picos em educa\u00e7\u00e3o em ci\u00eancias e em matem\u00e1tica I &#8211; Estrat\u00e9gias Criativas para o Ensino de Ci\u00eancias<\/td>\n<td width=\"76\">\n<p style=\"text-align: center\">2<\/p>\n<\/td>\n<td width=\"47\">\n<p style=\"text-align: center\">M\/D<\/p>\n<\/td>\n<td width=\"161\">Maria das Gra\u00e7as<\/p>\n<p>Cleophas\u00a0Porto<\/td>\n<td width=\"113\">\n<p style=\"text-align: center\">Quarta-feira<\/p>\n<p style=\"text-align: center\">20h \u00e0s 22h<\/p>\n<\/td>\n<td width=\"132\">Ser\u00e1 realizada de forma remota<\/td>\n<td width=\"123\">Oferecer\u00e1 at\u00e9<\/p>\n<p>4\u00a0vagas para isoladas<\/td>\n<\/tr>\n<tr>\n<td width=\"245\"><strong>EDCM- 7048\u00a0<\/strong>&#8211; Tecnologias Digitais na Educa\u00e7\u00e3o em Ci\u00eancias e em Matem\u00e1tica<\/td>\n<td width=\"76\">\n<p style=\"text-align: center\">4<\/p>\n<\/td>\n<td width=\"47\">\n<p style=\"text-align: center\">M\/D<\/p>\n<\/td>\n<td width=\"161\">Marcelo Souza Motta<\/td>\n<td width=\"113\">\n<p style=\"text-align: center\">Quinta-feira<\/p>\n<p style=\"text-align: center\">14h \u00e0s 18h<\/p>\n<\/td>\n<td width=\"132\">Ser\u00e1 realizada de forma remota<\/td>\n<td width=\"123\">Oferecer\u00e1 at\u00e9<\/p>\n<p>3 vagas para isoladas<\/td>\n<\/tr>\n<tr>\n<td width=\"245\"><strong>EDCM-7038\u00a0<\/strong>&#8211; T\u00f3picos em Educa\u00e7\u00e3o em Ci\u00eancias e em Matem\u00e1tica II \u2013 Fundamentos e Pr\u00e1ticas da Educa\u00e7\u00e3o Especial e Inclusiva<\/td>\n<td width=\"76\">\n<p style=\"text-align: center\">4<\/p>\n<\/td>\n<td width=\"47\">\n<p style=\"text-align: center\">M\/D<\/p>\n<\/td>\n<td width=\"161\">Anderson\u00a0R.\u00a0Teixeira G\u00f3es<\/p>\n<p>Priscila\u00a0Kabbaz\u00a0A. da Costa<\/td>\n<td width=\"113\">\n<p style=\"text-align: center\">Quinta-feira<\/p>\n<p style=\"text-align: center\">19h \u00e0s 22h<\/p>\n<\/td>\n<td width=\"132\">Ser\u00e1 realizada de forma remota<\/td>\n<td width=\"123\">Oferecer\u00e1 at\u00e9<\/p>\n<p>5\u00a0vagas para isoladas<\/td>\n<\/tr>\n<tr>\n<td style=\"text-align: center\" width=\"245\">\n<p style=\"text-align: left\"><strong>EDCM-7003<\/strong>\u00a0&#8211; Divulga\u00e7\u00e3o Cient\u00edfica em Espa\u00e7os\u00a0N\u00e3o-Formais<\/p>\n<\/td>\n<td style=\"text-align: center\" width=\"76\">4<\/td>\n<td style=\"text-align: center\" width=\"47\">M\/D<\/td>\n<td style=\"text-align: center\" width=\"161\">Rodrigo Arantes Reis<\/td>\n<td style=\"text-align: center\" width=\"113\">Sexta-\u00a0feira<\/p>\n<p>14h \u00e0s 18h<\/td>\n<td style=\"text-align: center\" width=\"132\">\n<p style=\"text-align: left\">Ser\u00e1 realizada de forma remota<\/p>\n<\/td>\n<td width=\"123\">\n<p style=\"text-align: center\">Oferecer\u00e1 at\u00e9<\/p>\n<p style=\"text-align: center\">5\u00a0vagas para isoladas<\/p>\n<\/td>\n<\/tr>\n<\/tbody>\n<\/table>\n<hr \/>\n<hr \/>\n<p style=\"text-align: center\"><strong>Disciplinas ofertadas PPGECM \u2013 2020\/1<\/strong><\/p>\n<p style=\"text-align: center\">\n<table width=\"872\">\n<tbody>\n<tr>\n<td style=\"text-align: center\" width=\"245\"><strong>Disciplina<\/strong><\/td>\n<td style=\"text-align: center\" width=\"64\"><strong>Cr\u00e9ditos<\/strong><\/td>\n<td style=\"text-align: center\" width=\"54\"><strong>Curso<\/strong><\/td>\n<td style=\"text-align: center\" width=\"100\"><strong>Docente (s)<\/strong><\/td>\n<td style=\"text-align: center\" width=\"100\"><strong>Dia\/hor\u00e1rio<\/strong><\/td>\n<td style=\"text-align: center\" width=\"173\"><strong>Local<\/strong><\/td>\n<td style=\"text-align: center\" width=\"136\"><strong>OBS<\/strong><\/td>\n<\/tr>\n<tr>\n<td width=\"245\">Did\u00e1tica das Ci\u00eancias e da Matem\u00e1tica<\/td>\n<td width=\"64\">\n<p style=\"text-align: center\">\u00a04<\/p>\n<\/td>\n<td width=\"54\">M\/D<\/td>\n<td width=\"100\">\n<p style=\"text-align: center\">Tania\/S\u00e9rgio<\/p>\n<\/td>\n<td width=\"100\">\n<p style=\"text-align: center\"><strong>Ter\u00e7a-feira<\/strong><\/p>\n<p style=\"text-align: center\">8h30min \u00e0s<\/p>\n<p style=\"text-align: center\">12h30min<\/p>\n<\/td>\n<td width=\"173\">\n<p style=\"text-align: center\">Campus Rebou\u00e7as-UFPR<\/p>\n<p style=\"text-align: center\">Sala 07<\/p>\n<\/td>\n<td style=\"text-align: center\" width=\"136\">Oferecer\u00e1 at\u00e9 5 vagas para isolada<\/td>\n<\/tr>\n<tr>\n<td width=\"245\">T\u00f3picos em Educa\u00e7\u00e3o em Ci\u00eancias e em Matem\u00e1tica II \u2013 Hist\u00f3ria, sociologia e Filosofia da Ci\u00eancia<\/td>\n<td width=\"64\">\n<p style=\"text-align: center\">4<\/p>\n<\/td>\n<td width=\"54\">\n<p style=\"text-align: center\">M\/D<\/p>\n<\/td>\n<td width=\"100\">\n<p style=\"text-align: center\">Joanez<\/p>\n<\/td>\n<td width=\"100\">\n<p style=\"text-align: center\"><strong>Ter\u00e7a-feira<\/strong><\/p>\n<p style=\"text-align: center\">14h \u00e0s 18h<\/p>\n<\/td>\n<td width=\"173\">\n<p style=\"text-align: center\">Centro Polit\u00e9cnico \u2013 UFPR<\/p>\n<p style=\"text-align: center\">Ed. da Adm. \u2013 4\u00ba Andar<\/p>\n<\/td>\n<td style=\"text-align: center\" width=\"136\">Oferecer\u00e1 at\u00e9 5 vagas para isolada<\/td>\n<\/tr>\n<tr>\n<td width=\"245\">Perspectivas da Diferen\u00e7a e a Educa\u00e7\u00e3o<\/td>\n<td width=\"64\">\n<p style=\"text-align: center\">4<\/p>\n<\/td>\n<td style=\"text-align: center\" width=\"54\">M\/D<\/td>\n<td style=\"text-align: center\" width=\"100\">K\u00e1tia<\/td>\n<td style=\"text-align: center\" width=\"100\"><strong>Ter\u00e7a-feira<\/strong><\/p>\n<p>14h \u00e0s 18h<\/td>\n<td width=\"173\">\n<p style=\"text-align: center\">Campus Rebou\u00e7as-UFPR<\/p>\n<p style=\"text-align: center\">Sala 120<\/p>\n<\/td>\n<td style=\"text-align: center\" width=\"136\">N\u00e3o oferecer\u00e1 vagas para isolada<\/td>\n<\/tr>\n<tr>\n<td width=\"245\">Semin\u00e1rios de Pesquisa II \u2013Doutorado<\/td>\n<td width=\"64\">\n<p style=\"text-align: center\">4<\/p>\n<\/td>\n<td style=\"text-align: center\" width=\"54\">D<\/td>\n<td style=\"text-align: center\" width=\"100\">Camila<\/td>\n<td style=\"text-align: center\" width=\"100\"><strong>Quarta-feira<\/strong><\/p>\n<p>14h \u00e0s 18h<\/td>\n<td width=\"173\">\n<p style=\"text-align: center\">Centro Polit\u00e9cnico \u2013 UFPR<\/p>\n<p style=\"text-align: center\">Ed. da Adm. \u2013 4\u00ba Andar<\/p>\n<\/td>\n<td style=\"text-align: center\" width=\"136\">&#8211;<\/td>\n<\/tr>\n<tr>\n<td width=\"245\">Semin\u00e1rios de Pesquisa I \u2013Turma: Educa\u00e7\u00e3o Matem\u00e1tica<\/td>\n<td width=\"64\">\n<p style=\"text-align: center\">4<\/p>\n<\/td>\n<td style=\"text-align: center\" width=\"54\">M<\/td>\n<td style=\"text-align: center\" width=\"100\">Kalinke\/<\/p>\n<p>Mocrosky<\/td>\n<td style=\"text-align: center\" width=\"100\"><strong>Quinta \u2013 feira<\/strong><\/p>\n<p>14h \u00e0s 18h<\/td>\n<td width=\"173\">\n<p style=\"text-align: center\">Sede Central \u2013 UTFPR<\/p>\n<\/td>\n<td style=\"text-align: center\" width=\"136\">&#8211;<\/td>\n<\/tr>\n<tr>\n<td width=\"245\">Semin\u00e1rios de Pesquisa I \u2013Turma: Educa\u00e7\u00e3o em Ci\u00eancias<\/td>\n<td width=\"64\">\n<p style=\"text-align: center\">4<\/p>\n<\/td>\n<td style=\"text-align: center\" width=\"54\">M<\/td>\n<td style=\"text-align: center\" width=\"100\">Patr\u00edcia<\/td>\n<td style=\"text-align: center\" width=\"100\"><strong>Quinta \u2013 feira<\/strong><\/p>\n<p>14h \u00e0s 18h<\/td>\n<td width=\"173\">\n<p style=\"text-align: center\">Centro Polit\u00e9cnico \u2013 UFPR<\/p>\n<p style=\"text-align: center\">Ed. da Adm. \u2013 4\u00ba Andar<\/p>\n<\/td>\n<td style=\"text-align: center\" width=\"136\">&#8211;<\/td>\n<\/tr>\n<tr>\n<td width=\"245\">Professor em Atividade de Ensino: Fundamentos Te\u00f3ricos e Metodol\u00f3gicos<\/td>\n<td width=\"64\">\n<p style=\"text-align: center\">4<\/p>\n<\/td>\n<td style=\"text-align: center\" width=\"54\">M\/D<\/td>\n<td style=\"text-align: center\" width=\"100\">Fl\u00e1via<\/td>\n<td style=\"text-align: center\" width=\"100\"><strong>Quinta \u2013 feira<\/strong><\/p>\n<p>18h30min \u00e0s 22h30min<\/td>\n<td width=\"173\">\n<p style=\"text-align: center\">Sede Central \u2013 UTFPR<\/p>\n<\/td>\n<td style=\"text-align: center\" width=\"136\">Oferecer\u00e1 at\u00e9 3 vagas para isolada<\/td>\n<\/tr>\n<tr>\n<td width=\"245\">Teorias da Aprendizagem<\/td>\n<td width=\"64\">\n<p style=\"text-align: center\">4<\/p>\n<\/td>\n<td style=\"text-align: center\" width=\"54\">D<\/td>\n<td style=\"text-align: center\" width=\"100\">Tha\u00eds<\/td>\n<td style=\"text-align: center\" width=\"100\"><strong>Sexta \u2013 feira<\/strong><\/p>\n<p>15h<\/td>\n<td width=\"173\">\n<p style=\"text-align: center\">Campus Rebou\u00e7as-UFPR<\/p>\n<p style=\"text-align: center\">Sala 07<\/p>\n<\/td>\n<td style=\"text-align: center\" width=\"136\">&#8211;<\/td>\n<\/tr>\n<\/tbody>\n<\/table>\n<p>&nbsp;<\/p>\n<h2><\/h2>\n","protected":false},"excerpt":{"rendered":"<p>\u00a0Disciplinas ofertadas PPGECM \u2013 2020\/2 Disciplinas Cr\u00e9ditos Curso Docentes Dia\/ hor\u00e1rio Local Obs. EDCM-7038\u00a0&#8211; T\u00f3picos em Educa\u00e7\u00e3o em Ci\u00eancias e em Matem\u00e1tica II &#8211; Educa\u00e7\u00e3o em Direitos Humanos na Pr\u00e1tica e Forma\u00e7\u00e3o de Professores(as) de Ci\u00eancias e em Matem\u00e1tica 4&hellip; <\/p>\n","protected":false},"author":3978,"featured_media":0,"parent":0,"menu_order":0,"comment_status":"closed","ping_status":"closed","template":"","meta":{"footnotes":""},"class_list":["post-2601","page","type-page","status-publish","hentry"],"_links":{"self":[{"href":"https:\/\/exatas.ufpr.br\/ppgecm\/wp-json\/wp\/v2\/pages\/2601","targetHints":{"allow":["GET"]}}],"collection":[{"href":"https:\/\/exatas.ufpr.br\/ppgecm\/wp-json\/wp\/v2\/pages"}],"about":[{"href":"https:\/\/exatas.ufpr.br\/ppgecm\/wp-json\/wp\/v2\/types\/page"}],"author":[{"embeddable":true,"href":"https:\/\/exatas.ufpr.br\/ppgecm\/wp-json\/wp\/v2\/users\/3978"}],"replies":[{"embeddable":true,"href":"https:\/\/exatas.ufpr.br\/ppgecm\/wp-json\/wp\/v2\/comments?post=2601"}],"version-history":[{"count":2,"href":"https:\/\/exatas.ufpr.br\/ppgecm\/wp-json\/wp\/v2\/pages\/2601\/revisions"}],"predecessor-version":[{"id":2802,"href":"https:\/\/exatas.ufpr.br\/ppgecm\/wp-json\/wp\/v2\/pages\/2601\/revisions\/2802"}],"wp:attachment":[{"href":"https:\/\/exatas.ufpr.br\/ppgecm\/wp-json\/wp\/v2\/media?parent=2601"}],"curies":[{"name":"wp","href":"https:\/\/api.w.org\/{rel}","templated":true}]}}