{"id":2599,"date":"2021-12-03T12:14:11","date_gmt":"2021-12-03T12:14:11","guid":{"rendered":"https:\/\/exatas.ufpr.br\/ppgecm\/?page_id=2599"},"modified":"2022-12-14T13:10:46","modified_gmt":"2022-12-14T13:10:46","slug":"disciplinas-2021","status":"publish","type":"page","link":"https:\/\/exatas.ufpr.br\/ppgecm\/disciplinas-2021\/","title":{"rendered":"Disciplinas 2021"},"content":{"rendered":"<p style=\"text-align: left\"><strong>\u00a0Disciplinas ofertadas PPGECM \u2013 2021\/2<\/strong><\/p>\n<table width=\"869\">\n<tbody>\n<tr>\n<td width=\"280\">\n<p style=\"text-align: center\">Disciplinas<\/p>\n<\/td>\n<td style=\"text-align: center\" width=\"161\">Docentes<\/td>\n<td style=\"text-align: center\" width=\"142\">dia\/per\u00edodo<\/td>\n<td style=\"text-align: center\" width=\"180\">Quantidade de vagas<br \/>\n(interno + isolada)<\/td>\n<td style=\"text-align: center\" width=\"108\">Curso<\/td>\n<\/tr>\n<tr>\n<td width=\"280\">EDCM 7038 &#8211; T\u00d3PICOS EM EDUCA\u00c7\u00c3O EM CI\u00caNCIAS E EM MATEM\u00c1TICA II &#8211;\u00a0<em>Assunto:\u00a0<\/em><em>Educa\u00e7\u00e3o Financeira<\/em><\/td>\n<td width=\"161\">\n<p style=\"text-align: center\">RUTH MARGARETH HOFMANN<\/p>\n<\/td>\n<td width=\"142\">\n<p style=\"text-align: center\">Segunda-feira<\/p>\n<p style=\"text-align: center\">9h30 \u00e0s 11h30<\/p>\n<\/td>\n<td width=\"180\">\n<p style=\"text-align: center\">12 vagas<\/p>\n<p style=\"text-align: center\">(10 internas + 2 isoladas)<\/p>\n<\/td>\n<td width=\"108\">\n<p style=\"text-align: center\">M\/D<\/p>\n<\/td>\n<\/tr>\n<tr>\n<td width=\"280\">EDCM 7039 &#8211; CTS E ACT NA EDUCA\u00c7\u00c3O EM CI\u00caNCIAS E MATEM\u00c1TICA<\/td>\n<td width=\"161\">\n<p style=\"text-align: center\">LEONIR LORENZETTI<\/p>\n<\/td>\n<td style=\"text-align: center\" width=\"142\">Segunda-feira<br \/>\n14h00 \u00e0s 17h00<\/td>\n<td style=\"text-align: center\" width=\"180\">15 internos<\/td>\n<td width=\"108\">\n<p style=\"text-align: center\">M \/ D<\/p>\n<\/td>\n<\/tr>\n<tr>\n<td width=\"280\">EDCM 7033 &#8211; Semin\u00e1rios de Pesquisa II<em>\u00a0*obrigat\u00f3ria<\/em><\/td>\n<td width=\"161\">\n<p style=\"text-align: center\">SERGIO CAMARGO e<\/p>\n<p style=\"text-align: center\">TANIA TERESINHA BRUNS ZIMER<\/p>\n<\/td>\n<td style=\"text-align: center\" width=\"142\">Ter\u00e7a-feira<\/p>\n<p>9h30 \u00e0s 11h30<\/td>\n<td style=\"text-align: center\" width=\"180\">25 internos<\/td>\n<td width=\"108\">\n<p style=\"text-align: center\">D<\/p>\n<\/td>\n<\/tr>\n<tr>\n<td width=\"280\">EDCM 7049 &#8211;\u00a0TEORIA\u00a0DA APRENDIZAGEM SIGNIFICATIVA<\/td>\n<td width=\"161\">\n<p style=\"text-align: center\">THA\u00cdS RAFAELA HILGER<\/p>\n<\/td>\n<td style=\"text-align: center\" width=\"142\">Ter\u00e7a-feira<\/p>\n<p>14h00 \u00e0s 16h00<\/td>\n<td style=\"text-align: center\" width=\"180\">20 vagas<\/p>\n<p>(10 internas + 10 isoladas)<\/td>\n<td width=\"108\">\n<p style=\"text-align: center\">M \/ D<\/p>\n<\/td>\n<\/tr>\n<tr>\n<td width=\"280\">EDCM 7038 &#8211; T\u00d3PICOS EM EDUCA\u00c7\u00c3O EM CI\u00caNCIAS E EM MATEM\u00c1TICA II \u2013\u00a0<em>Assunto:<\/em>\u00a0<em>G\u00eanero e Ra\u00e7a no Ensino de Ci\u00eancias<\/em><\/td>\n<td width=\"161\">\n<p style=\"text-align: center\">CAMILA SILVEIRA DA SILVA e ROBERTO GON\u00c7ALVES BARBOSA<\/p>\n<\/td>\n<td style=\"text-align: center\" width=\"142\">Quarta-feira<\/p>\n<p>18h30 \u00e0s 20h30<\/td>\n<td style=\"text-align: center\" width=\"180\">25 vagas<\/p>\n<p>(15 internas + 10 isoladas)<\/td>\n<td width=\"108\">\n<p style=\"text-align: center\">M \/ D<\/p>\n<\/td>\n<\/tr>\n<tr>\n<td width=\"280\">EDCM 7038 &#8211; T\u00d3PICOS EM EDUCA\u00c7\u00c3O EM CI\u00caNCIAS E EM MATEM\u00c1TICA II &#8211;\u00a0<em>Assunto:<\/em>\u00a0<em>Linguagem Cient\u00edfica e Linguagem Escolar<\/em><\/td>\n<td width=\"161\">\n<p style=\"text-align: center\">LEANDRO SIQUEIRA PALCHA<\/p>\n<\/td>\n<td style=\"text-align: center\" width=\"142\">Quinta-feira<\/p>\n<p>18h30 \u00e0s 20h30<\/td>\n<td style=\"text-align: center\" width=\"180\">20 vagas<\/p>\n<p>(15 internas + 5 isoladas)<\/td>\n<td width=\"108\">\n<p style=\"text-align: center\">M \/ D<\/p>\n<\/td>\n<\/tr>\n<tr>\n<td width=\"280\">EDCM7037 &#8211; T\u00d3PICOS EM EDUCA\u00c7\u00c3O EM CI\u00caNCIAS E EM MATEM\u00c1TICA I &#8211;\u00a0<em>Assunto: Estrat\u00e9gias Criativas para o Ensino de Ci\u00eancias<\/em><\/td>\n<td width=\"161\">\n<p style=\"text-align: center\">MARIA DAS GRA\u00c7AS CLEOPHAS PORTO<\/p>\n<\/td>\n<td style=\"text-align: center\" width=\"142\">Quinta-feira<\/p>\n<p>20h00 \u00e0s 22h00<\/td>\n<td style=\"text-align: center\" width=\"180\">24 vagas<\/p>\n<p>(16 internas + 8 isoladas)<\/td>\n<td width=\"108\">\n<p style=\"text-align: center\">M \/ D<\/p>\n<\/td>\n<\/tr>\n<tr>\n<td style=\"text-align: center\" width=\"280\">\n<p style=\"text-align: left\">EDCM-7051 &#8211; T\u00f3picos em Educa\u00e7\u00e3o em Ci\u00eancias e em Matem\u00e1tica III \u2013\u00a0<em>Assunto:\u00a0<\/em><em>Fundamentos e Pr\u00e1ticas da Educa\u00e7\u00e3o Especial e Inclusiva<\/em><\/p>\n<\/td>\n<td style=\"text-align: center\" width=\"161\">ANDERSON ROGES TEIXEIRA GOES e PRISCILA KABBAZ ALVES DA COSTA<\/td>\n<td width=\"142\">\n<p style=\"text-align: center\">Sexta-feira<\/p>\n<p style=\"text-align: center\">14h00 \u00e0s 17h00<\/p>\n<\/td>\n<td style=\"text-align: center\" width=\"180\">20 vagas<\/p>\n<p>(15 internas + 5 isoladas)<\/td>\n<td width=\"108\">\n<p style=\"text-align: center\">M\/D<\/p>\n<\/td>\n<\/tr>\n<\/tbody>\n<\/table>\n<p style=\"text-align: left\"><strong>\u00a0Disciplinas ofertadas PPGECM \u2013 2021\/1<\/strong><\/p>\n<table style=\"height: 1413px\" width=\"880\">\n<tbody>\n<tr>\n<td width=\"236\">\n<p style=\"text-align: center\">Disciplinas<\/p>\n<\/td>\n<td style=\"text-align: center\" width=\"116\">Docentes<\/td>\n<td style=\"text-align: center\" width=\"102\">Dia\/hor\u00e1rio<\/td>\n<td style=\"text-align: center\" width=\"82\">Vagas\u00a0regulares \/ isoladas<\/td>\n<td style=\"text-align: center\" width=\"102\">curso<\/td>\n<\/tr>\n<tr>\n<td width=\"236\">EDCM 7038 &#8211; T\u00f3picos em Educa\u00e7\u00e3o em Ci\u00eancias e em Matem\u00e1tica II: Educa\u00e7\u00e3o Financeira<\/td>\n<td width=\"116\">\n<p style=\"text-align: center\">Ruth M. Hofmann<\/p>\n<\/td>\n<td style=\"text-align: center\" width=\"102\">5\u00aa feira<\/p>\n<p>9h30 \u00e0s 11h30<\/p>\n<p>&nbsp;<\/td>\n<td style=\"text-align: center\" width=\"82\">15 regulares<\/td>\n<td width=\"102\">\n<p style=\"text-align: center\">M<\/p>\n<p>&nbsp;<\/td>\n<\/tr>\n<tr>\n<td width=\"236\">EDCM 7038 &#8211; T\u00f3picos em Educa\u00e7\u00e3o em Ci\u00eancias e em Matem\u00e1tica II: Estudos curriculares<\/td>\n<td width=\"116\">\n<p style=\"text-align: center\">Elenilton Vieira Godoy<\/p>\n<\/td>\n<td style=\"text-align: center\" width=\"102\">2\u00aa feira<\/p>\n<p>17h30 \u00e0s 20h30<\/td>\n<td style=\"text-align: center\" width=\"82\">20 regulares<\/p>\n<p>5 isoladas<\/td>\n<td width=\"102\">\n<p style=\"text-align: center\">M \/ D<\/p>\n<\/td>\n<\/tr>\n<tr>\n<td width=\"236\">EDCM 7051 &#8211; T\u00f3picos em Educa\u00e7\u00e3o em Ci\u00eancias e em Matem\u00e1tica III: Forma\u00e7\u00e3o Docente e a Pesquisa sobre Processos Mediadores na Escola Contempor\u00e2nea<\/td>\n<td width=\"116\">\n<p style=\"text-align: center\">Tania Bruns Zimer<\/p>\n<p style=\"text-align: center\">S\u00e9rgio Camargo<\/p>\n<\/td>\n<td style=\"text-align: center\" width=\"102\">3\u00aa feira<\/p>\n<p>9h30 \u00e0s 11h30<\/p>\n<p>&nbsp;<\/td>\n<td style=\"text-align: center\" width=\"82\">15 regulares<\/td>\n<td width=\"102\">\n<p style=\"text-align: center\">M \/ D<\/p>\n<\/td>\n<\/tr>\n<tr>\n<td width=\"236\">EDCM 7046 &#8211; Perspectivas da Diferen\u00e7a e a Educa\u00e7\u00e3o<\/td>\n<td width=\"116\">\n<p style=\"text-align: center\">K\u00e1tia Kasper<\/p>\n<\/td>\n<td style=\"text-align: center\" width=\"102\">3\u00aa feira<\/p>\n<p>14h \u00e0s 18h<\/td>\n<td style=\"text-align: center\" width=\"82\">20 regulares<\/td>\n<td width=\"102\">\n<p style=\"text-align: center\">M \/ D<\/p>\n<\/td>\n<\/tr>\n<tr>\n<td width=\"236\">EDCM 7018 \u2013 Tend\u00eancias da Pesquisa em Educa\u00e7\u00e3o em Ci\u00eancias<\/td>\n<td width=\"116\">\n<p style=\"text-align: center\">Camila Silveira da Silva<\/p>\n<\/td>\n<td style=\"text-align: center\" width=\"102\">3\u00aa feira<\/p>\n<p>19h \u00e0s 23h<\/td>\n<td style=\"text-align: center\" width=\"82\">20 regulares<\/p>\n<p>5 isoladas<\/td>\n<td width=\"102\">\n<p style=\"text-align: center\">M \/ D<\/p>\n<\/td>\n<\/tr>\n<tr>\n<td width=\"236\">EDCM 7032 \u2013 Semin\u00e1rios de Pesquisa I<\/td>\n<td width=\"116\">\n<p style=\"text-align: center\">Marcelo Val\u00e9rio e Everton Bedin<\/p>\n<\/td>\n<td style=\"text-align: center\" width=\"102\">4\u00aa feira<\/p>\n<p>10h \u00e0s 12h<\/td>\n<td style=\"text-align: center\" width=\"82\">28 regulares<\/td>\n<td width=\"102\">\n<p style=\"text-align: center\">M<\/p>\n<\/td>\n<\/tr>\n<tr>\n<td width=\"236\">EDCM 7042 &#8211; Fundamentos Epistemol\u00f3gicos para Educa\u00e7\u00e3o em Ci\u00eancias e em Matem\u00e1tica<\/td>\n<td width=\"116\">\n<p style=\"text-align: center\">Joanez Aires<\/p>\n<\/td>\n<td style=\"text-align: center\" width=\"102\">5\u00aa feira<\/p>\n<p>14h \u00e0s 18h<\/td>\n<td style=\"text-align: center\" width=\"82\">15 regulares<\/p>\n<p>5 isoladas<\/td>\n<td width=\"102\">\n<p style=\"text-align: center\">M \/ D<\/p>\n<\/td>\n<\/tr>\n<tr>\n<td width=\"236\">EDCM 7044 &#8211; Pesquisa em Educa\u00e7\u00e3o em Ci\u00eancias e em Matem\u00e1tica e Escola<\/td>\n<td width=\"116\">\n<p style=\"text-align: center\">Elisangela Campos Emerson Rolkouski<\/p>\n<\/td>\n<td style=\"text-align: center\" width=\"102\">5\u00aa feira<\/p>\n<p>14h \u00e0s 17h<\/td>\n<td style=\"text-align: center\" width=\"82\">17 regulares<\/p>\n<p>3 isoladas<\/td>\n<td width=\"102\">\n<p style=\"text-align: center\">M \/ D<\/p>\n<\/td>\n<\/tr>\n<tr>\n<td width=\"236\">EDCM 7038 &#8211; T\u00f3picos em Educa\u00e7\u00e3o em Ci\u00eancias e em Matem\u00e1tica II:\u00a0<em>Estudos Decoloniais e Epistemologias do Sul \u2013 contribui\u00e7\u00f5es para a Educa\u00e7\u00e3o em Ci\u00eancias.<\/em><\/td>\n<td width=\"116\">\n<p style=\"text-align: center\">Patr\u00edcia Barbosa Pereira e Roberto Dalmo V. Lima de Oliveira<\/p>\n<\/td>\n<td style=\"text-align: center\" width=\"102\">5\u00aa feira<\/p>\n<p>18h30 \u00e0s 20h30<\/td>\n<td style=\"text-align: center\" width=\"82\">15 regulares<\/p>\n<p>3 isoladas<\/td>\n<td width=\"102\">\n<p style=\"text-align: center\">M \/ D<\/p>\n<\/td>\n<\/tr>\n<tr>\n<td width=\"236\">EDCM 7034 \u2013 Teorias da Aprendizagem<\/td>\n<td width=\"116\">\n<p style=\"text-align: center\">Neila T. Agranionih<\/p>\n<\/td>\n<td style=\"text-align: center\" width=\"102\">6\u00aa feira<\/p>\n<p>10h \u00e0s 12h<\/td>\n<td style=\"text-align: center\" width=\"82\">20 regulares<\/td>\n<td width=\"102\">\n<p style=\"text-align: center\">D<\/p>\n<p style=\"text-align: center\">Obrigat\u00f3ria<\/p>\n<p>&nbsp;<\/td>\n<\/tr>\n<tr>\n<td style=\"text-align: center\" width=\"236\">\n<p style=\"text-align: left\">EDCM 7038 &#8211; T\u00f3picos em Educa\u00e7\u00e3o em Ci\u00eancias e em Matem\u00e1tica II:\u00a0<em>Lakatos na Hist\u00f3ria e Filosofia da Ci\u00eancia e da Matem\u00e1tica<\/em><\/p>\n<\/td>\n<td style=\"text-align: center\" width=\"116\">Jos\u00e9 Carlos Cifuentes<\/td>\n<td style=\"text-align: center\" width=\"102\">6\u00aa feira<\/p>\n<p>14h \u00e0s 18h<\/td>\n<td style=\"text-align: center\" width=\"82\">15 regulares<\/td>\n<td width=\"102\">\n<p style=\"text-align: center\">M \/ D<\/p>\n<\/td>\n<\/tr>\n<\/tbody>\n<\/table>\n<p><strong>\u00a0<\/strong><\/p>\n<h3 style=\"text-align: center\"><\/h3>\n","protected":false},"excerpt":{"rendered":"<p>\u00a0Disciplinas ofertadas PPGECM \u2013 2021\/2 Disciplinas Docentes dia\/per\u00edodo Quantidade de vagas (interno + isolada) Curso EDCM 7038 &#8211; T\u00d3PICOS EM EDUCA\u00c7\u00c3O EM CI\u00caNCIAS E EM MATEM\u00c1TICA II &#8211;\u00a0Assunto:\u00a0Educa\u00e7\u00e3o Financeira RUTH MARGARETH HOFMANN Segunda-feira 9h30 \u00e0s 11h30 12 vagas (10 internas&hellip; <\/p>\n","protected":false},"author":3978,"featured_media":0,"parent":0,"menu_order":0,"comment_status":"closed","ping_status":"closed","template":"","meta":{"footnotes":""},"class_list":["post-2599","page","type-page","status-publish","hentry"],"_links":{"self":[{"href":"https:\/\/exatas.ufpr.br\/ppgecm\/wp-json\/wp\/v2\/pages\/2599","targetHints":{"allow":["GET"]}}],"collection":[{"href":"https:\/\/exatas.ufpr.br\/ppgecm\/wp-json\/wp\/v2\/pages"}],"about":[{"href":"https:\/\/exatas.ufpr.br\/ppgecm\/wp-json\/wp\/v2\/types\/page"}],"author":[{"embeddable":true,"href":"https:\/\/exatas.ufpr.br\/ppgecm\/wp-json\/wp\/v2\/users\/3978"}],"replies":[{"embeddable":true,"href":"https:\/\/exatas.ufpr.br\/ppgecm\/wp-json\/wp\/v2\/comments?post=2599"}],"version-history":[{"count":2,"href":"https:\/\/exatas.ufpr.br\/ppgecm\/wp-json\/wp\/v2\/pages\/2599\/revisions"}],"predecessor-version":[{"id":2801,"href":"https:\/\/exatas.ufpr.br\/ppgecm\/wp-json\/wp\/v2\/pages\/2599\/revisions\/2801"}],"wp:attachment":[{"href":"https:\/\/exatas.ufpr.br\/ppgecm\/wp-json\/wp\/v2\/media?parent=2599"}],"curies":[{"name":"wp","href":"https:\/\/api.w.org\/{rel}","templated":true}]}}