{"id":2366,"date":"2021-07-14T18:11:41","date_gmt":"2021-07-14T18:11:41","guid":{"rendered":"https:\/\/exatas.ufpr.br\/ppgecm\/?page_id=2366"},"modified":"2022-12-16T20:06:57","modified_gmt":"2022-12-16T20:06:57","slug":"processo-seletivo-20222023","status":"publish","type":"page","link":"https:\/\/exatas.ufpr.br\/ppgecm\/processo-seletivo-20222023\/","title":{"rendered":"Processo Seletivo 2022\/2023"},"content":{"rendered":"<h2 style=\"text-align: center\"><a href=\"https:\/\/exatas.ufpr.br\/ppgecm\/wp-content\/uploads\/sites\/27\/2022\/12\/Edital-038-2022-Resultado_Definitivo_MestradoII.pdf\"><strong><span style=\"color: #33cccc\"><em><u>EDITAL 038\/2022\u00a0 &#8211; Resultado Definitivo &#8211; Mestrado &#8211; Ref:Edital_025\/2022<\/u><\/em><\/span><\/strong><\/a><\/h2>\n<p>&nbsp;<\/p>\n<h3 style=\"text-align: left\"><span style=\"color: #0000ff\"><a style=\"color: #0000ff\" href=\"https:\/\/exatas.ufpr.br\/ppgecm\/wp-content\/uploads\/sites\/27\/2022\/12\/Edital-037-2022-Resultado_Final_MestradoII.pdf\"><u>EDITAL 037\/2022\u00a0 &#8211; Resultado Final &#8211; Mestrado &#8211; Ref:Edital_025\/2022<\/u><\/a><\/span><\/h3>\n<h4>\u00a0<span style=\"color: #0000ff\"><a style=\"color: #0000ff\" href=\"https:\/\/exatas.ufpr.br\/ppgecm\/wp-content\/uploads\/sites\/27\/2022\/12\/Edital-036-2022-Retifica\u00e7\u00e3o_EntrevistaeArgui\u00e7\u00e3o_Mestrado.pdf\"><u>EDITAL 036\/2022\u00a0 &#8211; Retifica\u00e7\u00e3o &#8211; Datas e Links &#8211; Entrevista e Argui\u00e7\u00e3o &#8211; Mestrado &#8211; Ref:Edital_025\/2022<\/u><\/a><\/span><\/h4>\n<h4><span style=\"color: #0000ff\"><strong><em>\u00a0<\/em><\/strong><a style=\"color: #0000ff\" href=\"https:\/\/exatas.ufpr.br\/ppgecm\/wp-content\/uploads\/sites\/27\/2022\/12\/Edital-035-2022-ResultadoFinal_P\u00f3s-Doc.pdf\"><u>EDITAL 035\/2022 &#8211; <\/u><u>RESULTADO FINAL &#8211;\u00a0<\/u><u>P\u00d3S-DOC <\/u><\/a><\/span><\/h4>\n<h4><span style=\"color: #0000ff\"><strong><em>\u00a0<\/em><\/strong><a style=\"color: #0000ff\" href=\"https:\/\/exatas.ufpr.br\/ppgecm\/wp-content\/uploads\/sites\/27\/2022\/12\/Edital-034-2022-EntrevistaeArgui\u00e7\u00e3o_Mestrado.pdf\"><u>EDITAL 034\/2022\u00a0 &#8211; Datas e Links &#8211; Entrevista e Argui\u00e7\u00e3o &#8211; Mestrado &#8211; Ref:Edital_025\/2022<\/u><\/a><\/span><\/h4>\n<h4 style=\"text-align: left\">\u00a0<span style=\"color: #0000ff\"><a style=\"color: #0000ff\" href=\"https:\/\/exatas.ufpr.br\/ppgecm\/wp-content\/uploads\/sites\/27\/2022\/11\/Edital-033-2022-Resultado-2\u00aa-Fase-P\u00f3s-Doc.pdf\"><u>EDITAL 033\/2022 &#8211; <\/u><u>RESULTADO PRELIMINAR DA ETAPA 2 &#8211;\u00a0<\/u><u>P\u00d3S-DOC <\/u><\/a><\/span><\/h4>\n<h4><span style=\"color: #0000ff\"><a style=\"color: #0000ff\" href=\"https:\/\/exatas.ufpr.br\/ppgecm\/wp-content\/uploads\/sites\/27\/2022\/11\/Edital-032-2022-Resultado_1\u00aaEtapa_Mestrado.pdf\">Edital 032\/2022 &#8211; Resultado da Primeira Etapa &#8211; Mestrado &#8211; Ref:Edital_025\/2022<\/a><\/span><\/h4>\n<h4><a href=\"https:\/\/exatas.ufpr.br\/ppgecm\/wp-content\/uploads\/sites\/27\/2022\/11\/Edital-031-2022-Resultado-1\u00aa-Fase-P\u00f3s-Doc.pdf\"><span style=\"color: #33cccc\"><span style=\"color: #0000ff\"><u>EDITAL 031\/2022 &#8211; <\/u><u>RESULTADO PRELIMINAR DA ETAPA 1 &#8211;\u00a0<\/u><u>P\u00d3S-DOC<\/u><\/span><u> <\/u><\/span><\/a><\/h4>\n<h4><span style=\"color: #0000ff\"><a style=\"color: #0000ff\" href=\"https:\/\/ufprbr0-my.sharepoint.com\/:b:\/g\/personal\/ppgecm_ufpr_br\/EeSgrYN1OHFAnnlQTOTdglsBf68OOyMpY7FdyHGMPXMfpg?e=vYKopT\">Edital 030\/2022 &#8211; Homologa\u00e7\u00e3o de Inscri\u00e7\u00f5es &#8211; P\u00f3s-Doc<\/a><\/span><\/h4>\n<h4><span style=\"color: #0000ff\">\u00a0<a style=\"color: #0000ff\" href=\"https:\/\/ufprbr0-my.sharepoint.com\/:b:\/g\/personal\/ppgecm_ufpr_br\/ER_qG8lRlr9Mjz3e57jbbFEB_IksheZ0faQNxFkrnUEBUQ?e=TUCGy0\">Edital 029\/2022 &#8211; Homologa\u00e7\u00e3o de Inscri\u00e7\u00f5es &#8211; Mestrado &#8211; Ref:Edital_025\/202<\/a>2<\/span><\/h4>\n<h4><span style=\"color: #0000ff\"><a style=\"color: #0000ff\" href=\"https:\/\/ufprbr0-my.sharepoint.com\/:b:\/g\/personal\/ppgecm_ufpr_br\/Eac7907w6ZBHs3aGeWFgBpcBVx6MQNcRCtN8C36_0Sb9oA?e=ziydUH\"><u>EDITAL 028\/2022 \u2013 RESULTADO DEFINITIVO_DOUTORADO<\/u><\/a><\/span><\/h4>\n<h4><span style=\"color: #0000ff\">\u00a0<a style=\"color: #0000ff\" href=\"https:\/\/ufprbr0-my.sharepoint.com\/:b:\/g\/personal\/ppgecm_ufpr_br\/EVSS_B7nM79CjrasXpEPq5cBJJO8jWFWAqi7J87Qis-lNg?e=tt4gkW\"><u>EDITAL 027\/2022 \u2013 RESULTADO DEFINITIVO_<\/u><u>MESTRADO<\/u><\/a><\/span><\/h4>\n<h4><span style=\"color: #0000ff\">\u00a0<a style=\"color: #0000ff\" href=\"https:\/\/ufprbr0-my.sharepoint.com\/:b:\/g\/personal\/ppgecm_ufpr_br\/ERrVgleQ6GtOpbmt7ZTKoMkBhpI1iSvs8cDRo8jGbseRvA?e=J1Vgjj\">Edital_026-2022_P\u00f3s-Doc_PPGECM<\/a><\/span><\/h4>\n<h4><span style=\"color: #0000ff\">\u00a0<a style=\"color: #0000ff\" href=\"https:\/\/exatas.ufpr.br\/ppgecm\/wp-content\/uploads\/sites\/27\/2022\/11\/Edital_025.2022-MESTRADO-ESPECIAL.pdf\">Edital_025-2022_MestradoEspecial_PPGECM<\/a><\/span><\/h4>\n<h4><span style=\"color: #0000ff\"><a style=\"color: #0000ff\" href=\"https:\/\/ufprbr0-my.sharepoint.com\/:w:\/g\/personal\/ppgecm_ufpr_br\/EbgFw20t841DoFeG9SmPVOQBvvjL9YcLbmHMeefDMu--bA?e=Af9LAz\">Template &#8211; Projeto &#8211;\u00a0Mestrado Especial &#8211; 2022-2023<\/a><\/span><\/h4>\n<h4><span style=\"color: #0000ff\"><a style=\"color: #0000ff\" href=\"https:\/\/ufprbr0-my.sharepoint.com\/:b:\/g\/personal\/ppgecm_ufpr_br\/ET9ePOamWtBFu1STEjNbZBsBxmxcc3phya_tLPU0U2r--A?e=gPujve\">Edital_024-2022_Aprovados_ 2\u00aa Etapa_Doutorado_PPGECM<\/a><\/span><\/h4>\n<h4><span style=\"color: #0000ff\"><a style=\"color: #0000ff\" href=\"https:\/\/ufprbr0-my.sharepoint.com\/:b:\/g\/personal\/ppgecm_ufpr_br\/EVLH4kXjq4hAmLh3JfkTbqQBTqAi4BsjLeTjFIvIGYmPbg?e=kiiJn0\">Edital_023-2022_Aprovados2\u00aa Etapa_Mestrado_PPGECM<\/a>\u00a0<\/span><\/h4>\n<h4><span style=\"color: #0000ff\"><a style=\"color: #0000ff\" href=\"https:\/\/exatas.ufpr.br\/ppgecm\/wp-content\/uploads\/sites\/27\/2022\/09\/Edital-022-2022-2\u00aaEtapa_Doutorado.pdf\">Edital_022-2022_2\u00aa Etapa_Doutorado_PPGECM<\/a><\/span><\/h4>\n<h4><span style=\"color: #0000ff\"><a style=\"color: #0000ff\" href=\"https:\/\/exatas.ufpr.br\/ppgecm\/wp-content\/uploads\/sites\/27\/2022\/09\/Edital-021-2022_2\u00aaEtapa_Mestrado.pdf\">Edital_021-2022_2\u00aa Etapa_Mestrado_PPGECM<\/a><\/span><\/h4>\n<h4><span style=\"color: #0000ff\"><a style=\"color: #0000ff\" href=\"https:\/\/exatas.ufpr.br\/ppgecm\/wp-content\/uploads\/sites\/27\/2022\/09\/Edital-020-2022-Rela\u00e7\u00e3oDefinitiva_Aprovados_1\u00aaEtapa_Doutorado.pdf\">Edital_020-2022_Rela\u00e7\u00e3oDefinitiva_Aprovados 1\u00aa Etapa_Doutorado_PPGECM<\/a><\/span><\/h4>\n<h4><span style=\"color: #0000ff\"><a style=\"color: #0000ff\" href=\"https:\/\/exatas.ufpr.br\/ppgecm\/wp-content\/uploads\/sites\/27\/2022\/09\/Edital-019-2022-Rela\u00e7\u00e3oDefinitiva_Aprovados_1\u00aaEtapa_Mestrado.pdf\">Edital_019-2022_Rela\u00e7\u00e3oDefinitiva_Aprovados 1\u00aa Etapa_Mestrado_PPGECM<\/a><\/span><\/h4>\n<h4><span style=\"color: #0000ff\"><a style=\"color: #0000ff\" href=\"https:\/\/exatas.ufpr.br\/ppgecm\/wp-content\/uploads\/sites\/27\/2022\/09\/Edital-018-2022-Aprovados_1\u00aaEtapa_Doutorado.pdf\">Edital_018-2022_Aprovados 1\u00aa Etapa_Doutorado_PPGECM<\/a><\/span><\/h4>\n<h4><span style=\"color: #0000ff\"><a style=\"color: #0000ff\" href=\"https:\/\/exatas.ufpr.br\/ppgecm\/wp-content\/uploads\/sites\/27\/2022\/09\/Edital-017-2022-Aprovados_1\u00aaEtapa_Mestrado.pdf\">Edital_017-2022_Aprovados 1\u00aa Etapa_Mestrado_PPGECM<\/a><\/span><\/h4>\n<h4><span style=\"color: #0000ff\"><a style=\"color: #0000ff\" href=\"https:\/\/exatas.ufpr.br\/ppgecm\/wp-content\/uploads\/sites\/27\/2022\/08\/Edital-016-2022-Homologa\u00e7\u00e3o_Inscri\u00e7\u00f5es_Doutorado.pdf\">Edital_016-2022_Homologa\u00e7\u00e3o de Inscri\u00e7\u00f5es_Doutorado_PPGECM<\/a><\/span><\/h4>\n<h4><span style=\"color: #0000ff\"><a style=\"color: #0000ff\" href=\"https:\/\/exatas.ufpr.br\/ppgecm\/wp-content\/uploads\/sites\/27\/2022\/08\/Edital-015-2022-Homologa\u00e7\u00e3o_Inscri\u00e7\u00f5es_Mestrado.pdf\">Edital_015-2022_Homologa\u00e7\u00e3o de Inscri\u00e7\u00f5es_Mestrado_PPGECM<\/a><\/span><\/h4>\n<h4><span style=\"color: #0000ff\"><a style=\"color: #0000ff\" href=\"https:\/\/exatas.ufpr.br\/ppgecm\/wp-content\/uploads\/sites\/27\/2022\/06\/Edital_013-2022_Selecao_Doutorado_PPGECM.pdf\">Edital_013-2022_Selecao_Doutorado_PPGECM<\/a><\/span><\/h4>\n<h4><span style=\"color: #0000ff\"><a style=\"color: #0000ff\" href=\"https:\/\/exatas.ufpr.br\/ppgecm\/wp-content\/uploads\/sites\/27\/2022\/06\/Edital_012-2022_Selecao_Mestrado_PPGECM.pdf\">Edital_012-2022_Selecao_Mestrado_PPGECM<\/a><\/span><\/h4>\n<h4>DOUTORADO\u00a0&#8211;\u00a0<a href=\"https:\/\/www.prppg.ufpr.br\/siga\/visitante\/processoseletivo\/index.jsp?sequencial=3119\">Link para Inscri\u00e7\u00e3o (no per\u00edodo de\u00a001\/08\/2022\u00a0a\u00a014\/08\/2022)<\/a><\/h4>\n<h4>MESTRADO &#8211;\u00a0<a href=\"https:\/\/www.prppg.ufpr.br\/siga\/visitante\/processoseletivo\/index.jsp?sequencial=3118\">Link para Inscri\u00e7\u00e3o (no per\u00edodo de\u00a001\/08\/2022\u00a0a\u00a014\/08\/2022)<\/a><\/h4>\n<h4><span style=\"color: #0000ff\"><a style=\"color: #0000ff\" href=\"https:\/\/ufprbr0-my.sharepoint.com\/:w:\/g\/personal\/ppgecm_ufpr_br\/EQXS4xvzFp1Bs8YzvtRF2z4B8VxOwmrGl3LAMOb2O5yv6w?e=D4qHe1\">Template &#8211; Memorial &#8211; Seletivo PPGECM &#8211; 2022-2023<\/a><\/span><\/h4>\n<h4><span style=\"color: #0000ff\"><a style=\"color: #0000ff\" href=\"https:\/\/ufprbr0-my.sharepoint.com\/:w:\/g\/personal\/ppgecm_ufpr_br\/EQiTNqImIcpFkBBBaXT6FoUBO5E482cuRr8z8XnQHtXLaw?e=NH220I\">Template &#8211; Projeto &#8211; Seletivo PPGECM &#8211; 2022-2023<\/a><\/span><\/h4>\n<h4><\/h4>\n<h3><\/h3>\n<h3><\/h3>\n<p>&nbsp;<\/p>\n","protected":false},"excerpt":{"rendered":"<p>EDITAL 038\/2022\u00a0 &#8211; Resultado Definitivo &#8211; Mestrado &#8211; Ref:Edital_025\/2022 &nbsp; EDITAL 037\/2022\u00a0 &#8211; Resultado Final &#8211; Mestrado &#8211; Ref:Edital_025\/2022 \u00a0EDITAL 036\/2022\u00a0 &#8211; Retifica\u00e7\u00e3o &#8211; Datas e Links &#8211; Entrevista e Argui\u00e7\u00e3o &#8211; Mestrado &#8211; Ref:Edital_025\/2022 \u00a0EDITAL 035\/2022 &#8211; RESULTADO FINAL&hellip; <\/p>\n","protected":false},"author":3996,"featured_media":0,"parent":0,"menu_order":0,"comment_status":"closed","ping_status":"closed","template":"","meta":{"footnotes":""},"class_list":["post-2366","page","type-page","status-publish","hentry"],"_links":{"self":[{"href":"https:\/\/exatas.ufpr.br\/ppgecm\/wp-json\/wp\/v2\/pages\/2366","targetHints":{"allow":["GET"]}}],"collection":[{"href":"https:\/\/exatas.ufpr.br\/ppgecm\/wp-json\/wp\/v2\/pages"}],"about":[{"href":"https:\/\/exatas.ufpr.br\/ppgecm\/wp-json\/wp\/v2\/types\/page"}],"author":[{"embeddable":true,"href":"https:\/\/exatas.ufpr.br\/ppgecm\/wp-json\/wp\/v2\/users\/3996"}],"replies":[{"embeddable":true,"href":"https:\/\/exatas.ufpr.br\/ppgecm\/wp-json\/wp\/v2\/comments?post=2366"}],"version-history":[{"count":63,"href":"https:\/\/exatas.ufpr.br\/ppgecm\/wp-json\/wp\/v2\/pages\/2366\/revisions"}],"predecessor-version":[{"id":2816,"href":"https:\/\/exatas.ufpr.br\/ppgecm\/wp-json\/wp\/v2\/pages\/2366\/revisions\/2816"}],"wp:attachment":[{"href":"https:\/\/exatas.ufpr.br\/ppgecm\/wp-json\/wp\/v2\/media?parent=2366"}],"curies":[{"name":"wp","href":"https:\/\/api.w.org\/{rel}","templated":true}]}}