{"id":2361,"date":"2021-07-14T17:51:36","date_gmt":"2021-07-14T17:51:36","guid":{"rendered":"https:\/\/exatas.ufpr.br\/ppgecm\/?page_id=2361"},"modified":"2025-11-20T00:21:40","modified_gmt":"2025-11-20T00:21:40","slug":"processo-seletivo","status":"publish","type":"page","link":"https:\/\/exatas.ufpr.br\/ppgecm\/processo-seletivo\/","title":{"rendered":"PROCESSO SELETIVO"},"content":{"rendered":"<div class=\"wp-block-image\">\n<figure class=\"aligncenter size-full is-resized\"><a href=\"https:\/\/exatas.ufpr.br\/ppgecm\/wp-content\/uploads\/sites\/27\/2024\/07\/image.png\"><img loading=\"lazy\" decoding=\"async\" width=\"310\" height=\"163\" src=\"https:\/\/exatas.ufpr.br\/ppgecm\/wp-content\/uploads\/sites\/27\/2024\/07\/image.png\" alt=\"\" class=\"wp-image-3250\" style=\"width:113px;height:auto\" srcset=\"https:\/\/exatas.ufpr.br\/ppgecm\/wp-content\/uploads\/sites\/27\/2024\/07\/image.png 310w, https:\/\/exatas.ufpr.br\/ppgecm\/wp-content\/uploads\/sites\/27\/2024\/07\/image-300x158.png 300w\" sizes=\"auto, (max-width: 310px) 100vw, 310px\" \/><\/a><\/figure><\/div>\n\n\n<p class=\"has-text-align-center has-medium-font-size\"><strong><em><u><a href=\"https:\/\/exatas.ufpr.br\/ppgecm\/wp-content\/uploads\/sites\/27\/2025\/11\/Edital_025.2025_Resultado_Definitivo_Doutorado.pdf\">EDITAL 025\/2025 \u2013 RESULTADO DEFINITIVO &#8211; DOUTORADO<\/a><\/u><\/em><\/strong><\/p>\n\n\n\n<p class=\"has-text-align-center has-medium-font-size\"><strong><em><u><strong><em><u><a href=\"https:\/\/exatas.ufpr.br\/ppgecm\/wp-content\/uploads\/sites\/27\/2025\/11\/Edital_026.2025_Resultado_Definitivo_Mestrado.pdf\">EDITAL 026\/2025 \u2013 RESULTADO DEFINITIVO &#8211; MESTRADO<\/a><\/u><\/em><\/strong><\/u><\/em><\/strong><\/p>\n\n\n\n<p class=\"has-text-align-center has-medium-font-size\"><strong>CRONOGRAMA DO PROCESSO SELETIVO<\/strong><\/p>\n\n\n\n<figure class=\"wp-block-table aligncenter\"><table><thead><tr><td><strong><em><s>DIVULGA\u00c7\u00c3O DO EDITAL<\/s><\/em><\/strong><\/td><td class=\"has-text-align-center\" data-align=\"center\"><em><s>28\/07\/2025<\/s><\/em><\/td><\/tr><tr><td><strong><em><s>PER\u00cdODO DE INSCRI\u00c7\u00d5ES<\/s><\/em><\/strong><\/td><td class=\"has-text-align-center\" data-align=\"center\"><em><s>04\/08\/2025 a 29\/08\/2025<\/s><\/em><\/td><\/tr><tr><td><s><em>Divulga\u00e7\u00e3o das inscri\u00e7\u00f5es deferidas<\/em><\/s><\/td><td class=\"has-text-align-center\" data-align=\"center\"><s>at\u00e9 08\/09\/2025<\/s><\/td><\/tr><tr><td><em><s>Prazo de interposi\u00e7\u00e3o de recurso<\/s>s<\/em><\/td><td class=\"has-text-align-center\" data-align=\"center\"><s><em>at\u00e9 10\/09\/2025<\/em><\/s><\/td><\/tr><tr><td><s><em>Prazo de an\u00e1lise de recursos<\/em><\/s><\/td><td class=\"has-text-align-center\" data-align=\"center\"><s><em>at\u00e9 12\/09\/2025<\/em><\/s><\/td><\/tr><tr><td><s><em>Divulga\u00e7\u00e3o do resultado dos recursos<\/em><\/s><\/td><td class=\"has-text-align-center\" data-align=\"center\"><s><em>at\u00e9 12\/09\/2025<\/em><\/s><\/td><\/tr><tr><td><strong><s><em>BANCAS DE HETEROIDENTIFICA\u00c7\u00c3O<\/em><\/s><\/strong><\/td><td class=\"has-text-align-center\" data-align=\"center\"><em><s>15\/09\/2025 a 27\/09\/2025<\/s><\/em><\/td><\/tr><tr><td><strong><s><em>AN\u00c1LISE DOS PROJETOS DE PESQUISA<\/em><\/s><\/strong><\/td><td class=\"has-text-align-center\" data-align=\"center\"><em><s>15\/09\/2025 a 03\/10\/2025<\/s><\/em><\/td><\/tr><tr><td><em><s>Divulga\u00e7\u00e3o do resultado<\/s><\/em><\/td><td class=\"has-text-align-center\" data-align=\"center\"><s><em>at\u00e9 06\/10\/2025<\/em><\/s><\/td><\/tr><tr><td><s><em>Prazo de interposi\u00e7\u00e3o de recursos<\/em><\/s><\/td><td class=\"has-text-align-center\" data-align=\"center\"><s><em>at\u00e9 08\/10\/2025<\/em><\/s><\/td><\/tr><tr><td><em><s>Prazo de an\u00e1lise de recursos<\/s><\/em><\/td><td class=\"has-text-align-center\" data-align=\"center\"><s><em>at\u00e9 10\/10\/2025<\/em><\/s><\/td><\/tr><tr><td><em><s>Divulga\u00e7\u00e3o do resultado dos recursos<\/s><\/em><\/td><td class=\"has-text-align-center\" data-align=\"center\"><s><em>at\u00e9 13\/10\/2025<\/em><\/s><\/td><\/tr><tr><td><strong><s><em>DIVULGA\u00c7\u00c3O DAS DATAS DE DEFESA DO PROJETO<\/em><\/s><\/strong><\/td><td class=\"has-text-align-center\" data-align=\"center\"><em><s>17\/10\/2025<\/s><\/em><\/td><\/tr><tr><td><em><s>Per\u00edodo de realiza\u00e7\u00e3o das Entrevistas<\/s><\/em><\/td><td class=\"has-text-align-center\" data-align=\"center\"><em><s>20\/10\/2025 a 10\/11\/2025<\/s><\/em><\/td><\/tr><tr><td><em><s>Divulga\u00e7\u00e3o do Resultado<\/s><\/em><\/td><td class=\"has-text-align-center\" data-align=\"center\"><s><em>at\u00e9 12\/11\/2025<\/em><\/s><\/td><\/tr><tr><td><s><em>Prazo de interposi\u00e7\u00e3o de recursos<\/em><\/s><\/td><td class=\"has-text-align-center\" data-align=\"center\"><em><s>at\u00e9 14\/11\/2025<\/s><\/em><\/td><\/tr><tr><td><em><s>Prazo de an\u00e1lise de recursos<\/s><\/em><\/td><td class=\"has-text-align-center\" data-align=\"center\"><s><em>at\u00e9 18\/11\/2025<\/em><\/s><\/td><\/tr><tr><td><strong><s><em>DIVULGA\u00c7\u00c3O DO RESULTADO DEFINITIVO<\/em><\/s><\/strong><\/td><td class=\"has-text-align-center\" data-align=\"center\"><em><s>19\/11\/2025<\/s><\/em><\/td><\/tr><\/thead><\/table><\/figure>\n\n\n\n<p class=\"has-text-align-left has-vivid-cyan-blue-color has-text-color has-link-color has-small-font-size wp-elements-743426e5cb7bab5fbe7d2a38ab7c28b8\"><u><a href=\"https:\/\/exatas.ufpr.br\/ppgecm\/wp-content\/uploads\/sites\/27\/2025\/11\/Edital_024.2025_Habilitados_2a_Doutorado-1.pdf\">EDITAL 024\/2025 \u2013 HABILITADOS NA 2\u00aa ETAPA &#8211; ENTREVISTA E ARGUI\u00c7\u00c3O<\/a><\/u><\/p>\n\n\n\n<p class=\"has-text-align-left has-vivid-cyan-blue-color has-text-color has-link-color has-small-font-size wp-elements-9b1b6c067268bd9c77a3d905f403ae0d\"><u><a href=\"https:\/\/exatas.ufpr.br\/ppgecm\/wp-content\/uploads\/sites\/27\/2025\/10\/Edital_022.2025_2aEtapa_Entrevista-e-Arquicao.pdf\">EDITAL 022\/2025 \u2013 2\u00aa ETAPA &#8211; ENTREVISTA E ARGUI\u00c7\u00c3O<\/a><\/u><\/p>\n\n\n\n<p class=\"has-text-align-left has-vivid-cyan-blue-color has-text-color has-link-color has-small-font-size wp-elements-d0050002b0ffc8710df3b9aa58239f5b\"><a href=\"https:\/\/exatas.ufpr.br\/ppgecm\/wp-content\/uploads\/sites\/27\/2025\/10\/Edital_021.2025_Doutorado_1aFase.pdf\">EDITAL 021\/2025 \u2013 APROVADOS 1\u00aa ETAPA &#8211; DOUTORADO<\/a><\/p>\n\n\n\n<p class=\"has-text-align-left has-vivid-cyan-blue-color has-text-color has-link-color has-small-font-size wp-elements-e88c921cf47af4884157da39f938a4bf\"><a href=\"https:\/\/exatas.ufpr.br\/ppgecm\/wp-content\/uploads\/sites\/27\/2025\/10\/Edital_020.2025_Mestrado_1aFase.pdf\">EDITAL 020\/2025 \u2013 APROVADOS 1\u00aa ETAPA &#8211; MESTRADO<\/a><\/p>\n\n\n\n<p class=\"has-text-align-left has-vivid-cyan-blue-color has-text-color has-link-color has-small-font-size wp-elements-10ada4e97b3c3f05bfc83d0508e59db7\"><u><a href=\"https:\/\/exatas.ufpr.br\/ppgecm\/wp-content\/uploads\/sites\/27\/2025\/10\/Edital_019.2025_Aprovados_1afase.pdf\">EDITAL 019\/2025 \u2013 APROVADOS 1\u00aa ETAPA<\/a><\/u><\/p>\n\n\n\n<p class=\"has-text-align-left has-vivid-cyan-blue-color has-text-color has-link-color has-small-font-size wp-elements-24c96c732fa72ff18ce045c6f694e4d1\"><a href=\"https:\/\/exatas.ufpr.br\/ppgecm\/wp-content\/uploads\/sites\/27\/2025\/09\/Edital_018.2025-Validacao_Autodelcaracao_Doutorado.pdf\">EDITAL 018\/2025 \u2013 RESULTADOS DA BANCA DE VALIDA\u00c7\u00c3O DOS TERMOS DE AUTODECLARA\u00c7\u00c3O &#8211; DOUTORADO<\/a><\/p>\n\n\n\n<p class=\"has-text-align-left has-vivid-cyan-blue-color has-text-color has-link-color has-small-font-size wp-elements-5ab808ac1ddd086edc7acefcd9a798d3\"><a href=\"https:\/\/exatas.ufpr.br\/ppgecm\/wp-content\/uploads\/sites\/27\/2025\/09\/Edital_017.2025-Validacao_Autodelcaracao_Mestrado.pdf\">EDITAL 017\/2025 \u2013 RESULTADOS DA BANCA DE VALIDA\u00c7\u00c3O DOS TERMOS DE AUTODECLARA\u00c7\u00c3O &#8211; MESTRADO<\/a><\/p>\n\n\n\n<p class=\"has-text-align-left has-vivid-cyan-blue-color has-text-color has-link-color has-small-font-size wp-elements-9c9890b3da05dc39dc9bc26a85c22124\"><a href=\"https:\/\/exatas.ufpr.br\/ppgecm\/wp-content\/uploads\/sites\/27\/2025\/09\/Edital_015.2025-Homologacao_Inscricoes_Mestrado_Pos-Recurso.pdf\">EDITAL 015\/2025 \u2013 HOMOLOGA\u00c7\u00c3O DAS INSCRI\u00c7\u00d5ES &#8211; P\u00d3S RECURSOS \u2013 MESTRADO<\/a><\/p>\n\n\n\n<p class=\"has-text-align-left has-vivid-cyan-blue-color has-text-color has-link-color has-small-font-size wp-elements-1d2ca7083216e53a81afa1840247dd61\"><a href=\"https:\/\/exatas.ufpr.br\/ppgecm\/wp-content\/uploads\/sites\/27\/2025\/09\/Edital_014.2025-Homologacao_Inscricoes_Doutorado_Pos-Recurso.pdf\">EDITAL 014\/2025 \u2013 HOMOLOGA\u00c7\u00c3O DAS INSCRI\u00c7\u00d5ES \u2013 P\u00d3S RECURSOS &#8211; DOUTORADO<\/a><\/p>\n\n\n\n<p class=\"has-text-align-left has-vivid-cyan-blue-color has-text-color has-link-color has-small-font-size wp-elements-fb2c4e3b4bb931f07e4e58a950cb6264\" style=\"font-style:normal;font-weight:400\"><a href=\"https:\/\/exatas.ufpr.br\/ppgecm\/wp-content\/uploads\/sites\/27\/2025\/09\/Edital_013.2025-Homologacao_Inscricoes_Mestrado.pdf\">EDITAL 013\/2025 \u2013 HOMOLOGA\u00c7\u00c3O DAS INSCRI\u00c7\u00d5ES \u2013 MESTRADO<\/a><\/p>\n\n\n\n<p class=\"has-text-align-left has-vivid-cyan-blue-color has-text-color has-link-color has-small-font-size wp-elements-6e122b02f6704e245ac12059e4c0c440\" style=\"font-style:normal;font-weight:400\"><a href=\"https:\/\/exatas.ufpr.br\/ppgecm\/wp-content\/uploads\/sites\/27\/2025\/09\/Edital_012.2025-Homologacao_Inscricoes_Doutorado.pdf\">EDITAL 012\/2025 \u2013 HOMOLOGA\u00c7\u00c3O DAS INSCRI\u00c7\u00d5ES \u2013 DOUTORADO<\/a><\/p>\n\n\n\n<p class=\"has-text-align-left has-vivid-cyan-blue-color has-text-color has-link-color has-small-font-size wp-elements-aa94abec22b9aefe13c97827f2757f7c\" style=\"font-style:normal;font-weight:400\"><a href=\"https:\/\/exatas.ufpr.br\/ppgecm\/wp-content\/uploads\/sites\/27\/2025\/07\/Edital_009.2025-Processo-Seletivo-2026.pdf\">EDITAL 009\/2025 \u2013 PROCESSO SELETIVO 2025\/2026 \u2013 MESTRADO E DOUTORADO<\/a><\/p>\n\n\n\n<p class=\"has-vivid-cyan-blue-color has-text-color has-link-color has-small-font-size wp-elements-cb6de25a102e1f53bfe6c3a3642c8d69\" style=\"font-style:normal;font-weight:400\"><a href=\"https:\/\/ufprbr0-my.sharepoint.com\/:w:\/g\/personal\/ppgecm_ufpr_br\/Ed_Sg1ttt8NCjDDg7h7I69kBUpB2E5cosfI3NCuZZY2xfg?e=QkLmwl\" target=\"_blank\" rel=\"noreferrer noopener\">TEMPLATE \u2013 Memorial \u2013 PPGECM \u2013 2025-2026<\/a><\/p>\n\n\n\n<p class=\"has-vivid-cyan-blue-color has-text-color has-link-color has-small-font-size wp-elements-d6bf53d2c2916dc1b9543f048a56ee43\" style=\"font-style:normal;font-weight:400\"><a href=\"https:\/\/ufprbr0-my.sharepoint.com\/:w:\/g\/personal\/ppgecm_ufpr_br\/EYiGaIgNQ6NLiuR1Tri0EnUBnCXDLA_TYNDfTy0EVxa9pA?e=gbOzbD\" target=\"_blank\" rel=\"noreferrer noopener\">TEMPLATE \u2013 Projeto \u2013 PPGECM \u2013 2025-2026<\/a><\/p>\n\n\n\n<p class=\"has-vivid-cyan-blue-color has-text-color has-link-color has-small-font-size wp-elements-203b24949d1b26a88e4406b9e6d28d64\" style=\"font-style:normal;font-weight:400\"><a href=\"https:\/\/ufprbr0-my.sharepoint.com\/:w:\/g\/personal\/ppgecm_ufpr_br\/Eckb-ui1TZNHqu3gaT2ocPwBL1EbDT90KXfxFnDg1WzlRA?e=x0a5YU\" target=\"_blank\" rel=\"noreferrer noopener\">ANEXO III \u2013 DECLARA\u00c7\u00c3O DE DISPONIBILIDADE E COMPROMETIMENTO<\/a><\/p>\n\n\n\n<p class=\"has-vivid-cyan-blue-color has-text-color has-link-color has-small-font-size wp-elements-aae9f3af4f4bbc2ad13db04bc09cfddb\" style=\"font-style:normal;font-weight:400\"><a href=\"https:\/\/ufprbr0-my.sharepoint.com\/:w:\/g\/personal\/ppgecm_ufpr_br\/EZVOqUE9IAdAt_Errvvo8XgBwv5z6ZbksqCwDToVRrIcIg?e=M4sXcH\" target=\"_blank\" rel=\"noreferrer noopener\">ANEXO IV \u2013 FORMUL\u00c1RIO DE ATENDIMENTO ESPECIAL<\/a><\/p>\n\n\n\n<p class=\"has-vivid-cyan-blue-color has-text-color has-link-color has-small-font-size wp-elements-3753af3b4bad57ddeadac19c376222d4\" style=\"font-style:normal;font-weight:400\"><a href=\"https:\/\/ufprbr0-my.sharepoint.com\/:w:\/g\/personal\/ppgecm_ufpr_br\/EYVM0yAQz_xKnkQ_tBtXk7AB8Qx9gSFfC8PF9rY_RV8ZEQ?e=vVvG8X\">ANEXO VII &#8211; FORMUL\u00c1RIO RECURSO &#8211; Seletivo PPGECM &#8211; 2025-2026<\/a><\/p>\n\n\n\n<p class=\"has-vivid-cyan-blue-color has-text-color has-link-color has-small-font-size wp-elements-d439816b5c48623126147c0264b9473e\" style=\"font-style:normal;font-weight:400\"><a href=\"https:\/\/ufprbr0-my.sharepoint.com\/:w:\/g\/personal\/ppgecm_ufpr_br\/EZVOqUE9IAdAt_Errvvo8XgBwv5z6ZbksqCwDToVRrIcIg?e=QlVzTb\" target=\"_blank\" rel=\"noreferrer noopener\">ANEXO VIII &#8211; TERMOS DE AUTODECLARA\u00c7\u00c3O<\/a><\/p>\n\n\n\n<h4 class=\"wp-block-heading\"><\/h4>\n\n\n\n<p><\/p>\n\n\n\n<p>________________________________________________________________________________________________________________<\/p>\n\n\n\n<p><\/p>\n\n\n\n<p><\/p>\n\n\n\n<p class=\"has-text-color has-link-color has-medium-font-size wp-elements-70721bdd80f9eca3c57e2d404d701265\" style=\"color:#3ea4bb;font-style:normal;font-weight:300\"><a href=\"https:\/\/exatas.ufpr.br\/ppgecm\/processo-seletivo-2024-2025\/\">Processo Seletivo &#8211; 2024\/2025<\/a><\/p>\n\n\n\n<p class=\"has-text-color has-link-color has-medium-font-size wp-elements-936602ed3768aa26498709913ad5a55b\" style=\"color:#3ea4bb;font-style:normal;font-weight:300\"><a href=\"https:\/\/exatas.ufpr.br\/ppgecm\/processo-seletivo-2023-2024\/\">Processo Seletivo &#8211; 2023\/2024<\/a><\/p>\n\n\n\n<p class=\"has-text-color has-link-color has-medium-font-size wp-elements-a20ec54aef4ff14bf6fb975eb6278e6f\" style=\"color:#3ea4bb;font-style:normal;font-weight:300\"><a href=\"https:\/\/exatas.ufpr.br\/ppgecm\/processo-seletivo-20222023\/\">Processo Seletivo &#8211; 2022\/2023<\/a><\/p>\n\n\n\n<p class=\"has-text-color has-link-color has-medium-font-size wp-elements-4870dd729a7ece8611ed3ac6885df3be\" style=\"color:#3ea4bb;font-style:normal;font-weight:300\"><a href=\"https:\/\/exatas.ufpr.br\/ppgecm\/editais-2021\/\">Processo Seletivo &#8211; 2021\/2022<\/a><\/p>\n\n\n\n<p class=\"has-text-color has-link-color has-medium-font-size wp-elements-c9698dea45f2bf4652c5f79ca71eefad\" style=\"color:#3ea4bb;font-style:normal;font-weight:300\"><a href=\"https:\/\/exatas.ufpr.br\/ppgecm\/editais-2020\/\">Processo Seletivo &#8211; 2020\/2021<\/a><\/p>\n","protected":false},"excerpt":{"rendered":"<p>EDITAL 025\/2025 \u2013 RESULTADO DEFINITIVO &#8211; DOUTORADO EDITAL 026\/2025 \u2013 RESULTADO DEFINITIVO &#8211; MESTRADO CRONOGRAMA DO PROCESSO SELETIVO DIVULGA\u00c7\u00c3O DO EDITAL 28\/07\/2025 PER\u00cdODO DE INSCRI\u00c7\u00d5ES 04\/08\/2025 a 29\/08\/2025 Divulga\u00e7\u00e3o das inscri\u00e7\u00f5es deferidas at\u00e9 08\/09\/2025 Prazo de interposi\u00e7\u00e3o de recursos at\u00e9&hellip; <\/p>\n","protected":false},"author":3996,"featured_media":0,"parent":0,"menu_order":0,"comment_status":"closed","ping_status":"closed","template":"","meta":{"footnotes":""},"class_list":["post-2361","page","type-page","status-publish","hentry"],"_links":{"self":[{"href":"https:\/\/exatas.ufpr.br\/ppgecm\/wp-json\/wp\/v2\/pages\/2361","targetHints":{"allow":["GET"]}}],"collection":[{"href":"https:\/\/exatas.ufpr.br\/ppgecm\/wp-json\/wp\/v2\/pages"}],"about":[{"href":"https:\/\/exatas.ufpr.br\/ppgecm\/wp-json\/wp\/v2\/types\/page"}],"author":[{"embeddable":true,"href":"https:\/\/exatas.ufpr.br\/ppgecm\/wp-json\/wp\/v2\/users\/3996"}],"replies":[{"embeddable":true,"href":"https:\/\/exatas.ufpr.br\/ppgecm\/wp-json\/wp\/v2\/comments?post=2361"}],"version-history":[{"count":42,"href":"https:\/\/exatas.ufpr.br\/ppgecm\/wp-json\/wp\/v2\/pages\/2361\/revisions"}],"predecessor-version":[{"id":4671,"href":"https:\/\/exatas.ufpr.br\/ppgecm\/wp-json\/wp\/v2\/pages\/2361\/revisions\/4671"}],"wp:attachment":[{"href":"https:\/\/exatas.ufpr.br\/ppgecm\/wp-json\/wp\/v2\/media?parent=2361"}],"curies":[{"name":"wp","href":"https:\/\/api.w.org\/{rel}","templated":true}]}}