{"id":2191,"date":"2021-03-19T13:54:53","date_gmt":"2021-03-19T13:54:53","guid":{"rendered":"https:\/\/exatas.ufpr.br\/ppgecm\/?page_id=2191"},"modified":"2024-08-16T01:01:46","modified_gmt":"2024-08-16T01:01:46","slug":"2021-2","status":"publish","type":"page","link":"https:\/\/exatas.ufpr.br\/ppgecm\/2021-2\/","title":{"rendered":"2021"},"content":{"rendered":"\n<p class=\"has-text-color has-link-color wp-elements-3302bacd93af5b954ef8ec1593223f18\" style=\"color:#3ea4bb;font-size:25px;text-decoration:underline\"><a href=\"https:\/\/exatas.ufpr.br\/ppgecm\/wp-content\/uploads\/sites\/27\/2016\/03\/Disciplinas-PGECM-PORTARIA-N\u00ba7-DE-22-DE-FEVEREIRO-DE-2021.pdf\">Portaria N\u00ba7, de 22 de fevereiro de 2021<\/a><\/p>\n\n\n\n<p style=\"font-size:18px\"><span style=\"color: #ff0000\">* Obrigat\u00f3ria para o Curso de Doutorado<\/span><\/p>\n\n\n\n<figure class=\"wp-block-table\" style=\"font-size:15px\"><table class=\"has-black-color has-text-color has-link-color\"><tbody><tr><td class=\"has-text-align-center\" data-align=\"center\"><strong>Sigla<\/strong><\/td><td class=\"has-text-align-center\" data-align=\"center\"><strong>Nome<\/strong><\/td><td class=\"has-text-align-center\" data-align=\"center\"><strong>Cr\u00e9ditos<\/strong><\/td><td class=\"has-text-align-center\" data-align=\"center\"><strong>N\u00edvel<\/strong><\/td><\/tr><tr><td class=\"has-text-align-center\" data-align=\"center\"><strong><mark style=\"background-color:#ffffff;color:#3ea4bb\" class=\"has-inline-color\">EDCM &#8211; 7003<\/mark><\/strong><\/td><td class=\"has-text-align-center\" data-align=\"center\">DIVULGA\u00c7\u00c3O CIENT\u00cdFICA EM ESPA\u00c7OS N\u00c3O-FORMAIS<\/td><td class=\"has-text-align-center\" data-align=\"center\">4<\/td><td class=\"has-text-align-center\" data-align=\"center\">Mestrado e Doutorado<\/td><\/tr><tr><td class=\"has-text-align-center\" data-align=\"center\"><strong><mark style=\"background-color:#ffffff;color:#3ea4bb\" class=\"has-inline-color\">EDCM &#8211; 7008<\/mark><\/strong><\/td><td class=\"has-text-align-center\" data-align=\"center\">O PENSAMENTO MATEM\u00c1TICO NA EDUCA\u00c7\u00c3O MATEM\u00c1TICA<\/td><td class=\"has-text-align-center\" data-align=\"center\">4<\/td><td class=\"has-text-align-center\" data-align=\"center\">Mestrado e Doutorado<\/td><\/tr><tr><td class=\"has-text-align-center\" data-align=\"center\"><strong><mark style=\"background-color:#ffffff;color:#3ea4bb\" class=\"has-inline-color\">EDCM &#8211; 7013<\/mark><\/strong><\/td><td class=\"has-text-align-center\" data-align=\"center\">SEMIN\u00c1RIOS DE INTERC\u00c2MBIO CIENT\u00cdFICO<\/td><td class=\"has-text-align-center\" data-align=\"center\">2<\/td><td class=\"has-text-align-center\" data-align=\"center\">Mestrado e Doutorado<\/td><\/tr><tr><td class=\"has-text-align-center\" data-align=\"center\"><strong><mark style=\"background-color:#ffffff;color:#3ea4bb\" class=\"has-inline-color\">EDCM &#8211; 7018<\/mark><\/strong><\/td><td class=\"has-text-align-center\" data-align=\"center\">TEND\u00caNCIAS DA PESQUISA EM EDUCA\u00c7\u00c3O EM CI\u00caNCIAS<\/td><td class=\"has-text-align-center\" data-align=\"center\">4<\/td><td class=\"has-text-align-center\" data-align=\"center\">Mestrado e Doutorado<\/td><\/tr><tr><td class=\"has-text-align-center\" data-align=\"center\"><strong><mark style=\"background-color:#ffffff;color:#3ea4bb\" class=\"has-inline-color\">EDCM &#8211; 7019<\/mark><\/strong><\/td><td class=\"has-text-align-center\" data-align=\"center\">TEND\u00caNCIAS DE PESQUISA EM EDUCA\u00c7\u00c3O MATEM\u00c1TICA<\/td><td class=\"has-text-align-center\" data-align=\"center\">4<\/td><td class=\"has-text-align-center\" data-align=\"center\">Mestrado e Doutorado<\/td><\/tr><tr><td class=\"has-text-align-center\" data-align=\"center\"><strong><mark style=\"background-color:#ffffff;color:#3ea4bb\" class=\"has-inline-color\">EDCM &#8211; 7032<\/mark><\/strong><\/td><td class=\"has-text-align-center\" data-align=\"center\">SEMIN\u00c1RIOS DE PESQUISA I<\/td><td class=\"has-text-align-center\" data-align=\"center\">4<\/td><td class=\"has-text-align-center\" data-align=\"center\">Mestrado e Doutorado<\/td><\/tr><tr><td class=\"has-text-align-center\" data-align=\"center\"><strong><mark style=\"background-color:#ffffff;color:#3ea4bb\" class=\"has-inline-color\">EDCM &#8211; 7033<\/mark><\/strong><\/td><td class=\"has-text-align-center\" data-align=\"center\">SEMIN\u00c1RIOS DE PESQUISA II <span style=\"color: #ff0000\">*<\/span><\/td><td class=\"has-text-align-center\" data-align=\"center\">4<\/td><td class=\"has-text-align-center\" data-align=\"center\">Mestrado e Doutorado<\/td><\/tr><tr><td class=\"has-text-align-center\" data-align=\"center\"><strong><mark style=\"background-color:#ffffff;color:#3ea4bb\" class=\"has-inline-color\">EDCM &#8211; 7034<\/mark><\/strong><\/td><td class=\"has-text-align-center\" data-align=\"center\">TEORIAS DA APRENDIZAGEM <span style=\"color: #ff0000\">*<\/span><\/td><td class=\"has-text-align-center\" data-align=\"center\">4<\/td><td class=\"has-text-align-center\" data-align=\"center\">Mestrado e Doutorado<\/td><\/tr><tr><td class=\"has-text-align-center\" data-align=\"center\"><strong><mark style=\"background-color:#ffffff;color:#3ea4bb\" class=\"has-inline-color\">EDCM &#8211; 7035<\/mark><\/strong><\/td><td class=\"has-text-align-center\" data-align=\"center\">PR\u00c1TICA DE DOC\u00caNCIA I<\/td><td class=\"has-text-align-center\" data-align=\"center\">4<\/td><td class=\"has-text-align-center\" data-align=\"center\">Mestrado<\/td><\/tr><tr><td class=\"has-text-align-center\" data-align=\"center\"><strong><mark style=\"background-color:#ffffff;color:#3ea4bb\" class=\"has-inline-color\">EDCM &#8211; 7036<\/mark><\/strong><\/td><td class=\"has-text-align-center\" data-align=\"center\">PR\u00c1TICA DE DOC\u00caNCIA II <span style=\"color: #ff0000\">*<\/span><\/td><td class=\"has-text-align-center\" data-align=\"center\">4<\/td><td class=\"has-text-align-center\" data-align=\"center\">Doutorado<\/td><\/tr><tr><td class=\"has-text-align-center\" data-align=\"center\"><strong><mark style=\"background-color:#ffffff;color:#3ea4bb\" class=\"has-inline-color\">EDCM &#8211; 7037<\/mark><\/strong><\/td><td class=\"has-text-align-center\" data-align=\"center\">T\u00d3PICOS EM EDUCA\u00c7\u00c3O EM CI\u00caNCIAS E EM MATEM\u00c1TICA I<\/td><td class=\"has-text-align-center\" data-align=\"center\">2<\/td><td class=\"has-text-align-center\" data-align=\"center\">Mestrado e Doutorado<\/td><\/tr><tr><td class=\"has-text-align-center\" data-align=\"center\"><strong><mark style=\"background-color:#ffffff;color:#3ea4bb\" class=\"has-inline-color\">EDCM &#8211; 7038<\/mark><\/strong><\/td><td class=\"has-text-align-center\" data-align=\"center\">T\u00d3PICOS EM EDUCA\u00c7\u00c3O EM CI\u00caNCIAS E EM MATEM\u00c1TICA II<\/td><td class=\"has-text-align-center\" data-align=\"center\">4<\/td><td class=\"has-text-align-center\" data-align=\"center\">Mestrado e Doutorado<\/td><\/tr><tr><td class=\"has-text-align-center\" data-align=\"center\"><strong><mark style=\"background-color:#ffffff;color:#3ea4bb\" class=\"has-inline-color\">EDCM &#8211; 7039<\/mark><\/strong><\/td><td class=\"has-text-align-center\" data-align=\"center\">CTS E ACT NA EDUCA\u00c7\u00c3O EM CI\u00caNCIAS E MATEM\u00c1TICA<\/td><td class=\"has-text-align-center\" data-align=\"center\">4<\/td><td class=\"has-text-align-center\" data-align=\"center\">Mestrado e Doutorado<\/td><\/tr><tr><td class=\"has-text-align-center\" data-align=\"center\"><strong><mark style=\"background-color:#ffffff;color:#3ea4bb\" class=\"has-inline-color\">EDCM &#8211; 7040<\/mark><\/strong><\/td><td class=\"has-text-align-center\" data-align=\"center\">DID\u00c1TICA DAS CI\u00caNCIAS E DA MATEM\u00c1TICA<\/td><td class=\"has-text-align-center\" data-align=\"center\">4<\/td><td class=\"has-text-align-center\" data-align=\"center\">Mestrado e Doutorado<\/td><\/tr><tr><td class=\"has-text-align-center\" data-align=\"center\"><strong><mark style=\"background-color:#ffffff;color:#3ea4bb\" class=\"has-inline-color\">EDCM &#8211; 7041<\/mark><\/strong><\/td><td class=\"has-text-align-center\" data-align=\"center\">FORMA\u00c7\u00c3O DE PROFESSORES EM EDUCA\u00c7\u00c3O EM CI\u00caNCIAS E EM MATEM\u00c1TICA<\/td><td class=\"has-text-align-center\" data-align=\"center\">4<\/td><td class=\"has-text-align-center\" data-align=\"center\">Mestrado e Doutorado<\/td><\/tr><tr><td class=\"has-text-align-center\" data-align=\"center\"><strong><mark style=\"background-color:#ffffff;color:#3ea4bb\" class=\"has-inline-color\">EDCM &#8211; 7042<\/mark><\/strong><\/td><td class=\"has-text-align-center\" data-align=\"center\">FUNDAMENTOS EPISTEMOL\u00d3GICOS PARA EDUCA\u00c7\u00c3O EM CI\u00caNCIAS E EM MATEM\u00c1TICA<\/td><td class=\"has-text-align-center\" data-align=\"center\">4<\/td><td class=\"has-text-align-center\" data-align=\"center\">Mestrado e Doutorado<\/td><\/tr><tr><td class=\"has-text-align-center\" data-align=\"center\"><strong><mark style=\"background-color:#ffffff;color:#3ea4bb\" class=\"has-inline-color\">EDCM &#8211; 7043<\/mark><\/strong><\/td><td class=\"has-text-align-center\" data-align=\"center\">HIST\u00d3RIA E EDUCA\u00c7\u00c3O EM CI\u00caNCIAS E EM MATEM\u00c1TICA<\/td><td class=\"has-text-align-center\" data-align=\"center\">4<\/td><td class=\"has-text-align-center\" data-align=\"center\">Mestrado e Doutorado<\/td><\/tr><tr><td class=\"has-text-align-center\" data-align=\"center\"><strong><mark style=\"background-color:#ffffff;color:#3ea4bb\" class=\"has-inline-color\">EDCM &#8211; 7044<\/mark><\/strong><\/td><td class=\"has-text-align-center\" data-align=\"center\">PESQUISA EM EDUCA\u00c7\u00c3O EM CI\u00caNCIAS E EM MATEM\u00c1TICA E ESCOLA<\/td><td class=\"has-text-align-center\" data-align=\"center\">4<\/td><td class=\"has-text-align-center\" data-align=\"center\">Mestrado e Doutorado<\/td><\/tr><tr><td class=\"has-text-align-center\" data-align=\"center\"><strong><mark style=\"background-color:#ffffff;color:#3ea4bb\" class=\"has-inline-color\">EDCM &#8211; 7045<\/mark><\/strong><\/td><td class=\"has-text-align-center\" data-align=\"center\">RECURSOS TECNOL\u00d3GICOS EM EDUCA\u00c7\u00c3O EM CI\u00caNCIAS E EM MATEM\u00c1TICA<\/td><td class=\"has-text-align-center\" data-align=\"center\">4<\/td><td class=\"has-text-align-center\" data-align=\"center\">Mestrado e Doutorado<\/td><\/tr><tr><td class=\"has-text-align-center\" data-align=\"center\"><strong><mark style=\"background-color:#ffffff;color:#3ea4bb\" class=\"has-inline-color\">EDCM &#8211; 7046<\/mark><\/strong><\/td><td class=\"has-text-align-center\" data-align=\"center\">PERSPECTIVAS DA DIFEREN\u00c7A E A EDUCA\u00c7\u00c3O<\/td><td class=\"has-text-align-center\" data-align=\"center\">4<\/td><td class=\"has-text-align-center\" data-align=\"center\">Mestrado e Doutorado<\/td><\/tr><tr><td class=\"has-text-align-center\" data-align=\"center\"><strong><mark style=\"background-color:#ffffff;color:#3ea4bb\" class=\"has-inline-color\">EDCM &#8211; 7047<\/mark><\/strong><\/td><td class=\"has-text-align-center\" data-align=\"center\">PROFESSOR EM ATIVIDADE DE ENSINO: FUNDAMENTOS TE\u00d3RICOS E METODOL\u00d3GICOS<\/td><td class=\"has-text-align-center\" data-align=\"center\">4<\/td><td class=\"has-text-align-center\" data-align=\"center\">Mestrado e Doutorado<\/td><\/tr><tr><td class=\"has-text-align-center\" data-align=\"center\"><strong><mark style=\"background-color:#ffffff;color:#3ea4bb\" class=\"has-inline-color\">EDCM &#8211; 7048<\/mark><\/strong><\/td><td class=\"has-text-align-center\" data-align=\"center\">TECNOLOGIAS DIGITAIS EM EDUCA\u00c7\u00c3O EM CI\u00caNCIAS E EM MATEM\u00c1TICA<\/td><td class=\"has-text-align-center\" data-align=\"center\">4<\/td><td class=\"has-text-align-center\" data-align=\"center\">Mestrado e Doutorado<\/td><\/tr><tr><td class=\"has-text-align-center\" data-align=\"center\"><strong><mark style=\"background-color:#ffffff;color:#3ea4bb\" class=\"has-inline-color\">EDCM &#8211; 7049<\/mark><\/strong><\/td><td class=\"has-text-align-center\" data-align=\"center\">TEORIA DA APRENDIZAGEM SIGNIFICATIVA<\/td><td class=\"has-text-align-center\" data-align=\"center\">4<\/td><td class=\"has-text-align-center\" data-align=\"center\">Mestrado e Doutorado<\/td><\/tr><tr><td class=\"has-text-align-center\" data-align=\"center\"><strong><mark style=\"background-color:#ffffff;color:#3ea4bb\" class=\"has-inline-color\">EDCM &#8211; 7050<\/mark><\/strong><\/td><td class=\"has-text-align-center\" data-align=\"center\">TEORIA DOS CAMPOS CONCEITUAIS<\/td><td class=\"has-text-align-center\" data-align=\"center\">4<\/td><td class=\"has-text-align-center\" data-align=\"center\">Mestrado e Doutorado<\/td><\/tr><tr><td class=\"has-text-align-center\" data-align=\"center\"><strong><mark style=\"background-color:#ffffff;color:#3ea4bb\" class=\"has-inline-color\">EDCM &#8211; 7051<\/mark><\/strong><\/td><td class=\"has-text-align-center\" data-align=\"center\">T\u00d3PICOS EM EDUCA\u00c7\u00c3O EM CI\u00caNCIAS E EM MATEM\u00c1TICA III<\/td><td class=\"has-text-align-center\" data-align=\"center\">3<\/td><td class=\"has-text-align-center\" data-align=\"center\">Mestrado e Doutorado<\/td><\/tr><tr><td class=\"has-text-align-center\" data-align=\"center\"><strong><mark style=\"background-color:#ffffff;color:#3ea4bb\" class=\"has-inline-color\">EDCM &#8211; 7052<\/mark><\/strong><\/td><td class=\"has-text-align-center\" data-align=\"center\">HIST\u00d3RIA, FILOSOFIA E SOCIOLOGIA DA CI\u00caNCIA<\/td><td class=\"has-text-align-center\" data-align=\"center\">4<\/td><td class=\"has-text-align-center\" data-align=\"center\">Mestrado e Doutorado<\/td><\/tr><\/tbody><\/table><\/figure>\n","protected":false},"excerpt":{"rendered":"<p>Portaria N\u00ba7, de 22 de fevereiro de 2021 * Obrigat\u00f3ria para o Curso de Doutorado Sigla Nome Cr\u00e9ditos N\u00edvel EDCM &#8211; 7003 DIVULGA\u00c7\u00c3O CIENT\u00cdFICA EM ESPA\u00c7OS N\u00c3O-FORMAIS 4 Mestrado e Doutorado EDCM &#8211; 7008 O PENSAMENTO MATEM\u00c1TICO NA EDUCA\u00c7\u00c3O MATEM\u00c1TICA&hellip; <\/p>\n","protected":false},"author":3978,"featured_media":0,"parent":0,"menu_order":0,"comment_status":"closed","ping_status":"closed","template":"","meta":{"footnotes":""},"class_list":["post-2191","page","type-page","status-publish","hentry"],"_links":{"self":[{"href":"https:\/\/exatas.ufpr.br\/ppgecm\/wp-json\/wp\/v2\/pages\/2191","targetHints":{"allow":["GET"]}}],"collection":[{"href":"https:\/\/exatas.ufpr.br\/ppgecm\/wp-json\/wp\/v2\/pages"}],"about":[{"href":"https:\/\/exatas.ufpr.br\/ppgecm\/wp-json\/wp\/v2\/types\/page"}],"author":[{"embeddable":true,"href":"https:\/\/exatas.ufpr.br\/ppgecm\/wp-json\/wp\/v2\/users\/3978"}],"replies":[{"embeddable":true,"href":"https:\/\/exatas.ufpr.br\/ppgecm\/wp-json\/wp\/v2\/comments?post=2191"}],"version-history":[{"count":6,"href":"https:\/\/exatas.ufpr.br\/ppgecm\/wp-json\/wp\/v2\/pages\/2191\/revisions"}],"predecessor-version":[{"id":3379,"href":"https:\/\/exatas.ufpr.br\/ppgecm\/wp-json\/wp\/v2\/pages\/2191\/revisions\/3379"}],"wp:attachment":[{"href":"https:\/\/exatas.ufpr.br\/ppgecm\/wp-json\/wp\/v2\/media?parent=2191"}],"curies":[{"name":"wp","href":"https:\/\/api.w.org\/{rel}","templated":true}]}}