{"id":201,"date":"2016-08-15T17:04:05","date_gmt":"2016-08-15T17:04:05","guid":{"rendered":"https:\/\/exatas.ufpr.br\/ppgecm\/?page_id=201"},"modified":"2024-09-04T00:22:50","modified_gmt":"2024-09-04T00:22:50","slug":"emerson-rolkouski","status":"publish","type":"page","link":"https:\/\/exatas.ufpr.br\/ppgecm\/emerson-rolkouski\/","title":{"rendered":"EMERSON ROLKOUSKI"},"content":{"rendered":"<div class=\"wp-block-image\">\n<figure class=\"alignleft size-full is-resized\"><a href=\"https:\/\/exatas.ufpr.br\/ppgecm\/wp-content\/uploads\/sites\/27\/2016\/08\/emer.png\"><img loading=\"lazy\" decoding=\"async\" width=\"269\" height=\"312\" src=\"https:\/\/exatas.ufpr.br\/ppgecm\/wp-content\/uploads\/sites\/27\/2016\/08\/emer.png\" alt=\"\" class=\"wp-image-314\" style=\"width:269px;height:auto\" srcset=\"https:\/\/exatas.ufpr.br\/ppgecm\/wp-content\/uploads\/sites\/27\/2016\/08\/emer.png 269w, https:\/\/exatas.ufpr.br\/ppgecm\/wp-content\/uploads\/sites\/27\/2016\/08\/emer-259x300.png 259w\" sizes=\"auto, (max-width: 269px) 100vw, 269px\" \/><\/a><\/figure><\/div>\n\n\n<p class=\"has-black-color has-text-color has-link-color has-medium-font-size wp-elements-d793ff8e9a2e03f135adeebe5794d4dd\">Curr\u00edculo Lattes: <a href=\"http:\/\/lattes.cnpq.br\/7329669702482470\"><mark style=\"background-color:#ffffff;color:#3ea4bb\" class=\"has-inline-color\">http:\/\/lattes.cnpq.br\/7329669702482470<\/mark><\/a><br \/>Contato: <a href=\"mailto:rolkouski@uol.com.br\"><mark style=\"background-color:#ffffff;color:#3ea4bb\" class=\"has-inline-color\">rolkouski@uol.com.br<\/mark><\/a><\/p>\n\n\n\n<hr class=\"wp-block-separator has-alpha-channel-opacity\" \/>\n\n\n\n<p class=\"has-black-color has-text-color has-link-color has-medium-font-size wp-elements-c5369a87290f5af2363d63fdf0dcab31\">Possui gradua\u00e7\u00e3o em Licenciatura em Matem\u00e1tica pela Universidade Federal do Paran\u00e1 (1999), mestrado em Educa\u00e7\u00e3o pela mesma institui\u00e7\u00e3o (2002) e doutorado em Educa\u00e7\u00e3o Matem\u00e1tica pela Universidade Estadual Paulista J\u00falio de Mesquita Filho (2006). Professor da Educa\u00e7\u00e3o B\u00e1sica durante v\u00e1rios anos, atualmente \u00e9 professor titular da Universidade Federal do Paran\u00e1 onde desenvolve atividades de pesquisa, ensino e extens\u00e3o na \u00e1rea de Educa\u00e7\u00e3o Matem\u00e1tica.<\/p>\n\n\n\n<hr class=\"wp-block-separator has-alpha-channel-opacity\" \/>\n\n\n\n<p class=\"has-black-color has-text-color has-link-color wp-elements-f22da74e97815740a78d0b16dc0784c1\" style=\"font-size:25px\"><strong>Linhas de pesquisa<\/strong><\/p>\n\n\n\n<p class=\"has-black-color has-text-color has-link-color has-medium-font-size wp-elements-7b034d3fe55911d467be783f7404a976\" style=\"font-style:normal;font-weight:300\"><strong>1<\/strong>. Forma\u00e7\u00e3o de Professores que ensinam Ci\u00eancias e Matem\u00e1tica<\/p>\n\n\n\n<hr class=\"wp-block-separator has-alpha-channel-opacity\" \/>\n\n\n\n<p class=\"has-black-color has-text-color has-link-color wp-elements-f9b797611deffb7efb8f82a4c5ef47f2\" style=\"font-size:25px\"><strong>Projetos de pesquisa<\/strong><\/p>\n\n\n\n<p class=\"has-black-color has-text-color has-link-color has-medium-font-size wp-elements-251e41a024ef84cbcd531bc29468f948\" style=\"text-transform:uppercase\"><strong>1. Hist\u00f3ria Oral e Educa\u00e7\u00e3o Matem\u00e1tica<\/strong><\/p>\n\n\n\n<p class=\"has-black-color has-text-color has-link-color has-medium-font-size wp-elements-2fa2fd000c6b5ab9e4634bd53f6917ae\" style=\"font-style:normal;font-weight:300\">Descri\u00e7\u00e3o: o projeto tem como objetivo pesquisas que se utilizam da Hist\u00f3ria Oral como recurso metodol\u00f3gico. Hoje os trabalhos abordam a forma\u00e7\u00e3o de professores de Matem\u00e1tica, os manuais did\u00e1ticos, institui\u00e7\u00f5es de v\u00e1rios n\u00edveis e modalidades de ensino nos quais atuam professores de Matem\u00e1tica e dos quais a Matem\u00e1tica faz parte, a Hist\u00f3ria da Educa\u00e7\u00e3o Matem\u00e1tica, a an\u00e1lise de livros antigos e contempor\u00e2neos did\u00e1ticos ou n\u00e3o, forma\u00e7\u00e3o e conserva\u00e7\u00e3o de acervos, constitui\u00e7\u00e3o de curr\u00edculos e diretrizes curriculares, pol\u00edticas p\u00fablicas, etc. Os projetos t\u00eam como pano de fundo a explora\u00e7\u00e3o de possibilidades te\u00f3rico-metodol\u00f3gicas para estudos sobre a cultura escolar e, em particular, sobre a Matem\u00e1tica e a Educa\u00e7\u00e3o Matem\u00e1tica nessa cultura.<\/p>\n\n\n\n<div style=\"height:50px\" aria-hidden=\"true\" class=\"wp-block-spacer\"><\/div>\n\n\n\n<p class=\"has-black-color has-text-color has-link-color has-medium-font-size wp-elements-ed7756f13a61508c7f0b3bb74521d4a5\" style=\"text-transform:uppercase\"><strong><br \/>2. Alfabetiza\u00e7\u00e3o Matem\u00e1tica<\/strong><\/p>\n\n\n\n<p class=\"has-black-color has-text-color has-link-color has-medium-font-size wp-elements-2ca21b492a0fb0fc96671dbeb242bdb3\" style=\"font-style:normal;font-weight:300\">Descri\u00e7\u00e3o: O projeto de pesquisa\u00a0tem como objeto problemas relacionados a alfabetiza\u00e7\u00e3o matem\u00e1tica, seja do ponto de vista do aluno e sua aprendizagem, seja do ponto de vista do professor, sua forma\u00e7\u00e3o e estrat\u00e9gias did\u00e1ticas. Neste contexto, pode-se focar tamb\u00e9m materiais did\u00e1ticos, sua hist\u00f3ria e produ\u00e7\u00e3o, para a faixa et\u00e1ria dos alunos at\u00e9 o terceiro ano, bem como abordar quest\u00f5es curriculares e pol\u00edticas p\u00fablicas.<\/p>\n\n\n\n<div style=\"height:50px\" aria-hidden=\"true\" class=\"wp-block-spacer\"><\/div>\n\n\n\n<p class=\"has-black-color has-text-color has-link-color has-medium-font-size wp-elements-c11a0eab98a39f986201ba7ea4dff7e5\" style=\"text-transform:uppercase\"><strong>3.\u00a0Conhecimento Matem\u00e1tico: rela\u00e7\u00f5es entre a forma\u00e7\u00e3o na licenciatura e pr\u00e1tica do professor na escola b\u00e1sica<\/strong><\/p>\n\n\n\n<p class=\"has-black-color has-text-color has-link-color has-medium-font-size wp-elements-f6da652df374e3e413a739167ad07e50\" style=\"font-style:normal;font-weight:300\">Descri\u00e7\u00e3o: O projeto tem como objetivo focar a forma\u00e7\u00e3o inicial do professor de Matem\u00e1tica na Licenciatura, estudando as rela\u00e7\u00f5es entre o conhecimento matem\u00e1tico acad\u00eamico presente em um curso espec\u00edfico, o curso de Licenciatura em Matem\u00e1tica da Universidade Federal do Paran\u00e1, e os conhecimentos matem\u00e1ticos mobilizados durante a pr\u00e1tica escolar do professor de Matem\u00e1tica nos n\u00edveis M\u00e9dio e Fundamental.<\/p>\n\n\n\n<div style=\"height:50px\" aria-hidden=\"true\" class=\"wp-block-spacer\"><\/div>\n\n\n\n<p class=\"has-black-color has-text-color has-link-color has-medium-font-size wp-elements-0f5a1cc8785716e4da7a40502ab3f50f\" style=\"font-style:normal;font-weight:300\"><strong>4.\u00a0Grupo de Estudos, Pesquisa e Extens\u00e3o em Educa\u00e7\u00e3o Matem\u00e1tica<\/strong><\/p>\n\n\n\n<p class=\"has-black-color has-text-color has-link-color has-medium-font-size wp-elements-bd081eff0f4f54129c1097e189b5aaf0\" style=\"font-style:normal;font-weight:300\">Descri\u00e7\u00e3o: Projeto de pesquisa que tem como objetivo aliar o ensino, pesquisa e extens\u00e3o promovendo a\u00e7\u00f5es de extens\u00e3o juntamente com alunos da gradua\u00e7\u00e3o da Licenciatura em Matem\u00e1tica que servem de campo de pesquisa para mestrandos.<\/p>\n","protected":false},"excerpt":{"rendered":"<p>Curr\u00edculo Lattes: http:\/\/lattes.cnpq.br\/7329669702482470Contato: rolkouski@uol.com.br Possui gradua\u00e7\u00e3o em Licenciatura em Matem\u00e1tica pela Universidade Federal do Paran\u00e1 (1999), mestrado em Educa\u00e7\u00e3o pela mesma institui\u00e7\u00e3o (2002) e doutorado em Educa\u00e7\u00e3o Matem\u00e1tica pela Universidade Estadual Paulista J\u00falio de Mesquita Filho (2006). Professor da Educa\u00e7\u00e3o&hellip; <\/p>\n","protected":false},"author":13,"featured_media":0,"parent":0,"menu_order":0,"comment_status":"closed","ping_status":"closed","template":"","meta":{"footnotes":""},"class_list":["post-201","page","type-page","status-publish","hentry"],"_links":{"self":[{"href":"https:\/\/exatas.ufpr.br\/ppgecm\/wp-json\/wp\/v2\/pages\/201","targetHints":{"allow":["GET"]}}],"collection":[{"href":"https:\/\/exatas.ufpr.br\/ppgecm\/wp-json\/wp\/v2\/pages"}],"about":[{"href":"https:\/\/exatas.ufpr.br\/ppgecm\/wp-json\/wp\/v2\/types\/page"}],"author":[{"embeddable":true,"href":"https:\/\/exatas.ufpr.br\/ppgecm\/wp-json\/wp\/v2\/users\/13"}],"replies":[{"embeddable":true,"href":"https:\/\/exatas.ufpr.br\/ppgecm\/wp-json\/wp\/v2\/comments?post=201"}],"version-history":[{"count":16,"href":"https:\/\/exatas.ufpr.br\/ppgecm\/wp-json\/wp\/v2\/pages\/201\/revisions"}],"predecessor-version":[{"id":3551,"href":"https:\/\/exatas.ufpr.br\/ppgecm\/wp-json\/wp\/v2\/pages\/201\/revisions\/3551"}],"wp:attachment":[{"href":"https:\/\/exatas.ufpr.br\/ppgecm\/wp-json\/wp\/v2\/media?parent=201"}],"curies":[{"name":"wp","href":"https:\/\/api.w.org\/{rel}","templated":true}]}}