{"id":1955,"date":"2020-08-18T20:54:19","date_gmt":"2020-08-18T20:54:19","guid":{"rendered":"https:\/\/exatas.ufpr.br\/ppgecm\/?page_id=1955"},"modified":"2024-09-04T00:03:53","modified_gmt":"2024-09-04T00:03:53","slug":"elisangela-de-campos","status":"publish","type":"page","link":"https:\/\/exatas.ufpr.br\/ppgecm\/elisangela-de-campos\/","title":{"rendered":"ELIS\u00c2NGELA DE CAMPOS"},"content":{"rendered":"<div class=\"wp-block-image\">\n<figure class=\"alignleft size-full is-resized\"><a href=\"https:\/\/exatas.ufpr.br\/ppgecm\/wp-content\/uploads\/sites\/27\/2020\/08\/Elisangela.jpg\"><img loading=\"lazy\" decoding=\"async\" width=\"229\" height=\"316\" src=\"https:\/\/exatas.ufpr.br\/ppgecm\/wp-content\/uploads\/sites\/27\/2020\/08\/Elisangela.jpg\" alt=\"\" class=\"wp-image-1956\" style=\"width:229px;height:auto\" srcset=\"https:\/\/exatas.ufpr.br\/ppgecm\/wp-content\/uploads\/sites\/27\/2020\/08\/Elisangela.jpg 229w, https:\/\/exatas.ufpr.br\/ppgecm\/wp-content\/uploads\/sites\/27\/2020\/08\/Elisangela-217x300.jpg 217w\" sizes=\"auto, (max-width: 229px) 100vw, 229px\" \/><\/a><\/figure><\/div>\n\n\n<p class=\"has-black-color has-text-color has-link-color has-medium-font-size wp-elements-65eb0a5a61f67e5e818f52f600bfea4c\">Curr\u00edculo Lattes: <a href=\"http:\/\/lattes.cnpq.br\/1473084844677726\" target=\"_blank\" rel=\"noreferrer noopener\"><mark style=\"background-color:#ffffff;color:#3ea4bb\" class=\"has-inline-color\">http:\/\/lattes.cnpq.br\/1473084844677726<\/mark><\/a><br \/>Contato: <a href=\"mailto:eliscamposmat@gmail.com\"><mark style=\"background-color:#ffffff;color:#3ea4bb\" class=\"has-inline-color\">eliscamposmat@gmail.com<\/mark><\/a><\/p>\n\n\n\n<hr class=\"wp-block-separator has-alpha-channel-opacity\" \/>\n\n\n\n<p class=\"has-black-color has-text-color has-link-color has-medium-font-size wp-elements-ded901c001dbb6a372fe4c7e3c13e06b\" style=\"font-style:normal;font-weight:400\">Possui gradua\u00e7\u00e3o em Licenciatura em Matem\u00e1tica pela Universidade Federal de Uberl\u00e2ndia (1995), mestrado em Matem\u00e1tica pela Universidade Estadual de Campinas (1998) e doutorado em Educa\u00e7\u00e3o pela Universidade Federal do Paran\u00e1 (2009). Atualmente \u00e9 professora associada da Universidade Federal do Paran\u00e1. Tem experi\u00eancia na \u00e1rea de Matem\u00e1tica e Educa\u00e7\u00e3o Matem\u00e1tica, atuando principalmente nos seguintes temas: forma\u00e7\u00e3o de professores, ensino e aprendizagem de Matem\u00e1tica<\/p>\n\n\n\n<hr class=\"wp-block-separator has-alpha-channel-opacity\" \/>\n\n\n\n<p class=\"has-black-color has-text-color has-link-color wp-elements-f22da74e97815740a78d0b16dc0784c1\" style=\"font-size:25px\"><strong>Linhas de pesquisa<\/strong><\/p>\n\n\n\n<p class=\"has-black-color has-text-color has-link-color has-medium-font-size wp-elements-6f0c0cc133c7d5349ae2d4405087f26e\" style=\"font-style:normal;font-weight:300\"><strong>1<\/strong> &#8211; Forma\u00e7\u00e3o de Professores que ensinam Ci\u00eancias e Matem\u00e1tica<\/p>\n\n\n\n<hr class=\"wp-block-separator has-alpha-channel-opacity\" \/>\n\n\n\n<p class=\"has-black-color has-text-color has-link-color wp-elements-c96c07d331437713421fe83040d19293\" style=\"font-size:25px\"><strong>Interesses de pesquisa<\/strong><\/p>\n\n\n\n<p class=\"has-black-color has-text-color has-link-color has-medium-font-size wp-elements-06c3907ad7bd88499503def5c21a3590\" style=\"font-style:normal;font-weight:300\">&#8211; Conhecimentos do conte\u00fado espec\u00edficos e conhecimentos pedag\u00f3gicos do conte\u00fado do professor (a) de Matem\u00e1tica, na forma\u00e7\u00e3o e na pr\u00e1tica docente.<br \/>&#8211; Concep\u00e7\u00f5es e cren\u00e7as dos professores e das professoras, e dos licenciandos e das licenciandas em Matem\u00e1tica, sobre forma\u00e7\u00e3o e pr\u00e1tica docente, conhecimento matem\u00e1tico acad\u00eamico e escolar.<br \/>&#8211; Ensino e aprendizagem no contexto do Laborat\u00f3rio de ensino de Matem\u00e1tica e metodologias relacionadas.<\/p>\n\n\n\n<hr class=\"wp-block-separator has-alpha-channel-opacity\" \/>\n\n\n\n<p class=\"has-black-color has-text-color has-link-color wp-elements-f9b797611deffb7efb8f82a4c5ef47f2\" style=\"font-size:25px\"><strong>Projetos de pesquisa<\/strong><\/p>\n\n\n\n<p class=\"has-black-color has-text-color has-link-color has-medium-font-size wp-elements-0a5fda8689265152304e41b0ee8f3cd9\"><strong>1. CONHECIMENTOS MOBILIZADOS DURANTE A FORMA\u00c7\u00c3O INICIAL E PR\u00c1TICA PROFISSIONAL DOS PROFESSORES DE MATEM\u00c1TICA<\/strong><\/p>\n\n\n\n<p class=\"has-black-color has-text-color has-link-color has-medium-font-size wp-elements-5ac6f45336c29d35364515ed58c5edbc\" style=\"font-style:normal;font-weight:300\">O projeto de pesquisa se insere na linha de forma\u00e7\u00e3o de professores, mas tamb\u00e9m tem la\u00e7os com a linha de ensino e aprendizagem de Matem\u00e1tica. Tem como objetivo geral investigar e relacionar os conhecimentos necess\u00e1rios \u00e0 forma\u00e7\u00e3o e pr\u00e1tica docente de professores\/as de Matem\u00e1tica. Alguns objetivos espec\u00edficos s\u00e3o: mapear pesquisas que versam sobre os modelos de forma\u00e7\u00e3o de professores de Matem\u00e1tica e sobre os conhecimentos mobilizados pelos professores de Matem\u00e1tica em sua pr\u00e1tica docente. Compreender como o professor de Matem\u00e1tica da Educa\u00e7\u00e3o B\u00e1sica percebe o conhecimento matem\u00e1tico em suas pr\u00e1ticas, suas elabora\u00e7\u00f5es e suas dificuldades. Tratar de modo articulado os conceitos matem\u00e1ticos com os saberes da pr\u00e1tica e da profiss\u00e3o, resultando em materiais did\u00e1ticos inovadores para o ensino. Levantar e analisar os entendimentos que licenciandos t\u00eam enquanto se tornam professores, como relacionam o conhecimento matem\u00e1tico acad\u00eamico com o conhecimento matem\u00e1tico escolar.<\/p>\n","protected":false},"excerpt":{"rendered":"<p>Curr\u00edculo Lattes: http:\/\/lattes.cnpq.br\/1473084844677726Contato: eliscamposmat@gmail.com Possui gradua\u00e7\u00e3o em Licenciatura em Matem\u00e1tica pela Universidade Federal de Uberl\u00e2ndia (1995), mestrado em Matem\u00e1tica pela Universidade Estadual de Campinas (1998) e doutorado em Educa\u00e7\u00e3o pela Universidade Federal do Paran\u00e1 (2009). Atualmente \u00e9 professora associada da&hellip; <\/p>\n","protected":false},"author":3978,"featured_media":0,"parent":0,"menu_order":0,"comment_status":"closed","ping_status":"closed","template":"","meta":{"footnotes":""},"class_list":["post-1955","page","type-page","status-publish","hentry"],"_links":{"self":[{"href":"https:\/\/exatas.ufpr.br\/ppgecm\/wp-json\/wp\/v2\/pages\/1955","targetHints":{"allow":["GET"]}}],"collection":[{"href":"https:\/\/exatas.ufpr.br\/ppgecm\/wp-json\/wp\/v2\/pages"}],"about":[{"href":"https:\/\/exatas.ufpr.br\/ppgecm\/wp-json\/wp\/v2\/types\/page"}],"author":[{"embeddable":true,"href":"https:\/\/exatas.ufpr.br\/ppgecm\/wp-json\/wp\/v2\/users\/3978"}],"replies":[{"embeddable":true,"href":"https:\/\/exatas.ufpr.br\/ppgecm\/wp-json\/wp\/v2\/comments?post=1955"}],"version-history":[{"count":11,"href":"https:\/\/exatas.ufpr.br\/ppgecm\/wp-json\/wp\/v2\/pages\/1955\/revisions"}],"predecessor-version":[{"id":3544,"href":"https:\/\/exatas.ufpr.br\/ppgecm\/wp-json\/wp\/v2\/pages\/1955\/revisions\/3544"}],"wp:attachment":[{"href":"https:\/\/exatas.ufpr.br\/ppgecm\/wp-json\/wp\/v2\/media?parent=1955"}],"curies":[{"name":"wp","href":"https:\/\/api.w.org\/{rel}","templated":true}]}}