{"id":1909,"date":"2020-08-07T17:01:24","date_gmt":"2020-08-07T17:01:24","guid":{"rendered":"https:\/\/exatas.ufpr.br\/ppgecm\/?page_id=1909"},"modified":"2024-09-04T00:47:51","modified_gmt":"2024-09-04T00:47:51","slug":"marcelo-valerio","status":"publish","type":"page","link":"https:\/\/exatas.ufpr.br\/ppgecm\/marcelo-valerio\/","title":{"rendered":"MARCELO VAL\u00c9RIO"},"content":{"rendered":"<div class=\"wp-block-image\">\n<figure class=\"alignleft\"><a href=\"https:\/\/exatas.ufpr.br\/ppgecm\/wp-content\/uploads\/sites\/27\/2020\/08\/Marcelo-Val\u00e9rio.jpg\"><img loading=\"lazy\" decoding=\"async\" width=\"200\" height=\"300\" src=\"https:\/\/exatas.ufpr.br\/ppgecm\/wp-content\/uploads\/sites\/27\/2020\/08\/Marcelo-Val\u00e9rio-200x300.jpg\" alt=\"\" class=\"wp-image-1910\" srcset=\"https:\/\/exatas.ufpr.br\/ppgecm\/wp-content\/uploads\/sites\/27\/2020\/08\/Marcelo-Val\u00e9rio-200x300.jpg 200w, https:\/\/exatas.ufpr.br\/ppgecm\/wp-content\/uploads\/sites\/27\/2020\/08\/Marcelo-Val\u00e9rio-768x1153.jpg 768w, https:\/\/exatas.ufpr.br\/ppgecm\/wp-content\/uploads\/sites\/27\/2020\/08\/Marcelo-Val\u00e9rio-682x1024.jpg 682w, https:\/\/exatas.ufpr.br\/ppgecm\/wp-content\/uploads\/sites\/27\/2020\/08\/Marcelo-Val\u00e9rio.jpg 906w\" sizes=\"auto, (max-width: 200px) 100vw, 200px\" \/><\/a><\/figure><\/div>\n\n\n<p class=\"has-text-align-left has-black-color has-text-color has-link-color has-medium-font-size wp-elements-65cc3384b9d3ba28580a95bb5b6e6c9b\" style=\"font-style:normal;font-weight:400\">Curr\u00edculo Lattes: <a href=\"http:\/\/lattes.cnpq.br\/9105695743722158\"><mark style=\"background-color:#ffffff;color:#3ea4bb\" class=\"has-inline-color\">http:\/\/lattes.cnpq.br\/9105695743722158<\/mark><\/a><br \/>Contato: <a href=\"mailto:marcelovalerio@ufpr.br\"><mark style=\"background-color:#ffffff;color:#3ea4bb\" class=\"has-inline-color\">marcelovalerio@ufpr.br<\/mark><\/a><\/p>\n\n\n\n<hr class=\"wp-block-separator has-alpha-channel-opacity\" \/>\n\n\n\n<p class=\"has-text-align-left has-black-color has-text-color has-link-color has-medium-font-size wp-elements-329e91386f87fae8e3d0bcd4c9f459a0\" style=\"font-style:normal;font-weight:400\">\u00c9 &nbsp;Graduado (Bacharel e Licenciado) em Ci\u00eancias Biol\u00f3gicas, Mestre em Educa\u00e7\u00e3o Cient\u00edfica e Tecnol\u00f3gica e Doutor em Educa\u00e7\u00e3o para a Ci\u00eancia e a Matem\u00e1tica. Professor do campus avan\u00e7ado Jandaia do Sul da Universidade Federal do Paran\u00e1 (UFPR), onde leciona para a Licenciatura em Ci\u00eancias Exatas (Qu\u00edmica, F\u00edsica e Matem\u00e1tica) e Licenciatura em Computa\u00e7\u00e3o. Conselheiro da Associa\u00e7\u00e3o Brasileira de Ensino de Biologia (SBEnBio), Regional 3 (RS\/SC\/PR). Det\u00e9m experi\u00eancia na Educa\u00e7\u00e3o B\u00e1sica e em trabalhos de assessoria pedag\u00f3gica e suporte editorial. Possui produ\u00e7\u00e3o bibliogr\u00e1fica e t\u00e9cnica em diversos campos da Educa\u00e7\u00e3o. Atualmente, se dedica \u00e0 pesquisa e \u00e0 atividade extensionista sobre \u201cforma\u00e7\u00e3o de professores\u201d, &#8220;desenvolvimento profissional docente&#8221; e &#8220;metodologias de ensino&#8221;; e participa dos Grupos de Estudos e Pesquisas em Ensino de Ci\u00eancias, Forma\u00e7\u00e3o de Professores e Representa\u00e7\u00f5es Sociais (CIENCIAR\/UEM) e em Alfabetiza\u00e7\u00e3o Cient\u00edfica e Tecnol\u00f3gica na Educa\u00e7\u00e3o em Ci\u00eancia (UFPR).<\/p>\n\n\n\n<hr class=\"wp-block-separator has-alpha-channel-opacity\" \/>\n\n\n\n<p class=\"has-black-color has-text-color has-link-color wp-elements-f22da74e97815740a78d0b16dc0784c1\" style=\"font-size:25px\"><strong>Linhas de pesquisa<\/strong><\/p>\n\n\n\n<p class=\"has-black-color has-text-color has-link-color has-medium-font-size wp-elements-a27496b3199b9d13b9b499f121659ff2\" style=\"font-style:normal;font-weight:300\"><strong>3<\/strong> &#8211; Transversalidade na Educa\u00e7\u00e3o em Ci\u00eancias e em Matem\u00e1tica<\/p>\n\n\n\n<hr class=\"wp-block-separator has-alpha-channel-opacity\" \/>\n\n\n\n<p class=\"has-black-color has-text-color has-link-color wp-elements-c96c07d331437713421fe83040d19293\" style=\"font-size:25px\"><strong>Interesses de pesquisa<\/strong><\/p>\n\n\n\n<p class=\"has-black-color has-text-color has-link-color has-medium-font-size wp-elements-c95ca752549c70b16deda1b0c5db14ed\" style=\"font-style:normal;font-weight:300\">&#8211; Identidade e desenvolvimento profissional docente.<br \/>&#8211; Metodologias e pr\u00e1ticas de ensino.<br \/>&#8211; Divulga\u00e7\u00e3o e populariza\u00e7\u00e3o da ci\u00eancia.<\/p>\n\n\n\n<hr class=\"wp-block-separator has-alpha-channel-opacity\" \/>\n\n\n\n<p class=\"has-black-color has-text-color has-link-color wp-elements-f9b797611deffb7efb8f82a4c5ef47f2\" style=\"font-size:25px\"><strong>Projetos de pesquisa<\/strong><\/p>\n\n\n\n<p class=\"has-black-color has-text-color has-link-color has-medium-font-size wp-elements-3a21289062277e6f4c1ede289015d518\" style=\"text-transform:uppercase\"><strong>1. Saberes docentes em processos seletivos para o Magist\u00e9rio Superior: que conhecimentos s\u00e3o relevantes para as bancas de concurso p\u00fablico da Universidade Federal do Paran\u00e1<\/strong><\/p>\n\n\n\n<p class=\"has-black-color has-text-color has-link-color has-medium-font-size wp-elements-418ce3741b40ef31ef884e5a1fc34a84\" style=\"font-style:normal;font-weight:300\"><br \/>Descri\u00e7\u00e3o: Sediado no debate sobre a pedagogia universit\u00e1ria e sobre as pol\u00edticas de sele\u00e7\u00e3o e de forma\u00e7\u00e3o de professores do Magist\u00e9rio Superior, esse projeto visa identificar e caracterizar os saberes pertinentes \u00e0 doc\u00eancia mais valorizados pelas bancas avaliadoras de testes seletivos e concursos p\u00fablicos.<\/p>\n","protected":false},"excerpt":{"rendered":"<p>Curr\u00edculo Lattes: http:\/\/lattes.cnpq.br\/9105695743722158Contato: marcelovalerio@ufpr.br \u00c9 &nbsp;Graduado (Bacharel e Licenciado) em Ci\u00eancias Biol\u00f3gicas, Mestre em Educa\u00e7\u00e3o Cient\u00edfica e Tecnol\u00f3gica e Doutor em Educa\u00e7\u00e3o para a Ci\u00eancia e a Matem\u00e1tica. Professor do campus avan\u00e7ado Jandaia do Sul da Universidade Federal do Paran\u00e1&hellip; <\/p>\n","protected":false},"author":3978,"featured_media":0,"parent":0,"menu_order":0,"comment_status":"closed","ping_status":"closed","template":"","meta":{"footnotes":""},"class_list":["post-1909","page","type-page","status-publish","hentry"],"_links":{"self":[{"href":"https:\/\/exatas.ufpr.br\/ppgecm\/wp-json\/wp\/v2\/pages\/1909","targetHints":{"allow":["GET"]}}],"collection":[{"href":"https:\/\/exatas.ufpr.br\/ppgecm\/wp-json\/wp\/v2\/pages"}],"about":[{"href":"https:\/\/exatas.ufpr.br\/ppgecm\/wp-json\/wp\/v2\/types\/page"}],"author":[{"embeddable":true,"href":"https:\/\/exatas.ufpr.br\/ppgecm\/wp-json\/wp\/v2\/users\/3978"}],"replies":[{"embeddable":true,"href":"https:\/\/exatas.ufpr.br\/ppgecm\/wp-json\/wp\/v2\/comments?post=1909"}],"version-history":[{"count":18,"href":"https:\/\/exatas.ufpr.br\/ppgecm\/wp-json\/wp\/v2\/pages\/1909\/revisions"}],"predecessor-version":[{"id":3559,"href":"https:\/\/exatas.ufpr.br\/ppgecm\/wp-json\/wp\/v2\/pages\/1909\/revisions\/3559"}],"wp:attachment":[{"href":"https:\/\/exatas.ufpr.br\/ppgecm\/wp-json\/wp\/v2\/media?parent=1909"}],"curies":[{"name":"wp","href":"https:\/\/api.w.org\/{rel}","templated":true}]}}