{"id":190,"date":"2016-08-15T16:51:17","date_gmt":"2016-08-15T16:51:17","guid":{"rendered":"https:\/\/exatas.ufpr.br\/ppgecm\/?page_id=190"},"modified":"2024-09-05T23:04:33","modified_gmt":"2024-09-05T23:04:33","slug":"camila-silveira-da-silva","status":"publish","type":"page","link":"https:\/\/exatas.ufpr.br\/ppgecm\/camila-silveira-da-silva\/","title":{"rendered":"CAMILA SILVEIRA DA SILVA"},"content":{"rendered":"<div class=\"wp-block-image\">\n<figure class=\"alignleft\"><a href=\"https:\/\/exatas.ufpr.br\/ppgecm\/wp-content\/uploads\/sites\/27\/2016\/08\/camila.png\"><img loading=\"lazy\" decoding=\"async\" width=\"242\" height=\"300\" src=\"https:\/\/exatas.ufpr.br\/ppgecm\/wp-content\/uploads\/sites\/27\/2016\/08\/camila-242x300.png\" alt=\"camila\" class=\"wp-image-193\" srcset=\"https:\/\/exatas.ufpr.br\/ppgecm\/wp-content\/uploads\/sites\/27\/2016\/08\/camila-242x300.png 242w, https:\/\/exatas.ufpr.br\/ppgecm\/wp-content\/uploads\/sites\/27\/2016\/08\/camila.png 399w\" sizes=\"auto, (max-width: 242px) 100vw, 242px\" \/><\/a><\/figure><\/div>\n\n\n<p class=\"has-black-color has-text-color has-link-color has-medium-font-size wp-elements-5f949105a54291e5ff915b2b94794e69\">Curr\u00edculo Lattes: <a href=\"http:\/\/lattes.cnpq.br\/2545977009055473\"><mark style=\"background-color:#ffffff;color:#3ea4bb\" class=\"has-inline-color\">http:\/\/lattes.cnpq.br\/2545977009055473<\/mark><\/a><br \/>Contato: <a href=\"mailto:silveiradasilva.camila2@gmail.com\"><mark style=\"background-color:#ffffff;color:#3ea4bb\" class=\"has-inline-color\">silveiradasilva.camila2@gmail.com<\/mark><\/a><\/p>\n\n\n\n<hr class=\"wp-block-separator has-alpha-channel-opacity\" \/>\n\n\n\n<p class=\"has-black-color has-text-color has-link-color has-medium-font-size wp-elements-390464b48137ba0d24d8c0d4743dbb46\" style=\"font-style:normal;font-weight:400\">Licenciada em Qu\u00edmica pelo Instituto de Qu\u00edmica da Unesp de Araraquara. Mestre e Doutora em Educa\u00e7\u00e3o para a Ci\u00eancia pela Faculdade de Ci\u00eancias da Unesp de Bauru. Tem experi\u00eancia na \u00e1rea de Ensino de Ci\u00eancias e de Qu\u00edmica, trabalhando com os seguintes temas: Museus de Ci\u00eancias, Forma\u00e7\u00e3o de Professores, Rela\u00e7\u00e3o Ci\u00eancia e Arte e Materiais Did\u00e1ticos. Professor Adjunto no Departamento de Qu\u00edmica da Universidade Federal do Paran\u00e1. Professora do Programa de P\u00f3s-Gradua\u00e7\u00e3o em Educa\u00e7\u00e3o em Ci\u00eancias e em Matem\u00e1tica da UFPR. Professora Coordenadora do PIBID-Qu\u00edmica UFPR<\/p>\n\n\n\n<hr class=\"wp-block-separator has-alpha-channel-opacity\" \/>\n\n\n\n<p class=\"has-black-color has-text-color has-link-color wp-elements-f22da74e97815740a78d0b16dc0784c1\" style=\"font-size:25px\"><strong>Linhas de pesquisa<\/strong><\/p>\n\n\n\n<p class=\"has-black-color has-text-color has-link-color has-medium-font-size wp-elements-a27496b3199b9d13b9b499f121659ff2\" style=\"font-style:normal;font-weight:300\"><strong>3<\/strong> &#8211; Transversalidade na Educa\u00e7\u00e3o em Ci\u00eancias e em Matem\u00e1tica<\/p>\n\n\n\n<hr class=\"wp-block-separator has-alpha-channel-opacity\" \/>\n\n\n\n<p class=\"has-black-color has-text-color has-link-color wp-elements-c96c07d331437713421fe83040d19293\" style=\"font-size:25px\"><strong>Interesses de pesquisa<\/strong><\/p>\n\n\n\n<p class=\"has-black-color has-text-color has-link-color has-medium-font-size wp-elements-a05fb8213d78153827d7a2572d996125\" style=\"font-style:normal;font-weight:300\">&#8211; Mulheres nas Ci\u00eancias Exatas: trajet\u00f3rias (im)poss\u00edveis<br \/>&#8211; An\u00e1lise da contribui\u00e7\u00e3o do PIBID para a forma\u00e7\u00e3o docente em Qu\u00edmica<br \/>&#8211;  Ci\u00eancia e Arte na Forma\u00e7\u00e3o de Professores, no Ensino e na Divulga\u00e7\u00e3o de Ci\u00eancias<br \/>&#8211; Museus e Ensino de Ci\u00eancias\/Qu\u00edmica: aspectos did\u00e1ticos, formativos e comunicativos<br \/>&#8211; Processos e Recursos Did\u00e1ticos no ensino, forma\u00e7\u00e3o de professores e divulga\u00e7\u00e3o de Ci\u00eancias<\/p>\n\n\n\n<hr class=\"wp-block-separator has-alpha-channel-opacity\" \/>\n\n\n\n<p class=\"has-black-color has-text-color has-link-color wp-elements-f9b797611deffb7efb8f82a4c5ef47f2\" style=\"font-size:25px\"><strong>Projetos de pesquisa<\/strong><\/p>\n\n\n\n<p class=\"has-black-color has-text-color has-link-color has-medium-font-size wp-elements-fd8f18500af2cd474d0616d7f724dadb\" style=\"text-transform:uppercase\"><strong>1. DIVULGA\u00c7\u00c3O CIENT\u00cdFICA DE MUSEUS DE CI\u00caNCIAS E PR\u00c1TICAS EDUCATIVAS PARA O DESENVOLVIMENTO SUSTENT\u00c1VEL<\/strong><\/p>\n\n\n\n<p class=\"has-black-color has-text-color has-link-color has-medium-font-size wp-elements-1f11c5c5e302c502f4f80d744737ade0\" style=\"font-style:normal;font-weight:300\">Descri\u00e7\u00e3o: Processo: 314035\/2020-6 Chamada CNPq N\u00ba 09\/2020 &#8211; Bolsas de Produtividade em Pesquisa &#8211; PQ O projeto de pesquisa tem como objetivo geral: analisar as pr\u00e1ticas educativas desenvolvidas nos e pelos museus de ci\u00eancias e seus grupos parceiros, com foco na Divulga\u00e7\u00e3o Cient\u00edfica para o Desenvolvimento Sustent\u00e1vel, construindo indicadores museais de sustentabilidade<\/p>\n\n\n\n<div style=\"height:50px\" aria-hidden=\"true\" class=\"wp-block-spacer\"><\/div>\n\n\n\n<p class=\"has-black-color has-text-color has-link-color has-medium-font-size wp-elements-8e4bc930761739471b255920671066ec\"><strong>2. MULHERES NAS CI\u00caNCIAS EXATAS: TRAJET\u00d3RIAS (IM)POSS\u00cdVEIS<\/strong><\/p>\n\n\n\n<p class=\"has-black-color has-text-color has-link-color has-medium-font-size wp-elements-74903822265640179a1b848d329b1989\" style=\"font-style:normal;font-weight:300\">Descri\u00e7\u00e3o: A presente pesquisa se insere na tem\u00e1tica do g\u00eanero feminino no contexto das Ci\u00eancias Exatas, tendo como problema a busca de interpreta\u00e7\u00f5es para a seguinte quest\u00e3o: &#8216;Quais trajet\u00f3rias pessoais e profissionais que mulheres cientistas do campo das Exatas (n\u00e3o) trilharam em seu percurso acad\u00eamico e qual o impacto em suas carreiras?&#8217;. Adotamos uma perspectiva te\u00f3rica que leva em conta o conceito de empoderamento feminino e de viol\u00eancia de g\u00eanero como pressupostos importantes para an\u00e1lise da tem\u00e1tica central investigada, na busca de um horizonte que contribua com reflex\u00f5es para pensarmos uma (ou v\u00e1rias) epistemologia(s) feminista(s).<\/p>\n\n\n\n<div style=\"height:50px\" aria-hidden=\"true\" class=\"wp-block-spacer\"><\/div>\n\n\n\n<p class=\"has-black-color has-text-color has-link-color has-medium-font-size wp-elements-dc7f1d2e0de1e125bb3082d6806ac364\"><strong>3. AN\u00c1LISE DA CONTRIBUI\u00c7\u00c3O DO PIBID PARA A FORMA\u00c7\u00c3O DOCENTE EM QU\u00cdMICA<\/strong><\/p>\n\n\n\n<p class=\"has-black-color has-text-color has-link-color has-medium-font-size wp-elements-42170b375939c96779fea2716d7f4f5d\" style=\"font-style:normal;font-weight:300\">Descri\u00e7\u00e3o: A presente pesquisa insere-se no campo da investiga\u00e7\u00e3o sobre a forma\u00e7\u00e3o de professores de Qu\u00edmica no \u00e2mbito do Programa Institucional de Bolsa de Inicia\u00e7\u00e3o \u00e0 Doc\u00eancia (PIBID) e dos saberes docentes. Prop\u00f5e-se analisar a contribui\u00e7\u00e3o do PIBID para a forma\u00e7\u00e3o docente em Qu\u00edmica tanto do professor supervisor (docente no exerc\u00edcio da profiss\u00e3o) quanto do licenciando (bolsista de inicia\u00e7\u00e3o \u00e0 doc\u00eancia) do subprojeto do Curso de Licenciatura em Qu\u00edmica da Universidade Federal do Paran\u00e1. Os objetivos espec\u00edficos envolvem o diagn\u00f3stico do perfil dos participantes do subprojeto (licenciandos e professor supervisor) buscando identificar as caracter\u00edsticas desses sujeitos e tamb\u00e9m investigar o impacto do saber experiencial na forma\u00e7\u00e3o e a\u00e7\u00e3o docente.<\/p>\n\n\n\n<div style=\"height:50px\" aria-hidden=\"true\" class=\"wp-block-spacer\"><\/div>\n\n\n\n<p class=\"has-black-color has-text-color has-link-color has-medium-font-size wp-elements-a44e5e1ff6683aa38c8994146e4de62a\"><strong>4. PROCESSOS E RECURSOS DID\u00c1TICOS NO ENSINO, FORMA\u00c7\u00c3O DE PROFESSOR E DIVULGA\u00c7\u00c3O DE CI\u00caNCIAS<\/strong><\/p>\n\n\n\n<p class=\"has-black-color has-text-color has-link-color has-medium-font-size wp-elements-042bf1e7e64a0ff16f211c3ffa8e450b\" style=\"font-style:normal;font-weight:300\">Descri\u00e7\u00e3o: Investiga\u00e7\u00f5es sobre os processos e recursos did\u00e1ticos no ensino, aprendizagem, forma\u00e7\u00e3o inicial e continuada de professores e divulga\u00e7\u00e3o de Ci\u00eancias. Objetiva analisar as potencialidades did\u00e1ticas, formativas, educacionais e comunicacionais de Sequ\u00eancias Did\u00e1ticas, Materiais Did\u00e1ticos (poemas, can\u00e7\u00f5es, v\u00eddeos, textos, dentre outros) e demais estrat\u00e9gias desenvolvidas em espa\u00e7os escolares e n\u00e3o escolares nos diferentes n\u00edveis de ensino<\/p>\n\n\n\n<div style=\"height:50px\" aria-hidden=\"true\" class=\"wp-block-spacer\"><\/div>\n\n\n\n<p class=\"has-black-color has-text-color has-link-color has-medium-font-size wp-elements-c8a87278ea73199038dfe435741e3027\"><strong>5. CI\u00caNCIA E ARTE NA FORM\u00c7\u00c3O DE PROFESSORES, NO ENSINO E NA DIVULGA\u00c7\u00c3O DE CI\u00caNCIAS<\/strong><\/p>\n\n\n\n<p class=\"has-black-color has-text-color has-link-color has-medium-font-size wp-elements-36e374df030de9355e9d6d5c865a3731\" style=\"font-style:normal;font-weight:300\">Descri\u00e7\u00e3o: O presente projeto de pesquisa objetiva analisar a contribui\u00e7\u00e3o da rela\u00e7\u00e3o Ci\u00eancia e Arte para a Forma\u00e7\u00e3o de Professores, o Ensino e a Divulga\u00e7\u00e3o de Ci\u00eancias. Tem-se especial interesse pela Poesia, M\u00fasica, Performances Art\u00edsticas, Teatro.<\/p>\n\n\n\n<div style=\"height:50px\" aria-hidden=\"true\" class=\"wp-block-spacer\"><\/div>\n\n\n\n<p class=\"has-black-color has-text-color has-link-color has-medium-font-size wp-elements-bf8b49d1dcad320d5b4c220ecf8cd552\"><strong>6. MUSEUS E ENSINO DE CI\u00caNCIAS\/QU\u00cdMICA: ASPECTOS DID\u00c1TICOS, FORMATIVOS E COMUNICATIVOS<\/strong><\/p>\n\n\n\n<p class=\"has-black-color has-text-color has-link-color has-medium-font-size wp-elements-82d07de1f1cc8afe80523ac305a0d260\" style=\"font-style:normal;font-weight:300\">Descri\u00e7\u00e3o: O projeto de pesquisa est\u00e1 centrado na investiga\u00e7\u00e3o sobre os aspectos did\u00e1ticos e formativos que ocorrem nos museus: i) Forma\u00e7\u00e3o e atua\u00e7\u00e3o de mediadores; ii) O conhecimento cient\u00edfico no espa\u00e7o museal; iii) A rela\u00e7\u00e3o museu-escola; iv) O papel dos recursos expositivos; v) Papel do museu na forma\u00e7\u00e3o de professores; vi) an\u00e1lise de exposi\u00e7\u00f5es. S\u00e3o estudados museus nacionais e internacionais por meio metodologias qualitativas.<\/p>\n","protected":false},"excerpt":{"rendered":"<p>Curr\u00edculo Lattes: http:\/\/lattes.cnpq.br\/2545977009055473Contato: silveiradasilva.camila2@gmail.com Licenciada em Qu\u00edmica pelo Instituto de Qu\u00edmica da Unesp de Araraquara. Mestre e Doutora em Educa\u00e7\u00e3o para a Ci\u00eancia pela Faculdade de Ci\u00eancias da Unesp de Bauru. Tem experi\u00eancia na \u00e1rea de Ensino de Ci\u00eancias e&hellip; <\/p>\n","protected":false},"author":13,"featured_media":0,"parent":0,"menu_order":0,"comment_status":"closed","ping_status":"closed","template":"","meta":{"footnotes":""},"class_list":["post-190","page","type-page","status-publish","hentry"],"_links":{"self":[{"href":"https:\/\/exatas.ufpr.br\/ppgecm\/wp-json\/wp\/v2\/pages\/190","targetHints":{"allow":["GET"]}}],"collection":[{"href":"https:\/\/exatas.ufpr.br\/ppgecm\/wp-json\/wp\/v2\/pages"}],"about":[{"href":"https:\/\/exatas.ufpr.br\/ppgecm\/wp-json\/wp\/v2\/types\/page"}],"author":[{"embeddable":true,"href":"https:\/\/exatas.ufpr.br\/ppgecm\/wp-json\/wp\/v2\/users\/13"}],"replies":[{"embeddable":true,"href":"https:\/\/exatas.ufpr.br\/ppgecm\/wp-json\/wp\/v2\/comments?post=190"}],"version-history":[{"count":34,"href":"https:\/\/exatas.ufpr.br\/ppgecm\/wp-json\/wp\/v2\/pages\/190\/revisions"}],"predecessor-version":[{"id":3577,"href":"https:\/\/exatas.ufpr.br\/ppgecm\/wp-json\/wp\/v2\/pages\/190\/revisions\/3577"}],"wp:attachment":[{"href":"https:\/\/exatas.ufpr.br\/ppgecm\/wp-json\/wp\/v2\/media?parent=190"}],"curies":[{"name":"wp","href":"https:\/\/api.w.org\/{rel}","templated":true}]}}