{"id":1695,"date":"2020-04-24T16:31:55","date_gmt":"2020-04-24T16:31:55","guid":{"rendered":"https:\/\/exatas.ufpr.br\/ppgecm\/?page_id=1695"},"modified":"2024-08-16T02:03:33","modified_gmt":"2024-08-16T02:03:33","slug":"qualificacoes","status":"publish","type":"page","link":"https:\/\/exatas.ufpr.br\/ppgecm\/qualificacoes\/","title":{"rendered":"Qualifica\u00e7\u00f5es"},"content":{"rendered":"\n<p class=\"has-black-color has-text-color has-link-color wp-elements-dfb574e7e49712ac7f3cf0a250f84cf6\" style=\"font-size:25px\"><strong>Exames de Qualifica\u00e7\u00e3o &#8211; 2021<\/strong><\/p>\n\n\n\n<figure class=\"wp-block-table\" style=\"font-size:15px\"><table class=\"has-black-color has-text-color has-link-color\"><tbody><tr><td class=\"has-text-align-center\" data-align=\"center\"> <strong>Data<\/strong> <\/td><td class=\"has-text-align-center\" data-align=\"center\"><strong>Discente<\/strong><\/td><td class=\"has-text-align-center\" data-align=\"center\"><strong>Orientadores<\/strong><\/td><td class=\"has-text-align-center\" data-align=\"center\"><strong>T\u00cdTULO<\/strong><\/td><\/tr><tr><td class=\"has-text-align-center\" data-align=\"center\">13\/08\/2021 <\/td><td class=\"has-text-align-center\" data-align=\"center\">LUCIANO PAVNOSKI<\/td><td class=\"has-text-align-center\" data-align=\"center\">THA\u00cdS RAFAELA HILGER<\/td><td class=\"has-text-align-center\" data-align=\"center\"> O JOGO NO ENSINO DE CI\u00caNCIAS: CONTRIBUI\u00c7\u00d5ES PARA O PROCESSO DE ENSINO E APRENDIZAGEM SEGUNDO O CONTEXTO DA APRENDIZAGEM SIGNIFICATIVA <br \/><\/td><\/tr><tr><td class=\"has-text-align-center\" data-align=\"center\">13\/08\/2021 <\/td><td class=\"has-text-align-center\" data-align=\"center\">LETICIA LIMA CARVALHO<\/td><td class=\"has-text-align-center\" data-align=\"center\">MARCOS AUR\u00c9LIO ZANLORENZI<\/td><td class=\"has-text-align-center\" data-align=\"center\"> DI\u00c1LOGOS ENTRE ESCOLA E COMUNIDADE: COMO PROFESSORES E MORADORES DA VILA DO PESQUEIRO (REGI\u00c3O PRAIANA), EM SOURE &#8211; PA PENSAM O ENSINO DA MATEM\u00c1TICA NA E.M.E.I.F. SANTA LUZIA <br \/><\/td><\/tr><tr><td class=\"has-text-align-center\" data-align=\"center\">11\/08\/2021 <\/td><td class=\"has-text-align-center\" data-align=\"center\">JULIANA RODRIGUES DE ARAUJO<\/td><td class=\"has-text-align-center\" data-align=\"center\">MARCOS AUR\u00c9LIO ZANLORENZI<\/td><td class=\"has-text-align-center\" data-align=\"center\"> SABERES MATEM\u00c1TICOS PRESENTES NA CANTARIA E SUAS POSSIBILIDADES NA EDUCA\u00c7\u00c3O B\u00c1SICA<br \/><\/td><\/tr><tr><td class=\"has-text-align-center\" data-align=\"center\">14\/07\/2021 <\/td><td class=\"has-text-align-center\" data-align=\"center\">REGIANE MULLER<\/td><td class=\"has-text-align-center\" data-align=\"center\">PATR\u00cdCIA BARBOSA PEREIRA<\/td><td class=\"has-text-align-center\" data-align=\"center\"> DESCARTE DE MEDICAMENTOS E EDUCA\u00c7\u00c3O AMBIENTAL CR\u00cdTICA: UMA AN\u00c1LISE DAS COMPREENS\u00d5ES DE LICENCIANDAS\/OS EM QU\u00cdMICA<br \/><\/td><\/tr><tr><td class=\"has-text-align-center\" data-align=\"center\">12\/07\/2021 <\/td><td class=\"has-text-align-center\" data-align=\"center\">MATHEUS AUGUSTO BANNACK DINIZ<\/td><td class=\"has-text-align-center\" data-align=\"center\">EMERSON ROLKOUSKI<\/td><td class=\"has-text-align-center\" data-align=\"center\"> LIVRO DID\u00c1TICO DE MATEM\u00c1TICA: USOS E ABUSOS POR PROFESSORES DO ENSINO M\u00c9DIO<br \/> <\/td><\/tr><tr><td class=\"has-text-align-center\" data-align=\"center\">02\/07\/2021 <\/td><td class=\"has-text-align-center\" data-align=\"center\">GABRIELA MARTOS<\/td><td class=\"has-text-align-center\" data-align=\"center\">LUCIANE FERREIRA MOCROSKY<\/td><td class=\"has-text-align-center\" data-align=\"center\"> PRODU\u00c7\u00d5ES DID\u00c1TICO-PEDAG\u00d3GICAS NA FORMA\u00c7\u00c3O CONTINUADA DE PROFESSORES DE MATEM\u00c1TICA: O PDE PARAN\u00c1 EM FOCO<br \/> <\/td><\/tr><tr><td class=\"has-text-align-center\" data-align=\"center\">30\/06\/2021 <\/td><td class=\"has-text-align-center\" data-align=\"center\">LETICIA MENEGUSSO<\/td><td class=\"has-text-align-center\" data-align=\"center\">EMERSON ROLKOUSKI<\/td><td class=\"has-text-align-center\" data-align=\"center\"> PROGRAMA DE COMBATE AO ABANDONO ESCOLAR E O PRESENTE NA ESCOLA: UM ESTUDO POR MEIO DO CICLO DE POL\u00cdTICAS<br \/> <\/td><\/tr><tr><td class=\"has-text-align-center\" data-align=\"center\">31\/05\/2021 <\/td><td class=\"has-text-align-center\" data-align=\"center\">LUCAS MULLER RIBEIRO VIANA<\/td><td class=\"has-text-align-center\" data-align=\"center\">MARIA DAS GRA\u00c7AS CLEOPHAS PORTO<\/td><td class=\"has-text-align-center\" data-align=\"center\"> EXPLORANDO A AFETIVIDADE E AUTODETERMINA\u00c7\u00c3O EM UM JOGO DE REALIDADE ALTERNATIVA: O CASO DO RENEGADO CIENT\u00cdFICO<br \/> <\/td><\/tr><tr><td class=\"has-text-align-center\" data-align=\"center\">28\/05\/2021 <\/td><td class=\"has-text-align-center\" data-align=\"center\">ALESSANDRA ESTER DE SOUZA<\/td><td class=\"has-text-align-center\" data-align=\"center\">MARIA DAS GRA\u00c7AS CLEOPHAS PORTO<\/td><td class=\"has-text-align-center\" data-align=\"center\"> CONSTRU\u00c7\u00c3O DO PENSAMENTO SUSTENT\u00c1VEL E DA CONSCI\u00caNCIA AMBIENTAL: CONTRIBUI\u00c7\u00d5ES DO DESIGN THINKING PARA O DELINEAMENTO DE ATIVIDADES DE ENSINO E APRENDIZAGEM<br \/> <\/td><\/tr><tr><td class=\"has-text-align-center\" data-align=\"center\">25\/05\/2021 <\/td><td class=\"has-text-align-center\" data-align=\"center\">MARLY STEPHANY MAGALH\u00c3ES MACHADO<\/td><td class=\"has-text-align-center\" data-align=\"center\">MARIA DAS GRA\u00c7AS CLEOPHAS PORTO<\/td><td class=\"has-text-align-center\" data-align=\"center\"> O FEEDBACK POR MEIO DAS TECNOLOGIAS DIGITAIS COMO ESTRAT\u00c9GIA PARA O DESENVOLVIMENTO DA REGULA\u00c7\u00c3O METACOGNITIVA NO ENSINO DE CI\u00caNCIAS <br \/><\/td><\/tr><tr><td class=\"has-text-align-center\" data-align=\"center\">31\/03\/2021 <\/td><td class=\"has-text-align-center\" data-align=\"center\">BRUNA HELOIZA KACHAROWSKI PEREIRA CASTANHO<\/td><td class=\"has-text-align-center\" data-align=\"center\">SERGIO CAMARGO<\/td><td class=\"has-text-align-center\" data-align=\"center\">O ENSINO DE CI\u00caNCIAS NAS ESCOLAS DO CAMPO: PERSPECTIVAS DECOLONIAIS <\/td><\/tr><tr><td class=\"has-text-align-center\" data-align=\"center\">29\/03\/2021 <\/td><td class=\"has-text-align-center\" data-align=\"center\">L\u00cdDIA OLIVEIRA DE SOUZA BARBERO<\/td><td class=\"has-text-align-center\" data-align=\"center\">SERGIO CAMARGO<\/td><td class=\"has-text-align-center\" data-align=\"center\"> ESTUDANDO A REFLEX\u00c3O SOBRE A A\u00c7\u00c3O DOCENTE NA FORMA\u00c7\u00c3O CONTINUADA EM CI\u00caNCIAS DA NATUREZA NO \u00c2MBITO DO PACTO NACIONAL PELA ALFABETIZA\u00c7\u00c3O NA IDADE CERTA<br \/> <\/td><\/tr><tr><td class=\"has-text-align-center\" data-align=\"center\">26\/03\/2021<\/td><td class=\"has-text-align-center\" data-align=\"center\">FRANCIELE MOTA DE OLIVEIRA<\/td><td class=\"has-text-align-center\" data-align=\"center\"> SERGIO CAMARGO <\/td><td class=\"has-text-align-center\" data-align=\"center\">A CI\u00caNCIA NA CRIAN\u00c7A E A CRIAN\u00c7A NA CI\u00caNCIA: UMA PESQUISA EM \u00c9POCA DE PANDEMIA <\/td><\/tr><\/tbody><\/table><\/figure>\n\n\n\n<p class=\"has-black-color has-text-color has-link-color wp-elements-911b14f5b45a0cad3217d382c5b71f46\" style=\"font-size:25px\"><strong>Exames de Qualifica\u00e7\u00e3o &#8211; 2020<\/strong><\/p>\n\n\n\n<figure class=\"wp-block-table\" style=\"font-size:15px\"><table class=\"has-black-color has-text-color has-link-color\"><tbody><tr><td class=\"has-text-align-center\" data-align=\"center\"><strong> Data <\/strong><\/td><td class=\"has-text-align-center\" data-align=\"center\"><strong>Discente<\/strong><\/td><td class=\"has-text-align-center\" data-align=\"center\"><strong>Orientadores<\/strong><\/td><td class=\"has-text-align-center\" data-align=\"center\"><strong>T\u00edtulo<\/strong><\/td><\/tr><tr><td class=\"has-text-align-center\" data-align=\"center\">28\/08\/2020<\/td><td class=\"has-text-align-center\" data-align=\"center\">CARINA BILL WIECZORKOSKI<\/td><td class=\"has-text-align-center\" data-align=\"center\">MARCOS AUR\u00c9LIO ZANLORENZI<\/td><td class=\"has-text-align-center\" data-align=\"center\">A RACIONALIDADE MATEM\u00c1TICA CAMPONESA NA PRODU\u00c7\u00c3O DA ERVA-MATE: DI\u00c1LOGOS POSS\u00cdVEIS COM OS SABERES ESCOLARES<br \/><\/td><\/tr><tr><td class=\"has-text-align-center\" data-align=\"center\">25\/08\/2020<\/td><td class=\"has-text-align-center\" data-align=\"center\">ADRIANA CHAVES DA SILVA<\/td><td class=\"has-text-align-center\" data-align=\"center\">ELENILTON VIEIRA GODOY<\/td><td class=\"has-text-align-center\" data-align=\"center\">A MATEM\u00c1TICA ESCOLAR E A SALA MULTISSERIADA NA EDUCA\u00c7\u00c3O DO CAMPO DO\u00a0MUNIC\u00cdPIO\u00a0DE CERRO AZUL &#8211; PR<br \/><\/td><\/tr><tr><td class=\"has-text-align-center\" data-align=\"center\">18\/08\/2020<\/td><td class=\"has-text-align-center\" data-align=\"center\">T\u00c2NIA MARA VITACZIK CAMPANUCCI<\/td><td class=\"has-text-align-center\" data-align=\"center\">LUCIANE FERREIRA MOCROSKY<\/td><td class=\"has-text-align-center\" data-align=\"center\">O ACOMPANHAMENTO PEDAG\u00d3GICO NO ENSINO DE MATEM\u00c1TICA: O (DES)ENCONTRO PROFESSOR-PEDAGOGO NOS ANOS FINAIS DO ENSINO FUNDAMENTAL<br \/><\/td><\/tr><tr><td class=\"has-text-align-center\" data-align=\"center\">11\/08\/2020<\/td><td class=\"has-text-align-center\" data-align=\"center\">EDER PAULO PEREIRA<\/td><td class=\"has-text-align-center\" data-align=\"center\">LUCIANE FERREIRA MOCROSKY<\/td><td class=\"has-text-align-center\" data-align=\"center\">   O ENSINO DA MATEM\u00c1TICA COM AS TIC: O QUE OS PROFESSORES PENSAM<br \/>    <\/td><\/tr><tr><td class=\"has-text-align-center\" data-align=\"center\">10\/07\/2020<\/td><td class=\"has-text-align-center\" data-align=\"center\">J\u00c9SSICA DAIANE DA SILVA<\/td><td class=\"has-text-align-center\" data-align=\"center\">NEILA TONIN AGRANIONIH &#8211; THA\u00cdS RAFAELA HILGER<\/td><td class=\"has-text-align-center\" data-align=\"center\">PROBLEMAS DO CAMPO CONCEITUAL MULTIPLICATIVO NOS LIVROS DID\u00c1TICOS DO CICLO I DO ENSINO FUNDAMENTAL<br \/><\/td><\/tr><tr><td class=\"has-text-align-center\" data-align=\"center\">01\/07\/2020<\/td><td class=\"has-text-align-center\" data-align=\"center\">CLAIRE F\u00c1TIMA SACHET RAMOS<\/td><td class=\"has-text-align-center\" data-align=\"center\">EMERSON ROLKOUSKI<\/td><td class=\"has-text-align-center\" data-align=\"center\">UTILIZA\u00c7\u00c3O DO SOFTWARE MATEM\u00c1TICO GEOGEBRA NO ATENDIMENTO EDUCACIONAL HOSPITALAR<br \/><\/td><\/tr><tr><td class=\"has-text-align-center\" data-align=\"center\">25\/06\/2020<\/td><td class=\"has-text-align-center\" data-align=\"center\">VIVIANE DA CRUZ LEAL NUNES VITORINO<\/td><td class=\"has-text-align-center\" data-align=\"center\">EMERSON ROLKOUSKI<\/td><td class=\"has-text-align-center\" data-align=\"center\">PNAIC DE ALFABETIZA\u00c7\u00c3O MATEM\u00c1TICA: RAN\u00c7OS E AVAN\u00c7OS<br \/><\/td><\/tr><tr><td class=\"has-text-align-center\" data-align=\"center\">08\/06\/2020<\/td><td class=\"has-text-align-center\" data-align=\"center\">M\u00d4NICA TREVISAN FERRARINI<\/td><td class=\"has-text-align-center\" data-align=\"center\">PATR\u00cdCIA BARBOSA PEREIRA<\/td><td class=\"has-text-align-center\" data-align=\"center\">FORMA\u00c7\u00c3O CONTINUADA EM CI\u00caNCIAS NA REDE MUNICIPAL DE ENSINO DE CURITIBA\/PR: UM ETERNO RECOME\u00c7AR<br \/><\/td><\/tr><tr><td class=\"has-text-align-center\" data-align=\"center\">01\/06\/2020<\/td><td class=\"has-text-align-center\" data-align=\"center\">J\u00c9SSICA TOMIKO ARA\u00daJO MITSUUCHI<\/td><td class=\"has-text-align-center\" data-align=\"center\">TANIA TERESINHA BRUNS ZIMER<\/td><td class=\"has-text-align-center\" data-align=\"center\">FORMA\u00c7\u00c3O INICIAL DE PROFESSORES QUE ENSINAM MATEM\u00c1TICA E RESOLU\u00c7\u00c3O DE PROBLEMAS: CONCEP\u00c7\u00d5ES E PR\u00c1TICAS DOCENTES<br \/><\/td><\/tr><tr><td class=\"has-text-align-center\" data-align=\"center\">29\/05\/2020<\/td><td class=\"has-text-align-center\" data-align=\"center\">JUC\u00c9LIA CATARINA BURACOSKI BATISTA<\/td><td class=\"has-text-align-center\" data-align=\"center\">CAMILA SILVEIRA DA SILVA<\/td><td class=\"has-text-align-center\" data-align=\"center\">O PROGRAMA LINHAS DO CONHECIMENTO E A RELA\u00c7\u00c3O MUSEU-ESCOLA<br \/><\/td><\/tr><tr><td class=\"has-text-align-center\" data-align=\"center\">28\/05\/2020<\/td><td class=\"has-text-align-center\" data-align=\"center\">T\u00c1SSILA ZERBINI MONTEIRO PEREIRA<\/td><td class=\"has-text-align-center\" data-align=\"center\">THA\u00cdS RAFAELA HILGER<\/td><td class=\"has-text-align-center\" data-align=\"center\">A INCLUS\u00c3O DE DEFICIENTES NA \u00c1REA DE ENSINO DE F\u00cdSICA: UM ESTADO DO CONHECIMENTO.<br \/><\/td><\/tr><tr><td class=\"has-text-align-center\" data-align=\"center\">28\/05\/2020<\/td><td class=\"has-text-align-center\" data-align=\"center\">JOSIANE JOCOSKI BUENO<\/td><td class=\"has-text-align-center\" data-align=\"center\">MARIA LUCIA PANOSSIAN<\/td><td class=\"has-text-align-center\" data-align=\"center\">A APRENDIZAGEM MATEM\u00c1TICA DE ALUNOS AUTISTAS: UM OLHAR A PARTIR DA ATIVIDADE ORIENTADORA DE ENSINO<br \/><\/td><\/tr><tr><td class=\"has-text-align-center\" data-align=\"center\">27\/05\/2020<\/td><td class=\"has-text-align-center\" data-align=\"center\">LUANA CRISTINA BAIER<\/td><td class=\"has-text-align-center\" data-align=\"center\">ELENILTON VIEIRA GODOY E ELIS\u00c2NGELA DE CAMPOS<\/td><td class=\"has-text-align-center\" data-align=\"center\">SENTIDOS DO SER PROFESSOR DE MATEM\u00c1TICA<\/td><\/tr><tr><td class=\"has-text-align-center\" data-align=\"center\">26\/05\/2020<\/td><td class=\"has-text-align-center\" data-align=\"center\">JOSIANE ROCHEMBACK<\/td><td class=\"has-text-align-center\" data-align=\"center\">FL\u00c1VIA DIAS DE SOUZA;THA\u00cdS RAFAELA HILGER<\/td><td class=\"has-text-align-center\" data-align=\"center\">UM OLHAR SOBRE PESQUISAS BRASILEIRAS NA FORMA\u00c7\u00c3O DE PROFESSORES PARA O ENSINO DE \u00c1LGEBRA<br \/><\/td><\/tr><tr><td class=\"has-text-align-center\" data-align=\"center\">22\/05\/2020<\/td><td class=\"has-text-align-center\" data-align=\"center\">GEOVANE SANTOS DA SILVA<\/td><td class=\"has-text-align-center\" data-align=\"center\">CAMILA SILVEIRA DA SILVA<\/td><td class=\"has-text-align-center\" data-align=\"center\">A CULTURA CIENT\u00cdFICA REPRESENTADA EM ATIVIDADES ART\u00cdSTICAS POR CRIAN\u00c7AS DA EDUCA\u00c7\u00c3O INFANTIL<br \/><\/td><\/tr><tr><td class=\"has-text-align-center\" data-align=\"center\">21\/05\/2020<\/td><td class=\"has-text-align-center\" data-align=\"center\">ALESSANDRA DA CONCEI\u00c7\u00c3O ZANIN<\/td><td class=\"has-text-align-center\" data-align=\"center\">CAMILA SILVEIRA DA SILVA<\/td><td class=\"has-text-align-center\" data-align=\"center\">FORMA\u00c7\u00c3O INICIAL DE PROFESSORES DE BIOLOGIA: MOBILIZA\u00c7\u00c3O DOS SABERES DOCENTES POR MEIO DO PROCESSO DE PRODU\u00c7\u00c3O DE MATERIAL DID\u00c1TICO<br \/><\/td><\/tr><tr><td class=\"has-text-align-center\" data-align=\"center\">20\/05\/2020<\/td><td class=\"has-text-align-center\" data-align=\"center\">JOHN WESLEY GRANDO<\/td><td class=\"has-text-align-center\" data-align=\"center\">MARIA DAS GRA\u00c7AS CLEOPHAS PORTO<\/td><td class=\"has-text-align-center\" data-align=\"center\">AN\u00c1LISE DE APLICATIVOS M\u00d3VEIS DE REALIDADE AUMENTADA, VIRTUAL E MISTA \u00c0 LUZ DA CONSTRU\u00c7\u00c3O DO CONHECIMENTO QU\u00cdMICO<br \/><\/td><\/tr><tr><td class=\"has-text-align-center\" data-align=\"center\">11\/05\/2020<\/td><td class=\"has-text-align-center\" data-align=\"center\">NILZA ZANON DE SOUSA MACHADO<\/td><td class=\"has-text-align-center\" data-align=\"center\">ELENILTON VIEIRA GODOY<\/td><td class=\"has-text-align-center\" data-align=\"center\">OLHARES DE UMA PROFESSORA DE MATEM\u00c1TICA PARA (SOBRE) O CURR\u00cdCULO OCULTO.<br \/><\/td><\/tr><\/tbody><\/table><\/figure>\n","protected":false},"excerpt":{"rendered":"<p>Exames de Qualifica\u00e7\u00e3o &#8211; 2021 Data Discente Orientadores T\u00cdTULO 13\/08\/2021 LUCIANO PAVNOSKI THA\u00cdS RAFAELA HILGER O JOGO NO ENSINO DE CI\u00caNCIAS: CONTRIBUI\u00c7\u00d5ES PARA O PROCESSO DE ENSINO E APRENDIZAGEM SEGUNDO O CONTEXTO DA APRENDIZAGEM SIGNIFICATIVA 13\/08\/2021 LETICIA LIMA CARVALHO MARCOS&hellip; <\/p>\n","protected":false},"author":3978,"featured_media":0,"parent":0,"menu_order":0,"comment_status":"closed","ping_status":"closed","template":"","meta":{"footnotes":""},"class_list":["post-1695","page","type-page","status-publish","hentry"],"_links":{"self":[{"href":"https:\/\/exatas.ufpr.br\/ppgecm\/wp-json\/wp\/v2\/pages\/1695","targetHints":{"allow":["GET"]}}],"collection":[{"href":"https:\/\/exatas.ufpr.br\/ppgecm\/wp-json\/wp\/v2\/pages"}],"about":[{"href":"https:\/\/exatas.ufpr.br\/ppgecm\/wp-json\/wp\/v2\/types\/page"}],"author":[{"embeddable":true,"href":"https:\/\/exatas.ufpr.br\/ppgecm\/wp-json\/wp\/v2\/users\/3978"}],"replies":[{"embeddable":true,"href":"https:\/\/exatas.ufpr.br\/ppgecm\/wp-json\/wp\/v2\/comments?post=1695"}],"version-history":[{"count":11,"href":"https:\/\/exatas.ufpr.br\/ppgecm\/wp-json\/wp\/v2\/pages\/1695\/revisions"}],"predecessor-version":[{"id":3389,"href":"https:\/\/exatas.ufpr.br\/ppgecm\/wp-json\/wp\/v2\/pages\/1695\/revisions\/3389"}],"wp:attachment":[{"href":"https:\/\/exatas.ufpr.br\/ppgecm\/wp-json\/wp\/v2\/media?parent=1695"}],"curies":[{"name":"wp","href":"https:\/\/api.w.org\/{rel}","templated":true}]}}