{"id":1399,"date":"2019-07-23T14:36:45","date_gmt":"2019-07-23T14:36:45","guid":{"rendered":"https:\/\/exatas.ufpr.br\/ppgecm\/?page_id=1399"},"modified":"2024-08-16T01:00:04","modified_gmt":"2024-08-16T01:00:04","slug":"2019-2","status":"publish","type":"page","link":"https:\/\/exatas.ufpr.br\/ppgecm\/2019-2\/","title":{"rendered":"2019"},"content":{"rendered":"\n<h2 class=\"wp-block-heading has-text-color has-link-color wp-elements-191d2c5c000b9252e19525637ebc944d\" style=\"color:#3ea4bb;font-size:25px;text-decoration:underline\"><a href=\"https:\/\/exatas.ufpr.br\/ppgecm\/wp-content\/uploads\/sites\/27\/2019\/07\/Portaria_56-2019-Curr\u00edculo.pdf\">Portaria N\u00ba 56, de 03 de julho de 2019<\/a><\/h2>\n\n\n\n<p style=\"font-size:18px\">Clique na Disciplina para Obter a Ementa e Bibliografia (em atualiza\u00e7\u00e3o)<\/p>\n\n\n\n<figure class=\"wp-block-table\" style=\"font-size:15px\"><table class=\"has-black-color has-text-color has-link-color\"><tbody><tr><td class=\"has-text-align-center\" data-align=\"center\"> <strong>Sigla <\/strong><\/td><td class=\"has-text-align-center\" data-align=\"center\"><strong> Nome <\/strong><\/td><td class=\"has-text-align-center\" data-align=\"center\"> <strong>Cr\u00e9ditos <\/strong><\/td><td class=\"has-text-align-center\" data-align=\"center\"><strong>N\u00edvel<\/strong><\/td><td class=\"has-text-align-center\" data-align=\"center\"><strong> Linha Pesquisa <\/strong><\/td><\/tr><tr><td class=\"has-text-align-center\" data-align=\"center\"><strong><mark style=\"background-color:#ffffff;color:#3ea4bb\" class=\"has-inline-color\"> EDCM- 7003 <\/mark><\/strong><\/td><td class=\"has-text-align-center\" data-align=\"center\">DIVULGA\u00c7\u00c3O CIENT\u00cdFICA EM ESPA\u00c7OS N\u00c3O-FORMAIS<\/td><td class=\"has-text-align-center\" data-align=\"center\"> 4 <\/td><td class=\"has-text-align-center\" data-align=\"center\"> Mestrado e Doutorado <\/td><td class=\"has-text-align-center\" data-align=\"center\"> L6 <\/td><\/tr><tr><td class=\"has-text-align-center\" data-align=\"center\"><mark style=\"background-color:#ffffff;color:#3ea4bb\" class=\"has-inline-color\"><strong><mark style=\"background-color:#ffffff;color:#3ea4bb\" class=\"has-inline-color\"> EDCM- 7008 <\/mark><\/strong><\/mark><\/td><td class=\"has-text-align-center\" data-align=\"center\">O PENSAMENTO MATEM\u00c1TICO NA EDUCA\u00c7\u00c3O MATEM\u00c1TICA<\/td><td class=\"has-text-align-center\" data-align=\"center\"> 4 <\/td><td class=\"has-text-align-center\" data-align=\"center\">Mestrado e Doutorado<\/td><td class=\"has-text-align-center\" data-align=\"center\"> L1 e L2 <\/td><\/tr><tr><td class=\"has-text-align-center\" data-align=\"center\"><mark style=\"background-color:#ffffff;color:#3ea4bb\" class=\"has-inline-color\"><strong><mark style=\"background-color:#ffffff;color:#3ea4bb\" class=\"has-inline-color\"> EDCM- 7013 <\/mark><\/strong><\/mark><\/td><td class=\"has-text-align-center\" data-align=\"center\"> SEMIN\u00c1RIOS DE INTERC\u00c2MBIO CIENT\u00cdFICO <\/td><td class=\"has-text-align-center\" data-align=\"center\">2<\/td><td class=\"has-text-align-center\" data-align=\"center\">Mestrado e Doutorado<\/td><td class=\"has-text-align-center\" data-align=\"center\"> Todas <\/td><\/tr><tr><td class=\"has-text-align-center\" data-align=\"center\"><strong><\/strong><strong><mark style=\"background-color:#ffffff;color:#3ea4bb\" class=\"has-inline-color\"> EDCM- 7018 <\/mark><\/strong><\/td><td class=\"has-text-align-center\" data-align=\"center\">TEND\u00caNCIAS DA PESQUISA EM EDUCA\u00c7\u00c3O EM CI\u00caNCIAS<\/td><td class=\"has-text-align-center\" data-align=\"center\"> 4 <\/td><td class=\"has-text-align-center\" data-align=\"center\">Mestrado e Doutorado<\/td><td class=\"has-text-align-center\" data-align=\"center\"> Todas <\/td><\/tr><tr><td class=\"has-text-align-center\" data-align=\"center\"><strong><mark style=\"background-color:#ffffff;color:#3ea4bb\" class=\"has-inline-color\"> EDCM- 7019 <\/mark><\/strong><\/td><td class=\"has-text-align-center\" data-align=\"center\">TEND\u00caNCIAS DE PESQUISA EM EDUCA\u00c7\u00c3O MATEM\u00c1TICA<\/td><td class=\"has-text-align-center\" data-align=\"center\"> 4 <\/td><td class=\"has-text-align-center\" data-align=\"center\">Mestrado e Doutorado<\/td><td class=\"has-text-align-center\" data-align=\"center\"> Todas <\/td><\/tr><tr><td class=\"has-text-align-center\" data-align=\"center\"> <strong><mark style=\"color:#3ea4bb\" class=\"has-inline-color\"><strong><mark style=\"background-color:#ffffff;color:#3ea4bb\" class=\"has-inline-color\"> EDCM- 7032 <\/mark><\/strong><\/mark><\/strong> <\/td><td class=\"has-text-align-center\" data-align=\"center\">SEMIN\u00c1RIOS DE PESQUISA I<\/td><td class=\"has-text-align-center\" data-align=\"center\"> 4 <\/td><td class=\"has-text-align-center\" data-align=\"center\">Mestrado e Doutorado<\/td><td class=\"has-text-align-center\" data-align=\"center\"> Todas <\/td><\/tr><tr><td class=\"has-text-align-center\" data-align=\"center\"> <strong><mark style=\"background-color:#ffffff;color:#3ea4bb\" class=\"has-inline-color\"> EDCM- 7033 <\/mark><\/strong> <\/td><td class=\"has-text-align-center\" data-align=\"center\">SEMIN\u00c1RIOS DE PESQUISA II *<\/td><td class=\"has-text-align-center\" data-align=\"center\"> 4 <\/td><td class=\"has-text-align-center\" data-align=\"center\">Mestrado e Doutorado<\/td><td class=\"has-text-align-center\" data-align=\"center\"> Todas <\/td><\/tr><tr><td class=\"has-text-align-center\" data-align=\"center\"> <strong><mark style=\"background-color:#ffffff;color:#3ea4bb\" class=\"has-inline-color\"> EDCM- 7034 <\/mark><\/strong><\/td><td class=\"has-text-align-center\" data-align=\"center\">TEORIAS DA APRENDIZAGEM *<\/td><td class=\"has-text-align-center\" data-align=\"center\"> 4 <\/td><td class=\"has-text-align-center\" data-align=\"center\">Mestrado e Doutorado<\/td><td class=\"has-text-align-center\" data-align=\"center\"> L2 <\/td><\/tr><tr><td class=\"has-text-align-center\" data-align=\"center\"> <strong><mark style=\"background-color:#ffffff;color:#3ea4bb\" class=\"has-inline-color\"> EDCM- 7035 <\/mark><\/strong> <\/td><td class=\"has-text-align-center\" data-align=\"center\">PR\u00c1TICA DE DOC\u00caNCIA I<\/td><td class=\"has-text-align-center\" data-align=\"center\"> 4 <\/td><td class=\"has-text-align-center\" data-align=\"center\">Mestrado<\/td><td class=\"has-text-align-center\" data-align=\"center\"> Todas <\/td><\/tr><tr><td class=\"has-text-align-center\" data-align=\"center\"> <strong><mark style=\"background-color:#ffffff;color:#3ea4bb\" class=\"has-inline-color\"> EDCM- 7036 <\/mark><\/strong> <\/td><td class=\"has-text-align-center\" data-align=\"center\">PR\u00c1TICA DE DOC\u00caNCIA II *<\/td><td class=\"has-text-align-center\" data-align=\"center\"> 4 <\/td><td class=\"has-text-align-center\" data-align=\"center\">Doutorado<\/td><td class=\"has-text-align-center\" data-align=\"center\"> Todas <\/td><\/tr><tr><td class=\"has-text-align-center\" data-align=\"center\"> <strong><mark style=\"background-color:#ffffff;color:#3ea4bb\" class=\"has-inline-color\"> EDCM- 7037 <\/mark><\/strong> <\/td><td class=\"has-text-align-center\" data-align=\"center\">T\u00d3PICOS EM EDUCA\u00c7\u00c3O EM CI\u00caNCIAS E EM MATEM\u00c1TICA I<\/td><td class=\"has-text-align-center\" data-align=\"center\"> 2 <\/td><td class=\"has-text-align-center\" data-align=\"center\">Mestrado e Doutorado<\/td><td class=\"has-text-align-center\" data-align=\"center\"> Todas <\/td><\/tr><tr><td class=\"has-text-align-center\" data-align=\"center\"> <strong><mark style=\"background-color:#ffffff;color:#3ea4bb\" class=\"has-inline-color\"> EDCM- 7038 <\/mark><\/strong><\/td><td class=\"has-text-align-center\" data-align=\"center\">T\u00d3PICOS EM EDUCA\u00c7\u00c3O EM CI\u00caNCIAS E EM MATEM\u00c1TICA II<\/td><td class=\"has-text-align-center\" data-align=\"center\"> 4 <\/td><td class=\"has-text-align-center\" data-align=\"center\">Mestrado e Doutorado<\/td><td class=\"has-text-align-center\" data-align=\"center\"> Todas <\/td><\/tr><tr><td class=\"has-text-align-center\" data-align=\"center\"> <strong><mark style=\"background-color:#ffffff;color:#3ea4bb\" class=\"has-inline-color\"> EDCM- 7039 <\/mark><\/strong> <\/td><td class=\"has-text-align-center\" data-align=\"center\">CTS E ACT NA EDUCA\u00c7\u00c3O EM CI\u00caNCIAS E MATEM\u00c1TICA<\/td><td class=\"has-text-align-center\" data-align=\"center\"> 4 <\/td><td class=\"has-text-align-center\" data-align=\"center\">Mestrado e Doutorado<\/td><td class=\"has-text-align-center\" data-align=\"center\"> L3 <\/td><\/tr><tr><td class=\"has-text-align-center\" data-align=\"center\"><strong><mark style=\"background-color:#ffffff;color:#3ea4bb\" class=\"has-inline-color\"> EDCM- 7040 <\/mark><\/strong> <\/td><td class=\"has-text-align-center\" data-align=\"center\">DID\u00c1TICA DAS CI\u00caNCIAS E DA MATEM\u00c1TICA<\/td><td class=\"has-text-align-center\" data-align=\"center\"> 4 <\/td><td class=\"has-text-align-center\" data-align=\"center\">Mestrado e Doutorado<\/td><td class=\"has-text-align-center\" data-align=\"center\"> L2 <\/td><\/tr><tr><td class=\"has-text-align-center\" data-align=\"center\"><strong><mark style=\"background-color:#ffffff;color:#3ea4bb\" class=\"has-inline-color\"> EDCM- 7041 <\/mark><\/strong> <\/td><td class=\"has-text-align-center\" data-align=\"center\">FORMA\u00c7\u00c3O DE PROFESSORES EM EDUCA\u00c7\u00c3O EM CI\u00caNCIAS E EM MATEM\u00c1TICA<\/td><td class=\"has-text-align-center\" data-align=\"center\"> 4 <\/td><td class=\"has-text-align-center\" data-align=\"center\">Mestrado e Doutorado<\/td><td class=\"has-text-align-center\" data-align=\"center\"> L1 <\/td><\/tr><tr><td class=\"has-text-align-center\" data-align=\"center\"><strong><mark style=\"background-color:#ffffff;color:#3ea4bb\" class=\"has-inline-color\"> EDCM- 7042 <\/mark><\/strong> <\/td><td class=\"has-text-align-center\" data-align=\"center\">FUNDAMENTOS EPISTEMOL\u00d3GICOS PARA EDUCA\u00c7\u00c3O EM CI\u00caNCIAS E EM MATEM\u00c1TICA<\/td><td class=\"has-text-align-center\" data-align=\"center\"> 4 <\/td><td class=\"has-text-align-center\" data-align=\"center\">Mestrado e Doutorado<\/td><td class=\"has-text-align-center\" data-align=\"center\"> L4 <\/td><\/tr><tr><td class=\"has-text-align-center\" data-align=\"center\"><strong><mark style=\"background-color:#ffffff;color:#3ea4bb\" class=\"has-inline-color\"> EDCM- 7043 <\/mark><\/strong> <\/td><td class=\"has-text-align-center\" data-align=\"center\">HIST\u00d3RIA E EDUCA\u00c7\u00c3O EM CI\u00caNCIAS E EM MATEM\u00c1TICA<\/td><td class=\"has-text-align-center\" data-align=\"center\"> 4 <\/td><td class=\"has-text-align-center\" data-align=\"center\">Mestrado e Doutorado<\/td><td class=\"has-text-align-center\" data-align=\"center\"> L4 <\/td><\/tr><tr><td class=\"has-text-align-center\" data-align=\"center\"><strong><mark style=\"background-color:#ffffff;color:#3ea4bb\" class=\"has-inline-color\"> EDCM- 7044 <\/mark><\/strong> <\/td><td class=\"has-text-align-center\" data-align=\"center\">PESQUISA EM EDUCA\u00c7\u00c3O EM CI\u00caNCIAS E EM MATEM\u00c1TICA E ESCOLA<\/td><td class=\"has-text-align-center\" data-align=\"center\"> 4 <\/td><td class=\"has-text-align-center\" data-align=\"center\">Mestrado e Doutorado<\/td><td class=\"has-text-align-center\" data-align=\"center\"> Todas <\/td><\/tr><tr><td class=\"has-text-align-center\" data-align=\"center\"><strong><mark style=\"background-color:#ffffff;color:#3ea4bb\" class=\"has-inline-color\"> EDCM- 7045 <\/mark><\/strong> <\/td><td class=\"has-text-align-center\" data-align=\"center\">RECURSOS TECNOL\u00d3GICOS EM EDUCA\u00c7\u00c3O EM CI\u00caNCIAS E EM MATEM\u00c1TICA<\/td><td class=\"has-text-align-center\" data-align=\"center\"> 4 <\/td><td class=\"has-text-align-center\" data-align=\"center\">Mestrado e Doutorado<\/td><td class=\"has-text-align-center\" data-align=\"center\"> L5 <\/td><\/tr><tr><td class=\"has-text-align-center\" data-align=\"center\"><strong><mark style=\"background-color:#ffffff;color:#3ea4bb\" class=\"has-inline-color\"> EDCM- 7046 <\/mark><\/strong> <\/td><td class=\"has-text-align-center\" data-align=\"center\">PERSPECTIVAS DA DIFEREN\u00c7A E A EDUCA\u00c7\u00c3O<\/td><td class=\"has-text-align-center\" data-align=\"center\"> 4 <\/td><td class=\"has-text-align-center\" data-align=\"center\">Mestrado e Doutorado<\/td><td class=\"has-text-align-center\" data-align=\"center\"> L1 e L6 <\/td><\/tr><tr><td class=\"has-text-align-center\" data-align=\"center\"><mark style=\"color:#3ea4bb\" class=\"has-inline-color\"><strong><mark style=\"background-color:#ffffff;color:#3ea4bb\" class=\"has-inline-color\"> EDCM- 7047 <\/mark><\/strong> <\/mark><\/td><td class=\"has-text-align-center\" data-align=\"center\">PROFESSOR EM ATIVIDADE DE ENSINO: FUNDAMENTOS TE\u00d3RICOS E METODOL\u00d3GICOS<\/td><td class=\"has-text-align-center\" data-align=\"center\"> 4 <\/td><td class=\"has-text-align-center\" data-align=\"center\">Mestrado e Doutorado<\/td><td class=\"has-text-align-center\" data-align=\"center\"> L1 <\/td><\/tr><tr><td class=\"has-text-align-center\" data-align=\"center\"><strong><mark style=\"background-color:#ffffff;color:#3ea4bb\" class=\"has-inline-color\"> EDCM- 7048 <\/mark><\/strong> <\/td><td class=\"has-text-align-center\" data-align=\"center\">TECNOLOGIAS DIGITAIS EM EDUCA\u00c7\u00c3O EM CI\u00caNCIAS E EM MATEM\u00c1TICA<\/td><td class=\"has-text-align-center\" data-align=\"center\"> 4 <\/td><td class=\"has-text-align-center\" data-align=\"center\">Mestrado e Doutorado<\/td><td class=\"has-text-align-center\" data-align=\"center\"> L5 <\/td><\/tr><tr><td class=\"has-text-align-center\" data-align=\"center\"><strong><mark style=\"background-color:#ffffff;color:#3ea4bb\" class=\"has-inline-color\"> EDCM- 7048 <\/mark><\/strong> <\/td><td class=\"has-text-align-center\" data-align=\"center\">TEORIA DA APRENDIZAGEM SIGNIFICATIVA<\/td><td class=\"has-text-align-center\" data-align=\"center\"> 4 <\/td><td class=\"has-text-align-center\" data-align=\"center\">Mestrado e Doutorado<\/td><td class=\"has-text-align-center\" data-align=\"center\"> L1 e L2 <\/td><\/tr><tr><td class=\"has-text-align-center\" data-align=\"center\"><strong><mark style=\"background-color:#ffffff;color:#3ea4bb\" class=\"has-inline-color\"> EDCM- 7050 <\/mark><\/strong> <\/td><td class=\"has-text-align-center\" data-align=\"center\">TEORIA DOS CAMPOS CONCEITUAIS<\/td><td class=\"has-text-align-center\" data-align=\"center\"> 4 <\/td><td class=\"has-text-align-center\" data-align=\"center\">Mestrado e Doutorado<\/td><td class=\"has-text-align-center\" data-align=\"center\"> L1 e L2 <\/td><\/tr><\/tbody><\/table><\/figure>\n\n\n\n<p class=\"has-black-color has-text-color has-link-color wp-elements-0fd3efd161e11c7301e8f0cf7b6675e3\" style=\"font-size:25px\"><strong>DISCIPLINAS VINCULADAS A TODAS LINHAS DE PESQUISA<\/strong><\/p>\n\n\n\n<figure class=\"wp-block-table\" style=\"font-size:16px\"><table class=\"has-black-color has-text-color has-link-color\"><tbody><tr><td class=\"has-text-align-center\" data-align=\"center\"> <strong>Sigla<\/strong> <\/td><td class=\"has-text-align-center\" data-align=\"center\"><strong>Nome<\/strong><\/td><td class=\"has-text-align-center\" data-align=\"center\"><strong>Cr\u00e9ditos<\/strong><\/td><td class=\"has-text-align-center\" data-align=\"center\"><strong>N\u00edvel<\/strong><\/td><td class=\"has-text-align-center\" data-align=\"center\"><strong> Linha Pesquisa <\/strong><\/td><\/tr><tr><td class=\"has-text-align-center\" data-align=\"center\"><strong><mark style=\"background-color:#ffffff;color:#3ea4bb\" class=\"has-inline-color\">EDCM-<\/mark><\/strong><br \/><strong><mark style=\"background-color:#ffffff;color:#3ea4bb\" class=\"has-inline-color\">7013 <\/mark><\/strong>  <\/td><td class=\"has-text-align-center\" data-align=\"center\"> SEMIN\u00c1RIOS DE INTERC\u00c2MBIO CIENT\u00cdFICO<\/td><td class=\"has-text-align-center\" data-align=\"center\">2<\/td><td class=\"has-text-align-center\" data-align=\"center\">Mestrado e<br \/>Doutorado<\/td><td class=\"has-text-align-center\" data-align=\"center\"> Todas <\/td><\/tr><tr><td class=\"has-text-align-center\" data-align=\"center\"><strong><mark style=\"background-color:#ffffff;color:#3ea4bb\" class=\"has-inline-color\">EDCM<\/mark><\/strong>&#8211;<br \/><strong><mark style=\"background-color:#ffffff;color:#3ea4bb\" class=\"has-inline-color\">7018 <\/mark><\/strong>  <\/td><td class=\"has-text-align-center\" data-align=\"center\"> TEND\u00caNCIAS DA PESQUISA EM EDUCA\u00c7\u00c3O EM CI\u00caNCIAS    <\/td><td class=\"has-text-align-center\" data-align=\"center\">4<\/td><td class=\"has-text-align-center\" data-align=\"center\">Mestrado e<br \/>Doutorado<\/td><td class=\"has-text-align-center\" data-align=\"center\"> Todas <\/td><\/tr><tr><td class=\"has-text-align-center\" data-align=\"center\"><strong><mark style=\"color:#3ea4bb\" class=\"has-inline-color\"><strong><mark style=\"background-color:#ffffff;color:#3ea4bb\" class=\"has-inline-color\">EDCM-<\/mark><\/strong><\/mark><\/strong><br \/><strong><mark style=\"color:#3ea4bb\" class=\"has-inline-color\"><strong><mark style=\"background-color:#ffffff;color:#3ea4bb\" class=\"has-inline-color\"> 7019 <\/mark><\/strong>  <\/mark><\/strong><\/td><td class=\"has-text-align-center\" data-align=\"center\"> TEND\u00caNCIAS DE PESQUISA EM EDUCA\u00c7\u00c3O MATEM\u00c1TICA <\/td><td class=\"has-text-align-center\" data-align=\"center\">4<\/td><td class=\"has-text-align-center\" data-align=\"center\">Mestrado e<br \/>Doutorado<\/td><td class=\"has-text-align-center\" data-align=\"center\"> Todas <\/td><\/tr><tr><td class=\"has-text-align-center\" data-align=\"center\"><strong><mark style=\"background-color:#ffffff;color:#3ea4bb\" class=\"has-inline-color\">EDCM-<\/mark><\/strong><br \/><strong><mark style=\"background-color:#ffffff;color:#3ea4bb\" class=\"has-inline-color\"> 7032 <\/mark><\/strong>  <\/td><td class=\"has-text-align-center\" data-align=\"center\"> SEMIN\u00c1RIOS DE PESQUISA I <\/td><td class=\"has-text-align-center\" data-align=\"center\">4<\/td><td class=\"has-text-align-center\" data-align=\"center\">Mestrado e<br \/>Doutorado<\/td><td class=\"has-text-align-center\" data-align=\"center\"> Todas <\/td><\/tr><tr><td class=\"has-text-align-center\" data-align=\"center\"><strong><mark style=\"background-color:#ffffff;color:#3ea4bb\" class=\"has-inline-color\">EDCM-<\/mark><\/strong><br \/><strong><mark style=\"background-color:#ffffff;color:#3ea4bb\" class=\"has-inline-color\"> 7033 <\/mark><\/strong>  <\/td><td class=\"has-text-align-center\" data-align=\"center\"> SEMIN\u00c1RIOS DE PESQUISA II * <\/td><td class=\"has-text-align-center\" data-align=\"center\">4<\/td><td class=\"has-text-align-center\" data-align=\"center\">Mestrado e<br \/>Doutorado<\/td><td class=\"has-text-align-center\" data-align=\"center\"> Todas <\/td><\/tr><tr><td class=\"has-text-align-center\" data-align=\"center\"><strong><mark style=\"background-color:#ffffff;color:#3ea4bb\" class=\"has-inline-color\">EDCM-<\/mark><\/strong><br \/><strong><mark style=\"background-color:#ffffff;color:#3ea4bb\" class=\"has-inline-color\"> 7035 <\/mark><\/strong>  <\/td><td class=\"has-text-align-center\" data-align=\"center\"> PR\u00c1TICA DE DOC\u00caNCIA I <\/td><td class=\"has-text-align-center\" data-align=\"center\">4<\/td><td class=\"has-text-align-center\" data-align=\"center\">Mestrado<\/td><td class=\"has-text-align-center\" data-align=\"center\"> Todas <\/td><\/tr><tr><td class=\"has-text-align-center\" data-align=\"center\"><strong><mark style=\"background-color:#ffffff;color:#3ea4bb\" class=\"has-inline-color\">EDCM-<\/mark><\/strong><br \/><strong><mark style=\"background-color:#ffffff;color:#3ea4bb\" class=\"has-inline-color\"> 7036 <\/mark><\/strong>  <\/td><td class=\"has-text-align-center\" data-align=\"center\"> PR\u00c1TICA DE DOC\u00caNCIA II * <\/td><td class=\"has-text-align-center\" data-align=\"center\">4<\/td><td class=\"has-text-align-center\" data-align=\"center\">Doutorado<\/td><td class=\"has-text-align-center\" data-align=\"center\"> Todas <\/td><\/tr><tr><td class=\"has-text-align-center\" data-align=\"center\"><strong><mark style=\"color:#3ea4bb\" class=\"has-inline-color\"><strong><mark style=\"background-color:#ffffff;color:#3ea4bb\" class=\"has-inline-color\">EDCM-<\/mark><\/strong><\/mark><\/strong><br \/><strong><mark style=\"color:#3ea4bb\" class=\"has-inline-color\"><strong><mark style=\"background-color:#ffffff;color:#3ea4bb\" class=\"has-inline-color\"> 7037 <\/mark><\/strong>  <\/mark><\/strong><\/td><td class=\"has-text-align-center\" data-align=\"center\"> T\u00d3PICOS EM EDUCA\u00c7\u00c3O EM CI\u00caNCIAS E EM MATEM\u00c1TICA I <\/td><td class=\"has-text-align-center\" data-align=\"center\">2<\/td><td class=\"has-text-align-center\" data-align=\"center\">Mestrado e Doutorado<\/td><td class=\"has-text-align-center\" data-align=\"center\"> Todas <\/td><\/tr><tr><td class=\"has-text-align-center\" data-align=\"center\"><strong><mark style=\"background-color:#ffffff;color:#3ea4bb\" class=\"has-inline-color\">EDCM-<\/mark><\/strong><br \/><strong><mark style=\"background-color:#ffffff;color:#3ea4bb\" class=\"has-inline-color\"> 7038 <\/mark><\/strong>  <\/td><td class=\"has-text-align-center\" data-align=\"center\"> T\u00d3PICOS EM EDUCA\u00c7\u00c3O EM CI\u00caNCIAS E EM MATEM\u00c1TICA II <\/td><td class=\"has-text-align-center\" data-align=\"center\">4<\/td><td class=\"has-text-align-center\" data-align=\"center\">Mestrado e Doutorado<\/td><td class=\"has-text-align-center\" data-align=\"center\"> Todas <\/td><\/tr><tr><td class=\"has-text-align-center\" data-align=\"center\"><strong><mark style=\"background-color:#ffffff;color:#3ea4bb\" class=\"has-inline-color\">EDCM- 7044 <\/mark><\/strong>  <\/td><td class=\"has-text-align-center\" data-align=\"center\"> PESQUISA EM EDUCA\u00c7\u00c3O EM CI\u00caNCIAS E EM MATEM\u00c1TICA E ESCOLA <\/td><td class=\"has-text-align-center\" data-align=\"center\">4<\/td><td class=\"has-text-align-center\" data-align=\"center\">Mestrado e Doutorado<\/td><td class=\"has-text-align-center\" data-align=\"center\"> Todas <\/td><\/tr><\/tbody><\/table><\/figure>\n\n\n\n<p style=\"font-size:18px\"><span style=\"color: #ff0000\">* Obrigat\u00f3ria para o Curso de Doutorado<\/span><\/p>\n","protected":false},"excerpt":{"rendered":"<p>Portaria N\u00ba 56, de 03 de julho de 2019 Clique na Disciplina para Obter a Ementa e Bibliografia (em atualiza\u00e7\u00e3o) Sigla Nome Cr\u00e9ditos N\u00edvel Linha Pesquisa EDCM- 7003 DIVULGA\u00c7\u00c3O CIENT\u00cdFICA EM ESPA\u00c7OS N\u00c3O-FORMAIS 4 Mestrado e Doutorado L6 EDCM- 7008&hellip; <\/p>\n","protected":false},"author":3978,"featured_media":0,"parent":0,"menu_order":0,"comment_status":"closed","ping_status":"closed","template":"","meta":{"footnotes":""},"class_list":["post-1399","page","type-page","status-publish","hentry"],"_links":{"self":[{"href":"https:\/\/exatas.ufpr.br\/ppgecm\/wp-json\/wp\/v2\/pages\/1399","targetHints":{"allow":["GET"]}}],"collection":[{"href":"https:\/\/exatas.ufpr.br\/ppgecm\/wp-json\/wp\/v2\/pages"}],"about":[{"href":"https:\/\/exatas.ufpr.br\/ppgecm\/wp-json\/wp\/v2\/types\/page"}],"author":[{"embeddable":true,"href":"https:\/\/exatas.ufpr.br\/ppgecm\/wp-json\/wp\/v2\/users\/3978"}],"replies":[{"embeddable":true,"href":"https:\/\/exatas.ufpr.br\/ppgecm\/wp-json\/wp\/v2\/comments?post=1399"}],"version-history":[{"count":10,"href":"https:\/\/exatas.ufpr.br\/ppgecm\/wp-json\/wp\/v2\/pages\/1399\/revisions"}],"predecessor-version":[{"id":3378,"href":"https:\/\/exatas.ufpr.br\/ppgecm\/wp-json\/wp\/v2\/pages\/1399\/revisions\/3378"}],"wp:attachment":[{"href":"https:\/\/exatas.ufpr.br\/ppgecm\/wp-json\/wp\/v2\/media?parent=1399"}],"curies":[{"name":"wp","href":"https:\/\/api.w.org\/{rel}","templated":true}]}}