{"id":1384,"date":"2019-07-23T14:23:57","date_gmt":"2019-07-23T14:23:57","guid":{"rendered":"https:\/\/exatas.ufpr.br\/ppgecm\/?page_id=1384"},"modified":"2024-08-16T01:35:34","modified_gmt":"2024-08-16T01:35:34","slug":"2017-2018","status":"publish","type":"page","link":"https:\/\/exatas.ufpr.br\/ppgecm\/2017-2018\/","title":{"rendered":"2017-2018"},"content":{"rendered":"\n<p class=\"has-text-color has-link-color wp-elements-4bfe6d63ee67c7e6637745e850dd7fb8\" style=\"color:#3ea4bb;font-size:25px;text-decoration:underline\"><a href=\"https:\/\/exatas.ufpr.br\/ppgecm\/wp-content\/uploads\/sites\/27\/2018\/07\/Portaria_25-2017-Curr\u00edculo.pdf\">Portaria N\u00ba 25, de 15 de dezembro de 2017<\/a><\/p>\n\n\n\n<p class=\"has-black-color has-text-color has-link-color has-medium-font-size wp-elements-8faa385d9652211107659d43b6d351cb\">Clique na Disciplina para Obter a Ementa e Bibliografia (em atualiza\u00e7\u00e3o)<\/p>\n\n\n\n<figure class=\"wp-block-table\" style=\"font-size:15px\"><table class=\"has-black-color has-text-color has-link-color\"><tbody><tr><td class=\"has-text-align-center\" data-align=\"center\"> <strong>Sigla <\/strong><\/td><td class=\"has-text-align-center\" data-align=\"center\"> <strong>Disciplina <\/strong><\/td><td class=\"has-text-align-center\" data-align=\"center\"> <strong>Carga hor\u00e1ria (H)<\/strong> <\/td><td class=\"has-text-align-center\" data-align=\"center\"> <strong>Cr\u00e9ditos<\/strong> <\/td><\/tr><tr><td class=\"has-text-align-center\" data-align=\"center\"><mark style=\"background-color:#ffffff;color:#3ea4bb\" class=\"has-inline-color\"><strong> EDCM-<\/strong><\/mark><br \/><mark style=\"background-color:#ffffff;color:#3ea4bb\" class=\"has-inline-color\"><strong> 7000 <\/strong><\/mark><\/td><td class=\"has-text-align-center\" data-align=\"center\"> <a href=\"https:\/\/exatas.ufpr.br\/ppgecm\/edcm7000\/\">Contribui\u00e7\u00f5es da Epistemologia para a Educa\u00e7\u00e3o em Ci\u00eancias<\/a> <\/td><td class=\"has-text-align-center\" data-align=\"center\"> 60 <\/td><td class=\"has-text-align-center\" data-align=\"center\"> 4 <\/td><\/tr><tr><td class=\"has-text-align-center\" data-align=\"center\"><strong><mark style=\"background-color:#ffffff;color:#3ea4bb\" class=\"has-inline-color\"> EDCM-<\/mark><\/strong><br \/><strong><mark style=\"background-color:#ffffff;color:#3ea4bb\" class=\"has-inline-color\"> 7001 <\/mark><\/strong><\/td><td class=\"has-text-align-center\" data-align=\"center\"> <a href=\"https:\/\/exatas.ufpr.br\/ppgecm\/edcm7001\/\">CTS e ACT na Educa\u00e7\u00e3o em Ci\u00eancias<\/a> <\/td><td class=\"has-text-align-center\" data-align=\"center\"> 60 <\/td><td class=\"has-text-align-center\" data-align=\"center\"> 4 <\/td><\/tr><tr><td class=\"has-text-align-center\" data-align=\"center\"><strong><mark style=\"background-color:#ffffff;color:#3ea4bb\" class=\"has-inline-color\"> EDCM-<\/mark><\/strong><br \/><strong><mark style=\"background-color:#ffffff;color:#3ea4bb\" class=\"has-inline-color\"> 7002 <\/mark><\/strong><\/td><td class=\"has-text-align-center\" data-align=\"center\"> <a href=\"https:\/\/exatas.ufpr.br\/ppgecm\/edcm7002\/\">Did\u00e1tica das Ci\u00eancias<\/a> <\/td><td class=\"has-text-align-center\" data-align=\"center\"> 60 <\/td><td class=\"has-text-align-center\" data-align=\"center\"> 4 <\/td><\/tr><tr><td class=\"has-text-align-center\" data-align=\"center\"> <strong><mark style=\"background-color:#ffffff;color:#3ea4bb\" class=\"has-inline-color\">EDCM-<\/mark><\/strong><br \/><strong><mark style=\"background-color:#ffffff;color:#3ea4bb\" class=\"has-inline-color\"> 7003<\/mark><\/strong> <\/td><td class=\"has-text-align-center\" data-align=\"center\"> <a href=\"https:\/\/exatas.ufpr.br\/ppgecm\/edcm7003\/\">Divulga\u00e7\u00e3o Cient\u00edfica em Espa\u00e7os N\u00e3o-Formais<\/a> <\/td><td class=\"has-text-align-center\" data-align=\"center\"> 60 <\/td><td class=\"has-text-align-center\" data-align=\"center\"> 4 <\/td><\/tr><tr><td class=\"has-text-align-center\" data-align=\"center\"> <strong><mark style=\"background-color:#ffffff;color:#3ea4bb\" class=\"has-inline-color\">EDCM-<\/mark><\/strong><br \/><strong><mark style=\"background-color:#ffffff;color:#3ea4bb\" class=\"has-inline-color\"> 7004<\/mark><\/strong> <\/td><td class=\"has-text-align-center\" data-align=\"center\"> <a href=\"https:\/\/exatas.ufpr.br\/ppgecm\/edcm7004\/\">Filosofia e Educa\u00e7\u00e3o Matem\u00e1tica<\/a> <\/td><td class=\"has-text-align-center\" data-align=\"center\"> 60 <\/td><td class=\"has-text-align-center\" data-align=\"center\"> 4 <\/td><\/tr><tr><td class=\"has-text-align-center\" data-align=\"center\"> <strong><mark style=\"background-color:#ffffff;color:#3ea4bb\" class=\"has-inline-color\">EDCM-<\/mark><\/strong><br \/><strong><mark style=\"background-color:#ffffff;color:#3ea4bb\" class=\"has-inline-color\"> 7005<\/mark><\/strong> <\/td><td class=\"has-text-align-center\" data-align=\"center\"> <a href=\"https:\/\/exatas.ufpr.br\/ppgecm\/edcm7005\/\">Forma\u00e7\u00e3o de Professores em Educa\u00e7\u00e3o em Ci\u00eancias<\/a> <\/td><td class=\"has-text-align-center\" data-align=\"center\"> 60 <\/td><td class=\"has-text-align-center\" data-align=\"center\"> 4 <\/td><\/tr><tr><td class=\"has-text-align-center\" data-align=\"center\"> <strong><mark style=\"background-color:#ffffff;color:#3ea4bb\" class=\"has-inline-color\">EDCM-<\/mark><\/strong><br \/><strong><mark style=\"background-color:#ffffff;color:#3ea4bb\" class=\"has-inline-color\"> 7006<\/mark><\/strong> <\/td><td class=\"has-text-align-center\" data-align=\"center\"> <a href=\"https:\/\/exatas.ufpr.br\/ppgecm\/edcm7006\/\">Forma\u00e7\u00e3o de Professores que Ensinam Matem\u00e1tica<\/a> <\/td><td class=\"has-text-align-center\" data-align=\"center\"> 60 <\/td><td class=\"has-text-align-center\" data-align=\"center\"> 4 <\/td><\/tr><tr><td class=\"has-text-align-center\" data-align=\"center\"> <strong><mark style=\"background-color:#ffffff;color:#3ea4bb\" class=\"has-inline-color\">EDCM-<\/mark><\/strong><br \/><strong><mark style=\"background-color:#ffffff;color:#3ea4bb\" class=\"has-inline-color\"> 7007<\/mark><\/strong> <\/td><td class=\"has-text-align-center\" data-align=\"center\"> <a href=\"https:\/\/exatas.ufpr.br\/ppgecm\/edcm7007\/\">Hist\u00f3ria e Educa\u00e7\u00e3o Matem\u00e1tica<\/a> <\/td><td class=\"has-text-align-center\" data-align=\"center\"> 60 <\/td><td class=\"has-text-align-center\" data-align=\"center\"> 4 <\/td><\/tr><tr><td class=\"has-text-align-center\" data-align=\"center\"> <strong><mark style=\"background-color:#ffffff;color:#3ea4bb\" class=\"has-inline-color\">EDCM-<\/mark><\/strong><br \/><strong><mark style=\"background-color:#ffffff;color:#3ea4bb\" class=\"has-inline-color\"> 7008<\/mark><\/strong> <\/td><td class=\"has-text-align-center\" data-align=\"center\"> <a href=\"https:\/\/exatas.ufpr.br\/ppgecm\/edcm7008\/\">O Pensamento Matem\u00e1tico na Educa\u00e7\u00e3o Matem\u00e1tica<\/a> <\/td><td class=\"has-text-align-center\" data-align=\"center\"> 60 <\/td><td class=\"has-text-align-center\" data-align=\"center\"> 4 <\/td><\/tr><tr><td class=\"has-text-align-center\" data-align=\"center\"> <strong><mark style=\"background-color:#ffffff;color:#3ea4bb\" class=\"has-inline-color\">EDCM-<\/mark><\/strong><br \/><strong><mark style=\"background-color:#ffffff;color:#3ea4bb\" class=\"has-inline-color\"> 7009<\/mark><\/strong> <\/td><td class=\"has-text-align-center\" data-align=\"center\"> <a href=\"https:\/\/exatas.ufpr.br\/ppgecm\/edcm7009\/\">Pesquisa em Educa\u00e7\u00e3o Matem\u00e1tica e Escola<\/a> <\/td><td class=\"has-text-align-center\" data-align=\"center\"> 60 <\/td><td class=\"has-text-align-center\" data-align=\"center\"> 4 <\/td><\/tr><tr><td class=\"has-text-align-center\" data-align=\"center\"><strong> <mark style=\"background-color:#ffffff;color:#3ea4bb\" class=\"has-inline-color\">EDCM-<\/mark><br \/><mark style=\"background-color:#ffffff;color:#3ea4bb\" class=\"has-inline-color\"> 7010<\/mark><\/strong> <\/td><td class=\"has-text-align-center\" data-align=\"center\"> <a href=\"https:\/\/exatas.ufpr.br\/ppgecm\/edcm7010\/\">Pr\u00e1tica de Doc\u00eancia em Educa\u00e7\u00e3o em Ci\u00eancias<\/a> <\/td><td class=\"has-text-align-center\" data-align=\"center\"> 60 <\/td><td class=\"has-text-align-center\" data-align=\"center\"> 4 <\/td><\/tr><tr><td class=\"has-text-align-center\" data-align=\"center\"> <strong><mark style=\"background-color:#ffffff;color:#3ea4bb\" class=\"has-inline-color\">EDCM-<\/mark><\/strong><br \/><strong><mark style=\"background-color:#ffffff;color:#3ea4bb\" class=\"has-inline-color\"> 7011<\/mark><\/strong> <\/td><td class=\"has-text-align-center\" data-align=\"center\"> <a href=\"https:\/\/exatas.ufpr.br\/ppgecm\/edcm7011\/\">Pr\u00e1tica de Doc\u00eancia em Educa\u00e7\u00e3o Matem\u00e1tica<\/a> <\/td><td class=\"has-text-align-center\" data-align=\"center\"> 60 <\/td><td class=\"has-text-align-center\" data-align=\"center\"> 4 <\/td><\/tr><tr><td class=\"has-text-align-center\" data-align=\"center\"> <strong><mark style=\"background-color:#ffffff;color:#3ea4bb\" class=\"has-inline-color\">EDCM-<\/mark><\/strong><br \/><strong><mark style=\"background-color:#ffffff;color:#3ea4bb\" class=\"has-inline-color\"> 7012<\/mark><\/strong> <\/td><td class=\"has-text-align-center\" data-align=\"center\"> <a href=\"https:\/\/exatas.ufpr.br\/ppgecm\/edcm7012\/\">Recursos Tecnol\u00f3gicos e Educa\u00e7\u00e3o Matem\u00e1tica<\/a> <\/td><td class=\"has-text-align-center\" data-align=\"center\"> 60 <\/td><td class=\"has-text-align-center\" data-align=\"center\"> 4 <\/td><\/tr><tr><td class=\"has-text-align-center\" data-align=\"center\"> <strong><mark style=\"background-color:#ffffff;color:#3ea4bb\" class=\"has-inline-color\">EDCM-<\/mark><\/strong><br \/><strong><mark style=\"background-color:#ffffff;color:#3ea4bb\" class=\"has-inline-color\"> 7013<\/mark><\/strong> <\/td><td class=\"has-text-align-center\" data-align=\"center\"> <a href=\"https:\/\/exatas.ufpr.br\/ppgecm\/edcm7013\/\">Semin\u00e1rios de Interc\u00e2mbio Cient\u00edfico<\/a> <\/td><td class=\"has-text-align-center\" data-align=\"center\"> 60 <\/td><td class=\"has-text-align-center\" data-align=\"center\"> 4 <\/td><\/tr><tr><td class=\"has-text-align-center\" data-align=\"center\"> <strong><mark style=\"background-color:#ffffff;color:#3ea4bb\" class=\"has-inline-color\">EDCM-<\/mark><\/strong><br \/><strong><mark style=\"background-color:#ffffff;color:#3ea4bb\" class=\"has-inline-color\"> 7014<\/mark><\/strong> <\/td><td class=\"has-text-align-center\" data-align=\"center\"> <a href=\"https:\/\/exatas.ufpr.br\/ppgecm\/edcm7014\/\">Semin\u00e1rios de Pesquisa em Educa\u00e7\u00e3o em Ci\u00eancias I<\/a> <\/td><td class=\"has-text-align-center\" data-align=\"center\"> 60 <\/td><td class=\"has-text-align-center\" data-align=\"center\"> 4 <\/td><\/tr><tr><td class=\"has-text-align-center\" data-align=\"center\"> <strong><mark style=\"background-color:#ffffff;color:#3ea4bb\" class=\"has-inline-color\">EDCM-<\/mark><\/strong><br \/><strong><mark style=\"background-color:#ffffff;color:#3ea4bb\" class=\"has-inline-color\"> 7015<\/mark><\/strong> <\/td><td class=\"has-text-align-center\" data-align=\"center\"> <a href=\"https:\/\/exatas.ufpr.br\/ppgecm\/edcm7015\/\">Semin\u00e1rios de Pesquisa em Educa\u00e7\u00e3o em Ci\u00eancias II<\/a> <\/td><td class=\"has-text-align-center\" data-align=\"center\"> 60 <\/td><td class=\"has-text-align-center\" data-align=\"center\"> 4 <\/td><\/tr><tr><td class=\"has-text-align-center\" data-align=\"center\"> <strong><mark style=\"background-color:#ffffff;color:#3ea4bb\" class=\"has-inline-color\">EDCM-<\/mark><\/strong><br \/><strong><mark style=\"background-color:#ffffff;color:#3ea4bb\" class=\"has-inline-color\"> 7016<\/mark><\/strong> <\/td><td class=\"has-text-align-center\" data-align=\"center\"> <a href=\"https:\/\/exatas.ufpr.br\/ppgecm\/edcm7016\/\">Semin\u00e1rios de Pesquisa em Educa\u00e7\u00e3o Matem\u00e1tica I<\/a> <\/td><td class=\"has-text-align-center\" data-align=\"center\"> 60 <\/td><td class=\"has-text-align-center\" data-align=\"center\"> 4 <\/td><\/tr><tr><td class=\"has-text-align-center\" data-align=\"center\"> <strong><mark style=\"background-color:#ffffff;color:#3ea4bb\" class=\"has-inline-color\">EDCM-<\/mark><\/strong><br \/><strong><mark style=\"background-color:#ffffff;color:#3ea4bb\" class=\"has-inline-color\"> 7017<\/mark><\/strong> <\/td><td class=\"has-text-align-center\" data-align=\"center\"> <a href=\"https:\/\/exatas.ufpr.br\/ppgecm\/edcm7017\/\">Semin\u00e1rios de Pesquisa em Educa\u00e7\u00e3o Matem\u00e1tica II<\/a> <\/td><td class=\"has-text-align-center\" data-align=\"center\"> 60 <\/td><td class=\"has-text-align-center\" data-align=\"center\"> 4 <\/td><\/tr><tr><td class=\"has-text-align-center\" data-align=\"center\"> <strong><mark style=\"background-color:#ffffff;color:#3ea4bb\" class=\"has-inline-color\">EDCM-<\/mark><\/strong><br \/><strong><mark style=\"background-color:#ffffff;color:#3ea4bb\" class=\"has-inline-color\"> 7018<\/mark><\/strong> <\/td><td class=\"has-text-align-center\" data-align=\"center\"> <a href=\"https:\/\/exatas.ufpr.br\/ppgecm\/edcm7018\/\">Tend\u00eancias da Pesquisa em Educa\u00e7\u00e3o em Ci\u00eancias<\/a> <\/td><td class=\"has-text-align-center\" data-align=\"center\"> 60 <\/td><td class=\"has-text-align-center\" data-align=\"center\"> 4 <\/td><\/tr><tr><td class=\"has-text-align-center\" data-align=\"center\"> <strong><mark style=\"background-color:#ffffff;color:#3ea4bb\" class=\"has-inline-color\">EDCM-<\/mark><\/strong><br \/><strong><mark style=\"background-color:#ffffff;color:#3ea4bb\" class=\"has-inline-color\"> 7019<\/mark><\/strong> <\/td><td class=\"has-text-align-center\" data-align=\"center\"> <a href=\"https:\/\/exatas.ufpr.br\/ppgecm\/edcm7019\/\">Tend\u00eancias de Pesquisa em Educa\u00e7\u00e3o Matem\u00e1tica<\/a> <\/td><td class=\"has-text-align-center\" data-align=\"center\"> 60 <\/td><td class=\"has-text-align-center\" data-align=\"center\"> 4 <\/td><\/tr><tr><td class=\"has-text-align-center\" data-align=\"center\"> <strong><mark style=\"background-color:#ffffff;color:#3ea4bb\" class=\"has-inline-color\">EDCM-<\/mark><\/strong><br \/><strong><mark style=\"background-color:#ffffff;color:#3ea4bb\" class=\"has-inline-color\"> 7020<\/mark><\/strong> <\/td><td class=\"has-text-align-center\" data-align=\"center\"> <a href=\"https:\/\/exatas.ufpr.br\/ppgecm\/edcm7020\/\">T\u00f3picos de Pesquisa em Educa\u00e7\u00e3o em Ci\u00eancias<\/a> <\/td><td class=\"has-text-align-center\" data-align=\"center\"> 60 <\/td><td class=\"has-text-align-center\" data-align=\"center\"> 4 <\/td><\/tr><tr><td class=\"has-text-align-center\" data-align=\"center\"> <strong><mark style=\"background-color:#ffffff;color:#3ea4bb\" class=\"has-inline-color\">EDCM-<\/mark><\/strong><br \/><strong><mark style=\"background-color:#ffffff;color:#3ea4bb\" class=\"has-inline-color\"> 7021<\/mark><\/strong> <\/td><td class=\"has-text-align-center\" data-align=\"center\"> <a href=\"https:\/\/exatas.ufpr.br\/ppgecm\/edcm7021\/\">T\u00f3picos de Pesquisa em Educa\u00e7\u00e3o Matem\u00e1tica<\/a> <\/td><td class=\"has-text-align-center\" data-align=\"center\"> 60 <\/td><td class=\"has-text-align-center\" data-align=\"center\"> 4 <\/td><\/tr><\/tbody><\/table><\/figure>\n\n\n\n<h2 class=\"wp-block-heading\">&nbsp;<\/h2>\n","protected":false},"excerpt":{"rendered":"<p>Portaria N\u00ba 25, de 15 de dezembro de 2017 Clique na Disciplina para Obter a Ementa e Bibliografia (em atualiza\u00e7\u00e3o) Sigla Disciplina Carga hor\u00e1ria (H) Cr\u00e9ditos EDCM- 7000 Contribui\u00e7\u00f5es da Epistemologia para a Educa\u00e7\u00e3o em Ci\u00eancias 60 4 EDCM- 7001&hellip; <\/p>\n","protected":false},"author":3978,"featured_media":0,"parent":0,"menu_order":0,"comment_status":"closed","ping_status":"closed","template":"","meta":{"footnotes":""},"class_list":["post-1384","page","type-page","status-publish","hentry"],"_links":{"self":[{"href":"https:\/\/exatas.ufpr.br\/ppgecm\/wp-json\/wp\/v2\/pages\/1384","targetHints":{"allow":["GET"]}}],"collection":[{"href":"https:\/\/exatas.ufpr.br\/ppgecm\/wp-json\/wp\/v2\/pages"}],"about":[{"href":"https:\/\/exatas.ufpr.br\/ppgecm\/wp-json\/wp\/v2\/types\/page"}],"author":[{"embeddable":true,"href":"https:\/\/exatas.ufpr.br\/ppgecm\/wp-json\/wp\/v2\/users\/3978"}],"replies":[{"embeddable":true,"href":"https:\/\/exatas.ufpr.br\/ppgecm\/wp-json\/wp\/v2\/comments?post=1384"}],"version-history":[{"count":4,"href":"https:\/\/exatas.ufpr.br\/ppgecm\/wp-json\/wp\/v2\/pages\/1384\/revisions"}],"predecessor-version":[{"id":3381,"href":"https:\/\/exatas.ufpr.br\/ppgecm\/wp-json\/wp\/v2\/pages\/1384\/revisions\/3381"}],"wp:attachment":[{"href":"https:\/\/exatas.ufpr.br\/ppgecm\/wp-json\/wp\/v2\/media?parent=1384"}],"curies":[{"name":"wp","href":"https:\/\/api.w.org\/{rel}","templated":true}]}}