{"id":1270,"date":"2019-06-05T02:40:49","date_gmt":"2019-06-05T02:40:49","guid":{"rendered":"https:\/\/exatas.ufpr.br\/ppgecm\/?page_id=1270"},"modified":"2026-03-16T13:30:57","modified_gmt":"2026-03-16T13:30:57","slug":"editais","status":"publish","type":"page","link":"https:\/\/exatas.ufpr.br\/ppgecm\/editais\/","title":{"rendered":"EDITAIS"},"content":{"rendered":"<div class=\"wp-block-image\">\n<figure class=\"aligncenter size-full is-resized\"><a href=\"https:\/\/exatas.ufpr.br\/ppgecm\/wp-content\/uploads\/sites\/27\/2024\/07\/image.png\"><img loading=\"lazy\" decoding=\"async\" width=\"310\" height=\"163\" src=\"https:\/\/exatas.ufpr.br\/ppgecm\/wp-content\/uploads\/sites\/27\/2024\/07\/image.png\" alt=\"\" class=\"wp-image-3250\" style=\"width:113px;height:auto\" srcset=\"https:\/\/exatas.ufpr.br\/ppgecm\/wp-content\/uploads\/sites\/27\/2024\/07\/image.png 310w, https:\/\/exatas.ufpr.br\/ppgecm\/wp-content\/uploads\/sites\/27\/2024\/07\/image-300x158.png 300w\" sizes=\"auto, (max-width: 310px) 100vw, 310px\" \/><\/a><\/figure><\/div>\n\n\n<p class=\"has-text-align-center has-medium-font-size\" style=\"text-transform:uppercase\"><a href=\"https:\/\/exatas.ufpr.br\/ppgecm\/wp-content\/uploads\/sites\/27\/2026\/03\/Edital_008.2026_Resultado_Final_Bolsista_FundacaoAraucaria.pdf\">Edital 008\/2026 RESULTADO FINAL &#8211; BOLSA FUNDa\u00e7\u00e3o arauc\u00e1ria<\/a><\/p>\n\n\n\n<p class=\"has-text-align-left has-vivid-green-cyan-color has-text-color has-link-color has-small-font-size wp-elements-cd67c6fa33e890f50002cc9bfd428292\" style=\"text-transform:uppercase\"><a href=\"https:\/\/exatas.ufpr.br\/ppgecm\/wp-content\/uploads\/sites\/27\/2026\/03\/Edital_007.2026_Resultado_Bolsista_FundacaoAraucaria.pdf\">Edital 007\/2026 RESULTADO BOLSA FUNDa\u00e7\u00e3o arauc\u00e1ria<\/a><\/p>\n\n\n\n<p class=\"has-text-align-left has-vivid-green-cyan-color has-text-color has-link-color has-small-font-size wp-elements-55848e1b8e2f5e3f9ff21e9de04a3bc0\" style=\"text-transform:uppercase\"><a href=\"https:\/\/exatas.ufpr.br\/ppgecm\/wp-content\/uploads\/sites\/27\/2026\/03\/Edital_006.2026_Bolsa_Fundacao-Araucaria.pdf\">Edital 006\/2026 BOLSAS FUNDa\u00e7\u00e3o arauc\u00e1ria<\/a><\/p>\n\n\n\n<p class=\"has-text-align-left has-vivid-green-cyan-color has-text-color has-link-color has-small-font-size wp-elements-7a49c54e9b1fd98f252004d47bc0c4ed\" style=\"text-transform:uppercase\"><a href=\"https:\/\/exatas.ufpr.br\/ppgecm\/wp-content\/uploads\/sites\/27\/2026\/02\/Edital_005.2026_Selecionados_Disciplinas_Isoladas_01-2026.pdf\">Edital 005\/2026 RESULTADO DISCIPLINA ISOLADA &#8211; 1\u00ba SEMESTRE \/ 2026<\/a><\/p>\n\n\n\n<p class=\"has-text-align-left has-vivid-green-cyan-color has-text-color has-link-color has-small-font-size wp-elements-7dfdd4059b469bf008daff31de45b52f\" style=\"text-transform:uppercase\"><a href=\"https:\/\/exatas.ufpr.br\/ppgecm\/wp-content\/uploads\/sites\/27\/2026\/02\/Edital_004.2026_Resultado_Final_Selecao-de-Bolsistas.pdf\">Edital 004\/2026 RESULTADO FINAL DA SELE\u00c7\u00c3O DE BOLSISTAS<\/a><\/p>\n\n\n\n<p class=\"has-text-align-left has-vivid-green-cyan-color has-text-color has-link-color has-small-font-size wp-elements-621ebd7f29a29b51099118ed486221d9\" style=\"text-transform:uppercase\"><a href=\"https:\/\/exatas.ufpr.br\/ppgecm\/wp-content\/uploads\/sites\/27\/2026\/02\/Edital_003.2026_Resultado_BOLSISTAS.pdf\">Edital 003\/2026 Resultado Sele\u00e7\u00e3o de Bolsistas<\/a><\/p>\n\n\n\n<p class=\"has-text-align-left has-vivid-green-cyan-color has-text-color has-link-color has-small-font-size wp-elements-564fb048b049cd86a3f883e41c89f5df\" style=\"text-transform:uppercase\"><a href=\"https:\/\/exatas.ufpr.br\/ppgecm\/wp-content\/uploads\/sites\/27\/2026\/02\/Edital_002.2026_Convocacao-Lista-de-Espera.pdf\">Edital 002\/2026 Convoca\u00e7\u00e3o de lista de Espera &#8211; Curso de Doutorado<\/a><\/p>\n\n\n\n<p class=\"has-text-align-left has-vivid-green-cyan-color has-text-color has-link-color has-small-font-size wp-elements-ef96ab4f2b717102eaaddaf0b665bf14\" style=\"text-transform:uppercase\"><a href=\"https:\/\/exatas.ufpr.br\/ppgecm\/wp-content\/uploads\/sites\/27\/2026\/02\/Edital_001.2026_ProcedimentosparaInscricao_DisciplinasIsoladas_01-2026.pdf\">Edital 001\/2026 Procedimentos para Inscri\u00e7\u00e3o em Disciplinas Isoladas 1\/2026<\/a><\/p>\n\n\n\n<p><\/p>\n\n\n\n<p class=\"has-text-align-left has-vivid-cyan-blue-color has-text-color has-link-color has-small-font-size wp-elements-ddda6c18736a9ed1179b2b753f449f73\" style=\"font-style:normal;font-weight:400\"><\/p>\n\n\n\n<h1 class=\"wp-block-heading has-text-align-left has-medium-font-size\"><\/h1>\n\n\n<p><a class=\"wp-block-button__link has-text-color has-background has-link-color wp-element-button\" style=\"color: #3ea4bb;background: linear-gradient(135deg,rgba(76,191,217,0.85) 0%,rgba(76,191,217,0.25) 41%,rgba(76,191,217,0.25) 52%,rgba(76,191,217,0.25) 63%,rgba(76,191,217,0.85) 100%)\" href=\"https:\/\/exatas.ufpr.br\/ppgecm\/editais-2025\/\">Editais 2025<\/a><\/p>\n<p><a class=\"wp-block-button__link has-text-color has-background has-link-color wp-element-button\" style=\"color: #3ea4bb;background: linear-gradient(135deg,rgba(76,191,217,0.85) 0%,rgba(76,191,217,0.25) 41%,rgba(76,191,217,0.25) 52%,rgba(76,191,217,0.25) 63%,rgba(76,191,217,0.85) 100%)\" href=\"https:\/\/exatas.ufpr.br\/ppgecm\/editais-2024\/\">Editais 2024<\/a><\/p>\n<p><a class=\"wp-block-button__link has-text-color has-background has-link-color wp-element-button\" style=\"color: #3ea4bb;background: linear-gradient(135deg,rgba(76,191,217,0.85) 0%,rgba(76,191,217,0.25) 41%,rgba(76,191,217,0.25) 52%,rgba(76,191,217,0.25) 63%,rgba(76,191,217,0.85) 100%)\" href=\"https:\/\/exatas.ufpr.br\/ppgecm\/editais-2024\/\">Editais 2024<\/a><\/p>\n<p><a class=\"wp-block-button__link has-text-color has-background has-link-color wp-element-button\" style=\"color: #3ea4bb;background: linear-gradient(135deg,rgba(76,191,217,0.85) 0%,rgba(76,191,217,0.25) 41%,rgba(76,191,217,0.25) 52%,rgba(76,191,217,0.25) 63%,rgba(76,191,217,0.85) 100%)\" href=\"https:\/\/exatas.ufpr.br\/ppgecm\/editais-2023\/\">Editais 2023<\/a><\/p>\n<p><!-- \/wp:post-content --><\/p>\n<p><!-- wp:paragraph --><\/p>\n<p><!-- \/wp:paragraph --><\/p>\n<p><!-- wp:buttons {\"layout\":{\"type\":\"flex\",\"justifyContent\":\"center\"}} --><\/p>\n<div class=\"wp-block-buttons\"><!-- wp:button {\"style\":{\"typography\":{\"fontStyle\":\"normal\",\"fontWeight\":\"300\"},\"color\":{\"text\":\"#3ea4bb\",\"gradient\":\"linear-gradient(135deg,rgba(76,191,217,0.85) 0%,rgba(76,191,217,0.25) 41%,rgba(76,191,217,0.25) 52%,rgba(76,191,217,0.25) 63%,rgba(76,191,217,0.85) 100%)\"},\"elements\":{\"link\":{\"color\":{\"text\":\"#3ea4bb\"}}}},\"className\":\"is-style-outline\",\"fontSize\":\"medium\"} -->\n<div class=\"wp-block-button has-custom-font-size is-style-outline has-medium-font-size\" style=\"font-style: normal;font-weight: 300\"><a class=\"wp-block-button__link has-text-color has-background has-link-color wp-element-button\" style=\"color: #3ea4bb;background: linear-gradient(135deg,rgba(76,191,217,0.85) 0%,rgba(76,191,217,0.25) 41%,rgba(76,191,217,0.25) 52%,rgba(76,191,217,0.25) 63%,rgba(76,191,217,0.85) 100%)\" href=\"https:\/\/exatas.ufpr.br\/ppgecm\/editais-2022\/\">Editais 2022<\/a><\/div>\n<p><!-- \/wp:button --><\/p>\n<\/div>\n<p><!-- \/wp:buttons --><\/p>\n<p><!-- wp:paragraph --><\/p>\n<p><!-- \/wp:paragraph --><\/p>\n<p><!-- wp:buttons {\"layout\":{\"type\":\"flex\",\"justifyContent\":\"center\"}} --><\/p>\n<div class=\"wp-block-buttons\"><!-- wp:button {\"style\":{\"typography\":{\"fontStyle\":\"normal\",\"fontWeight\":\"300\"},\"color\":{\"text\":\"#3ea4bb\",\"gradient\":\"linear-gradient(135deg,rgba(76,191,217,0.85) 0%,rgba(76,191,217,0.25) 41%,rgba(76,191,217,0.25) 52%,rgba(76,191,217,0.25) 63%,rgba(76,191,217,0.85) 100%)\"},\"elements\":{\"link\":{\"color\":{\"text\":\"#3ea4bb\"}}}},\"className\":\"is-style-outline\",\"fontSize\":\"medium\"} -->\n<div class=\"wp-block-button has-custom-font-size is-style-outline has-medium-font-size\" style=\"font-style: normal;font-weight: 300\"><a class=\"wp-block-button__link has-text-color has-background has-link-color wp-element-button\" style=\"color: #3ea4bb;background: linear-gradient(135deg,rgba(76,191,217,0.85) 0%,rgba(76,191,217,0.25) 41%,rgba(76,191,217,0.25) 52%,rgba(76,191,217,0.25) 63%,rgba(76,191,217,0.85) 100%)\" href=\"https:\/\/exatas.ufpr.br\/ppgecm\/editais-2021\/\">Editais 2021<\/a><\/div>\n<p><!-- \/wp:button --><\/p>\n<\/div>\n<p><!-- \/wp:buttons --><\/p>\n<p><!-- wp:paragraph --><\/p>\n<p><!-- \/wp:paragraph --><\/p>\n<p><!-- wp:buttons {\"layout\":{\"type\":\"flex\",\"justifyContent\":\"center\"}} --><\/p>\n<div class=\"wp-block-buttons\"><!-- wp:button {\"textAlign\":\"center\",\"style\":{\"typography\":{\"fontStyle\":\"normal\",\"fontWeight\":\"300\"},\"color\":{\"text\":\"#3ea4bb\",\"gradient\":\"linear-gradient(135deg,rgba(76,191,217,0.85) 0%,rgba(76,191,217,0.25) 41%,rgba(76,191,217,0.25) 52%,rgba(76,191,217,0.25) 63%,rgba(76,191,217,0.85) 100%)\"},\"elements\":{\"link\":{\"color\":{\"text\":\"#3ea4bb\"}}}},\"className\":\"is-style-outline\",\"fontSize\":\"medium\"} -->\n<div class=\"wp-block-button has-custom-font-size is-style-outline has-medium-font-size\" style=\"font-style: normal;font-weight: 300\"><a class=\"wp-block-button__link has-text-color has-background has-link-color has-text-align-center wp-element-button\" style=\"color: #3ea4bb;background: linear-gradient(135deg,rgba(76,191,217,0.85) 0%,rgba(76,191,217,0.25) 41%,rgba(76,191,217,0.25) 52%,rgba(76,191,217,0.25) 63%,rgba(76,191,217,0.85) 100%)\" href=\"https:\/\/exatas.ufpr.br\/ppgecm\/editais-2020\/\">Editais 2020<\/a><\/div>\n<p><!-- \/wp:button --><\/p>\n<\/div>\n<p><!-- \/wp:buttons --><\/p>\n<p><!-- wp:paragraph --><\/p>\n<p><!-- \/wp:paragraph --><\/p>\n<p><!-- wp:buttons {\"layout\":{\"type\":\"flex\",\"justifyContent\":\"center\"}} --><\/p>\n<div class=\"wp-block-buttons\"><!-- wp:button {\"textAlign\":\"center\",\"style\":{\"typography\":{\"fontStyle\":\"normal\",\"fontWeight\":\"300\"},\"color\":{\"text\":\"#3ea4bb\",\"gradient\":\"linear-gradient(135deg,rgba(76,191,217,0.85) 0%,rgba(76,191,217,0.25) 41%,rgba(76,191,217,0.25) 52%,rgba(76,191,217,0.25) 63%,rgba(76,191,217,0.85) 100%)\"},\"elements\":{\"link\":{\"color\":{\"text\":\"#3ea4bb\"}}}},\"className\":\"is-style-outline\",\"fontSize\":\"medium\"} -->\n<div class=\"wp-block-button has-custom-font-size is-style-outline has-medium-font-size\" style=\"font-style: normal;font-weight: 300\"><a class=\"wp-block-button__link has-text-color has-background has-link-color has-text-align-center wp-element-button\" style=\"color: #3ea4bb;background: linear-gradient(135deg,rgba(76,191,217,0.85) 0%,rgba(76,191,217,0.25) 41%,rgba(76,191,217,0.25) 52%,rgba(76,191,217,0.25) 63%,rgba(76,191,217,0.85) 100%)\" href=\"https:\/\/exatas.ufpr.br\/ppgecm\/editais-2019\/\">Editais 2019<\/a><\/div>\n<p><!-- \/wp:button --><\/p>\n<\/div>\n<p><!-- \/wp:buttons --><\/p>\n<p><!-- wp:paragraph --><\/p>\n<p><!-- \/wp:paragraph --><\/p>\n<p><!-- wp:buttons {\"layout\":{\"type\":\"flex\",\"justifyContent\":\"center\"}} --><\/p>\n<div class=\"wp-block-buttons\"><!-- wp:button {\"textAlign\":\"center\",\"style\":{\"typography\":{\"fontStyle\":\"normal\",\"fontWeight\":\"300\"},\"color\":{\"text\":\"#3ea4bb\",\"gradient\":\"linear-gradient(135deg,rgba(76,191,217,0.85) 0%,rgba(76,191,217,0.25) 41%,rgba(76,191,217,0.25) 52%,rgba(76,191,217,0.25) 63%,rgba(76,191,217,0.85) 100%)\"},\"elements\":{\"link\":{\"color\":{\"text\":\"#3ea4bb\"}}}},\"className\":\"is-style-outline\",\"fontSize\":\"medium\"} -->\n<div class=\"wp-block-button has-custom-font-size is-style-outline has-medium-font-size\" style=\"font-style: normal;font-weight: 300\"><a class=\"wp-block-button__link has-text-color has-background has-link-color has-text-align-center wp-element-button\" style=\"color: #3ea4bb;background: linear-gradient(135deg,rgba(76,191,217,0.85) 0%,rgba(76,191,217,0.25) 41%,rgba(76,191,217,0.25) 52%,rgba(76,191,217,0.25) 63%,rgba(76,191,217,0.85) 100%)\" href=\"https:\/\/exatas.ufpr.br\/ppgecm\/editais-2018\/\">Editais 2018<\/a><\/div>\n<p><!-- \/wp:button --><\/p>\n<\/div>\n<p><!-- \/wp:buttons --><\/p>\n<p><!-- wp:paragraph --><\/p>\n<p><!-- \/wp:paragraph --><\/p>\n<p><!-- wp:paragraph --><\/p>\n<p><!-- \/wp:paragraph --><\/p>","protected":false},"excerpt":{"rendered":"<p>Edital 008\/2026 RESULTADO FINAL &#8211; BOLSA FUNDa\u00e7\u00e3o arauc\u00e1ria Edital 007\/2026 RESULTADO BOLSA FUNDa\u00e7\u00e3o arauc\u00e1ria Edital 006\/2026 BOLSAS FUNDa\u00e7\u00e3o arauc\u00e1ria Edital 005\/2026 RESULTADO DISCIPLINA ISOLADA &#8211; 1\u00ba SEMESTRE \/ 2026 Edital 004\/2026 RESULTADO FINAL DA SELE\u00c7\u00c3O DE BOLSISTAS Edital 003\/2026 Resultado&hellip; <\/p>\n","protected":false},"author":3978,"featured_media":0,"parent":0,"menu_order":0,"comment_status":"closed","ping_status":"closed","template":"","meta":{"footnotes":""},"class_list":["post-1270","page","type-page","status-publish","hentry"],"_links":{"self":[{"href":"https:\/\/exatas.ufpr.br\/ppgecm\/wp-json\/wp\/v2\/pages\/1270","targetHints":{"allow":["GET"]}}],"collection":[{"href":"https:\/\/exatas.ufpr.br\/ppgecm\/wp-json\/wp\/v2\/pages"}],"about":[{"href":"https:\/\/exatas.ufpr.br\/ppgecm\/wp-json\/wp\/v2\/types\/page"}],"author":[{"embeddable":true,"href":"https:\/\/exatas.ufpr.br\/ppgecm\/wp-json\/wp\/v2\/users\/3978"}],"replies":[{"embeddable":true,"href":"https:\/\/exatas.ufpr.br\/ppgecm\/wp-json\/wp\/v2\/comments?post=1270"}],"version-history":[{"count":226,"href":"https:\/\/exatas.ufpr.br\/ppgecm\/wp-json\/wp\/v2\/pages\/1270\/revisions"}],"predecessor-version":[{"id":5063,"href":"https:\/\/exatas.ufpr.br\/ppgecm\/wp-json\/wp\/v2\/pages\/1270\/revisions\/5063"}],"wp:attachment":[{"href":"https:\/\/exatas.ufpr.br\/ppgecm\/wp-json\/wp\/v2\/media?parent=1270"}],"curies":[{"name":"wp","href":"https:\/\/api.w.org\/{rel}","templated":true}]}}