{"id":1161,"date":"2019-05-09T12:09:59","date_gmt":"2019-05-09T12:09:59","guid":{"rendered":"https:\/\/exatas.ufpr.br\/ppgecm\/?page_id=1161"},"modified":"2026-01-26T16:17:10","modified_gmt":"2026-01-26T16:17:10","slug":"colegiado","status":"publish","type":"page","link":"https:\/\/exatas.ufpr.br\/ppgecm\/colegiado\/","title":{"rendered":"COLEGIADO"},"content":{"rendered":"\n<p class=\"has-text-align-center\">Calend\u00e1rio das Pr\u00f3ximas Reuni\u00f5es do Colegiado do PPGECM<\/p>\n\n\n\n<figure class=\"wp-block-table\"><table class=\"has-fixed-layout\"><tbody><tr><td class=\"has-text-align-center\" data-align=\"center\">Data da reuni\u00e3o do Colegiado<\/td><td class=\"has-text-align-center\" data-align=\"center\">Data limite para envio das Demandas<\/td><\/tr><tr><td class=\"has-text-align-center\" data-align=\"center\">11 \/ Fevereiro \/ 2026<\/td><td class=\"has-text-align-center\" data-align=\"center\">06 \/ 02 \/ 2026 \u2013 sexta-feira<\/td><\/tr><tr><td class=\"has-text-align-center\" data-align=\"center\">11 \/ Mar\u00e7o \/ 2026<\/td><td class=\"has-text-align-center\" data-align=\"center\">06 \/ 03 \/ 2026 \u2013 sexta-feira<\/td><\/tr><tr><td class=\"has-text-align-center\" data-align=\"center\">15 \/ Abril \/ 2026<\/td><td class=\"has-text-align-center\" data-align=\"center\">10 \/ 04 \/ 2026 \u2013 sexta-feira<\/td><\/tr><tr><td class=\"has-text-align-center\" data-align=\"center\">13 \/ Maio \/ 2026<\/td><td class=\"has-text-align-center\" data-align=\"center\">08 \/ 05 \/ 2026 \u2013 sexta-feira<\/td><\/tr><tr><td class=\"has-text-align-center\" data-align=\"center\">10 \/ Junho \/ 2026<\/td><td class=\"has-text-align-center\" data-align=\"center\">05 \/ 06 \/ 2026&nbsp;\u2013&nbsp;sexta-feira<\/td><\/tr><tr><td class=\"has-text-align-center\" data-align=\"center\">15 \/ Julho \/ 2026<\/td><td class=\"has-text-align-center\" data-align=\"center\">10 \/ 07 \/ 2026&nbsp;\u2013&nbsp;sexta-feira<\/td><\/tr><\/tbody><\/table><\/figure>\n\n\n\n<p>As demandas de docentes e discentes, de fluxo cont\u00ednuo, devem ser encaminhadas \u00e0 Coordena\u00e7\u00e3o \/ Secretaria, pelo email&nbsp;<a href=\"mailto:ppgecm@ufpr.br\">ppgecm@ufpr.br<\/a>; conforme o calend\u00e1rio, observando as seguintes orienta\u00e7\u00f5es:<\/p>\n\n\n\n<ul class=\"wp-block-list\">\n<li><strong>Convalida\u00e7\u00e3o de Cr\u00e9ditos em disciplina<\/strong>: encaminhar, por email, a declara\u00e7\u00e3o de disciplina cursada, onde conste a ementa e bibliografia, e o requerimento, devidamente assinado, escaneados e em formato pdf, com c\u00f3pia ao orientador\/a;<\/li>\n<\/ul>\n\n\n\n<ul class=\"wp-block-list\">\n<li><strong>Convalida\u00e7\u00e3o de Cr\u00e9ditos oriundos do Mestrado<\/strong>: encaminhar, por email, o Hist\u00f3rico do Mestrado, as declara\u00e7\u00f5es das disciplinas cursadas, onde constem ementas e bibliografias, e o requerimento, devidamente assinado, escaneados e em formato pdf, com c\u00f3pia ao orientador\/a;<\/li>\n<\/ul>\n\n\n\n<ul class=\"wp-block-list\">\n<li><strong>Convalida\u00e7\u00e3o de Exame de Sufici\u00eancia em L.E.M.:<\/strong>\u00a0encaminhar o Certificado em formato pdf, com c\u00f3pia ao orientador\/a;<\/li>\n<\/ul>\n\n\n\n<ul class=\"wp-block-list\">\n<li><strong>Planos de Trabalho ou Relat\u00f3rios de Pr\u00e1tica de Doc\u00eancia:<\/strong>\u00a0encaminhar, por email, o relat\u00f3rio, devidamente assinado, escaneado e em formato pdf, com c\u00f3pia ao orientador\/a;<\/li>\n<\/ul>\n\n\n\n<ul class=\"wp-block-list\">\n<li><strong>Aprova\u00e7\u00e3o de Projetos para Comit\u00ea de \u00c9tica<\/strong>: encaminhar, por email o projeto e a Folha de Rosto gerada na Plataforma Brasil, em formato pdf, com c\u00f3pia ao orientador\/a;<\/li>\n<\/ul>\n\n\n\n<p class=\"has-text-align-center\"><em>Ser\u00e3o comunicados aos solicitantes,&nbsp; no prazo de at\u00e9 2 (dois) dias \u00fateis ap\u00f3s a reuni\u00e3o do colegiado, somente os casos que n\u00e3o foram aprovados<\/em>&nbsp;<em>ou com algum problema.<\/em><\/p>\n\n\n\n<p class=\"has-text-align-center\"><em>Portanto, se neste prazo o solicitante n\u00e3o receber nenhum comunicado da<\/em>&nbsp;<em>Secretaria do PPGCM, indica que as demandas foram aprovadas.<\/em><\/p>\n\n\n\n<p class=\"has-text-align-center\"><em>Ap\u00f3s a reuni\u00e3o de Colegiado, a Secretaria tem o<strong>&nbsp;prazo de at\u00e9 15 dias \u00fateis<\/strong><\/em>&nbsp;<em>para os devidos registros e provid\u00eancias necess\u00e1rias em rela\u00e7\u00e3o<\/em>&nbsp;<em>aos assuntos tratados na reuni\u00e3o.<\/em><\/p>\n\n\n\n<p class=\"has-text-align-center\"><strong>O Colegiado do Programa \u00e9 o \u00f3rg\u00e3o encarregado da supervis\u00e3o did\u00e1tica e administrativa, acompanhando, regulamentando e avaliando as atividades acad\u00eamicas, did\u00e1ticas e administrativas do Programa e ser\u00e1 constitu\u00eddo:<\/strong><\/p>\n\n\n\n<ul class=\"wp-block-list\">\n<li>do\u00a0<strong>Coordenador\u00a0\u00a0<\/strong>que \u00e9 o seu presidente:\u00a0<a href=\"https:\/\/exatas.ufpr.br\/ppgecm\/gabriel-dos-santos-e-silva\/\">Gabriel dos Santos e Silva<\/a><\/li>\n\n\n\n<li>da<strong>\u00a0Vice-Coordenadora\u00a0<\/strong>(como vice-presidenta):\u00a0Carla Krupczak<\/li>\n<\/ul>\n\n\n\n<ul class=\"wp-block-list\">\n<li>de um\u00a0<strong>representante de cada \u00c1rea de Concentra\u00e7\u00e3o<\/strong>, integrante do corpo permanente do PPGECM, sendo este eleito pelos docentes permanentes;<\/li>\n<\/ul>\n\n\n\n<p class=\"has-text-align-center\"><strong>Educa\u00e7\u00e3o em Ci\u00eancias&nbsp;&nbsp;&nbsp;&nbsp;&nbsp;&nbsp;&nbsp;&nbsp;&nbsp;&nbsp;&nbsp;&nbsp;&nbsp;&nbsp; &nbsp;&nbsp;&nbsp;&nbsp;&nbsp;&nbsp;&nbsp;&nbsp;&nbsp;&nbsp;&nbsp; &nbsp;&nbsp;&nbsp;&nbsp; Educa\u00e7\u00e3o Matem\u00e1tica<\/strong><\/p>\n\n\n\n<p class=\"has-text-align-center\"><a href=\"https:\/\/exatas.ufpr.br\/ppgecm\/roberto-dalmo-v-lima-de-oliveira\/\" target=\"_blank\" rel=\"noreferrer noopener\">Roberto Dalmo V. Lima de Oliveira<\/a>&nbsp;&nbsp;&nbsp; &nbsp;&nbsp;&nbsp;&nbsp;&nbsp;&nbsp;&nbsp;&nbsp;&nbsp;&nbsp;&nbsp;&nbsp;&nbsp;&nbsp;<a href=\"https:\/\/exatas.ufpr.br\/ppgecm\/elisangela-de-campos\/\" target=\"_blank\" rel=\"noreferrer noopener\">Elis\u00e2ngela de Campos<\/a><\/p>\n\n\n\n<ul class=\"wp-block-list\">\n<li>de\u00a0<strong>representantes discentes<\/strong>, com direito a voto, em n\u00famero equivalente a um quinto do total dos membros do colegiado, sendo esse eleito pelos alunos regularmente matriculados do Programa.<\/li>\n<\/ul>\n\n\n\n<p class=\"has-text-align-center\"><strong>Representantes 2026<\/strong><\/p>\n\n\n\n<p class=\"has-text-align-center\" style=\"letter-spacing:0px\">Brenda Dal Puppo Monteiro &nbsp;&nbsp;&nbsp;&nbsp;&nbsp;&nbsp;&nbsp;&nbsp;&nbsp;&nbsp;&nbsp;&nbsp;&nbsp;&nbsp;&nbsp;&nbsp;&nbsp;&nbsp;&nbsp;&nbsp;Jos\u00e9 Paulo Dantas Azevedo<\/p>\n\n\n\n<p class=\"has-text-align-center\" style=\"letter-spacing:0px\">\u00a0\u00a0\u00a0\u00a0\u00a0\u00a0\u00a0\u00a0\u00a0\u00a0\u00a0 Mestrado\u00a0\u00a0 \u00a0\u00a0\u00a0\u00a0\u00a0\u00a0\u00a0\u00a0\u00a0\u00a0\u00a0\u00a0\u00a0\u00a0\u00a0\u00a0\u00a0\u00a0\u00a0\u00a0\u00a0\u00a0\u00a0\u00a0\u00a0\u00a0\u00a0\u00a0\u00a0\u00a0\u00a0\u00a0\u00a0\u00a0\u00a0\u00a0\u00a0\u00a0\u00a0\u00a0\u00a0\u00a0\u00a0\u00a0\u00a0\u00a0\u00a0\u00a0\u00a0\u00a0\u00a0\u00a0Doutorado<\/p>\n\n\n\n<p class=\"has-text-align-center\" style=\"letter-spacing:0px\">colegiado.discente.ppgecm.ufpr@gmail.com<\/p>\n\n\n\n<p><\/p>\n","protected":false},"excerpt":{"rendered":"<p>Calend\u00e1rio das Pr\u00f3ximas Reuni\u00f5es do Colegiado do PPGECM Data da reuni\u00e3o do Colegiado Data limite para envio das Demandas 11 \/ Fevereiro \/ 2026 06 \/ 02 \/ 2026 \u2013 sexta-feira 11 \/ Mar\u00e7o \/ 2026 06 \/ 03 \/&hellip; <\/p>\n","protected":false},"author":3978,"featured_media":0,"parent":0,"menu_order":0,"comment_status":"closed","ping_status":"closed","template":"","meta":{"footnotes":""},"class_list":["post-1161","page","type-page","status-publish","hentry"],"_links":{"self":[{"href":"https:\/\/exatas.ufpr.br\/ppgecm\/wp-json\/wp\/v2\/pages\/1161","targetHints":{"allow":["GET"]}}],"collection":[{"href":"https:\/\/exatas.ufpr.br\/ppgecm\/wp-json\/wp\/v2\/pages"}],"about":[{"href":"https:\/\/exatas.ufpr.br\/ppgecm\/wp-json\/wp\/v2\/types\/page"}],"author":[{"embeddable":true,"href":"https:\/\/exatas.ufpr.br\/ppgecm\/wp-json\/wp\/v2\/users\/3978"}],"replies":[{"embeddable":true,"href":"https:\/\/exatas.ufpr.br\/ppgecm\/wp-json\/wp\/v2\/comments?post=1161"}],"version-history":[{"count":83,"href":"https:\/\/exatas.ufpr.br\/ppgecm\/wp-json\/wp\/v2\/pages\/1161\/revisions"}],"predecessor-version":[{"id":4757,"href":"https:\/\/exatas.ufpr.br\/ppgecm\/wp-json\/wp\/v2\/pages\/1161\/revisions\/4757"}],"wp:attachment":[{"href":"https:\/\/exatas.ufpr.br\/ppgecm\/wp-json\/wp\/v2\/media?parent=1161"}],"curies":[{"name":"wp","href":"https:\/\/api.w.org\/{rel}","templated":true}]}}