{"id":62,"date":"2018-08-28T13:56:57","date_gmt":"2018-08-28T16:56:57","guid":{"rendered":"https:\/\/exatas.ufpr.br\/onereal\/?page_id=62"},"modified":"2019-03-19T17:50:58","modified_gmt":"2019-03-19T20:50:58","slug":"eventos","status":"publish","type":"page","link":"https:\/\/exatas.ufpr.br\/onereal\/eventos\/","title":{"rendered":"Not\u00edcias"},"content":{"rendered":"<div class=\"conteudo\">\n<h5>Treinamento e usabilidade<\/h5>\n<p><iframe loading=\"lazy\" width=\"700\" height=\"394\" src=\"https:\/\/www.youtube.com\/embed\/xyMC6XWUSfY?feature=oembed\" frameborder=\"0\" allow=\"accelerometer; autoplay; encrypted-media; gyroscope; picture-in-picture\" allowfullscreen><\/iframe>\n<\/div>\n<div class=\"conteudo\">\n<h5>Produ\u00e7\u00e3o premiada da RIC<\/h5>\n<p>A produ\u00e7\u00e3o foi vencedora do pr\u00eamio paranaense de ci\u00eancia e tecnologia de 2018. Pesquisadores do Paran\u00e1 desenvolveram um game que utiliza a Realidade Virtual para realizar procedimentos perigosos no mundo real. Esse game reproduz detalhes de uma subesta\u00e7\u00e3o de energia el\u00e9trica e possibilita o treinamento dos profissionais da COPEL, assim podem fazer a manuten\u00e7\u00e3o das redes de transmiss\u00e3o com mais rapidez e seguran\u00e7a.<br \/>\n<iframe loading=\"lazy\" width=\"700\" height=\"394\" src=\"https:\/\/www.youtube.com\/embed\/FKfWUma4xds?feature=oembed\" frameborder=\"0\" allow=\"accelerometer; autoplay; encrypted-media; gyroscope; picture-in-picture\" allowfullscreen><\/iframe>\n<\/div>\n<div class=\"conteudo\">\n<h5>Show da Copel<\/h5>\n<p>Evento de demonstra\u00e7\u00e3o realizado em 8 de mar\u00e7o de 2018 na Copel<\/p>\n<div class=\"boxl\"><a href=\"http:\/\/www.ufpr.brufpr\/noticias\/ufpr-copel-lactec-e-utfpr-apresentam-resultados-de-projeto-pioneiro-que-utiliza-realidade-virtual-para-treinamento-em-manutencao-de-redes-de-transmissao-de-energia\/\">Not\u00edcia no portal UFPR<\/a><\/div>\n<div class=\"boxl\"><a href=\"https:\/\/www.flickr.com\/photos\/ufpr\/sets\/72157691230153732\">Galeria de fotos no flickr da UFPR<\/a><\/div>\n<\/div>\n","protected":false},"excerpt":{"rendered":"<p>Treinamento e usabilidade Produ\u00e7\u00e3o premiada da RIC A produ\u00e7\u00e3o foi vencedora do pr\u00eamio paranaense de ci\u00eancia e tecnologia de 2018. Pesquisadores do Paran\u00e1 desenvolveram um game que utiliza a Realidade Virtual para realizar procedimentos perigosos no mundo real. Esse game&hellip; <\/p>\n","protected":false},"author":3986,"featured_media":0,"parent":0,"menu_order":0,"comment_status":"closed","ping_status":"closed","template":"","meta":{"footnotes":""},"class_list":["post-62","page","type-page","status-publish","hentry"],"_links":{"self":[{"href":"https:\/\/exatas.ufpr.br\/onereal\/wp-json\/wp\/v2\/pages\/62","targetHints":{"allow":["GET"]}}],"collection":[{"href":"https:\/\/exatas.ufpr.br\/onereal\/wp-json\/wp\/v2\/pages"}],"about":[{"href":"https:\/\/exatas.ufpr.br\/onereal\/wp-json\/wp\/v2\/types\/page"}],"author":[{"embeddable":true,"href":"https:\/\/exatas.ufpr.br\/onereal\/wp-json\/wp\/v2\/users\/3986"}],"replies":[{"embeddable":true,"href":"https:\/\/exatas.ufpr.br\/onereal\/wp-json\/wp\/v2\/comments?post=62"}],"version-history":[{"count":10,"href":"https:\/\/exatas.ufpr.br\/onereal\/wp-json\/wp\/v2\/pages\/62\/revisions"}],"predecessor-version":[{"id":320,"href":"https:\/\/exatas.ufpr.br\/onereal\/wp-json\/wp\/v2\/pages\/62\/revisions\/320"}],"wp:attachment":[{"href":"https:\/\/exatas.ufpr.br\/onereal\/wp-json\/wp\/v2\/media?parent=62"}],"curies":[{"name":"wp","href":"https:\/\/api.w.org\/{rel}","templated":true}]}}