{"id":205,"date":"2018-10-12T15:36:36","date_gmt":"2018-10-12T18:36:36","guid":{"rendered":"https:\/\/exatas.ufpr.br\/onereal\/?page_id=205"},"modified":"2019-03-19T18:26:52","modified_gmt":"2019-03-19T21:26:52","slug":"videos","status":"publish","type":"page","link":"https:\/\/exatas.ufpr.br\/onereal\/videos\/","title":{"rendered":"V\u00eddeos"},"content":{"rendered":"<div class=\"conteudo\" align=\"center\">\n<h5>Testes de usabilidade na COPEL &#8211; Curitiba\/PR &#8211; 21\/02\/2019<\/h5>\n<p><div style=\"width: 700px;\" class=\"wp-video\"><!--[if lt IE 9]><script>document.createElement('video');<\/script><![endif]-->\n<video class=\"wp-video-shortcode\" id=\"video-205-1\" width=\"700\" height=\"315\" preload=\"metadata\" controls=\"controls\"><source type=\"video\/mp4\" src=\"http:\/\/www.degraf.ufpr.br\/docentes\/paulo\/videos\/20190221_094514.mp4?_=1\" \/><a href=\"http:\/\/www.degraf.ufpr.br\/docentes\/paulo\/videos\/20190221_094514.mp4\">http:\/\/www.degraf.ufpr.br\/docentes\/paulo\/videos\/20190221_094514.mp4<\/a><\/video><\/div><br \/>\n<div style=\"width: 700px;\" class=\"wp-video\"><video class=\"wp-video-shortcode\" id=\"video-205-2\" width=\"700\" height=\"315\" preload=\"metadata\" controls=\"controls\"><source type=\"video\/mp4\" src=\"http:\/\/www.degraf.ufpr.br\/docentes\/paulo\/videos\/20190219_101838.mp4?_=2\" \/><a href=\"http:\/\/www.degraf.ufpr.br\/docentes\/paulo\/videos\/20190219_101838.mp4\">http:\/\/www.degraf.ufpr.br\/docentes\/paulo\/videos\/20190219_101838.mp4<\/a><\/video><\/div><br \/>\n<div style=\"width: 700px;\" class=\"wp-video\"><video class=\"wp-video-shortcode\" id=\"video-205-3\" width=\"700\" height=\"315\" preload=\"metadata\" controls=\"controls\"><source type=\"video\/mp4\" src=\"http:\/\/www.degraf.ufpr.br\/docentes\/paulo\/videos\/20190219_135812.mp4?_=3\" \/><a href=\"http:\/\/www.degraf.ufpr.br\/docentes\/paulo\/videos\/20190219_135812.mp4\">http:\/\/www.degraf.ufpr.br\/docentes\/paulo\/videos\/20190219_135812.mp4<\/a><\/video><\/div><br \/>\n<div style=\"width: 700px;\" class=\"wp-video\"><video class=\"wp-video-shortcode\" id=\"video-205-4\" width=\"700\" height=\"315\" preload=\"metadata\" controls=\"controls\"><source type=\"video\/mp4\" src=\"http:\/\/www.degraf.ufpr.br\/docentes\/paulo\/videos\/20190221_095108.mp4?_=4\" \/><a href=\"http:\/\/www.degraf.ufpr.br\/docentes\/paulo\/videos\/20190221_095108.mp4\">http:\/\/www.degraf.ufpr.br\/docentes\/paulo\/videos\/20190221_095108.mp4<\/a><\/video><\/div><br \/>\n<div style=\"width: 400px;\" class=\"wp-video\"><video class=\"wp-video-shortcode\" id=\"video-205-5\" width=\"400\" height=\"360\" preload=\"metadata\" controls=\"controls\"><source type=\"video\/mp4\" src=\"http:\/\/www.degraf.ufpr.br\/docentes\/paulo\/videos\/VID-20190219-WA0002.mp4?_=5\" \/><a href=\"http:\/\/www.degraf.ufpr.br\/docentes\/paulo\/videos\/VID-20190219-WA0002.mp4\">http:\/\/www.degraf.ufpr.br\/docentes\/paulo\/videos\/VID-20190219-WA0002.mp4<\/a><\/video><\/div><br \/>\n<div style=\"width: 400px;\" class=\"wp-video\"><video class=\"wp-video-shortcode\" id=\"video-205-6\" width=\"400\" height=\"360\" preload=\"metadata\" controls=\"controls\"><source type=\"video\/mp4\" src=\"http:\/\/www.degraf.ufpr.br\/docentes\/paulo\/videos\/VID-20190221-WA0011.mp4?_=6\" \/><a href=\"http:\/\/www.degraf.ufpr.br\/docentes\/paulo\/videos\/VID-20190221-WA0011.mp4\">http:\/\/www.degraf.ufpr.br\/docentes\/paulo\/videos\/VID-20190221-WA0011.mp4<\/a><\/video><\/div>\n<\/p><\/div>\n<div class=\"conteudo\" align=\"center\">\n<h5>ETGET &#8211; Encontro T\u00e9cnico da Gera\u00e7\u00e3o e Transmiss\u00e3o &#8211; Centro de Eventos de Faxinal do C\u00e9u &#8211; Pinh\u00e3o\/PR &#8211; 19 a 23\/11\/2018<\/h5>\n<p><div style=\"width: 400px;\" class=\"wp-video\"><video class=\"wp-video-shortcode\" id=\"video-205-7\" width=\"400\" height=\"360\" preload=\"metadata\" controls=\"controls\"><source type=\"video\/mp4\" src=\"http:\/\/www.degraf.ufpr.br\/docentes\/paulo\/videos\/VID-20181121-WA0002.mp4?_=7\" \/><a href=\"http:\/\/www.degraf.ufpr.br\/docentes\/paulo\/videos\/VID-20181121-WA0002.mp4\">http:\/\/www.degraf.ufpr.br\/docentes\/paulo\/videos\/VID-20181121-WA0002.mp4<\/a><\/video><\/div><br \/>\n<div style=\"width: 400px;\" class=\"wp-video\"><video class=\"wp-video-shortcode\" id=\"video-205-8\" width=\"400\" height=\"360\" preload=\"metadata\" controls=\"controls\"><source type=\"video\/mp4\" src=\"http:\/\/www.degraf.ufpr.br\/docentes\/paulo\/videos\/VID-20181121-WA0003.mp4?_=8\" \/><a href=\"http:\/\/www.degraf.ufpr.br\/docentes\/paulo\/videos\/VID-20181121-WA0003.mp4\">http:\/\/www.degraf.ufpr.br\/docentes\/paulo\/videos\/VID-20181121-WA0003.mp4<\/a><\/video><\/div><br \/>\n<div style=\"width: 400px;\" class=\"wp-video\"><video class=\"wp-video-shortcode\" id=\"video-205-9\" width=\"400\" height=\"360\" preload=\"metadata\" controls=\"controls\"><source type=\"video\/mp4\" src=\"http:\/\/www.degraf.ufpr.br\/docentes\/paulo\/videos\/VID-20181121-WA0018.mp4?_=9\" \/><a href=\"http:\/\/www.degraf.ufpr.br\/docentes\/paulo\/videos\/VID-20181121-WA0018.mp4\">http:\/\/www.degraf.ufpr.br\/docentes\/paulo\/videos\/VID-20181121-WA0018.mp4<\/a><\/video><\/div>\n<\/p><\/div>\n<div class=\"conteudo\">\n<h5>Evento Fortaleza\/CE \u2013 21\/11\/2018<\/h5>\n<p><div style=\"width: 700px;\" class=\"wp-video\"><video class=\"wp-video-shortcode\" id=\"video-205-10\" width=\"700\" height=\"315\" preload=\"metadata\" controls=\"controls\"><source type=\"video\/mp4\" src=\"http:\/\/www.degraf.ufpr.br\/docentes\/paulo\/videos\/VID-20181122-WA0001.mp4?_=10\" \/><a href=\"http:\/\/www.degraf.ufpr.br\/docentes\/paulo\/videos\/VID-20181122-WA0001.mp4\">http:\/\/www.degraf.ufpr.br\/docentes\/paulo\/videos\/VID-20181122-WA0001.mp4<\/a><\/video><\/div><br \/>\n<div style=\"width: 400px;\" class=\"wp-video\"><video class=\"wp-video-shortcode\" id=\"video-205-11\" width=\"400\" height=\"360\" preload=\"metadata\" controls=\"controls\"><source type=\"video\/mp4\" src=\"http:\/\/www.degraf.ufpr.br\/docentes\/paulo\/videos\/VID-20181122-WA0002.mp4?_=11\" \/><a href=\"http:\/\/www.degraf.ufpr.br\/docentes\/paulo\/videos\/VID-20181122-WA0002.mp4\">http:\/\/www.degraf.ufpr.br\/docentes\/paulo\/videos\/VID-20181122-WA0002.mp4<\/a><\/video><\/div><br \/>\n<div style=\"width: 400px;\" class=\"wp-video\"><video class=\"wp-video-shortcode\" id=\"video-205-12\" width=\"400\" height=\"360\" preload=\"metadata\" controls=\"controls\"><source type=\"video\/mp4\" src=\"http:\/\/www.degraf.ufpr.br\/docentes\/paulo\/videos\/VID-20181122-WA0010.mp4?_=12\" \/><a href=\"http:\/\/www.degraf.ufpr.br\/docentes\/paulo\/videos\/VID-20181122-WA0010.mp4\">http:\/\/www.degraf.ufpr.br\/docentes\/paulo\/videos\/VID-20181122-WA0010.mp4<\/a><\/video><\/div><br \/>\n<div style=\"width: 400px;\" class=\"wp-video\"><video class=\"wp-video-shortcode\" id=\"video-205-13\" width=\"400\" height=\"360\" preload=\"metadata\" controls=\"controls\"><source type=\"video\/mp4\" src=\"http:\/\/www.degraf.ufpr.br\/docentes\/paulo\/videos\/VID-20181122-WA0011.mp4?_=13\" \/><a href=\"http:\/\/www.degraf.ufpr.br\/docentes\/paulo\/videos\/VID-20181122-WA0011.mp4\">http:\/\/www.degraf.ufpr.br\/docentes\/paulo\/videos\/VID-20181122-WA0011.mp4<\/a><\/video><\/div>\n<\/p><\/div>\n<div class=\"conteudo\">\n<h5>1<sup>o<\/sup> Show da Copel &#8211; 08\/03\/2018<\/h5>\n<p><div style=\"width: 700px;\" class=\"wp-video\"><video class=\"wp-video-shortcode\" id=\"video-205-14\" width=\"700\" height=\"396\" preload=\"metadata\" controls=\"controls\"><source type=\"video\/mp4\" src=\"http:\/\/www.degraf.ufpr.br\/docentes\/paulo\/videos\/V_20180308_085720_vHDR_On.mp4?_=14\" \/><a href=\"http:\/\/www.degraf.ufpr.br\/docentes\/paulo\/videos\/V_20180308_085720_vHDR_On.mp4\">http:\/\/www.degraf.ufpr.br\/docentes\/paulo\/videos\/V_20180308_085720_vHDR_On.mp4<\/a><\/video><\/div><br \/>\n<div style=\"width: 700px;\" class=\"wp-video\"><video class=\"wp-video-shortcode\" id=\"video-205-15\" width=\"700\" height=\"396\" preload=\"metadata\" controls=\"controls\"><source type=\"video\/mp4\" src=\"http:\/\/www.degraf.ufpr.br\/docentes\/paulo\/videos\/V_20180308_085533_vHDR_On.mp4?_=15\" \/><a href=\"http:\/\/www.degraf.ufpr.br\/docentes\/paulo\/videos\/V_20180308_085533_vHDR_On.mp4\">http:\/\/www.degraf.ufpr.br\/docentes\/paulo\/videos\/V_20180308_085533_vHDR_On.mp4<\/a><\/video><\/div><br \/>\n<div style=\"width: 400px;\" class=\"wp-video\"><video class=\"wp-video-shortcode\" id=\"video-205-16\" width=\"400\" height=\"1160\" preload=\"metadata\" controls=\"controls\"><source type=\"video\/mp4\" src=\"http:\/\/www.degraf.ufpr.br\/docentes\/paulo\/videos\/V_20180308_082546_vHDR_On.mp4?_=16\" \/><a href=\"http:\/\/www.degraf.ufpr.br\/docentes\/paulo\/videos\/V_20180308_082546_vHDR_On.mp4\">http:\/\/www.degraf.ufpr.br\/docentes\/paulo\/videos\/V_20180308_082546_vHDR_On.mp4<\/a><\/video><\/div>\n<\/p><\/div>\n","protected":false},"excerpt":{"rendered":"<p>Testes de usabilidade na COPEL &#8211; Curitiba\/PR &#8211; 21\/02\/2019 ETGET &#8211; Encontro T\u00e9cnico da Gera\u00e7\u00e3o e Transmiss\u00e3o &#8211; Centro de Eventos de Faxinal do C\u00e9u &#8211; Pinh\u00e3o\/PR &#8211; 19 a 23\/11\/2018 Evento Fortaleza\/CE \u2013 21\/11\/2018 1o Show da Copel &#8211;&hellip; <\/p>\n","protected":false},"author":3986,"featured_media":0,"parent":0,"menu_order":0,"comment_status":"closed","ping_status":"closed","template":"","meta":{"footnotes":""},"class_list":["post-205","page","type-page","status-publish","hentry"],"_links":{"self":[{"href":"https:\/\/exatas.ufpr.br\/onereal\/wp-json\/wp\/v2\/pages\/205","targetHints":{"allow":["GET"]}}],"collection":[{"href":"https:\/\/exatas.ufpr.br\/onereal\/wp-json\/wp\/v2\/pages"}],"about":[{"href":"https:\/\/exatas.ufpr.br\/onereal\/wp-json\/wp\/v2\/types\/page"}],"author":[{"embeddable":true,"href":"https:\/\/exatas.ufpr.br\/onereal\/wp-json\/wp\/v2\/users\/3986"}],"replies":[{"embeddable":true,"href":"https:\/\/exatas.ufpr.br\/onereal\/wp-json\/wp\/v2\/comments?post=205"}],"version-history":[{"count":16,"href":"https:\/\/exatas.ufpr.br\/onereal\/wp-json\/wp\/v2\/pages\/205\/revisions"}],"predecessor-version":[{"id":324,"href":"https:\/\/exatas.ufpr.br\/onereal\/wp-json\/wp\/v2\/pages\/205\/revisions\/324"}],"wp:attachment":[{"href":"https:\/\/exatas.ufpr.br\/onereal\/wp-json\/wp\/v2\/media?parent=205"}],"curies":[{"name":"wp","href":"https:\/\/api.w.org\/{rel}","templated":true}]}}