{"id":7,"date":"2015-09-02T19:37:27","date_gmt":"2015-09-02T19:37:27","guid":{"rendered":"https:\/\/exatas.ufpr.br\/matematica\/?page_id=7"},"modified":"2015-09-09T20:55:37","modified_gmt":"2015-09-09T20:55:37","slug":"7-2","status":"publish","type":"page","link":"https:\/\/exatas.ufpr.br\/matematica\/7-2\/","title":{"rendered":"Gradua\u00e7\u00e3o"},"content":{"rendered":"<p>Gradua\u00e7\u00e3o,\u00a0departamento de Matem\u00e1tica.<\/p>\n","protected":false},"excerpt":{"rendered":"<p>Gradua\u00e7\u00e3o,\u00a0departamento de Matem\u00e1tica.<\/p>\n","protected":false},"author":1,"featured_media":0,"parent":0,"menu_order":0,"comment_status":"closed","ping_status":"closed","template":"","meta":{"footnotes":""},"class_list":["post-7","page","type-page","status-publish","hentry"],"_links":{"self":[{"href":"https:\/\/exatas.ufpr.br\/matematica\/wp-json\/wp\/v2\/pages\/7","targetHints":{"allow":["GET"]}}],"collection":[{"href":"https:\/\/exatas.ufpr.br\/matematica\/wp-json\/wp\/v2\/pages"}],"about":[{"href":"https:\/\/exatas.ufpr.br\/matematica\/wp-json\/wp\/v2\/types\/page"}],"author":[{"embeddable":true,"href":"https:\/\/exatas.ufpr.br\/matematica\/wp-json\/wp\/v2\/users\/1"}],"replies":[{"embeddable":true,"href":"https:\/\/exatas.ufpr.br\/matematica\/wp-json\/wp\/v2\/comments?post=7"}],"version-history":[{"count":4,"href":"https:\/\/exatas.ufpr.br\/matematica\/wp-json\/wp\/v2\/pages\/7\/revisions"}],"predecessor-version":[{"id":46,"href":"https:\/\/exatas.ufpr.br\/matematica\/wp-json\/wp\/v2\/pages\/7\/revisions\/46"}],"wp:attachment":[{"href":"https:\/\/exatas.ufpr.br\/matematica\/wp-json\/wp\/v2\/media?parent=7"}],"curies":[{"name":"wp","href":"https:\/\/api.w.org\/{rel}","templated":true}]}}