{"id":26,"date":"2015-09-03T12:53:42","date_gmt":"2015-09-03T12:53:42","guid":{"rendered":"https:\/\/exatas.ufpr.br\/matematica\/?page_id=26"},"modified":"2016-02-11T11:55:10","modified_gmt":"2016-02-11T14:55:10","slug":"departamento","status":"publish","type":"page","link":"https:\/\/exatas.ufpr.br\/matematica\/departamento\/","title":{"rendered":"Departamento"},"content":{"rendered":"<p style=\"text-align: justify\">O Departamento de Matem\u00e1tica \u00e9 a unidade acad\u00eamica respons\u00e1vel pelas atividades de pesquisa, ensino e extens\u00e3o em Matem\u00e1tica e Matem\u00e1tica Aplicada dentro da Universidade Federal do Paran\u00e1.<\/p>\n<p style=\"text-align: justify\">Os docentes e alunos de gradua\u00e7\u00e3o e p\u00f3s-gradua\u00e7\u00e3o ligados ao Departamento de Matem\u00e1tica da UFPR realizam pesquisa nas principais \u00e1reas da matem\u00e1tica e mant\u00eam parceria com importantes centros de pesquisa do Brasil e do exterior.<\/p>\n<p style=\"text-align: justify\">Nesta p\u00e1gina voc\u00ea poder\u00e1 encontrar informa\u00e7\u00f5es relativas \u00e0s diversas atividades realizadas no Departamento de Matem\u00e1tica da UFPR.<\/p>\n","protected":false},"excerpt":{"rendered":"<p>O Departamento de Matem\u00e1tica \u00e9 a unidade acad\u00eamica respons\u00e1vel pelas atividades de pesquisa, ensino e extens\u00e3o em Matem\u00e1tica e Matem\u00e1tica Aplicada dentro da Universidade Federal do Paran\u00e1. Os docentes e alunos de gradua\u00e7\u00e3o e p\u00f3s-gradua\u00e7\u00e3o ligados ao Departamento de Matem\u00e1tica&hellip; <\/p>\n","protected":false},"author":3977,"featured_media":0,"parent":0,"menu_order":0,"comment_status":"closed","ping_status":"closed","template":"","meta":{"footnotes":""},"class_list":["post-26","page","type-page","status-publish","hentry"],"_links":{"self":[{"href":"https:\/\/exatas.ufpr.br\/matematica\/wp-json\/wp\/v2\/pages\/26","targetHints":{"allow":["GET"]}}],"collection":[{"href":"https:\/\/exatas.ufpr.br\/matematica\/wp-json\/wp\/v2\/pages"}],"about":[{"href":"https:\/\/exatas.ufpr.br\/matematica\/wp-json\/wp\/v2\/types\/page"}],"author":[{"embeddable":true,"href":"https:\/\/exatas.ufpr.br\/matematica\/wp-json\/wp\/v2\/users\/3977"}],"replies":[{"embeddable":true,"href":"https:\/\/exatas.ufpr.br\/matematica\/wp-json\/wp\/v2\/comments?post=26"}],"version-history":[{"count":4,"href":"https:\/\/exatas.ufpr.br\/matematica\/wp-json\/wp\/v2\/pages\/26\/revisions"}],"predecessor-version":[{"id":116,"href":"https:\/\/exatas.ufpr.br\/matematica\/wp-json\/wp\/v2\/pages\/26\/revisions\/116"}],"wp:attachment":[{"href":"https:\/\/exatas.ufpr.br\/matematica\/wp-json\/wp\/v2\/media?parent=26"}],"curies":[{"name":"wp","href":"https:\/\/api.w.org\/{rel}","templated":true}]}}