{"id":35,"date":"2015-10-07T21:45:15","date_gmt":"2015-10-07T21:45:15","guid":{"rendered":"https:\/\/exatas.ufpr.br\/matematica-pos\/?page_id=35"},"modified":"2015-10-25T16:38:47","modified_gmt":"2015-10-25T16:38:47","slug":"horarios","status":"publish","type":"page","link":"https:\/\/exatas.ufpr.br\/matematica-pos\/programa\/horarios\/","title":{"rendered":"Hor\u00e1rios"},"content":{"rendered":"<h2>Disciplinas &#8211; 2\u00ba semestre de 2015<\/h2>\n<p>Per\u00edodo letivo: 03 de agosto a 28 de novembro de 2015.<\/p>\n<p>&nbsp;<\/p>\n<table class=\"note3\" style=\"height: 1200px\" width=\"700\">\n<tbody>\n<tr>\n<th align=\"center\">Disciplina<\/th>\n<th align=\"center\">Hor\u00e1rio e local<\/th>\n<th align=\"center\">Professor<\/th>\n<\/tr>\n<tr>\n<td width=\"250\" height=\"60\"><a href=\"http:\/\/www.mat.ufpr.br\/ppgma\/curriculo\/disciplinas.html#ema700\">EMA 700 &#8211; \u00c1lgebra<\/a><\/td>\n<td width=\"180\">\n<div align=\"center\">3\u00aa e 5\u00aa<br \/>\n09h30-11h30<br \/>\nPC04<\/p>\n<\/div>\n<\/td>\n<td width=\"150\">Marcelo Muniz<\/td>\n<\/tr>\n<tr>\n<td height=\"60\"><a href=\"http:\/\/www.mat.ufpr.br\/ppgma\/curriculo\/disciplinas.html#ema707\">EMA 707 &#8211; An\u00e1lise Funcional<\/a><\/td>\n<td width=\"160\">\n<div align=\"center\">4\u00aa e 6\u00aa<br \/>\n09h30-11h30<br \/>\nPA02<\/div>\n<\/td>\n<td width=\"150\">Cl\u00e9ber de Medeira<\/td>\n<\/tr>\n<tr>\n<td height=\"60\"><a href=\"http:\/\/www.mat.ufpr.br\/ppgma\/curriculo\/disciplinas.html#ema708\">EMA 708 &#8211; An\u00e1lise Num\u00e9rica I<\/a><\/td>\n<td width=\"160\">\n<div align=\"center\">3\u00aa e 5\u00aa<br \/>\n15h30-17h30<br \/>\nPC17<\/div>\n<\/td>\n<td width=\"150\">Luiz Carlos Matioli<\/td>\n<\/tr>\n<tr>\n<td height=\"60\"><a href=\"http:\/\/www.mat.ufpr.br\/ppgma\/curriculo\/disciplinas.html#ema710\">EMA 710 &#8211; Equa\u00e7\u00f5es Diferenciais Ordin\u00e1rias<br \/>\n<\/a><\/td>\n<td width=\"160\">\n<div align=\"center\">2\u00aa e 4\u00aa<br \/>\n07h30 &#8211; 09h30<br \/>\nPC07<\/div>\n<\/td>\n<td>Carlos Dur\u00e1n<\/td>\n<\/tr>\n<tr>\n<td height=\"60\"><a href=\"http:\/\/www.mat.ufpr.br\/ppgma\/curriculo\/disciplinas.html#ema711\">EMA 711 &#8211; Equa\u00e7\u00f5es Diferenciais Parciais<\/a><\/td>\n<td width=\"160\">\n<div align=\"center\">3\u00aa e 5\u00aa<br \/>\n09h30-11h30<br \/>\nPC05<\/div>\n<\/td>\n<td>Ailin Z\u00e1rate<\/td>\n<\/tr>\n<tr>\n<td height=\"60\"><a href=\"http:\/\/www.mat.ufpr.br\/ppgma\/curriculo\/disciplinas.html#ema716\">EMA 716 &#8211; Estudo Dirigido em An\u00e1lise Num\u00e9rica<\/a><a href=\"http:\/\/www.mat.ufpr.br\/ppgma\/curriculo\/disciplinas.html#ema748\"><br \/>\n<\/a><\/td>\n<td width=\"160\">\n<div align=\"center\">2\u00aa e 4\u00aa<br \/>\n09h30 &#8211; 11h30<br \/>\nPC04<\/div>\n<\/td>\n<td>Saulo Pomponet<\/td>\n<\/tr>\n<tr>\n<td height=\"60\"><a href=\"http:\/\/www.mat.ufpr.br\/ppgma\/curriculo\/disciplinas.html#ema726\">EMA 726 &#8211; Topologia e Geometria<\/a><a href=\"http:\/\/www.mat.ufpr.br\/ppgma\/curriculo\/disciplinas.html#ema748\"><br \/>\n<\/a><\/td>\n<td width=\"160\">\n<div align=\"center\">3\u00aa e 5\u00aa<br \/>\n13h30 &#8211; 15h30<br \/>\nPC16<\/div>\n<\/td>\n<td>Rodrigo Ristow<\/td>\n<\/tr>\n<tr>\n<td height=\"60\"><a href=\"http:\/\/www.mat.ufpr.br\/ppgma\/curriculo\/disciplinas.html#ema755\">EMA 755 &#8211; T\u00f3picos Especiais em \u00c1lgebra<\/a><\/td>\n<td width=\"160\">\n<div align=\"center\">3\u00aa e 5\u00aa<br \/>\n15h30 &#8211; 17h30<br \/>\nPC03<\/div>\n<\/td>\n<td>Edson \u00c1lvares<\/td>\n<\/tr>\n<tr>\n<td height=\"60\"><a href=\"http:\/\/www.mat.ufpr.br\/ppgma\/curriculo\/disciplinas.html#ema761\">EMA 761 &#8211; Otimiza\u00e7\u00e3o I<\/a><\/td>\n<td>\n<div align=\"center\">2\u00aa e 4\u00aa<br \/>\n15h30 &#8211; 17h30<br \/>\nPC07<\/div>\n<\/td>\n<td>Ademir Alves<\/td>\n<\/tr>\n<tr>\n<td height=\"60\"><a href=\"http:\/\/www.mat.ufpr.br\/ppgma\/curriculo\/disciplinas.html#ema764\">EMA 764 &#8211; Sistemas Involutivos<\/a><\/td>\n<td>\n<div align=\"center\">6\u00aa<br \/>\n15h30 &#8211; 19h30<br \/>\nPC04<\/div>\n<\/td>\n<td>Alexandre Kirilov<\/td>\n<\/tr>\n<tr>\n<td height=\"60\"><a href=\"http:\/\/www.mat.ufpr.br\/ppgma\/curriculo\/disciplinas.html#ema715\">EMA 715 &#8211; Est\u00e1gio Supervisionado em Pr\u00e1tica de Doc\u00eancia<\/a><\/td>\n<td width=\"160\">\n<div align=\"center\">definido pelo professor respons\u00e1vel<\/div>\n<\/td>\n<td>Professores do DMAT<\/td>\n<\/tr>\n<tr>\n<td height=\"60\"><a href=\"http:\/\/www.mat.ufpr.br\/ppgma\/curriculo\/disciplinas.html#ema737\">EMA 737 &#8211; Semin\u00e1rios de Tese I<\/a><\/td>\n<td width=\"160\">\n<div align=\"center\">definido pelo orientador<\/div>\n<\/td>\n<td>Orientador<\/td>\n<\/tr>\n<tr>\n<td>\n<a href=\"http:\/\/www.mat.ufpr.br\/ppgma\/curriculo\/disciplinas.html#ema738\">EMA 738 &#8211; Semin\u00e1rios de Tese II<\/a><\/td>\n<td width=\"160\">\n<div align=\"center\">definido pelo orientador<\/div>\n<\/td>\n<td>Orientador<\/td>\n<\/tr>\n<tr>\n<td>\n<a href=\"http:\/\/www.mat.ufpr.br\/ppgma\/curriculo\/disciplinas.html#ema739\">EMA 739 &#8211; Semin\u00e1rios de Tese III<\/a><\/td>\n<td width=\"160\">\n<div align=\"center\">definido pelo orientador<\/div>\n<\/td>\n<td>Orientador<\/td>\n<\/tr>\n<tr>\n<td height=\"60\"><a href=\"http:\/\/www.mat.ufpr.br\/ppgma\/curriculo\/disciplinas.html#ema740\">EMA 740 &#8211; Semin\u00e1rios de Tese IV<\/a><\/td>\n<td width=\"160\">\n<div align=\"center\">definido pelo orientador<\/div>\n<\/td>\n<td>Orientador<\/td>\n<\/tr>\n<tr>\n<td height=\"60\"><a href=\"http:\/\/www.mat.ufpr.br\/ppgma\/curriculo\/disciplinas.html#ema750\">EMA 750 &#8211; Trabalho Individual<\/a><\/td>\n<td width=\"160\">\n<div align=\"center\">definido pelo orientador<\/div>\n<\/td>\n<td>Orientador<\/td>\n<\/tr>\n<\/tbody>\n<\/table>\n<p>&nbsp;<\/p>\n","protected":false},"excerpt":{"rendered":"<p>Disciplinas &#8211; 2\u00ba semestre de 2015 Per\u00edodo letivo: 03 de agosto a 28 de novembro de 2015. &nbsp; Disciplina Hor\u00e1rio e local Professor EMA 700 &#8211; \u00c1lgebra 3\u00aa e 5\u00aa 09h30-11h30 PC04 Marcelo Muniz EMA 707 &#8211; An\u00e1lise Funcional 4\u00aa&hellip; <\/p>\n","protected":false},"author":1003,"featured_media":0,"parent":59,"menu_order":6,"comment_status":"closed","ping_status":"closed","template":"","meta":{"footnotes":""},"class_list":["post-35","page","type-page","status-publish","hentry"],"_links":{"self":[{"href":"https:\/\/exatas.ufpr.br\/matematica-pos\/wp-json\/wp\/v2\/pages\/35","targetHints":{"allow":["GET"]}}],"collection":[{"href":"https:\/\/exatas.ufpr.br\/matematica-pos\/wp-json\/wp\/v2\/pages"}],"about":[{"href":"https:\/\/exatas.ufpr.br\/matematica-pos\/wp-json\/wp\/v2\/types\/page"}],"author":[{"embeddable":true,"href":"https:\/\/exatas.ufpr.br\/matematica-pos\/wp-json\/wp\/v2\/users\/1003"}],"replies":[{"embeddable":true,"href":"https:\/\/exatas.ufpr.br\/matematica-pos\/wp-json\/wp\/v2\/comments?post=35"}],"version-history":[{"count":3,"href":"https:\/\/exatas.ufpr.br\/matematica-pos\/wp-json\/wp\/v2\/pages\/35\/revisions"}],"predecessor-version":[{"id":139,"href":"https:\/\/exatas.ufpr.br\/matematica-pos\/wp-json\/wp\/v2\/pages\/35\/revisions\/139"}],"up":[{"embeddable":true,"href":"https:\/\/exatas.ufpr.br\/matematica-pos\/wp-json\/wp\/v2\/pages\/59"}],"wp:attachment":[{"href":"https:\/\/exatas.ufpr.br\/matematica-pos\/wp-json\/wp\/v2\/media?parent=35"}],"curies":[{"name":"wp","href":"https:\/\/api.w.org\/{rel}","templated":true}]}}