{"id":31,"date":"2015-10-07T21:43:53","date_gmt":"2015-10-07T21:43:53","guid":{"rendered":"https:\/\/exatas.ufpr.br\/matematica-pos\/?page_id=31"},"modified":"2015-10-25T16:29:19","modified_gmt":"2015-10-25T16:29:19","slug":"colegiado","status":"publish","type":"page","link":"https:\/\/exatas.ufpr.br\/matematica-pos\/colegiado\/","title":{"rendered":"Colegiado"},"content":{"rendered":"<h2>Coordena\u00e7\u00e3o<\/h2>\n<ul>\n<li><strong>Coordenador:<\/strong> Prof. Dr. Jurandir Ceccon<\/li>\n<li><strong>Vice-Coordenadora:<\/strong> Profa. Dra. Lucelina Batista dos Santos<\/li>\n<li><strong>Secret\u00e1ria Administrativa:<\/strong> Cinthia Souza<\/li>\n<\/ul>\n<h2>Colegiado do PPGMA<\/h2>\n<ul>\n<li><strong>An\u00e1lise Num\u00e9rica:<\/strong>\u00a0Luiz Carlos Matioli e Ailin Ruiz de Zarate Fabregas.<\/li>\n<li><strong>\u00c1lgebra e Topologia:<\/strong>\u00a0Edson Ribeiro \u00c1lvares e Marcelo Muniz Silva Alves.<\/li>\n<li><strong>Equa\u00e7\u00f5es Diferenciais:\u00a0<\/strong>Jurandir Ceccon e Pedro Danizete Damazio.<\/li>\n<li><strong>Geometria:<\/strong>\u00a0Eduardo Outeiral Correa Hoefel e Rodrigo Ristow Montes.<\/li>\n<li><strong>Otimiza\u00e7\u00e3o:<\/strong>\u00a0Lucelina Batista dos Santos e Elizabeth Wegner Karas.<\/li>\n<li><strong>Representantes Discentes:<\/strong>\u00a0Ana Paula Chorobura e Maria Joseane Felipe Guedes Macedo.<\/li>\n<\/ul>\n","protected":false},"excerpt":{"rendered":"<p>Coordena\u00e7\u00e3o Coordenador: Prof. Dr. Jurandir Ceccon Vice-Coordenadora: Profa. Dra. Lucelina Batista dos Santos Secret\u00e1ria Administrativa: Cinthia Souza Colegiado do PPGMA An\u00e1lise Num\u00e9rica:\u00a0Luiz Carlos Matioli e Ailin Ruiz de Zarate Fabregas. \u00c1lgebra e Topologia:\u00a0Edson Ribeiro \u00c1lvares e Marcelo Muniz Silva Alves.&hellip; <\/p>\n","protected":false},"author":1003,"featured_media":0,"parent":0,"menu_order":4,"comment_status":"closed","ping_status":"closed","template":"","meta":{"footnotes":""},"class_list":["post-31","page","type-page","status-publish","hentry"],"_links":{"self":[{"href":"https:\/\/exatas.ufpr.br\/matematica-pos\/wp-json\/wp\/v2\/pages\/31","targetHints":{"allow":["GET"]}}],"collection":[{"href":"https:\/\/exatas.ufpr.br\/matematica-pos\/wp-json\/wp\/v2\/pages"}],"about":[{"href":"https:\/\/exatas.ufpr.br\/matematica-pos\/wp-json\/wp\/v2\/types\/page"}],"author":[{"embeddable":true,"href":"https:\/\/exatas.ufpr.br\/matematica-pos\/wp-json\/wp\/v2\/users\/1003"}],"replies":[{"embeddable":true,"href":"https:\/\/exatas.ufpr.br\/matematica-pos\/wp-json\/wp\/v2\/comments?post=31"}],"version-history":[{"count":4,"href":"https:\/\/exatas.ufpr.br\/matematica-pos\/wp-json\/wp\/v2\/pages\/31\/revisions"}],"predecessor-version":[{"id":131,"href":"https:\/\/exatas.ufpr.br\/matematica-pos\/wp-json\/wp\/v2\/pages\/31\/revisions\/131"}],"wp:attachment":[{"href":"https:\/\/exatas.ufpr.br\/matematica-pos\/wp-json\/wp\/v2\/media?parent=31"}],"curies":[{"name":"wp","href":"https:\/\/api.w.org\/{rel}","templated":true}]}}