{"id":175,"date":"2015-11-12T16:47:50","date_gmt":"2015-11-12T16:47:50","guid":{"rendered":"https:\/\/exatas.ufpr.br\/matematica-pos\/?page_id=175"},"modified":"2015-11-12T16:47:50","modified_gmt":"2015-11-12T16:47:50","slug":"pos-doutorado","status":"publish","type":"page","link":"https:\/\/exatas.ufpr.br\/matematica-pos\/curriculo\/pos-doutorado\/","title":{"rendered":"Pos Doutorado"},"content":{"rendered":"<p>Informa\u00e7\u00f5es do p\u00f3s doutorado&#8230; seria dentro do campo<\/p>\n","protected":false},"excerpt":{"rendered":"<p>Informa\u00e7\u00f5es do p\u00f3s doutorado&#8230; seria dentro do campo<\/p>\n","protected":false},"author":1003,"featured_media":0,"parent":163,"menu_order":3,"comment_status":"closed","ping_status":"closed","template":"","meta":{"footnotes":""},"class_list":["post-175","page","type-page","status-publish","hentry"],"_links":{"self":[{"href":"https:\/\/exatas.ufpr.br\/matematica-pos\/wp-json\/wp\/v2\/pages\/175","targetHints":{"allow":["GET"]}}],"collection":[{"href":"https:\/\/exatas.ufpr.br\/matematica-pos\/wp-json\/wp\/v2\/pages"}],"about":[{"href":"https:\/\/exatas.ufpr.br\/matematica-pos\/wp-json\/wp\/v2\/types\/page"}],"author":[{"embeddable":true,"href":"https:\/\/exatas.ufpr.br\/matematica-pos\/wp-json\/wp\/v2\/users\/1003"}],"replies":[{"embeddable":true,"href":"https:\/\/exatas.ufpr.br\/matematica-pos\/wp-json\/wp\/v2\/comments?post=175"}],"version-history":[{"count":1,"href":"https:\/\/exatas.ufpr.br\/matematica-pos\/wp-json\/wp\/v2\/pages\/175\/revisions"}],"predecessor-version":[{"id":176,"href":"https:\/\/exatas.ufpr.br\/matematica-pos\/wp-json\/wp\/v2\/pages\/175\/revisions\/176"}],"up":[{"embeddable":true,"href":"https:\/\/exatas.ufpr.br\/matematica-pos\/wp-json\/wp\/v2\/pages\/163"}],"wp:attachment":[{"href":"https:\/\/exatas.ufpr.br\/matematica-pos\/wp-json\/wp\/v2\/media?parent=175"}],"curies":[{"name":"wp","href":"https:\/\/api.w.org\/{rel}","templated":true}]}}