{"id":166,"date":"2015-11-11T15:10:39","date_gmt":"2015-11-11T15:10:39","guid":{"rendered":"https:\/\/exatas.ufpr.br\/matematica-pos\/?page_id=166"},"modified":"2015-11-12T16:43:35","modified_gmt":"2015-11-12T16:43:35","slug":"mestrado","status":"publish","type":"page","link":"https:\/\/exatas.ufpr.br\/matematica-pos\/curriculo\/mestrado\/","title":{"rendered":"Mestrado"},"content":{"rendered":"<h2>Curr\u00edculo do Mestrado<\/h2>\n<p>Os alunos dever\u00e3o fazer pelo menos 6 disciplinas, correspondendo a 24 cr\u00e9ditos, sendo &#8220;\u00c1lgebra Linear Avan\u00e7ada&#8221; ou &#8220;\u00c1lgebra Linear Aplicada&#8221; e An\u00e1lise em Rn&#8221; e &#8220;An\u00e1lise Funcional&#8221; obrigat\u00f3rias.<\/p>\n<p>Caso o estudante j\u00e1 tenha cursado disciplina equivalente a &#8220;An\u00e1lise em Rn&#8221; na gradua\u00e7\u00e3o, poder\u00e1 ser dispensado de faz\u00ea-la a crit\u00e9rio da Coordena\u00e7\u00e3o.<\/p>\n<p>A sugest\u00e3o de integraliza\u00e7\u00e3o \u00e9 que o estudante fa\u00e7a pelo menos 2 disciplinas a cada semestre. As disciplinas ofertadas a cada semestre ser\u00e3o escolhidas com base na demanda dos estudantes e nas possibilidades do PPGMA.<\/p>\n<p>&nbsp;<\/p>\n<h2>Grade curricular sugerida<\/h2>\n<h3 class=\"note3\">primeiro semestre do curso<\/h3>\n<p>O estudante deve cursar<\/p>\n<ol>\n<ol>Se ingressar no primeiro semestre letivo:<\/ol>\n<\/ol>\n<ol>\n<li>\u00c1lgebra Linear Avan\u00e7ada<\/li>\n<li>An\u00e1lise em Rn<br \/>\nou<\/li>\n<\/ol>\n<ol>\n<ol>Se ingressar no segundo semestre letivo:<\/ol>\n<\/ol>\n<ol>\n<li>\u00c1lgebra Linear Aplicada<\/li>\n<li>An\u00e1lise Funcional<\/li>\n<\/ol>\n<p>e mais uma disciplina dentre as oferecidas no semestre, de acordo com orienta\u00e7\u00e3o da coordena\u00e7\u00e3o.<\/p>\n<h3 class=\"note3\">semestres seguintes<\/h3>\n<p>Duas ou tr\u00eas disciplinas no segundo semestre escolhidas sob supervis\u00e3o do orientador. Uma disciplina no ver\u00e3o. O terceiro e quarto semestres devem ser dedicados a semin\u00e1rios e elabora\u00e7\u00e3o da disserta\u00e7\u00e3o.<\/p>\n<p>&nbsp;<\/p>\n<p>&nbsp;<\/p>\n<h2>Requisitos para obter o grau de mestre<\/h2>\n<p>Para obter o grau de mestre, o estudante dever\u00e1 ter cumprido, no prazo permitido pela resolu\u00e7\u00e3o CEPE 62\/03, as seguintes exig\u00eancias:<\/p>\n<ol>\n<li>obten\u00e7\u00e3o de no m\u00ednimo\u00a0 24 (vinte e quatro) cr\u00e9ditos em disciplinas.<br \/>\nobs. os cr\u00e9ditos obtidos nas disciplinas CM743 &#8211; Est\u00e1gio Supervisionado de Doc\u00eancia e CM737-Trabalho Individual n\u00e3o ser\u00e3o constabilizados para este fim;<\/li>\n<li>comparecimento a um m\u00ednimo de 12 (doze) semin\u00e1rios, por ano de curso, oferecidos pelo PPGMA:<\/li>\n<li>aprova\u00e7\u00e3o no Exame de Qualifica\u00e7\u00e3o de mestrado;<\/li>\n<li>aprova\u00e7\u00e3o no Exame de Profici\u00eancia em l\u00edngua inglesa;<\/li>\n<li>aprova\u00e7\u00e3o na Defesa de Disserta\u00e7\u00e3o de Mestrado.<\/li>\n<\/ol>\n<h3><\/h3>\n<h2>Disciplinas Obrigat\u00f3rias:<\/h2>\n<ul>\n<li>An\u00e1lise em Rn<\/li>\n<li>An\u00e1lise Funcional<\/li>\n<li>\u00c1lgebra Linear Avan\u00e7ada ou \u00c1lgebra Linear Aplicada<\/li>\n<\/ul>\n<p>&nbsp;<\/p>\n<h2>Disciplinas de Forma\u00e7\u00e3o Geral e Espec\u00edficas:<\/h2>\n<ul>\n<li>\u00c1lgebra<\/li>\n<li>An\u00e1lise Complexa<\/li>\n<li>An\u00e1lise Num\u00e9rica I<\/li>\n<li>An\u00e1lise Num\u00e9rica II<\/li>\n<li>Equa\u00e7\u00f5es Diferenciais Ordin\u00e1rias<\/li>\n<li>Equa\u00e7\u00f5es Diferenciais Parciais<\/li>\n<li>F\u00edsica Matem\u00e1tica I<\/li>\n<li>F\u00edsica Matem\u00e1tica II<\/li>\n<li>Geometria Diferencial<\/li>\n<li>Medida e Integra\u00e7\u00e3o<\/li>\n<li>Otimiza\u00e7\u00e3o I<\/li>\n<li>Otimiza\u00e7\u00e3o II<\/li>\n<li>Topologia Geral<\/li>\n<li>T\u00f3picos em \u00c1lgebra I<\/li>\n<li>T\u00f3picos em \u00c1lgebra II<\/li>\n<li>T\u00f3picos em An\u00e1lise Num\u00e9rica I<\/li>\n<li>T\u00f3picos em An\u00e1lise Num\u00e9rica II<\/li>\n<li>T\u00f3picos Especiais em Computa\u00e7\u00e3o Cient\u00edfica<\/li>\n<li>T\u00f3picos em Equa\u00e7\u00f5es Diferenciais Parciais I<\/li>\n<li>T\u00f3picos em Equa\u00e7\u00f5es Diferenciais Parciais II<\/li>\n<li>T\u00f3picos em Geometria Diferencial I<\/li>\n<li>T\u00f3picos em Geometria Diferencial II<\/li>\n<li>T\u00f3picos em Topologia I<\/li>\n<li>T\u00f3picos em Topologia II<\/li>\n<li>T\u00f3picos em Otimiza\u00e7\u00e3o I<\/li>\n<li>T\u00f3picos em Otimiza\u00e7\u00e3o II<\/li>\n<\/ul>\n","protected":false},"excerpt":{"rendered":"<p>Curr\u00edculo do Mestrado Os alunos dever\u00e3o fazer pelo menos 6 disciplinas, correspondendo a 24 cr\u00e9ditos, sendo &#8220;\u00c1lgebra Linear Avan\u00e7ada&#8221; ou &#8220;\u00c1lgebra Linear Aplicada&#8221; e An\u00e1lise em Rn&#8221; e &#8220;An\u00e1lise Funcional&#8221; obrigat\u00f3rias. Caso o estudante j\u00e1 tenha cursado disciplina equivalente a&hellip; <\/p>\n","protected":false},"author":1003,"featured_media":0,"parent":163,"menu_order":0,"comment_status":"closed","ping_status":"closed","template":"","meta":{"footnotes":""},"class_list":["post-166","page","type-page","status-publish","hentry"],"_links":{"self":[{"href":"https:\/\/exatas.ufpr.br\/matematica-pos\/wp-json\/wp\/v2\/pages\/166","targetHints":{"allow":["GET"]}}],"collection":[{"href":"https:\/\/exatas.ufpr.br\/matematica-pos\/wp-json\/wp\/v2\/pages"}],"about":[{"href":"https:\/\/exatas.ufpr.br\/matematica-pos\/wp-json\/wp\/v2\/types\/page"}],"author":[{"embeddable":true,"href":"https:\/\/exatas.ufpr.br\/matematica-pos\/wp-json\/wp\/v2\/users\/1003"}],"replies":[{"embeddable":true,"href":"https:\/\/exatas.ufpr.br\/matematica-pos\/wp-json\/wp\/v2\/comments?post=166"}],"version-history":[{"count":3,"href":"https:\/\/exatas.ufpr.br\/matematica-pos\/wp-json\/wp\/v2\/pages\/166\/revisions"}],"predecessor-version":[{"id":174,"href":"https:\/\/exatas.ufpr.br\/matematica-pos\/wp-json\/wp\/v2\/pages\/166\/revisions\/174"}],"up":[{"embeddable":true,"href":"https:\/\/exatas.ufpr.br\/matematica-pos\/wp-json\/wp\/v2\/pages\/163"}],"wp:attachment":[{"href":"https:\/\/exatas.ufpr.br\/matematica-pos\/wp-json\/wp\/v2\/media?parent=166"}],"curies":[{"name":"wp","href":"https:\/\/api.w.org\/{rel}","templated":true}]}}