{"id":163,"date":"2015-11-11T15:09:02","date_gmt":"2015-11-11T15:09:02","guid":{"rendered":"https:\/\/exatas.ufpr.br\/matematica-pos\/?page_id=163"},"modified":"2015-11-11T15:09:02","modified_gmt":"2015-11-11T15:09:02","slug":"curriculo","status":"publish","type":"page","link":"https:\/\/exatas.ufpr.br\/matematica-pos\/curriculo\/","title":{"rendered":"Curr\u00edculo"},"content":{"rendered":"<p>O curr\u00edculo dos cursos de mestrado e doutorado \u00e9 composto de disciplinas obrigat\u00f3rias e espec\u00edficas, al\u00e9m de exames de qualifica\u00e7\u00e3o, exames de l\u00edngua estrangeira, participa\u00e7\u00e3o em semin\u00e1rios do PPGMA e defesa de disserta\u00e7\u00e3o ou tese.<\/p>\n","protected":false},"excerpt":{"rendered":"<p>O curr\u00edculo dos cursos de mestrado e doutorado \u00e9 composto de disciplinas obrigat\u00f3rias e espec\u00edficas, al\u00e9m de exames de qualifica\u00e7\u00e3o, exames de l\u00edngua estrangeira, participa\u00e7\u00e3o em semin\u00e1rios do PPGMA e defesa de disserta\u00e7\u00e3o ou tese.<\/p>\n","protected":false},"author":1003,"featured_media":0,"parent":0,"menu_order":0,"comment_status":"closed","ping_status":"closed","template":"","meta":{"footnotes":""},"class_list":["post-163","page","type-page","status-publish","hentry"],"_links":{"self":[{"href":"https:\/\/exatas.ufpr.br\/matematica-pos\/wp-json\/wp\/v2\/pages\/163","targetHints":{"allow":["GET"]}}],"collection":[{"href":"https:\/\/exatas.ufpr.br\/matematica-pos\/wp-json\/wp\/v2\/pages"}],"about":[{"href":"https:\/\/exatas.ufpr.br\/matematica-pos\/wp-json\/wp\/v2\/types\/page"}],"author":[{"embeddable":true,"href":"https:\/\/exatas.ufpr.br\/matematica-pos\/wp-json\/wp\/v2\/users\/1003"}],"replies":[{"embeddable":true,"href":"https:\/\/exatas.ufpr.br\/matematica-pos\/wp-json\/wp\/v2\/comments?post=163"}],"version-history":[{"count":1,"href":"https:\/\/exatas.ufpr.br\/matematica-pos\/wp-json\/wp\/v2\/pages\/163\/revisions"}],"predecessor-version":[{"id":165,"href":"https:\/\/exatas.ufpr.br\/matematica-pos\/wp-json\/wp\/v2\/pages\/163\/revisions\/165"}],"wp:attachment":[{"href":"https:\/\/exatas.ufpr.br\/matematica-pos\/wp-json\/wp\/v2\/media?parent=163"}],"curies":[{"name":"wp","href":"https:\/\/api.w.org\/{rel}","templated":true}]}}