{"id":145,"date":"2015-11-08T21:02:09","date_gmt":"2015-11-08T21:02:09","guid":{"rendered":"https:\/\/exatas.ufpr.br\/matematica-pos\/?page_id=145"},"modified":"2015-11-24T14:47:52","modified_gmt":"2015-11-24T14:47:52","slug":"contato","status":"publish","type":"page","link":"https:\/\/exatas.ufpr.br\/matematica-pos\/contato\/","title":{"rendered":"Contato"},"content":{"rendered":"<p><strong>Endere\u00e7o<\/strong><\/p>\n<p>Programa de P\u00f3s-Gradua\u00e7\u00e3o em Matem\u00e1tica &#8211; UFPR<br \/>\nCentro Polit\u00e9cnico &#8211; Jardim das Am\u00e9ricas<br \/>\nCaixa Postal 19081<br \/>\nCEP:81531-980 Curitiba &#8211; Paran\u00e1<br \/>\nCoordenadas GPS: latitude: \u201325.451044; longitude:\u201349.233127<\/p>\n<p><strong>Email:<\/strong> pgmat@ufpr.br<br \/>\n<strong>Telefone:<\/strong> +55 (41) 3361-3026<\/p>\n<p><strong>Hor\u00e1rio de atendimento ao p\u00fablico:<\/strong>\u00a0de segunda a sexta das 08h30 \u00e0s 11h30 .<\/p>\n<hr \/>\n<p>&nbsp;<\/p>\n<p style=\"text-align: left;\"><strong>Coordena\u00e7\u00e3o <\/strong><\/p>\n<p><strong>Coordenador:<\/strong> Prof. Dr. Jurandir Ceccon<br \/>\n<strong>Vice-Coordenadora:<\/strong> Profa. Dra. Lucelina Batista dos Santos<br \/>\n<strong>Secret\u00e1ria Administrativa:<\/strong> Cinthia Souza<\/p>\n<hr \/>\n<p><strong>Formul\u00e1rio de contato:<\/strong><br \/>\n\n<div class=\"wpcf7 no-js\" id=\"wpcf7-f179-o1\" lang=\"pt-BR\" dir=\"ltr\" data-wpcf7-id=\"179\">\n<div class=\"screen-reader-response\"><p role=\"status\" aria-live=\"polite\" aria-atomic=\"true\"><\/p> <ul><\/ul><\/div>\n<form action=\"\/matematica-pos\/wp-json\/wp\/v2\/pages\/145#wpcf7-f179-o1\" method=\"post\" class=\"wpcf7-form init\" aria-label=\"Formul\u00e1rios de contato\" novalidate=\"novalidate\" data-status=\"init\">\n<fieldset class=\"hidden-fields-container\"><input type=\"hidden\" name=\"_wpcf7\" value=\"179\" \/><input type=\"hidden\" name=\"_wpcf7_version\" value=\"6.1.2\" \/><input type=\"hidden\" name=\"_wpcf7_locale\" value=\"pt_BR\" \/><input type=\"hidden\" name=\"_wpcf7_unit_tag\" value=\"wpcf7-f179-o1\" \/><input type=\"hidden\" name=\"_wpcf7_container_post\" value=\"0\" \/><input type=\"hidden\" name=\"_wpcf7_posted_data_hash\" value=\"\" \/>\n<\/fieldset>\n<p>Nome (obrigat\u00f3rio)\n<\/p>\n<p><span class=\"wpcf7-form-control-wrap\" data-name=\"your-name\"><input size=\"40\" maxlength=\"400\" class=\"wpcf7-form-control wpcf7-text wpcf7-validates-as-required\" aria-required=\"true\" aria-invalid=\"false\" value=\"\" type=\"text\" name=\"your-name\" \/><\/span>\n<\/p>\n<p>e-mail (obrigat\u00f3rio)\n<\/p>\n<p><span class=\"wpcf7-form-control-wrap\" data-name=\"your-email\"><input size=\"40\" maxlength=\"400\" class=\"wpcf7-form-control wpcf7-email wpcf7-validates-as-required wpcf7-text wpcf7-validates-as-email\" aria-required=\"true\" aria-invalid=\"false\" value=\"\" type=\"email\" name=\"your-email\" \/><\/span>\n<\/p>\n<p>Assunto\n<\/p>\n<p><span class=\"wpcf7-form-control-wrap\" data-name=\"menu-517\"><select class=\"wpcf7-form-control wpcf7-select\" aria-invalid=\"false\" name=\"menu-517\"><option value=\"d\u00favida\">d\u00favida<\/option><option value=\"reclama\u00e7\u00e3o\">reclama\u00e7\u00e3o<\/option><option value=\"elogio\">elogio<\/option><option value=\"sugest\u00e3o\">sugest\u00e3o<\/option><\/select><\/span>\n<\/p>\n<p>Mensagem\n<\/p>\n<p><span class=\"wpcf7-form-control-wrap\" data-name=\"your-message\"><textarea cols=\"40\" rows=\"10\" maxlength=\"2000\" class=\"wpcf7-form-control wpcf7-textarea\" aria-invalid=\"false\" name=\"your-message\"><\/textarea><\/span>\n<\/p>\n<p><input class=\"wpcf7-form-control wpcf7-submit has-spinner\" type=\"submit\" value=\"Enviar\" \/>\n<\/p><p style=\"display: none !important;\" class=\"akismet-fields-container\" data-prefix=\"_wpcf7_ak_\"><label>&#916;<textarea name=\"_wpcf7_ak_hp_textarea\" cols=\"45\" rows=\"8\" maxlength=\"100\"><\/textarea><\/label><input type=\"hidden\" id=\"ak_js_1\" name=\"_wpcf7_ak_js\" value=\"18\"\/><script>document.getElementById( \"ak_js_1\" ).setAttribute( \"value\", ( new Date() ).getTime() );<\/script><\/p><div class=\"wpcf7-response-output\" aria-hidden=\"true\"><\/div>\n<\/form>\n<\/div>\n<\/p>\n","protected":false},"excerpt":{"rendered":"<p>Endere\u00e7o Programa de P\u00f3s-Gradua\u00e7\u00e3o em Matem\u00e1tica &#8211; UFPR Centro Polit\u00e9cnico &#8211; Jardim das Am\u00e9ricas Caixa Postal 19081 CEP:81531-980 Curitiba &#8211; Paran\u00e1 Coordenadas GPS: latitude: \u201325.451044; longitude:\u201349.233127 Email: pgmat@ufpr.br Telefone: +55 (41) 3361-3026 Hor\u00e1rio de atendimento ao p\u00fablico:\u00a0de segunda a sexta&hellip; <\/p>\n","protected":false},"author":1003,"featured_media":0,"parent":0,"menu_order":0,"comment_status":"closed","ping_status":"closed","template":"","meta":{"footnotes":""},"class_list":["post-145","page","type-page","status-publish","hentry"],"_links":{"self":[{"href":"https:\/\/exatas.ufpr.br\/matematica-pos\/wp-json\/wp\/v2\/pages\/145","targetHints":{"allow":["GET"]}}],"collection":[{"href":"https:\/\/exatas.ufpr.br\/matematica-pos\/wp-json\/wp\/v2\/pages"}],"about":[{"href":"https:\/\/exatas.ufpr.br\/matematica-pos\/wp-json\/wp\/v2\/types\/page"}],"author":[{"embeddable":true,"href":"https:\/\/exatas.ufpr.br\/matematica-pos\/wp-json\/wp\/v2\/users\/1003"}],"replies":[{"embeddable":true,"href":"https:\/\/exatas.ufpr.br\/matematica-pos\/wp-json\/wp\/v2\/comments?post=145"}],"version-history":[{"count":7,"href":"https:\/\/exatas.ufpr.br\/matematica-pos\/wp-json\/wp\/v2\/pages\/145\/revisions"}],"predecessor-version":[{"id":181,"href":"https:\/\/exatas.ufpr.br\/matematica-pos\/wp-json\/wp\/v2\/pages\/145\/revisions\/181"}],"wp:attachment":[{"href":"https:\/\/exatas.ufpr.br\/matematica-pos\/wp-json\/wp\/v2\/media?parent=145"}],"curies":[{"name":"wp","href":"https:\/\/api.w.org\/{rel}","templated":true}]}}